{"id":10018,"date":"2024-06-18T15:38:14","date_gmt":"2024-06-18T19:38:14","guid":{"rendered":"https:\/\/crrf-fcrr.ca\/?page_id=10018"},"modified":"2025-12-03T16:37:20","modified_gmt":"2025-12-03T21:37:20","slug":"programme-stages-medias","status":"publish","type":"page","link":"https:\/\/crrf-fcrr.ca\/fr\/programme-stages-medias\/","title":{"rendered":"Programme de stages pour les m\u00e9dias"},"content":{"rendered":"\n\n\n\n<h3 class=\"wp-block-heading\"><strong>Le journalisme factuel a besoin de toutes nos voix.<\/strong><\/h3>\n\n\n\n<p><\/p>\n\n\n\n<p>Toutefois, presque sept salles de r\u00e9dactions sur dix au Canada n&rsquo;ont aucune personne autochtone ou racialis\u00e9e dans un r\u00f4le de leardership sup\u00e9rieur.<\/p>\n\n\n\n<p>Avec la m\u00e9fiance, les id\u00e9es fausses, la m\u00e9sinformation et la d\u00e9sinformation qui augmentent partout au pays et ailleurs, il n&rsquo;a jamais \u00e9t\u00e9 aussi important de s\u2019assurer que les m\u00e9dias d&rsquo;information canadiens soient accessibles dans toutes les communaut\u00e9s et racontent tous nos histoires.<\/p>\n\n\n\n<p>Pour combler cette lacune et pour soutenir une plus grande diversit\u00e9 au sein des m\u00e9dias canadiens, la Fondation canadienne des relations raciales (FCRR) a lanc\u00e9 son programme de stages&nbsp;pour les m\u00e9dias en 2024 en collaboration avec <a href=\"https:\/\/jhr.ca\/\" target=\"_blank\" rel=\"noreferrer noopener\">Journalists for Human Rights<\/a>. Nos stages ont offert une opportunit\u00e9 aux personnes issues de communaut\u00e9s racialis\u00e9es et\/ou de minorit\u00e9s religieuses d&rsquo;acc\u00e9der aux possibilit\u00e9s d&rsquo;apprentissage et de r\u00e9seautage dans le contexte m\u00e9diatique canadien, ce qui assure que la prochaine g\u00e9n\u00e9ration de journalistes issus de communaut\u00e9s racialis\u00e9es et\/ou de minorit\u00e9s religieuses re\u00e7oivent la meilleure formation pratique en journalisme fond\u00e9e sur les faits dans des m\u00e9dias nationaux respect\u00e9s afin de couvrir les enjeux sociaux qui importent \u00e0 notre avenir collectif.&nbsp;&nbsp;<\/p>\n\n\n\n<h2 class=\"wp-block-heading\">En vedette<\/h2>\n\n\n\n<p><\/p>\n\n\n\n<p>Passez la souris \u00e0 droite ou \u00e0 gauche de l&rsquo;image et cliquez pour parcourir les profils.<\/p>\n\n\n\n<div class=\"wp-block-columns is-layout-flex wp-container-core-columns-is-layout-9d6595d7 wp-block-columns-is-layout-flex\">\n<div class=\"wp-block-column is-layout-flow wp-block-column-is-layout-flow\" style=\"flex-basis:66.66%\">\n<div style=\"position: relative; width: 100%; height: 0; padding-top: 66.5441%;\n padding-bottom: 0; box-shadow: 0 2px 8px 0 rgba(63,69,81,0.16); margin-top: 1.6em; margin-bottom: 0.9em; overflow: hidden;\n border-radius: 8px; will-change: transform;\">\n  <iframe loading=\"lazy\" style=\"position: absolute; width: 100%; height: 100%; top: 0; left: 0; border: none; padding: 0;margin: 0;\"\n    src=\"https:\/\/www.canva.com\/design\/DAGhi3UZYPA\/VxcE4kCvx-WQF9Be72mFfg\/view?embed\" allowfullscreen=\"allowfullscreen\" allow=\"fullscreen\">\n  <\/iframe>\n<\/div>\n<\/div>\n\n\n\n<div class=\"wp-block-column is-layout-flow wp-block-column-is-layout-flow\" style=\"flex-basis:33.33%\"><\/div>\n<\/div>\n\n\n\n<div class=\"wp-block-columns is-layout-flex wp-container-core-columns-is-layout-9d6595d7 wp-block-columns-is-layout-flex\">\n<div class=\"wp-block-column is-layout-flow wp-block-column-is-layout-flow\">\n<div class=\"wp-block-pb-accordion-item c-accordion__item js-accordion-item no-js\" data-initially-open=\"false\" data-click-to-close=\"true\" data-auto-close=\"true\" data-scroll=\"false\" data-scroll-offset=\"0\"><h4 id=\"at-100180\" class=\"c-accordion__title js-accordion-controller\" role=\"button\">Objectifs du programme<\/h4><div id=\"ac-100180\" class=\"c-accordion__content\">\n<ul class=\"wp-block-list\">\n<li>Permettre aux membres des communaut\u00e9s racialis\u00e9es et\/ou minorit\u00e9s religieuses d\u2019augmenter leur repr\u00e9sentation au sein des salles de presse, des soci\u00e9t\u00e9s de production et des m\u00e9dias.<\/li>\n\n\n\n<li>Faciliter le recrutement de journalistes, reporters, chroniqueuses et chroniqueurs, autrices et auteurs des communaut\u00e9s racialis\u00e9es et\/ou minorit\u00e9s religieuses afin d\u2019atteindre une plus grande \u00e9quit\u00e9 dans les salles de presse.<\/li>\n\n\n\n<li>Mieux conscientiser les Canadiennes et Canadiens \u00e0 la question du racisme par des reportages traitant du concept de race, de racisme et d\u2019\u00e9quit\u00e9.<\/li>\n\n\n\n<li>Cr\u00e9er des projets m\u00e9diatiques qui contribuent \u00e0 sensibiliser l\u2019opinion en mati\u00e8re de racisme et incitent \u00e0 prendre des mesures de lutte contre le racisme, notamment&nbsp;:&nbsp;\n<ul class=\"wp-block-list\">\n<li>En privil\u00e9giant les cr\u00e9atrices et cr\u00e9ateurs, les autrices et auteurs des Premi\u00e8res Nations, des M\u00e9tis et des Inuits, des communaut\u00e9s noires et des autres communaut\u00e9s racialis\u00e9es et\/ou minorit\u00e9s religieuses.<\/li>\n\n\n\n<li>En cr\u00e9ant des ressources publiques qui documentent ou illustrent la discrimination raciale syst\u00e9mique au Canada.<\/li>\n<\/ul>\n<\/li>\n<\/ul>\n<\/div><\/div>\n<\/div>\n\n\n\n<div class=\"wp-block-column is-layout-flow wp-block-column-is-layout-flow\">\n<div class=\"wp-block-pb-accordion-item c-accordion__item js-accordion-item no-js\" data-initially-open=\"false\" data-click-to-close=\"true\" data-auto-close=\"true\" data-scroll=\"false\" data-scroll-offset=\"0\"><h2 id=\"at-100181\" class=\"c-accordion__title js-accordion-controller\" role=\"button\">Volets du programme<\/h2><div id=\"ac-100181\" class=\"c-accordion__content\">\n<ul class=\"wp-block-list\">\n<li>Le volet pour les <em>stagiaires<\/em> permet aux organismes d\u2019embaucher des stagiaires journalistes, reporters, chroniqueurs et auteurs des Premi\u00e8res Nations, des M\u00e9tis et des Inuits, des communaut\u00e9s noires et d\u2019autres communaut\u00e9s racialis\u00e9es ou minorit\u00e9s religieuses.<\/li>\n\n\n\n<li>Les projets <em>d\u2019innovation m\u00e9dia<\/em> soutiennent les organismes admissibles qui tentent de donner une meilleure compr\u00e9hension du racisme syst\u00e9mique et de la lutte contre le racisme et qui s\u2019efforcent d\u2019apporter des r\u00e9formes par l\u2019entremise des m\u00e9dias. <\/li>\n<\/ul>\n<\/div><\/div>\n<\/div>\n<\/div>\n\n\n\n<div class=\"wp-block-columns is-layout-flex wp-container-core-columns-is-layout-9d6595d7 wp-block-columns-is-layout-flex\">\n<div class=\"wp-block-column is-layout-flow wp-block-column-is-layout-flow\">\n<h4 class=\"wp-block-heading\">Les organisations participantes en 2024 sont les suivants :<\/h4>\n\n\n\n<p><\/p>\n\n\n\n<div class=\"wp-block-columns is-layout-flex wp-container-core-columns-is-layout-9d6595d7 wp-block-columns-is-layout-flex\">\n<div class=\"wp-block-column is-layout-flow wp-block-column-is-layout-flow\">\n<details class=\"wp-block-details is-layout-flow wp-block-details-is-layout-flow\"><summary>Parvasi Weekly Inc.<\/summary>\n<ul class=\"wp-block-list\">\n<li>Volet: boursier<\/li>\n\n\n\n<li>Description: <br>Le projet soutient les journalistes \u00e9mergents et offre une plateforme de diffusion aux futurs professionnels des m\u00e9dias qui souhaitent couvrir diff\u00e9rents sujets d\u2019actualit\u00e9, acqu\u00e9rir de nouvelles comp\u00e9tences en reportage et produire du contenu de haute qualit\u00e9, notamment des reportages, des enqu\u00eates, des balados, des blogues et des articles de fond. Il soutient \u00e9galement le groupe Parvasi qui encourage le sentiment d\u2019appartenance des Canadiens d\u2019origine sud asiatique gr\u00e2ce \u00e0 sa plateforme de diffusion destin\u00e9e \u00e0 leur culture, leurs traditions et leurs points de vue.<\/li>\n\n\n\n<li>Montant financ\u00e9 : 46 000 $<\/li>\n\n\n\n<li>Emplacement : Ontario<\/li>\n<\/ul>\n<\/details>\n\n\n\n<div style=\"height:25px\" aria-hidden=\"true\" class=\"wp-block-spacer\"><\/div>\n\n\n\n<details class=\"wp-block-details is-layout-flow wp-block-details-is-layout-flow\"><summary>Caribbean Vibrations TV<\/summary>\n<ul class=\"wp-block-list\">\n<li>Volet : innovation<\/li>\n\n\n\n<li>Description : <br>L\u2019objectif de ce projet est de cr\u00e9er une s\u00e9rie \u00e9ducative sur les succ\u00e8s des entreprises canadiennes dirig\u00e9es par des personnes noires. L\u2019embauche de journalistes et de sc\u00e9naristes noirs dans le cadre du projet Caribbean Vibrations TV permettra aux personnes noires d\u2019\u00eatre mieux repr\u00e9sent\u00e9s au sein de notre soci\u00e9t\u00e9 de production. \u00c0 travers les r\u00e9cits de quatre personnalit\u00e9s noires du monde des affaires, la s\u00e9rie abordera le racisme dans le contexte de l\u2019entrepreneuriat et tentera de faire mieux comprendre les barri\u00e8res raciales auxquelles les entrepreneurs noirs sont confront\u00e9s au Canada.<\/li>\n\n\n\n<li>Montant financ\u00e9 : 87 000 $<\/li>\n\n\n\n<li>Emplacement : Ontario<\/li>\n<\/ul>\n<\/details>\n\n\n\n<div style=\"height:25px\" aria-hidden=\"true\" class=\"wp-block-spacer\"><\/div>\n\n\n\n<details class=\"wp-block-details is-layout-flow wp-block-details-is-layout-flow\"><summary>Briarpatch Magazine<\/summary>\n<ul class=\"wp-block-list\">\n<li>Volet : boursier<\/li>\n\n\n\n<li>Description: <br>Le projet offrira \u00e0 des membres de groupes sous-repr\u00e9sent\u00e9s la possibilit\u00e9 de vivre une exp\u00e9rience m\u00e9dia parrain\u00e9e par un mentor tout en diffusant des t\u00e9moignages et des r\u00e9cits essentiels \u00e0 la vitalit\u00e9 des provinces de l\u2019Alberta, de la Saskatchewan et du Manitoba. Il permettra \u00e0 des journalistes noirs, autochtones et\/ou racialis\u00e9s ou membres d\u2019une minorit\u00e9 religieuse d\u2019acqu\u00e9rir de l\u2019exp\u00e9rience dans plusieurs domaines reli\u00e9s aux m\u00e9dias, comme la r\u00e9daction d\u2019articles, la production de reportages et la participation \u00e0 des r\u00e9unions de production ou de formation. <\/li>\n\n\n\n<li>Montant financ\u00e9 : 68 000 $<\/li>\n\n\n\n<li>Emplacement : Saskatchewan<\/li>\n<\/ul>\n<\/details>\n\n\n\n<div style=\"height:25px\" aria-hidden=\"true\" class=\"wp-block-spacer\"><\/div>\n\n\n\n<details class=\"wp-block-details is-layout-flow wp-block-details-is-layout-flow\"><summary>The Independent<\/summary>\n<ul class=\"wp-block-list\">\n<li>Volet : boursier<\/li>\n\n\n\n<li>Description: <br>Le projet offre \u00e0 des boursiers la possibilit\u00e9 de travailler comme journalistes non sp\u00e9cialis\u00e9s pour The Independent, \u00e0 St. John\u2019s ou \u00e0 d\u2019autres endroits dans la province. Le programme profitera aux journalistes PANDC et \u00e0 ceux issus de groupes religieux minoritaires, qui d\u00e9sirent acqu\u00e9rir de l\u2019exp\u00e9rience dans un m\u00e9dia reconnu afin de poursuivre leur carri\u00e8re dans les m\u00e9dias de Terre-Neuve-et-Labrador. Dans le cadre de ce projet, un boursier participera aux r\u00e9unions virtuelles hebdomadaires de l\u2019\u00e9quipe de r\u00e9daction et proposera des id\u00e9es pour des articles de fond sur l\u2019actualit\u00e9, des articles d\u2019opinion, des rapports d\u2019enqu\u00eate et des balados. <\/li>\n\n\n\n<li>Montant financ\u00e9 : 80 000 $<\/li>\n\n\n\n<li>Emplacement : Terre-Neuve<\/li>\n<\/ul>\n<\/details>\n\n\n\n<div style=\"height:25px\" aria-hidden=\"true\" class=\"wp-block-spacer\"><\/div>\n\n\n\n<details class=\"wp-block-details is-layout-flow wp-block-details-is-layout-flow\"><summary>The Resolve<\/summary>\n<ul class=\"wp-block-list\">\n<li>Volet : innovation<\/li>\n\n\n\n<li>Description: <br>Le projet vise \u00e0 mieux conscientiser la population canadienne au probl\u00e8me du racisme en b\u00e2tissant des ponts entre les communaut\u00e9s qui permettront \u00e0 de jeunes Noirs, de jeunes Autochtones et des jeunes de communaut\u00e9s racialis\u00e9es, et \u00e0 leurs parents et \u00e9ducateurs, de t\u00e9moigner de leurs exp\u00e9riences sur les bons outils. La premi\u00e8re \u00e9tape portera sur la situation du racisme dans l\u2019enseignement public depuis la maternelle jusqu\u2019\u00e0 la 12e&nbsp;ann\u00e9e d\u2019\u00e9tude et sera suivie par des ateliers de t\u00e9moignages. L\u2019\u00e9tape&nbsp;2 comprendra d\u2019autres ateliers de t\u00e9moignages et des \u00e9v\u00e9nements de journalisme en direct. L\u2019\u00e9tape&nbsp;3 regroupera les connaissances acquises lors des deux premi\u00e8res \u00e9tapes afin de produire une s\u00e9rie d\u2019articles d\u2019analyse pour la recherche de solutions. Le but est d\u2019informer la population canadienne sur les probl\u00e8mes li\u00e9s au racisme et sur les moyens qui permettent de les r\u00e9soudre.<\/li>\n\n\n\n<li>Montant financ\u00e9 : 90 000 $<\/li>\n\n\n\n<li>Emplacement : Ontario<\/li>\n<\/ul>\n<\/details>\n<\/div>\n\n\n\n<div class=\"wp-block-column is-layout-flow wp-block-column-is-layout-flow\">\n<details class=\"wp-block-details is-layout-flow wp-block-details-is-layout-flow\"><summary>Cabin Radio<\/summary>\n<ul class=\"wp-block-list\">\n<li>Volet : boursier<\/li>\n\n\n\n<li>Description :<br>Le projet vise \u00e0 donner la parole souvent sous-repr\u00e9sent\u00e9e des communaut\u00e9s du Nord en cr\u00e9ant une plateforme sur laquelle les communaut\u00e9s autochtones et racialis\u00e9es peuvent venir t\u00e9moigner. Le projet s\u2019\u00e9tendra sur 12&nbsp;mois, au cours desquels le boursier recevra une formation en radiodiffusion, en production vid\u00e9o et en journalisme de presse \u00e9crite, et travaillera sur trois t\u00e2ches con\u00e7ues pour rejoindre un large public. Le projet vise \u00e0 assurer une plus grande repr\u00e9sentation des communaut\u00e9s du Nord autant dans les studios et les salles de r\u00e9daction de Cabin Radio que dans le contenu diffus\u00e9 \u00e0 la radio, \u00e0 la t\u00e9l\u00e9vision et dans la presse \u00e9crite.<\/li>\n\n\n\n<li>Montant financ\u00e9 : 90 000 $<\/li>\n\n\n\n<li>Emplacement : Territoires-du-Nord-Ouest<\/li>\n<\/ul>\n<\/details>\n\n\n\n<div style=\"height:25px\" aria-hidden=\"true\" class=\"wp-block-spacer\"><\/div>\n\n\n\n<details class=\"wp-block-details is-layout-flow wp-block-details-is-layout-flow\"><summary>Pivot<\/summary>\n<ul class=\"wp-block-list\">\n<li>Volet : boursier<\/li>\n\n\n\n<li>Description :<br>Dans le cadre de leur projet \u00ab\u2009Diff\u00e9rends&nbsp;: sur le terrain des luttes antiracistes\u2009\u00bb, la coop\u00e9rative de solidarit\u00e9 Pivot souhaite fournir un espace m\u00e9diatique ainsi que les ressources professionnelles et \u00e9ditoriales n\u00e9cessaires \u00e0 un boursier issu d\u2019une communaut\u00e9 autochtone ou d\u2019une autre communaut\u00e9 racialis\u00e9e, pour couvrir les probl\u00e9matiques li\u00e9es \u00e0 ces communaut\u00e9s. Le mandat du boursier consistera \u00e0 produire de l\u2019information journalistique r\u00e9guli\u00e8re sur diff\u00e9rents sujets li\u00e9s au racisme syst\u00e9mique et aux relations raciales au Qu\u00e9bec et au Canada. <\/li>\n\n\n\n<li>Montant financ\u00e9 : 69 170 $<\/li>\n\n\n\n<li>Emplacement : Qu\u00e9bec<\/li>\n<\/ul>\n<\/details>\n\n\n\n<div style=\"height:25px\" aria-hidden=\"true\" class=\"wp-block-spacer\"><\/div>\n\n\n\n<details class=\"wp-block-details is-layout-flow wp-block-details-is-layout-flow\"><summary>Nouvelles d&rsquo;Ici<\/summary>\n<ul class=\"wp-block-list\">\n<li>Volet : boursier<\/li>\n\n\n\n<li>Description :<br>L\u2019objectif du projet est de recruter deux coll\u00e8gues journalistes issus de communaut\u00e9s racialis\u00e9es. Ces deux boursiers se joindront \u00e0 l\u2019\u00e9quipe de Nouvelles d\u2019Ici (NDI) afin d\u2019augmenter la couverture m\u00e9diatique locale et de mieux faire comprendre les r\u00e9alit\u00e9s auxquelles sont confront\u00e9es les communaut\u00e9s racialis\u00e9es. Les boursiers couvriront l\u2019actualit\u00e9 locale et aideront les citoyens journalistes \u00e0 r\u00e9diger des articles qui repr\u00e9sentent fid\u00e8lement les communaut\u00e9s historiquement sous-repr\u00e9sent\u00e9es.<\/li>\n\n\n\n<li>Montant financ\u00e9 : 100 000 $<\/li>\n\n\n\n<li>Emplacement : Qu\u00e9bec<\/li>\n<\/ul>\n<\/details>\n\n\n\n<div style=\"height:25px\" aria-hidden=\"true\" class=\"wp-block-spacer\"><\/div>\n\n\n\n<details class=\"wp-block-details is-layout-flow wp-block-details-is-layout-flow\"><summary>The Walrus<\/summary>\n<ul class=\"wp-block-list\">\n<li>Volet : boursier<\/li>\n\n\n\n<li>Description :<br>Le projet de bourse The Walrus offrira au journaliste s\u00e9lectionn\u00e9 une bonne possibilit\u00e9 de faire carri\u00e8re. Le boursier sera form\u00e9 \u00e0 la v\u00e9rification des faits, ce qui lui permettra de contribuer \u00e0 l\u2019avenir du journalisme de qualit\u00e9 au Canada. Le boursier devra effectuer la v\u00e9rification d\u2019au moins cinq articles et participer \u00e0 trois ateliers Fellows Connect de The Walrus. &nbsp;<\/li>\n\n\n\n<li>Montant financ\u00e9 : 50 000 $<\/li>\n\n\n\n<li>Emplacement : Ontario<\/li>\n<\/ul>\n<\/details>\n\n\n\n<div style=\"height:25px\" aria-hidden=\"true\" class=\"wp-block-spacer\"><\/div>\n\n\n\n<details class=\"wp-block-details is-layout-flow wp-block-details-is-layout-flow\"><summary>Ricochet Media<\/summary>\n<ul class=\"wp-block-list\">\n<li>Volet : boursier<\/li>\n\n\n\n<li>Description :<br>Le programme de bourses Narrative Sovereignty Fellowship, lanc\u00e9 par Ricochet Media, IndigiNews et Pivot, a pour but de diversifier et d\u2019enrichir le paysage m\u00e9diatique canadien en offrant des opportunit\u00e9s d\u2019emploi aux personnes de communaut\u00e9s marginalis\u00e9es, notamment les Premi\u00e8res Nations, les M\u00e9tis, les Inuits, les Noirs et les personnes d\u2019autres communaut\u00e9s racialis\u00e9es ou de minorit\u00e9s religieuses. Le programme comprend la formation d\u2019un boursier en salle de r\u00e9daction sur des sujets comme la gestion de donn\u00e9es, les processus d\u2019information et les techniques d\u2019entrevue qui tiennent compte des traumatismes. <\/li>\n\n\n\n<li>Montant financ\u00e9 : 75 000 $<\/li>\n\n\n\n<li>Emplacement : Colombie-Britannique<\/li>\n<\/ul>\n<\/details>\n<\/div>\n<\/div>\n<\/div>\n<\/div>\n\n\n\n\n<section aria-label=\"En savoir plus sur le programme\" id=\"related-content-block_6f394bcfe9abe47e38b5f4027eeec1fc\"\n\tclass=\"related-content\">\n\t\t<h2 class=\"related-content__title\">\n\t\tEn savoir plus sur le programme\t<\/h2>\n\t\t<ul class=\"related-content__grid\">\n\t\t\t\t<li class=\"card-related\">\n\t\t\t<div class=\"card-related__image\">\n\t\t\t\t<div class=\"aspect-ratio-box\">\n\t\t\t\t\t\t\t\t\t\t\t<img loading=\"lazy\" decoding=\"async\" width=\"540\" height=\"360\" src=\"https:\/\/crrf-fcrr.ca\/wp-content\/uploads\/2024\/06\/IMG_1052-540x360.jpg\" class=\"attachment-medium size-medium wp-post-image\" alt=\"\" srcset=\"https:\/\/crrf-fcrr.ca\/wp-content\/uploads\/2024\/06\/IMG_1052-540x360.jpg 540w, https:\/\/crrf-fcrr.ca\/wp-content\/uploads\/2024\/06\/IMG_1052-1024x683.jpg 1024w, https:\/\/crrf-fcrr.ca\/wp-content\/uploads\/2024\/06\/IMG_1052-768x512.jpg 768w, https:\/\/crrf-fcrr.ca\/wp-content\/uploads\/2024\/06\/IMG_1052-1536x1024.jpg 1536w, https:\/\/crrf-fcrr.ca\/wp-content\/uploads\/2024\/06\/IMG_1052-2048x1365.jpg 2048w, https:\/\/crrf-fcrr.ca\/wp-content\/uploads\/2024\/06\/IMG_1052-650x433.jpg 650w, https:\/\/crrf-fcrr.ca\/wp-content\/uploads\/2024\/06\/IMG_1052-821x548.jpg 821w\" sizes=\"auto, (max-width: 540px) 100vw, 540px\" \/>\t\t\t\t\t\t\t\t\t<\/div>\n\t\t\t\t<img loading=\"lazy\" decoding=\"async\" src=\"https:\/\/crrf-fcrr.ca\/wp-content\/themes\/crrf\/dist\/images\/svg\/graphics\/double-corner-red.svg\"\n\t\t\t\t\tclass=\"graphic-corner\" alt=\"\" height=\"115\" width=\"115\" \/>\n\t\t\t<\/div>\n\t\t\t<div class=\"card-related__content\">\n\t\t\t\t<h4><a href=\"https:\/\/crrf-fcrr.ca\/fr\/2024\/06\/annonce-recipiendaires-bourses-medias-2024\/\">\n\t\t\t\t\t\tSoutenir des voix diverses dans les m\u00e9dias canadiens : Annonce des r\u00e9cipiendaires du Programme de stages pour les m\u00e9dias de la FCRR\t\t\t\t\t<\/a>\n\t\t\t\t<\/h4>\n\t\t\t\t<p>Dans le cadre de cette initiative, la FCRR a accord\u00e9 \u00e0 dix organismes m\u00e9diatiques un financement total de 775 000 $ afin de favoriser la cr\u00e9ation d\u2019un paysage m\u00e9diatique plus inclusif et plus diversifi\u00e9 au Canada.<\/p>\n\t\t\t\t<span class=\"link--learn-more\">Lire l&#039;annonce<\/span>\n\t\t\t<\/div>\n\t\t<\/li>\n\t\t\t\t<li class=\"card-related\">\n\t\t\t<div class=\"card-related__image\">\n\t\t\t\t<div class=\"aspect-ratio-box\">\n\t\t\t\t\t\t\t\t\t\t\t<img loading=\"lazy\" decoding=\"async\" width=\"480\" height=\"360\" src=\"https:\/\/crrf-fcrr.ca\/wp-content\/uploads\/2023\/06\/Colby-Payne-1-480x360.png\" class=\"attachment-medium size-medium wp-post-image\" alt=\"\" srcset=\"https:\/\/crrf-fcrr.ca\/wp-content\/uploads\/2023\/06\/Colby-Payne-1-480x360.png 480w, https:\/\/crrf-fcrr.ca\/wp-content\/uploads\/2023\/06\/Colby-Payne-1-1024x768.png 1024w, https:\/\/crrf-fcrr.ca\/wp-content\/uploads\/2023\/06\/Colby-Payne-1-768x576.png 768w, https:\/\/crrf-fcrr.ca\/wp-content\/uploads\/2023\/06\/Colby-Payne-1-650x488.png 650w, https:\/\/crrf-fcrr.ca\/wp-content\/uploads\/2023\/06\/Colby-Payne-1-731x548.png 731w, https:\/\/crrf-fcrr.ca\/wp-content\/uploads\/2023\/06\/Colby-Payne-1.png 1080w\" sizes=\"auto, (max-width: 480px) 100vw, 480px\" \/>\t\t\t\t\t\t\t\t\t<\/div>\n\t\t\t\t<img loading=\"lazy\" decoding=\"async\" src=\"https:\/\/crrf-fcrr.ca\/wp-content\/themes\/crrf\/dist\/images\/svg\/graphics\/double-corner-red.svg\"\n\t\t\t\t\tclass=\"graphic-corner\" alt=\"\" height=\"115\" width=\"115\" \/>\n\t\t\t<\/div>\n\t\t\t<div class=\"card-related__content\">\n\t\t\t\t<h4><a href=\"https:\/\/crrf-fcrr.ca\/fr\/presse-et-media\/colby-payne-bourse-journalistes-emergents-autochtones-noirs-et-racialises\/\">\n\t\t\t\t\t\tColby Payne est la premi\u00e8re laur\u00e9ate de la bourse de la FCRR pour les journalistes \u00e9mergents autochtones, noirs et racialis\u00e9s\t\t\t\t\t<\/a>\n\t\t\t\t<\/h4>\n\t\t\t\t<p>La Fondation canadienne des relations raciales, en association avec The Walrus, est heureuse d\u2019annoncer le lancement de sa premi\u00e8re bourse destin\u00e9e aux journalistes \u00e9mergents autochtones, noirs et racialis\u00e9s. Colby Payne a \u00e9t\u00e9 choisie parmi de nombreux candidats \u00e0 travers le Canada. <\/p>\n\t\t\t\t<span class=\"link--learn-more\">Lire le communiqu\u00e9<\/span>\n\t\t\t<\/div>\n\t\t<\/li>\n\t\t\t<\/ul>\n<\/section>\n","protected":false},"excerpt":{"rendered":"<p>Le programme de stages pour les m\u00e9dias finance des projets d\u2019un an dans des salles de r\u00e9daction, des soci\u00e9t\u00e9s de production et des organismes\/institutions m\u00e9diatiques canadiennes.<\/p>\n","protected":false},"author":5,"featured_media":12020,"parent":0,"menu_order":0,"comment_status":"closed","ping_status":"closed","template":"","meta":{"_acf_changed":false,"footnotes":""},"class_list":["post-10018","page","type-page","status-publish","has-post-thumbnail","hentry"],"acf":[],"_links":{"self":[{"href":"https:\/\/crrf-fcrr.ca\/fr\/wp-json\/wp\/v2\/pages\/10018","targetHints":{"allow":["GET"]}}],"collection":[{"href":"https:\/\/crrf-fcrr.ca\/fr\/wp-json\/wp\/v2\/pages"}],"about":[{"href":"https:\/\/crrf-fcrr.ca\/fr\/wp-json\/wp\/v2\/types\/page"}],"author":[{"embeddable":true,"href":"https:\/\/crrf-fcrr.ca\/fr\/wp-json\/wp\/v2\/users\/5"}],"replies":[{"embeddable":true,"href":"https:\/\/crrf-fcrr.ca\/fr\/wp-json\/wp\/v2\/comments?post=10018"}],"version-history":[{"count":5,"href":"https:\/\/crrf-fcrr.ca\/fr\/wp-json\/wp\/v2\/pages\/10018\/revisions"}],"predecessor-version":[{"id":14268,"href":"https:\/\/crrf-fcrr.ca\/fr\/wp-json\/wp\/v2\/pages\/10018\/revisions\/14268"}],"wp:featuredmedia":[{"embeddable":true,"href":"https:\/\/crrf-fcrr.ca\/fr\/wp-json\/wp\/v2\/media\/12020"}],"wp:attachment":[{"href":"https:\/\/crrf-fcrr.ca\/fr\/wp-json\/wp\/v2\/media?parent=10018"}],"curies":[{"name":"wp","href":"https:\/\/api.w.org\/{rel}","templated":true}]}}