{"id":10279,"date":"2024-08-12T11:50:07","date_gmt":"2024-08-12T15:50:07","guid":{"rendered":"https:\/\/crrf-fcrr.ca\/?page_id=10279"},"modified":"2026-04-22T10:07:44","modified_gmt":"2026-04-22T14:07:44","slug":"offre-emploi-directrice-adjointe-directeur-adjoint-finances","status":"publish","type":"page","link":"https:\/\/crrf-fcrr.ca\/fr\/offre-emploi-directrice-adjointe-directeur-adjoint-finances\/","title":{"rendered":"Offre d&#8217;emploi : \u00a0Directrice adjointe ou Directeur adjoint, finances\u00a0"},"content":{"rendered":"\n\n\n\n<div class=\"wp-block-columns pattern-two-column is-layout-flex wp-container-core-columns-is-layout-9d6595d7 wp-block-columns-is-layout-flex\">\n<div class=\"wp-block-column pattern-two-column__title is-layout-flow wp-block-column-is-layout-flow\">\n<h2 class=\"wp-block-heading\">Description du poste<\/h2>\n<\/div>\n\n\n\n<div class=\"wp-block-column pattern-two-column__content is-layout-flow wp-block-column-is-layout-flow\">\n<p>Relevant de la directrice ou du directeur des finances, la directrice adjointe ou le directeur adjoint des finances joue un r\u00f4le crucial dans l\u2019avancement des objectifs strat\u00e9giques de la FCRR en optimisant les r\u00e9sultats financiers, en assurant la conformit\u00e9, en prenant des d\u00e9cisions fond\u00e9es sur les donn\u00e9es, en soutenant des initiatives transversales et en supervisant les op\u00e9rations financi\u00e8res de l\u2019organisme. \u00c0 ce poste, vous aidez la directrice ou le directeur des finances dans la planification financi\u00e8re et l\u2019analyse financi\u00e8re, la budg\u00e9tisation, les pr\u00e9visions, l\u2019analyse de l\u2019\u00e9cart par rapport \u00e0 la planification initiale, l\u2019\u00e9laboration des rapports internes et externes, ainsi que l\u2019audit, tout en vous assurant de la conformit\u00e9 aux r\u00e8glements et politiques internes pertinents. De plus, la directrice adjointe ou le directeur adjoint des finances apporte des conseils sur les processus li\u00e9s \u00e0 l\u2019approvisionnement et au march\u00e9, contribuant ainsi \u00e0 la prise de d\u00e9cisions financi\u00e8res strat\u00e9giques.<\/p>\n\n\n\n<p>En tant que <em>leader<\/em>, la directrice adjointe ou le directeur adjoint a un impact significatif sur la performance organisationnelle et agit comme conseill\u00e8re ou conseiller cl\u00e9 dans l\u2019organisme. C\u2019est une occasion d\u2019agir sur les prises de d\u00e9cisions financi\u00e8res au plus haut niveau, d\u2019accro\u00eetre l\u2019efficacit\u00e9 op\u00e9rationnelle et de contribuer \u00e0 la durabilit\u00e9 de la FCRR.<\/p>\n\n\n\n<p><strong>Titre du poste<\/strong> : Directrice adjointe ou directeur adjoint, finances<\/p>\n\n\n\n<p><strong>Type de poste <\/strong>: Non-syndiqu\u00e9<\/p>\n\n\n\n<p><strong>Statut <\/strong>: Contrat salari\u00e9 \u00e0 temps plein d&rsquo;un an<\/p>\n\n\n\n<p><strong>Heures<\/strong> : <br>37.5 heures par semaine<br>D\u00e9sir et capacit\u00e9 de voyager et d\u2019assister \u00e0 des r\u00e9unions les fins de semaine, en matin\u00e9e et en soir\u00e9e selon les besoins.<\/p>\n\n\n\n<p><strong>Lieu de travail<\/strong> : Milieu de travail hybride, avec rencontres r\u00e9guli\u00e8res en personne. Doit pouvoir travailler selon un horaire \u00e0 l\u2019heure normale de l\u2019Est ; nous prendrons en consid\u00e9ration des candidatures provenant de Toronto, de Montr\u00e9al ou d\u2019Ottawa.<\/p>\n\n\n\n<p><strong>Fourchette salariale <\/strong>: <strong>101,908 $ \u2013 110,313 $ par ann\u00e9e.<\/strong><\/p>\n\n\n\n<p>La FCRR offre un r\u00e9gime complet d\u2019avantages sociaux comprenant quatre semaines de vacances, des soins dentaires, des prestations de soins de sant\u00e9 prolong\u00e9es, une assurance vie et 4 % du revenu annuel vers\u00e9 \u00e0 un REER.<\/p>\n\n\n\n<p><strong>P\u00e9riode probatoire<\/strong> : 6 mois.<\/p>\n\n\n\n<div class=\"wp-block-pb-accordion-item c-accordion__item js-accordion-item no-js\" data-initially-open=\"false\" data-click-to-close=\"true\" data-auto-close=\"true\" data-scroll=\"false\" data-scroll-offset=\"0\"><h2 id=\"at-102790\" class=\"c-accordion__title js-accordion-controller\" role=\"button\">Responsabilit\u00e9s<\/h2><div id=\"ac-102790\" class=\"c-accordion__content\">\n<p>Finance et comptabilit\u00e9<\/p>\n\n\n\n<ul class=\"wp-block-list\">\n<li>Aider \u00e0 l\u2019\u00e9laboration et \u00e0 la mise en oeuvre de strat\u00e9gies et de plans financiers pour soutenir les objectifs organisationnels.<\/li>\n\n\n\n<li>Pr\u00e9parer des rapports financiers, des budgets et des \u00e9tats financiers pour soutenir une prise de d\u00e9cision \u00e9clair\u00e9e.<\/li>\n\n\n\n<li>D\u00e9terminer les tendances, les risques et les occasions d\u2019optimiser le rendement financier.<\/li>\n\n\n\n<li>Aider \u00e0 la pr\u00e9paration du budget annuel et des pr\u00e9visions pluriannuelles en collaboration avec les dirigeantes et dirigeants de l\u2019organisme.<\/li>\n\n\n\n<li>Surveiller la performance du budget et faire des recommandations pour l\u2019ajuster au besoin.<\/li>\n\n\n\n<li>Superviser les op\u00e9rations financi\u00e8res quotidiennes, y compris les comptes fournisseurs, les comptes clients et l\u2019int\u00e9gralit\u00e9 des op\u00e9rations du service de la paie pour assurer le traitement rapide et pr\u00e9cis des salaires, des d\u00e9ductions et de la conformit\u00e9 fiscale des employ\u00e9es et employ\u00e9s.<\/li>\n\n\n\n<li>Tenir un grand livre comptable et s\u2019assurer de l\u2019exactitude des registres financiers et de la rapidit\u00e9 des transactions.<\/li>\n\n\n\n<li>Aider \u00e0 la pr\u00e9paration et \u00e0 la production des rapports financiers trimestriels obligatoires.<\/li>\n\n\n\n<li>Aider \u00e0 la pr\u00e9paration des \u00e9tats financiers annuels, des documents et des rapports pour le v\u00e9rificateur g\u00e9n\u00e9ral du Canada.<\/li>\n\n\n\n<li>S\u2019assurer de respecter les r\u00e9glementations financi\u00e8res, les politiques organisationnelles et les normes comptables.<\/li>\n\n\n\n<li>Veiller \u00e0 la rigueur des contr\u00f4les internes pour prot\u00e9ger les actifs et assurer l\u2019int\u00e9grit\u00e9 des donn\u00e9es financi\u00e8res.<\/li>\n\n\n\n<li>Faire des recommandations en vue d\u2019am\u00e9liorer les processus des op\u00e9rations financi\u00e8res et accro\u00eetre leur efficacit\u00e9 et leur pr\u00e9cision.<\/li>\n\n\n\n<li>Aider au d\u00e9p\u00f4t en temps opportun des d\u00e9clarations r\u00e9glementaires requises en s\u2019assurant de leur exactitude, y compris la d\u00e9claration de renseignements des organismes de bienfaisance enregistr\u00e9s, les r\u00e9ponses aux questions parlementaires, le rapport annuel au Parlement sur l\u2019administration de la Loi sur l\u2019acc\u00e8s \u00e0 l\u2019information et de la Loi sur la protection de la vie priv\u00e9e, le rapport annuel sur les organismes de bienfaisance et d\u2019autres d\u00e9clarations r\u00e9glementaires.<\/li>\n<\/ul>\n\n\n\n<p>Relations d&rsquo;affaires<\/p>\n\n\n\n<ul class=\"wp-block-list\">\n<li>Agir comme contact secondaire avec les conseill\u00e8res et conseillers bancaires et les conseill\u00e8res et conseillers en placement afin d\u2019assurer l\u2019administration fluide des comptes de la FCRR.<\/li>\n\n\n\n<li>Agir \u00e0 titre de conseill\u00e8re ou conseiller financier aupr\u00e8s des parties prenantes internes, y compris les services corporatifs, les services de programmes et le bureau de la directrice g\u00e9n\u00e9rale ou du directeur g\u00e9n\u00e9ral.<\/li>\n\n\n\n<li>Donner des conseils financiers pour des initiatives transversales et des projets strat\u00e9giques.<\/li>\n\n\n\n<li>Communiquer clairement des informations financi\u00e8res complexes aux parties prenantes non financi\u00e8res.&nbsp;<\/li>\n<\/ul>\n\n\n\n<p>Approvisionnement et contrats<\/p>\n\n\n\n<ul class=\"wp-block-list\">\n<li>Travailler en \u00e9troite collaboration avec la directrice ou le directeur des finances pour superviser la r\u00e9partition financi\u00e8re et les paiements li\u00e9s aux subventions.<\/li>\n\n\n\n<li>S\u2019assurer du traitement rapide et exact des transactions financi\u00e8res et des paiements de subventions.<\/li>\n\n\n\n<li>R\u00e9diger des notes d\u2019information compl\u00e8tes au besoin pour l\u2019organisme et s\u2019assurer que les directives internes et la conformit\u00e9 sont respect\u00e9es.<\/li>\n\n\n\n<li>Donner des conseils sur les politiques d\u2019approvisionnement aux directrices et directeurs et aux \u00e9quipes des services en leur fournissant des recommandations et des \u00e9valuations sur les questions li\u00e9es \u00e0<br>l\u2019approvisionnement.<\/li>\n\n\n\n<li>Collaborer \u00e0 la r\u00e9daction, la r\u00e9vision et le suivi des contrats afin de s\u2019assurer de la conformit\u00e9 r\u00e9glementaire des processus financiers et d\u2019approvisionnement.<\/li>\n\n\n\n<li>Tenir des registres complets des activit\u00e9s financi\u00e8res, des activit\u00e9s li\u00e9es \u00e0 l\u2019approvisionnement et des activit\u00e9s contractuelles, en actualisant et en g\u00e9rant la documentation essentielle.<\/li>\n\n\n\n<li>R\u00e9pertorier les occasions d\u2019am\u00e9lioration des processus et contribuer \u00e0 l\u2019\u00e9laboration des politiques et des meilleures pratiques.<\/li>\n<\/ul>\n\n\n\n<p>Autres<\/p>\n\n\n\n<ul class=\"wp-block-list\">\n<li>Aider lors d\u2019\u00e9v\u00e9nements sp\u00e9ciaux et planifier les activit\u00e9s de programme. Accomplir d\u2019autres t\u00e2ches li\u00e9es au poste selon les besoins.<\/li>\n\n\n\n<li>Encourager la collaboration, l\u2019innovation et l\u2019am\u00e9lioration continue au sein de l\u2019\u00e9quipe.<\/li>\n\n\n\n<li>Accomplir d\u2019autres t\u00e2ches connexes assign\u00e9es par la direction ou jug\u00e9es appropri\u00e9es.<\/li>\n<\/ul>\n<\/div><\/div>\n\n\n\n<div class=\"wp-block-pb-accordion-item c-accordion__item js-accordion-item no-js\" data-initially-open=\"false\" data-click-to-close=\"true\" data-auto-close=\"true\" data-scroll=\"false\" data-scroll-offset=\"0\"><h2 id=\"at-102791\" class=\"c-accordion__title js-accordion-controller\" role=\"button\">Qualifications<\/h2><div id=\"ac-102791\" class=\"c-accordion__content\">\n<ul class=\"wp-block-list\">\n<li>Un dipl\u00f4me (ou une exp\u00e9rience \u00e9quivalente) en comptabilit\u00e9, finances, administration des affaires ou dans un domaine connexe.<\/li>\n\n\n\n<li>Le titre professionnel de comptable professionnelle agr\u00e9e ou comptable professionnel agr\u00e9\u00e9 (CPA) est requis.<\/li>\n\n\n\n<li>Trois (3) \u00e0 cinq (5) ans d\u2019exp\u00e9rience en planification et analyse financi\u00e8res, incluant de l\u2019exp\u00e9rience en mod\u00e9lisation financi\u00e8re.<\/li>\n\n\n\n<li>Connaissance op\u00e9rationnelle des comptes fournisseurs et clients.<\/li>\n\n\n\n<li>L\u2019exp\u00e9rience avec les Normes comptables du secteur public (NCSP) constitue un atout.<\/li>\n\n\n\n<li>L\u2019exp\u00e9rience en mise en oeuvre de progiciels de gestion int\u00e9gr\u00e9e (PGI) constitue un atout.<\/li>\n\n\n\n<li>Ma\u00eetrise de Microsoft Office (Outlook, PowerPoint, Word, Excel) et d\u2019autres outils et applications num\u00e9riques.<\/li>\n\n\n\n<li>Une formation avec Power BI constitue un atout.<\/li>\n\n\n\n<li>L\u2019exp\u00e9rience avec le logiciel Sage Accounting et les syst\u00e8mes de paie ADP constitue un atout.<\/li>\n\n\n\n<li>Engagement d\u00e9montr\u00e9 \u00e0 valoriser la diversit\u00e9 et \u00e0 contribuer \u00e0 un environnement de travail et d\u2019apprentissage inclusif.<\/li>\n\n\n\n<li>Capacit\u00e9 \u00e0 g\u00e9rer plusieurs priorit\u00e9s sous pression et \u00e0 respecter des d\u00e9lais stricts, tout en maintenant la pr\u00e9cision et l\u2019exactitude.<\/li>\n\n\n\n<li>Capacit\u00e9 \u00e0 r\u00e9pondre aux attentes complexes des parties prenantes dans plusieurs services.<\/li>\n\n\n\n<li>Excellentes comp\u00e9tences en communication et en relations interpersonnelles permettant d\u2019\u00e9tablir des relations de confiance et de collaboration \u00e0 travers l\u2019organisme.<\/li>\n\n\n\n<li>Capacit\u00e9 \u00e0 travailler de fa\u00e7on autonome et en \u00e9quipe.<\/li>\n<\/ul>\n<\/div><\/div>\n<\/div>\n<\/div>\n\n\n\n<div class=\"wp-block-columns pattern-two-column is-layout-flex wp-container-core-columns-is-layout-9d6595d7 wp-block-columns-is-layout-flex\">\n<div class=\"wp-block-column pattern-two-column__title is-layout-flow wp-block-column-is-layout-flow\">\n<h2 class=\"wp-block-heading\">Pour poser votre candidature<\/h2>\n<\/div>\n\n\n\n<div class=\"wp-block-column pattern-two-column__content is-layout-flow wp-block-column-is-layout-flow\">\n<p>Veuillez poser votre candidature avant le <strong>29 avril 2026<\/strong> \u00e0 partir du lien ci-dessous :<\/p>\n\n\n\n<p><a href=\"https:\/\/crrf.applytojob.com\/apply\/1H4EvVYBAv\/Associate-Director-Of-Finance\">https:\/\/crrf.applytojob.com\/apply\/1H4EvVYBAv\/Associate-Director-Of-Finance<\/a><\/p>\n\n\n\n<p>Certaines qualifications essentielles et autres seront \u00e9valu\u00e9es lors du processus de candidature. <\/p>\n\n\n\n<p>Une preuve d\u2019admissibilit\u00e9 \u00e0 travailler au Canada, d\u2019\u00e9tudes et trois r\u00e9f\u00e9rences d\u2019anciens superviseurs et coll\u00e8gues vous seront demand\u00e9es si vous \u00eates pr\u00e9s\u00e9lectionn\u00e9 pour le poste.<\/p>\n\n\n\n<p>Les entretiens auront lieu sur Zoom. Bien que toutes les demandes soient bienvenues et trait\u00e9es dans la plus stricte confidentialit\u00e9, seules les candidat(e)s retenu(e)s seront contact\u00e9(e)s. La FCRR peut annuler, reporter ou r\u00e9viser les offres d\u2019emploi \u00e0 tout moment.<\/p>\n\n\n\n<p>La FCRR valorise la diversit\u00e9 et est r\u00e9solue \u00e0 encourager un environnement inclusif favorisant la diversit\u00e9 culturelle. Nous encourageons les Autochtones, les personnes \u00ab racialis\u00e9es \u00bb, handicap\u00e9es, issues de collectivit\u00e9s sexuellement<br>diversifi\u00e9es et\/ou les personnes dont l\u2019identit\u00e9 se situe \u00e0 l\u2019intersection de diff\u00e9rents groupes, \u00e0 poser leur candidature.<\/p>\n\n\n\n<p>Nous tenons compte des besoins des personnes handicap\u00e9es tout au long du processus de recrutement et de s\u00e9lection. Veuillez indiquer vos besoins particuliers dans votre demande.<\/p>\n<\/div>\n<\/div>\n","protected":false},"excerpt":{"rendered":"<p>Description du poste Relevant de la directrice ou du directeur des finances, la directrice adjointe ou le directeur adjoint des finances joue un r\u00f4le crucial dans l\u2019avancement des objectifs strat\u00e9giques de la FCRR en optimisant les r\u00e9sultats financiers, en assurant la conformit\u00e9, en prenant des d\u00e9cisions fond\u00e9es sur les donn\u00e9es, en soutenant des initiatives transversales [&hellip;]<\/p>\n","protected":false},"author":5,"featured_media":0,"parent":0,"menu_order":0,"comment_status":"closed","ping_status":"closed","template":"","meta":{"_acf_changed":false,"footnotes":""},"class_list":["post-10279","page","type-page","status-publish","hentry"],"acf":[],"_links":{"self":[{"href":"https:\/\/crrf-fcrr.ca\/fr\/wp-json\/wp\/v2\/pages\/10279","targetHints":{"allow":["GET"]}}],"collection":[{"href":"https:\/\/crrf-fcrr.ca\/fr\/wp-json\/wp\/v2\/pages"}],"about":[{"href":"https:\/\/crrf-fcrr.ca\/fr\/wp-json\/wp\/v2\/types\/page"}],"author":[{"embeddable":true,"href":"https:\/\/crrf-fcrr.ca\/fr\/wp-json\/wp\/v2\/users\/5"}],"replies":[{"embeddable":true,"href":"https:\/\/crrf-fcrr.ca\/fr\/wp-json\/wp\/v2\/comments?post=10279"}],"version-history":[{"count":5,"href":"https:\/\/crrf-fcrr.ca\/fr\/wp-json\/wp\/v2\/pages\/10279\/revisions"}],"predecessor-version":[{"id":14894,"href":"https:\/\/crrf-fcrr.ca\/fr\/wp-json\/wp\/v2\/pages\/10279\/revisions\/14894"}],"wp:attachment":[{"href":"https:\/\/crrf-fcrr.ca\/fr\/wp-json\/wp\/v2\/media?parent=10279"}],"curies":[{"name":"wp","href":"https:\/\/api.w.org\/{rel}","templated":true}]}}