{"id":105,"date":"2023-03-15T15:27:05","date_gmt":"2023-03-15T19:27:05","guid":{"rendered":"https:\/\/crrf.7.plankdesign.com\/?page_id=105"},"modified":"2024-05-08T09:10:53","modified_gmt":"2024-05-08T13:10:53","slug":"mission-vision-strategie","status":"publish","type":"page","link":"https:\/\/crrf-fcrr.ca\/fr\/mission-vision-strategie\/","title":{"rendered":"Mission, vision et strat\u00e9gie"},"content":{"rendered":"\n\n\n\n<div class=\"wp-block-columns pattern-two-column is-layout-flex wp-container-core-columns-is-layout-9d6595d7 wp-block-columns-is-layout-flex\">\n<div class=\"wp-block-column pattern-two-column__title is-layout-flow wp-block-column-is-layout-flow\">\n<h2 class=\"wp-block-heading\">Mission<\/h2>\n<\/div>\n\n\n\n<div class=\"wp-block-column pattern-two-column__content is-layout-flow wp-block-column-is-layout-flow\">\n<p>Utiliser une approche syst\u00e9mique faisant appel au partenariat et \u00e0 l\u2019engagement communautaire, \u00e0 la conscientisation et \u00e0 la mobilisation pour faire progresser les politiques publiques en mati\u00e8re de lutte contre le racisme.<\/p>\n<\/div>\n<\/div>\n\n\n\n<div class=\"wp-block-columns pattern-two-column is-layout-flex wp-container-core-columns-is-layout-9d6595d7 wp-block-columns-is-layout-flex\">\n<div class=\"wp-block-column pattern-two-column__title is-layout-flow wp-block-column-is-layout-flow\">\n<h2 class=\"wp-block-heading\">Vision<\/h2>\n<\/div>\n\n\n\n<div class=\"wp-block-column pattern-two-column__content is-layout-flow wp-block-column-is-layout-flow\">\n<p>Un Canada exempt de haine et de racisme syst\u00e9mique.<\/p>\n<\/div>\n<\/div>\n\n\n\n<div class=\"wp-block-columns pattern-two-column is-layout-flex wp-container-core-columns-is-layout-9d6595d7 wp-block-columns-is-layout-flex\">\n<div class=\"wp-block-column pattern-two-column__title is-layout-flow wp-block-column-is-layout-flow\">\n<h2 class=\"wp-block-heading\">Principes directeurs<\/h2>\n<\/div>\n\n\n\n<div class=\"wp-block-column pattern-two-column__content is-layout-flow wp-block-column-is-layout-flow\">\n<p>La FCRR s\u2019engage \u00e0 faciliter l\u2019apprentissage et le d\u00e9veloppement, le partage et l\u2019utilisation du savoir et de l\u2019expertise et \u00e0 contribuer \u00e0 achever l\u2019\u00e9limination du racisme et toutes les formes de discrimination raciale dans la soci\u00e9t\u00e9 canadienne. Acqu\u00e9rir et conserver la confiance du public \u00e0 travers nos mots et actions est un point vital pour la FCRR et ses partenaires.<\/p>\n<\/div>\n<\/div>\n\n\n\n<div class=\"wp-block-columns pattern-two-column is-layout-flex wp-container-core-columns-is-layout-9d6595d7 wp-block-columns-is-layout-flex\">\n<div class=\"wp-block-column pattern-two-column__title is-layout-flow wp-block-column-is-layout-flow\">\n<h2 class=\"wp-block-heading\">Priorit\u00e9s strat\u00e9giques<\/h2>\n<\/div>\n\n\n\n<div class=\"wp-block-column pattern-two-column__content is-layout-flow wp-block-column-is-layout-flow\">\n<div class=\"wp-block-pb-accordion-item c-accordion__item js-accordion-item no-js\" data-initially-open=\"false\" data-click-to-close=\"true\" data-auto-close=\"true\" data-scroll=\"false\" data-scroll-offset=\"0\"><h2 id=\"at-1050\" class=\"c-accordion__title js-accordion-controller\" role=\"button\">Catalyseur de changement politique<\/h2><div id=\"ac-1050\" class=\"c-accordion__content\">\n<p><strong>R\u00e9sultat souhait\u00e9<br><\/strong>Acc\u00e9l\u00e9rer le rythme des changements significatifs et \u00eatre une voie de confiance et une r\u00e9f\u00e9rence sur le racisme et les politiques, institutions et syst\u00e8mes discriminatoires.<\/p>\n\n\n\n<p><strong>But<\/strong><br>La FCRR est reconnue pour son expertise sur les questions de biais raciaux et de discrimination et pour sa contribution aux changements de politiques, qui en font un catalyseur de changement.<\/p>\n\n\n\n<p><strong>Objectifs<\/strong><br>1.1 Supprimer les obstacles et en construire des ponts pour que les communaut\u00e9s impact\u00e9es soient significativement repr\u00e9sent\u00e9es dans les d\u00e9cisions du gouvernement.<br>1.2 Tirer partie de notre position de soci\u00e9t\u00e9 d\u2019\u00c9tat pour g\u00e9n\u00e9rer des politiques canadiennes r\u00e9fl\u00e9chies, applicables et r\u00e9alisables.<br>1.3 Porter une attention sp\u00e9ciale aux questions critiques ayant un grand impact, telles que les crimes, la haine en ligne et la discrimination syst\u00e9mique dans les politiques et le syst\u00e8me de justice.<\/p>\n<\/div><\/div>\n\n\n\n<div class=\"wp-block-pb-accordion-item c-accordion__item js-accordion-item no-js\" data-initially-open=\"false\" data-click-to-close=\"true\" data-auto-close=\"true\" data-scroll=\"false\" data-scroll-offset=\"0\"><h2 id=\"at-1051\" class=\"c-accordion__title js-accordion-controller\" role=\"button\">Capacit\u00e9 communautaire et mobilisation des connaissances<\/h2><div id=\"ac-1051\" class=\"c-accordion__content\">\n<p><strong>R\u00e9sultat souhait\u00e9<br><\/strong>Soutenir les organisations qui combattent le racisme, favoriser le dialogue et b\u00e2tir une soci\u00e9t\u00e9 plus inclusive et anti-raciste.<\/p>\n\n\n\n<p><strong>But<\/strong><br>La FCRR est un partenaire de confiance qui construit la capacit\u00e9 des communaut\u00e9s en fournissant un soutien essentiel \u00e0 des groupes communautaires pour avancer leur travail anti-raciste.<\/p>\n\n\n\n<p><strong>Objectifs<\/strong><br>2.1 Renforcer les capacit\u00e9s des communaut\u00e9s racis\u00e9es, des groupes religieux minoritaires et des peuples autochtones pour qu\u2019ils effectuent leur propre travail de lutte contre le racisme.<br>2.2 Produire des recherches et analyses objectives, ind\u00e9pendantes et originales qui se basent sur les exp\u00e9riences v\u00e9cues des communaut\u00e9s affect\u00e9es.<br>2.3 Cr\u00e9er des opportunit\u00e9s pour un dialogue significatif, de l\u2019apprentissage et du partage avec le grand public.<\/p>\n<\/div><\/div>\n\n\n\n<div class=\"wp-block-pb-accordion-item c-accordion__item js-accordion-item no-js\" data-initially-open=\"false\" data-click-to-close=\"true\" data-auto-close=\"true\" data-scroll=\"false\" data-scroll-offset=\"0\"><h2 id=\"at-1052\" class=\"c-accordion__title js-accordion-controller\" role=\"button\">Organisation moderne et efficace<\/h2><div id=\"ac-1052\" class=\"c-accordion__content\">\n<p><strong>R\u00e9sultat souhait\u00e9<br><\/strong>Avoir une capacit\u00e9 durable \u00e0 long terme qui permettra \u00e0 la FCRR d\u2019\u00eatre encore un partenaire fort pour cr\u00e9er des changements significatifs.<\/p>\n\n\n\n<p><strong>But<\/strong><br>La FCRR est une organisation bien gouvern\u00e9e et solide financi\u00e8rement qui soutient le bien \u00eatre de ses employ\u00e9s et qui obtient des r\u00e9sultats durables \u00e0 long terme.<\/p>\n\n\n\n<p><strong>Objectifs<\/strong><br>3.1 Faire augmenter les dotations et tirer parti du soutien du secteur priv\u00e9 \u00e0 travers des partenariats et des lev\u00e9es de fonds.<br>3.2 Renforcer notre r\u00e9seau au sein des gouvernements et des institutions.<br>3.3 S\u00e9curiser un financement permanent du gouvernement et construire une organisation solide et durable.<br>3.4 Faire grandir notre pr\u00e9sence r\u00e9gionale et num\u00e9rique.<\/p>\n<\/div><\/div>\n<\/div>\n<\/div>\n","protected":false},"excerpt":{"rendered":"<p>Mission Utiliser une approche syst\u00e9mique faisant appel au partenariat et \u00e0 l\u2019engagement communautaire, \u00e0 la conscientisation et \u00e0 la mobilisation pour faire progresser les politiques publiques en mati\u00e8re de lutte contre le racisme. Vision Un Canada exempt de haine et de racisme syst\u00e9mique. Principes directeurs La FCRR s\u2019engage \u00e0 faciliter l\u2019apprentissage et le d\u00e9veloppement, le [&hellip;]<\/p>\n","protected":false},"author":1,"featured_media":0,"parent":0,"menu_order":0,"comment_status":"closed","ping_status":"closed","template":"","meta":{"_acf_changed":false,"footnotes":""},"class_list":["post-105","page","type-page","status-publish","hentry"],"acf":[],"_links":{"self":[{"href":"https:\/\/crrf-fcrr.ca\/fr\/wp-json\/wp\/v2\/pages\/105","targetHints":{"allow":["GET"]}}],"collection":[{"href":"https:\/\/crrf-fcrr.ca\/fr\/wp-json\/wp\/v2\/pages"}],"about":[{"href":"https:\/\/crrf-fcrr.ca\/fr\/wp-json\/wp\/v2\/types\/page"}],"author":[{"embeddable":true,"href":"https:\/\/crrf-fcrr.ca\/fr\/wp-json\/wp\/v2\/users\/1"}],"replies":[{"embeddable":true,"href":"https:\/\/crrf-fcrr.ca\/fr\/wp-json\/wp\/v2\/comments?post=105"}],"version-history":[{"count":5,"href":"https:\/\/crrf-fcrr.ca\/fr\/wp-json\/wp\/v2\/pages\/105\/revisions"}],"predecessor-version":[{"id":9630,"href":"https:\/\/crrf-fcrr.ca\/fr\/wp-json\/wp\/v2\/pages\/105\/revisions\/9630"}],"wp:attachment":[{"href":"https:\/\/crrf-fcrr.ca\/fr\/wp-json\/wp\/v2\/media?parent=105"}],"curies":[{"name":"wp","href":"https:\/\/api.w.org\/{rel}","templated":true}]}}