{"id":10522,"date":"2024-09-12T14:52:52","date_gmt":"2024-09-12T18:52:52","guid":{"rendered":"https:\/\/crrf-fcrr.ca\/?page_id=10522"},"modified":"2024-09-12T15:10:59","modified_gmt":"2024-09-12T19:10:59","slug":"offre-emploi-assistante-assistant-financier","status":"publish","type":"page","link":"https:\/\/crrf-fcrr.ca\/fr\/offre-emploi-assistante-assistant-financier\/","title":{"rendered":"Offre d&#8217;emploi : Assistante ou assistant financier"},"content":{"rendered":"\n\n\n\n<div class=\"wp-block-columns pattern-two-column is-layout-flex wp-container-core-columns-is-layout-9d6595d7 wp-block-columns-is-layout-flex\">\n<div class=\"wp-block-column pattern-two-column__title is-layout-flow wp-block-column-is-layout-flow\">\n<h2 class=\"wp-block-heading\">Description du poste<\/h2>\n<\/div>\n\n\n\n<div class=\"wp-block-column pattern-two-column__content is-layout-flow wp-block-column-is-layout-flow\">\n<p>Sous la responsabilit\u00e9 du directeur des finances et de l&rsquo;administration, l\u2019assistante ou assistant financier assure toutes les op\u00e9rations comptables quotidiennes, avec une responsabilit\u00e9 fonctionnelle concernant la comptabilit\u00e9 des investissements, les \u00e9critures du grand livre, les comptes cr\u00e9diteurs et le traitement des ch\u00e8ques, et participe \u00e0 l&rsquo;administration de la Fondation.\u00a0<\/p>\n\n\n\n<p><strong>Titre du poste<\/strong> : Assistante ou assistant financier<\/p>\n\n\n\n<p><strong>Type de poste <\/strong>: Temporaire\/Contractuel<\/p>\n\n\n\n<p><strong>Statut <\/strong>: Contrat d\u2019une dur\u00e9e de six (6) mois<\/p>\n\n\n\n<p><strong>Heures<\/strong>: <br>35 heures par semaine<br>Capacit\u00e9 de voyager et d&rsquo;assister \u00e0 des r\u00e9unions les fins de semaine, en matin\u00e9e et en soir\u00e9e au besoin.<\/p>\n\n\n\n<p><strong>Lieu de travail<\/strong> : Toronto, Ontario; milieu de travail hybride, mais peut avoir \u00e0 travailler dans les bureaux, le cas \u00e9ch\u00e9ant.<\/p>\n\n\n\n<p><strong>Fourchette salariale <\/strong>: 51 511 $ \u00e0 56 662 $ par an. <\/p>\n\n\n\n<p>La FCRR est un lieu de travail syndiqu\u00e9, et le poste et son salaire font l&rsquo;objet d&rsquo;une convention collective.<\/p>\n\n\n\n<div class=\"wp-block-pb-accordion-item c-accordion__item js-accordion-item no-js\" data-initially-open=\"false\" data-click-to-close=\"true\" data-auto-close=\"true\" data-scroll=\"false\" data-scroll-offset=\"0\"><h2 id=\"at-105220\" class=\"c-accordion__title js-accordion-controller\" role=\"button\">T\u00e2ches et responsabilit\u00e9s<\/h2><div id=\"ac-105220\" class=\"c-accordion__content\">\n<p>Comptabilit\u00e9 des investissements :<\/p>\n\n\n\n<ul class=\"wp-block-list\">\n<li>Pr\u00e9parer les r\u00e9conciliations des comptes d&rsquo;investissement.<\/li>\n\n\n\n<li>Saisir les transactions mensuelles d&rsquo;investissement.<\/li>\n\n\n\n<li>R\u00e9concilier les soldes de tr\u00e9sorerie et de portefeuille dans les rapports du d\u00e9positaire avec les soldes du grand livre g\u00e9n\u00e9ral.<\/li>\n\n\n\n<li>Tenir \u00e0 jour les rapports sur la continuit\u00e9 des investissements.<\/li>\n\n\n\n<li>G\u00e9rer les entr\u00e9es de donn\u00e9es du grand livre g\u00e9n\u00e9ral.<\/li>\n\n\n\n<li>Pr\u00e9parer les rapports d&rsquo;investissement trimestriels et de fin d&rsquo;ann\u00e9e.<\/li>\n<\/ul>\n\n\n\n<p>Finance et comptabilit\u00e9 :<\/p>\n\n\n\n<ul class=\"wp-block-list\">\n<li>Tenir le grand livre, le livre des dons et les registres financiers.<\/li>\n\n\n\n<li>G\u00e9rer les comptes cr\u00e9diteurs et d\u00e9biteurs.<\/li>\n\n\n\n<li>Pr\u00e9parer les r\u00e9conciliations des comptes bancaires et des relev\u00e9s VISA.<\/li>\n\n\n\n<li>Contr\u00f4ler et analyser les donn\u00e9es comptables et produire des rapports ou des \u00e9tats financiers.<\/li>\n\n\n\n<li>Aider \u00e0 la pr\u00e9paration et \u00e0 la production de rapports financiers.<\/li>\n\n\n\n<li>G\u00e9rer le syst\u00e8me de comptabilit\u00e9 et tenir des livres et des registres sur toutes les transactions et tous les actifs.<\/li>\n\n\n\n<li>Participer \u00e0 l&rsquo;audit annuel interne et externe.<\/li>\n<\/ul>\n\n\n\n<p>Administration :<\/p>\n\n\n\n<ul class=\"wp-block-list\">\n<li>Contribuer au fonctionnement harmonieux et bien organis\u00e9 du bureau.<\/li>\n\n\n\n<li>Administrer et tenir \u00e0 jour les dossiers de tous les contrats relatifs aux op\u00e9rations et aux programmes.<\/li>\n\n\n\n<li>Effectuer d&rsquo;autres t\u00e2ches li\u00e9es \u00e0 l&#8217;emploi qui lui sont confi\u00e9es.<\/li>\n<\/ul>\n<\/div><\/div>\n\n\n\n<div class=\"wp-block-pb-accordion-item c-accordion__item js-accordion-item no-js\" data-initially-open=\"false\" data-click-to-close=\"true\" data-auto-close=\"true\" data-scroll=\"false\" data-scroll-offset=\"0\"><h2 id=\"at-105221\" class=\"c-accordion__title js-accordion-controller\" role=\"button\">Qualifications<\/h2><div id=\"ac-105221\" class=\"c-accordion__content\">\n<ul class=\"wp-block-list\">\n<li>Baccalaur\u00e9at en comptabilit\u00e9 ou en finance ou exp\u00e9rience \u00e9quivalente.<\/li>\n\n\n\n<li>Exp\u00e9rience de plus de 3 ans dans la comptabilit\u00e9 des investissements et l&rsquo;analyse de portefeuille.<\/li>\n\n\n\n<li>Exp\u00e9rience pratique du logiciel de comptabilit\u00e9 Sage 50 et de MS Office.<\/li>\n\n\n\n<li>Excellentes comp\u00e9tences organisationnelles.<\/li>\n\n\n\n<li>Excellentes aptitudes \u00e0 la communication \u00e9crite et orale en anglais.<\/li>\n\n\n\n<li>Capacit\u00e9 \u00e0 mener \u00e0 bien des t\u00e2ches multiples, \u00e0 travailler sous pression et \u00e0 respecter les d\u00e9lais.<\/li>\n\n\n\n<li>Autonome, fiable et ayant le sens de l&rsquo;initiative.<\/li>\n\n\n\n<li>Ma\u00eetrise de Microsoft Office (Outlook, PowerPoint, Word, Excel) et d&rsquo;autres outils et applications num\u00e9riques. \u00c0 l&rsquo;aise dans l&rsquo;utilisation de Zoom et d&rsquo;autres plateformes n\u00e9cessaires \u00e0 l&rsquo;organisation de r\u00e9unions et d&rsquo;\u00e9v\u00e9nements en ligne.<\/li>\n\n\n\n<li>Excellentes aptitudes \u00e0 la communication et solides comp\u00e9tences en mati\u00e8re de tenue de dossiers et d&rsquo;organisation.<\/li>\n\n\n\n<li>Capacit\u00e9 \u00e0 travailler de mani\u00e8re ind\u00e9pendante et en \u00e9quipe.<\/li>\n\n\n\n<li>Capacit\u00e9 \u00e0 travailler dans un environnement en constante \u00e9volution et \u00e0 g\u00e9rer plusieurs \u00e9ch\u00e9ances.<\/li>\n\n\n\n<li>Engagement manifeste \u00e0 valoriser la diversit\u00e9 et \u00e0 contribuer \u00e0 un environnement de travail et d&rsquo;apprentissage inclusif.<\/li>\n<\/ul>\n<\/div><\/div>\n<\/div>\n<\/div>\n\n\n\n<div class=\"wp-block-columns pattern-two-column is-layout-flex wp-container-core-columns-is-layout-9d6595d7 wp-block-columns-is-layout-flex\">\n<div class=\"wp-block-column pattern-two-column__title is-layout-flow wp-block-column-is-layout-flow\">\n<h2 class=\"wp-block-heading\">Pour poser votre candidature<\/h2>\n<\/div>\n\n\n\n<div class=\"wp-block-column pattern-two-column__content is-layout-flow wp-block-column-is-layout-flow\">\n<p>Veuillez envoyer votre lettre de motivation et votre curriculum vitae avant le <strong>23 septembre 2024, \u00e0 l&rsquo;adresse courriel <\/strong>:\u00a0<\/p>\n\n\n\n<p><a href=\"mailto:hr-rh@crrf-fcrr.ca\" target=\"_blank\" rel=\"noreferrer noopener\">hr-rh@crrf-fcrr.ca<\/a><\/p>\n\n\n\n<p>Certaines comp\u00e9tences essentielles et autres seront \u00e9valu\u00e9es dans le cadre du processus de candidature.<\/p>\n\n\n\n<p>Une preuve de votre admissibilit\u00e9 \u00e0 travailler au Canada, de votre niveau d\u2019\u00e9tudes et trois r\u00e9f\u00e9rences professionnelles de la part de votre ancien responsable et de vos coll\u00e8gues de travail vous seront demand\u00e9es si votre candidature est retenue.<\/p>\n\n\n\n<p>Les entretiens se d\u00e9rouleront sur Zoom. <\/p>\n\n\n\n<p>Bien que toutes les demandes soient bienvenues et trait\u00e9es dans la plus stricte confidentialit\u00e9, seul(e)s les candidat(e)s retenu(e)s seront contact\u00e9(e)s. La FCRR peut annuler, reporter ou r\u00e9viser les offres d\u2019emploi \u00e0 tout moment.<br><\/p>\n\n\n\n<p>La FCRR valorise la diversit\u00e9 et est r\u00e9solue \u00e0 encourager un environnement inclusif favorisant la diversit\u00e9 culturelle. Nous encourageons les Autochtones, les personnes racialis\u00e9es, handicap\u00e9es, issues de collectivit\u00e9s sexuellement diversifi\u00e9es et\/ou les personnes dont l\u2019identit\u00e9 se situe \u00e0 l\u2019intersection de diff\u00e9rents groupes \u00e0 poser leur candidature. Nous tenons compte des besoins des personnes handicap\u00e9es tout au long du processus de recrutement et de s\u00e9lection. Veuillez indiquer vos besoins particuliers dans votre demande.<\/p>\n<\/div>\n<\/div>\n","protected":false},"excerpt":{"rendered":"<p>Description du poste Sous la responsabilit\u00e9 du directeur des finances et de l&rsquo;administration, l\u2019assistante ou assistant financier assure toutes les op\u00e9rations comptables quotidiennes, avec une responsabilit\u00e9 fonctionnelle concernant la comptabilit\u00e9 des investissements, les \u00e9critures du grand livre, les comptes cr\u00e9diteurs et le traitement des ch\u00e8ques, et participe \u00e0 l&rsquo;administration de la Fondation.\u00a0 Titre du poste [&hellip;]<\/p>\n","protected":false},"author":5,"featured_media":0,"parent":0,"menu_order":0,"comment_status":"closed","ping_status":"closed","template":"","meta":{"_acf_changed":false,"footnotes":""},"class_list":["post-10522","page","type-page","status-publish","hentry"],"acf":[],"_links":{"self":[{"href":"https:\/\/crrf-fcrr.ca\/fr\/wp-json\/wp\/v2\/pages\/10522","targetHints":{"allow":["GET"]}}],"collection":[{"href":"https:\/\/crrf-fcrr.ca\/fr\/wp-json\/wp\/v2\/pages"}],"about":[{"href":"https:\/\/crrf-fcrr.ca\/fr\/wp-json\/wp\/v2\/types\/page"}],"author":[{"embeddable":true,"href":"https:\/\/crrf-fcrr.ca\/fr\/wp-json\/wp\/v2\/users\/5"}],"replies":[{"embeddable":true,"href":"https:\/\/crrf-fcrr.ca\/fr\/wp-json\/wp\/v2\/comments?post=10522"}],"version-history":[{"count":1,"href":"https:\/\/crrf-fcrr.ca\/fr\/wp-json\/wp\/v2\/pages\/10522\/revisions"}],"predecessor-version":[{"id":10523,"href":"https:\/\/crrf-fcrr.ca\/fr\/wp-json\/wp\/v2\/pages\/10522\/revisions\/10523"}],"wp:attachment":[{"href":"https:\/\/crrf-fcrr.ca\/fr\/wp-json\/wp\/v2\/media?parent=10522"}],"curies":[{"name":"wp","href":"https:\/\/api.w.org\/{rel}","templated":true}]}}