{"id":111,"date":"2023-03-15T15:28:19","date_gmt":"2023-03-15T19:28:19","guid":{"rendered":"https:\/\/crrf.7.plankdesign.com\/?page_id=111"},"modified":"2026-03-16T11:46:11","modified_gmt":"2026-03-16T15:46:11","slug":"notre-equipe","status":"publish","type":"page","link":"https:\/\/crrf-fcrr.ca\/fr\/notre-equipe\/","title":{"rendered":"Notre \u00e9quipe"},"content":{"rendered":"\n<div style=\"height:75px\" aria-hidden=\"true\" class=\"wp-block-spacer\"><\/div>\n\n\n\n<h1 class=\"wp-block-heading\">Notre \u00e9quipe<\/h1>\n\n\n\n<p>\u00c9quipe de la direction et direction ex\u00e9cutive<\/p>\n\n\n\n<div class=\"wp-block-group alignwide pattern-two-column-wide-contact is-layout-constrained wp-block-group-is-layout-constrained\">\n<div class=\"wp-block-columns pattern-two-column-wide-contact__wrap is-layout-flex wp-container-core-columns-is-layout-9d6595d7 wp-block-columns-is-layout-flex\">\n<div class=\"wp-block-column is-layout-flow wp-block-column-is-layout-flow\">\n<h3 class=\"wp-block-heading\">Aamir Ahmed<\/h3>\n\n\n\n<p>Directeur des finances et de l\u2019administration<br><br><br><\/p>\n\n\n\n<h3 class=\"wp-block-heading\">Elaine Lawson<\/h3>\n\n\n\n<p>Secr\u00e9taire corporative int\u00e9rimaire<br><br><\/p>\n\n\n\n<h3 class=\"wp-block-heading\">Elias Tiamyiu<\/h3>\n\n\n\n<p>Agent administratif principal<\/p>\n\n\n\n<p><br><\/p>\n\n\n\n<h3 class=\"wp-block-heading\">Iman Mohamed<\/h3>\n\n\n\n<p>Directrice int\u00e9rimaire, Centre de ressources pour lutter contre la haine<\/p>\n\n\n\n<p><br><\/p>\n\n\n\n<h3 class=\"wp-block-heading\">Jessie Macaulay<\/h3>\n\n\n\n<p>Directrice, Bureau ex\u00e9cutif et administration<br><br><\/p>\n\n\n\n<h3 class=\"wp-block-heading\">Laila Malik<\/h3>\n\n\n\n<p>Directrice des communications et du marketing<br><br><\/p>\n<\/div>\n\n\n\n<div class=\"wp-block-column is-layout-flow wp-block-column-is-layout-flow\">\n<h3 class=\"wp-block-heading\">Maja Saletto<\/h3>\n\n\n\n<p>Directrice des investissements communautaires<br><br><\/p>\n\n\n\n<h3 class=\"wp-block-heading\">Meg Mochizuki&nbsp;<\/h3>\n\n\n\n<p>Adjointe ex\u00e9cutive<br><br><\/p>\n\n\n\n<h3 class=\"wp-block-heading\">Mohammed Hashim&nbsp;<\/h3>\n\n\n\n<p>Pr\u00e9sident, Directeur g\u00e9n\u00e9ral<br><br><\/p>\n\n\n\n<h3 class=\"wp-block-heading\">Saswati Deb<\/h3>\n\n\n\n<p>Chef de Cabinet et directrice g\u00e9n\u00e9rale associ\u00e9e<br><br><\/p>\n\n\n\n<h3 class=\"wp-block-heading\">Temi Omope<\/h3>\n\n\n\n<p>Secr\u00e9taire corporative<br><br><\/p>\n\n\n\n<h3 class=\"wp-block-heading\">Uswah Ahsan<\/h3>\n\n\n\n<p>Directrice des programmes et de la sensibilisation<br><br><\/p>\n<\/div>\n<\/div>\n<\/div>\n","protected":false},"excerpt":{"rendered":"<p>Notre \u00e9quipe \u00c9quipe de la direction et direction ex\u00e9cutive Aamir Ahmed Directeur des finances et de l\u2019administration Elaine Lawson Secr\u00e9taire corporative int\u00e9rimaire Elias Tiamyiu Agent administratif principal Iman Mohamed Directrice int\u00e9rimaire, Centre de ressources pour lutter contre la haine Jessie Macaulay Directrice, Bureau ex\u00e9cutif et administration Laila Malik Directrice des communications et du marketing Maja [&hellip;]<\/p>\n","protected":false},"author":1,"featured_media":0,"parent":0,"menu_order":0,"comment_status":"closed","ping_status":"closed","template":"","meta":{"_acf_changed":false,"footnotes":""},"class_list":["post-111","page","type-page","status-publish","hentry"],"acf":[],"_links":{"self":[{"href":"https:\/\/crrf-fcrr.ca\/fr\/wp-json\/wp\/v2\/pages\/111","targetHints":{"allow":["GET"]}}],"collection":[{"href":"https:\/\/crrf-fcrr.ca\/fr\/wp-json\/wp\/v2\/pages"}],"about":[{"href":"https:\/\/crrf-fcrr.ca\/fr\/wp-json\/wp\/v2\/types\/page"}],"author":[{"embeddable":true,"href":"https:\/\/crrf-fcrr.ca\/fr\/wp-json\/wp\/v2\/users\/1"}],"replies":[{"embeddable":true,"href":"https:\/\/crrf-fcrr.ca\/fr\/wp-json\/wp\/v2\/comments?post=111"}],"version-history":[{"count":5,"href":"https:\/\/crrf-fcrr.ca\/fr\/wp-json\/wp\/v2\/pages\/111\/revisions"}],"predecessor-version":[{"id":14731,"href":"https:\/\/crrf-fcrr.ca\/fr\/wp-json\/wp\/v2\/pages\/111\/revisions\/14731"}],"wp:attachment":[{"href":"https:\/\/crrf-fcrr.ca\/fr\/wp-json\/wp\/v2\/media?parent=111"}],"curies":[{"name":"wp","href":"https:\/\/api.w.org\/{rel}","templated":true}]}}