{"id":11509,"date":"2024-12-10T14:33:35","date_gmt":"2024-12-10T19:33:35","guid":{"rendered":"https:\/\/crrf-fcrr.ca\/?page_id=11509"},"modified":"2025-07-31T10:07:45","modified_gmt":"2025-07-31T14:07:45","slug":"stages-civiques","status":"publish","type":"page","link":"https:\/\/crrf-fcrr.ca\/fr\/stages-civiques\/","title":{"rendered":"Stages civiques"},"content":{"rendered":"\n\n\n\n<div class=\"wp-block-columns is-layout-flex wp-container-core-columns-is-layout-9d6595d7 wp-block-columns-is-layout-flex\">\n<div class=\"wp-block-column is-layout-flow wp-block-column-is-layout-flow\">\n<p class=\"has-text-align-right\"><em>Photo : NuxCine<\/em><\/p>\n<\/div>\n<\/div>\n\n\n\n<h2 class=\"wp-block-heading\">Investir dans notre avenir collectif<\/h2>\n\n\n\n<div class=\"wp-block-columns is-layout-flex wp-container-core-columns-is-layout-9d6595d7 wp-block-columns-is-layout-flex\">\n<div class=\"wp-block-column is-layout-flow wp-block-column-is-layout-flow\">\n<p><\/p>\n\n\n\n<p>Dans le cadre de sa mission visant \u00e0 \u00e9liminer le racisme syst\u00e9mique au Canada, la FCRR s\u2019est engag\u00e9e \u00e0 amplifier les voix et les perspectives diverses dans l\u2019\u00e9laboration des politiques canadiennes. L\u2019\u00e9largissement de l\u2019acc\u00e8s \u00e0 la gouvernance municipale permet \u00e0 la prochaine g\u00e9n\u00e9ration d\u2019obtenir une perspective de l\u2019int\u00e9rieur sur la prise de d\u00e9cision municipale, d\u2019\u00e9lever les communaut\u00e9s et de lancer des carri\u00e8res significatives.<\/p>\n\n\n\n<p>Dans le cadre de ce programme, les b\u00e9n\u00e9ficiaires auront l\u2019occasion de travailler directement avec le maire, les conseillers municipaux et les cadres sup\u00e9rieurs en administration, ce qui leur permettra de mieux comprendre les rouages de la gouvernance municipale.<\/p>\n\n\n\n<p>Si vous travaillez pour une municipalit\u00e9 et que vous \u00eates int\u00e9ress\u00e9 par la possibilit\u00e9 de parrainer un stage, veuillez contacter <a href=\"\u00ab\">programs@crrf-fcrr.ca<\/a>.<\/p>\n<\/div>\n<\/div>\n\n\n\n<h2 class=\"wp-block-heading\">En vedette<\/h2>\n\n\n\n<p>En juillet 2025, 18 stagiaires du programme de stages civiques se sont r\u00e9unis \u00e0 l&rsquo;h\u00f4tel de ville d&rsquo;Edmonton pour pr\u00e9senter les projets sur lesquels ils ont travaill\u00e9 pendant leur stage de 10 semaines.<\/p>\n\n\n\n<p>(vid\u00e9o en anglais)<\/p>\n\n\n\n<div class=\"wp-block-columns is-layout-flex wp-container-core-columns-is-layout-9d6595d7 wp-block-columns-is-layout-flex\">\n<div class=\"wp-block-column is-layout-flow wp-block-column-is-layout-flow\">\n<iframe loading=\"lazy\" width=\"100%\" height=\"400\" src=\"https:\/\/www.youtube.com\/embed\/wam36Du5vq0?si=xDJWAvyw_0tBy0vt\" title=\"YouTube video player\" frameborder=\"0\" allow=\"accelerometer; autoplay; clipboard-write; encrypted-media; gyroscope; picture-in-picture; web-share\" allowfullscreen><\/iframe>\n<\/div>\n\n\n\n<div class=\"wp-block-column is-layout-flow wp-block-column-is-layout-flow\"><\/div>\n<\/div>\n\n\n\n\n<section aria-label=\"En savoir plus sur le programme\" id=\"related-content-block_b79cc5c29fa891ca803bb9f95b26e195\"\n\tclass=\"related-content\">\n\t\t<h2 class=\"related-content__title\">\n\t\tEn savoir plus sur le programme\t<\/h2>\n\t\t<ul class=\"related-content__grid\">\n\t\t\t\t<li class=\"card-related\">\n\t\t\t<div class=\"card-related__image\">\n\t\t\t\t<div class=\"aspect-ratio-box\">\n\t\t\t\t\t\t\t\t\t\t\t<img loading=\"lazy\" decoding=\"async\" width=\"540\" height=\"360\" src=\"https:\/\/crrf-fcrr.ca\/wp-content\/uploads\/2024\/12\/IMG_9540-540x360.jpg\" class=\"attachment-medium size-medium wp-post-image\" alt=\"\" srcset=\"https:\/\/crrf-fcrr.ca\/wp-content\/uploads\/2024\/12\/IMG_9540-540x360.jpg 540w, https:\/\/crrf-fcrr.ca\/wp-content\/uploads\/2024\/12\/IMG_9540-1024x683.jpg 1024w, https:\/\/crrf-fcrr.ca\/wp-content\/uploads\/2024\/12\/IMG_9540-768x512.jpg 768w, https:\/\/crrf-fcrr.ca\/wp-content\/uploads\/2024\/12\/IMG_9540-1536x1024.jpg 1536w, https:\/\/crrf-fcrr.ca\/wp-content\/uploads\/2024\/12\/IMG_9540-2048x1365.jpg 2048w, https:\/\/crrf-fcrr.ca\/wp-content\/uploads\/2024\/12\/IMG_9540-650x433.jpg 650w, https:\/\/crrf-fcrr.ca\/wp-content\/uploads\/2024\/12\/IMG_9540-821x548.jpg 821w\" sizes=\"auto, (max-width: 540px) 100vw, 540px\" \/>\t\t\t\t\t\t\t\t\t<\/div>\n\t\t\t\t<img loading=\"lazy\" decoding=\"async\" src=\"https:\/\/crrf-fcrr.ca\/wp-content\/themes\/crrf\/dist\/images\/svg\/graphics\/double-corner-red.svg\"\n\t\t\t\t\tclass=\"graphic-corner\" alt=\"\" height=\"115\" width=\"115\" \/>\n\t\t\t<\/div>\n\t\t\t<div class=\"card-related__content\">\n\t\t\t\t<h4><a href=\"https:\/\/crrf-fcrr.ca\/fr\/presse-et-media\/edmonton-stage-civique\/\">\n\t\t\t\t\t\tLa Ville d&rsquo;Edmonton s&rsquo;associe \u00e0 des organismes locaux et nationaux pour financer le programme de stage Civic Youth Fellowship pendant cinq ans\t\t\t\t\t<\/a>\n\t\t\t\t<\/h4>\n\t\t\t\t<p>Le programme de stage pour les jeunes de la Ville d\u2019Edmonton, le Civic Youth Fellowship, s\u2019\u00e9tendra de 2025 \u00e0 2030 gr\u00e2ce \u00e0 un partenariat de cinq ans avec la Fondation canadienne des relations raciales (FCRR) et l\u2019association IslamicFamily (Islamic Family and Social Services Association).<\/p>\n\t\t\t\t<span class=\"link--learn-more\">Lire l&#039;annonce<\/span>\n\t\t\t<\/div>\n\t\t<\/li>\n\t\t\t\t<li class=\"card-related\">\n\t\t\t<div class=\"card-related__image\">\n\t\t\t\t<div class=\"aspect-ratio-box\">\n\t\t\t\t\t\t\t\t\t\t\t<img loading=\"lazy\" decoding=\"async\" width=\"463\" height=\"360\" src=\"https:\/\/crrf-fcrr.ca\/wp-content\/uploads\/2024\/10\/Civic-Internship-program-Group-463x360.jpg\" class=\"attachment-medium size-medium wp-post-image\" alt=\"\" srcset=\"https:\/\/crrf-fcrr.ca\/wp-content\/uploads\/2024\/10\/Civic-Internship-program-Group-463x360.jpg 463w, https:\/\/crrf-fcrr.ca\/wp-content\/uploads\/2024\/10\/Civic-Internship-program-Group-1024x796.jpg 1024w, https:\/\/crrf-fcrr.ca\/wp-content\/uploads\/2024\/10\/Civic-Internship-program-Group-768x597.jpg 768w, https:\/\/crrf-fcrr.ca\/wp-content\/uploads\/2024\/10\/Civic-Internship-program-Group-1536x1194.jpg 1536w, https:\/\/crrf-fcrr.ca\/wp-content\/uploads\/2024\/10\/Civic-Internship-program-Group-2048x1592.jpg 2048w, https:\/\/crrf-fcrr.ca\/wp-content\/uploads\/2024\/10\/Civic-Internship-program-Group-650x505.jpg 650w, https:\/\/crrf-fcrr.ca\/wp-content\/uploads\/2024\/10\/Civic-Internship-program-Group-705x548.jpg 705w\" sizes=\"auto, (max-width: 463px) 100vw, 463px\" \/>\t\t\t\t\t\t\t\t\t<\/div>\n\t\t\t\t<img loading=\"lazy\" decoding=\"async\" src=\"https:\/\/crrf-fcrr.ca\/wp-content\/themes\/crrf\/dist\/images\/svg\/graphics\/double-corner-red.svg\"\n\t\t\t\t\tclass=\"graphic-corner\" alt=\"\" height=\"115\" width=\"115\" \/>\n\t\t\t<\/div>\n\t\t\t<div class=\"card-related__content\">\n\t\t\t\t<h4><a href=\"https:\/\/crrf-fcrr.ca\/fr\/2024\/10\/la-crrf-soutient-un-nouveau-stage-civique-a-la-ville-de-saskatoon\/\">\n\t\t\t\t\t\tLa FCRR soutient un nouveau stage civique \u00e0 la Ville de Saskatoon\t\t\t\t\t<\/a>\n\t\t\t\t<\/h4>\n\t\t\t\t<p>La Fondation canadienne des relations raciales est fi\u00e8re de soutenir un nouveau programme de stages civiques \u00e0 Saskatoon, en Saskatchewan.<\/p>\n\t\t\t\t<span class=\"link--learn-more\">Lire l&#039;annonce<\/span>\n\t\t\t<\/div>\n\t\t<\/li>\n\t\t\t\t<li class=\"card-related\">\n\t\t\t<div class=\"card-related__image\">\n\t\t\t\t<div class=\"aspect-ratio-box\">\n\t\t\t\t\t\t\t\t\t\t\t<img loading=\"lazy\" decoding=\"async\" width=\"300\" height=\"200\" src=\"https:\/\/crrf-fcrr.ca\/wp-content\/uploads\/2023\/05\/Youth_Fellowship-1-300x200.jpeg\" class=\"attachment-medium size-medium wp-post-image\" alt=\"\" srcset=\"https:\/\/crrf-fcrr.ca\/wp-content\/uploads\/2023\/05\/Youth_Fellowship-1-300x200.jpeg 300w, https:\/\/crrf-fcrr.ca\/wp-content\/uploads\/2023\/05\/Youth_Fellowship-1-1024x683.jpeg 1024w, https:\/\/crrf-fcrr.ca\/wp-content\/uploads\/2023\/05\/Youth_Fellowship-1-768x512.jpeg 768w, https:\/\/crrf-fcrr.ca\/wp-content\/uploads\/2023\/05\/Youth_Fellowship-1-1536x1024.jpeg 1536w, https:\/\/crrf-fcrr.ca\/wp-content\/uploads\/2023\/05\/Youth_Fellowship-1-650x433.jpeg 650w, https:\/\/crrf-fcrr.ca\/wp-content\/uploads\/2023\/05\/Youth_Fellowship-1-821x548.jpeg 821w, https:\/\/crrf-fcrr.ca\/wp-content\/uploads\/2023\/05\/Youth_Fellowship-1.jpeg 1642w\" sizes=\"auto, (max-width: 300px) 100vw, 300px\" \/>\t\t\t\t\t\t\t\t\t<\/div>\n\t\t\t\t<img loading=\"lazy\" decoding=\"async\" src=\"https:\/\/crrf-fcrr.ca\/wp-content\/themes\/crrf\/dist\/images\/svg\/graphics\/double-corner-red.svg\"\n\t\t\t\t\tclass=\"graphic-corner\" alt=\"\" height=\"115\" width=\"115\" \/>\n\t\t\t<\/div>\n\t\t\t<div class=\"card-related__content\">\n\t\t\t\t<h4><a href=\"https:\/\/crrf-fcrr.ca\/fr\/2023\/05\/la-fcrr-est-heureuse-doffrir-son-appui-a-une-nouvelle-bourse-citoyenne-pour-les-jeunes-offerte-par-la-ville-dedmonton\/\">\n\t\t\t\t\t\tLa FCRR est heureuse d\u2019offrir son appui \u00e0 une nouvelle bourse citoyenne pour les jeunes offerte par la Ville d\u2019Edmonton\t\t\t\t\t<\/a>\n\t\t\t\t<\/h4>\n\t\t\t\t<p>La Fondation canadienne des relations raciales (FCRR) est heureuse d\u2019annoncer le lancement d\u2019une bourse citoyenne pour les jeunes d\u2019Edmonton, cofinanc\u00e9e par la FCRR et la Ville d\u2019Edmonton, l\u2019Association islamique des services familiaux et sociaux (en anglais\u00a0: IFSSA) et l\u2019Africa Centre. <\/p>\n\t\t\t\t<span class=\"link--learn-more\">Lire l&#039;annonce<\/span>\n\t\t\t<\/div>\n\t\t<\/li>\n\t\t\t<\/ul>\n<\/section>\n","protected":false},"excerpt":{"rendered":"<p>Ce programme vise \u00e0 former la prochaine g\u00e9n\u00e9ration de dirigeants communautaires et de responsables publics en encourageant les comp\u00e9tences en mati\u00e8re d\u2019engagement civique et en offrant une exp\u00e9rience pratique inestimable dans le cadre de la gouvernance municipale. <\/p>\n","protected":false},"author":5,"featured_media":11491,"parent":0,"menu_order":0,"comment_status":"closed","ping_status":"closed","template":"","meta":{"_acf_changed":false,"footnotes":""},"class_list":["post-11509","page","type-page","status-publish","has-post-thumbnail","hentry"],"acf":[],"_links":{"self":[{"href":"https:\/\/crrf-fcrr.ca\/fr\/wp-json\/wp\/v2\/pages\/11509","targetHints":{"allow":["GET"]}}],"collection":[{"href":"https:\/\/crrf-fcrr.ca\/fr\/wp-json\/wp\/v2\/pages"}],"about":[{"href":"https:\/\/crrf-fcrr.ca\/fr\/wp-json\/wp\/v2\/types\/page"}],"author":[{"embeddable":true,"href":"https:\/\/crrf-fcrr.ca\/fr\/wp-json\/wp\/v2\/users\/5"}],"replies":[{"embeddable":true,"href":"https:\/\/crrf-fcrr.ca\/fr\/wp-json\/wp\/v2\/comments?post=11509"}],"version-history":[{"count":4,"href":"https:\/\/crrf-fcrr.ca\/fr\/wp-json\/wp\/v2\/pages\/11509\/revisions"}],"predecessor-version":[{"id":13590,"href":"https:\/\/crrf-fcrr.ca\/fr\/wp-json\/wp\/v2\/pages\/11509\/revisions\/13590"}],"wp:featuredmedia":[{"embeddable":true,"href":"https:\/\/crrf-fcrr.ca\/fr\/wp-json\/wp\/v2\/media\/11491"}],"wp:attachment":[{"href":"https:\/\/crrf-fcrr.ca\/fr\/wp-json\/wp\/v2\/media?parent=11509"}],"curies":[{"name":"wp","href":"https:\/\/api.w.org\/{rel}","templated":true}]}}