{"id":12158,"date":"2025-03-11T16:55:12","date_gmt":"2025-03-11T20:55:12","guid":{"rendered":"https:\/\/crrf-fcrr.ca\/?page_id=12158"},"modified":"2025-03-11T16:58:33","modified_gmt":"2025-03-11T20:58:33","slug":"offre-emploi-directrice-directeur-finances","status":"publish","type":"page","link":"https:\/\/crrf-fcrr.ca\/fr\/offre-emploi-directrice-directeur-finances\/","title":{"rendered":"Offre d&#8217;emploi : Directrice ou directeur des finances"},"content":{"rendered":"\n\n\n\n<div class=\"wp-block-columns pattern-two-column is-layout-flex wp-container-core-columns-is-layout-9d6595d7 wp-block-columns-is-layout-flex\">\n<div class=\"wp-block-column pattern-two-column__title is-layout-flow wp-block-column-is-layout-flow\">\n<h2 class=\"wp-block-heading\">Description du poste<\/h2>\n<\/div>\n\n\n\n<div class=\"wp-block-column pattern-two-column__content is-layout-flow wp-block-column-is-layout-flow\">\n<p>Relevant de la directrice g\u00e9n\u00e9rale ou du directeur g\u00e9n\u00e9ral (DG), la directrice ou le directeur des finances joue un r\u00f4le central dans la gestion et la supervision des op\u00e9rations financi\u00e8res de l&rsquo;organisme, apportant son leadership et donnant des conseils sp\u00e9cialis\u00e9s en mati\u00e8re de rationalisation de processus d&rsquo;approvisionnement et de passation de march\u00e9s afin d\u2019augmenter le rendement financier de l&rsquo;organisme et d\u2019am\u00e9liorer son efficience globale. Plus pr\u00e9cis\u00e9ment, la directrice ou le directeur des finances est charg\u00e9e ou charg\u00e9 de pr\u00e9parer des rapports financiers d\u00e9taill\u00e9s, y compris des analyses trimestrielles des \u00e9carts budg\u00e9taires, des \u00e9tats financiers non r\u00e9vis\u00e9s et des documents annuels de gestion et d&rsquo;analyse, conform\u00e9ment aux normes applicables. Il s\u2019assure que les obligations r\u00e9glementaires, comme les d\u00e9clarations de revenus, les rapports parlementaires et les divulgations officielles, sont respect\u00e9es, tout en maintenant des relations professionnelles avec Patrimoine canadien et ses pairs f\u00e9d\u00e9raux. Les responsabilit\u00e9s de cette fonction comprennent \u00e9galement la supervision de la gestion de la paie, la tenue du grand livre et la gestion de la tr\u00e9sorerie. De plus, la directrice ou le directeur des finances est charg\u00e9e ou charg\u00e9 de g\u00e9rer les placements en collaboration avec les conseill\u00e8res et conseillers, d&rsquo;assurer le respect des politiques, de rapprocher les rapports et de coordonner les activit\u00e9s du comit\u00e9 de placement afin d&rsquo;optimiser le rendement du fonds. Dans le cadre de ces responsabilit\u00e9s, la directrice ou le directeur des finances veille \u00e0 la solidit\u00e9 de la gouvernance, \u00e0 l&rsquo;int\u00e9grit\u00e9 op\u00e9rationnelle et \u00e0 l&rsquo;harmonisation avec les lignes directrices du Conseil du Tr\u00e9sor.&nbsp;<\/p>\n\n\n\n<p>En tant que candidate id\u00e9ale ou candidat id\u00e9al, vous poss\u00e9dez de solides bases en gestion financi\u00e8re, appuy\u00e9es par un titre de CPA et au moins une d\u00e9cennie d&rsquo;exp\u00e9rience dans des soci\u00e9t\u00e9s d&rsquo;\u00c9tat ou dans le secteur \u00e0 but non lucratif. Votre expertise en mati\u00e8re de normes comptables du secteur public et d&rsquo;audit aupr\u00e8s d&rsquo;organismes gouvernementaux garantit la transparence et la conformit\u00e9 des op\u00e9rations financi\u00e8res. Avec une capacit\u00e9 av\u00e9r\u00e9e \u00e0 administrer des contrats, \u00e0 \u00e9mettre des appels d&rsquo;offres et \u00e0 assurer la liaison avec diverses parties prenantes, vous excellez dans la gestion de fonctions financi\u00e8res et op\u00e9rationnelles complexes. Vous \u00eates capable de vous adapter \u00e0 l\u2019\u00e9volution des besoins de l&rsquo;organisme, de maintenir la concentration malgr\u00e9 la pression et d&rsquo;obtenir des r\u00e9sultats dans des d\u00e9lais serr\u00e9s. Votre style de direction encourage la confiance et la collaboration, faisant de vous un partenaire fiable pour les conseils d&rsquo;administration, les comit\u00e9s et les membres de l&rsquo;\u00e9quipe. Exp\u00e9riment\u00e9e ou exp\u00e9riment\u00e9 des milieux syndiqu\u00e9s, vous \u00eates habile \u00e0 r\u00e9soudre les d\u00e9fis en utilisant logique et objectivit\u00e9 tout en restant attentif aux co\u00fbts li\u00e9s aux prises de d\u00e9cision. Ma\u00eetrisant la technologie, en particulier Sage 50, vous communiquez efficacement \u00e0 tous les niveaux de l\u2019organisme. Votre implication envers la diversit\u00e9, l&rsquo;inclusion et la promotion d&rsquo;une culture de soutien en milieu de travail respecte les valeurs de l&rsquo;organisme, ce qui fait de vous une candidate exceptionnelle ou un candidat exceptionnel pour ce poste.&nbsp;<\/p>\n\n\n\n<p>Salaire : 110 000 $ &#8211; 130 000 $ par ann\u00e9e. La FCRR offre un ensemble complet d&rsquo;avantages sociaux, qui comprend jusqu&rsquo;\u00e0 8 % de prime de rendement, 4 % du revenu annuel pour le r\u00e9gime REER et une assurance vie, invalidit\u00e9, soins m\u00e9dicaux et dentaires.&nbsp;<\/p>\n<\/div>\n<\/div>\n\n\n\n<div class=\"wp-block-columns pattern-two-column is-layout-flex wp-container-core-columns-is-layout-9d6595d7 wp-block-columns-is-layout-flex\">\n<div class=\"wp-block-column pattern-two-column__title is-layout-flow wp-block-column-is-layout-flow\">\n<h2 class=\"wp-block-heading\">Pour postuler<\/h2>\n<\/div>\n\n\n\n<div class=\"wp-block-column pattern-two-column__content is-layout-flow wp-block-column-is-layout-flow\">\n<p>Pour pourvoir ce poste, la Fondation canadienne des relations raciales s&rsquo;est associ\u00e9e \u00e0 la firme de conseil en leadership Odgers Berndtson. La recherche est dirig\u00e9e par Dominik Legault. Les personnes int\u00e9ress\u00e9es sont invit\u00e9es \u00e0 soumettre leur demande en ligne imm\u00e9diatement \u00e0 l\u2019adresse <a href=\"https:\/\/careers.odgersberndtson.com\/en-ca\/30192\">https:\/\/careers.odgersberndtson.com\/en-ca\/30192<\/a>. Pour plus d&rsquo;informations, veuillez communiquer avec Dominik Legault \u00e0 l\u2019adresse <a href=\"mailto:dominik.legault@odgersberndtson.com\">dominik.legault@odgersberndtson.com<\/a>. Nous remercions tous les candidats, mais nous regrettons de ne pouvoir communiquer personnellement qu\u2019avec les personnes dont les ant\u00e9c\u00e9dents correspondent le mieux aux exigences du poste.&nbsp;<\/p>\n\n\n\n<p><strong>\u00c9quit\u00e9, diversit\u00e9 et inclusion&nbsp;<\/strong><\/p>\n\n\n\n<p>La Fondation canadienne des relations raciales est un employeur qui souscrit au principe de l&rsquo;\u00e9galit\u00e9 d&rsquo;acc\u00e8s \u00e0 l&#8217;emploi. Conform\u00e9ment \u00e0 la Loi canadienne de 2019 sur l&rsquo;accessibilit\u00e9 et \u00e0 toutes les normes d&rsquo;accessibilit\u00e9 provinciales applicables, Odgers Berndtson et la Fondation canadienne des relations raciales fourniront des mesures d&rsquo;adaptation sur demande aux candidats handicap\u00e9s tout au long du processus de recrutement, de s\u00e9lection ou d&rsquo;\u00e9valuation.&nbsp;<\/p>\n\n\n\n<p>Odgers Berndtson est profond\u00e9ment attach\u00e9e aux valeurs d&rsquo;\u00e9quit\u00e9, de diversit\u00e9 et d&rsquo;inclusion dans tout le travail qu\u2019elle accomplit. Notre \u00e9quipe responsable des valeurs EDI vous invite \u00e0 remplir notre formulaire de d\u00e9claration volontaire pour nous aider \u00e0 mieux cerner vos attentes et \u00e0 renforcer notre capacit\u00e9 \u00e0 rejoindre le plus grand nombre de candidats \u00e9ventuels.&nbsp;<\/p>\n<\/div>\n<\/div>\n\n\n\n<p><\/p>\n","protected":false},"excerpt":{"rendered":"<p>Description du poste Relevant de la directrice g\u00e9n\u00e9rale ou du directeur g\u00e9n\u00e9ral (DG), la directrice ou le directeur des finances joue un r\u00f4le central dans la gestion et la supervision des op\u00e9rations financi\u00e8res de l&rsquo;organisme, apportant son leadership et donnant des conseils sp\u00e9cialis\u00e9s en mati\u00e8re de rationalisation de processus d&rsquo;approvisionnement et de passation de march\u00e9s [&hellip;]<\/p>\n","protected":false},"author":5,"featured_media":0,"parent":0,"menu_order":0,"comment_status":"closed","ping_status":"closed","template":"","meta":{"_acf_changed":false,"footnotes":""},"class_list":["post-12158","page","type-page","status-publish","hentry"],"acf":[],"_links":{"self":[{"href":"https:\/\/crrf-fcrr.ca\/fr\/wp-json\/wp\/v2\/pages\/12158","targetHints":{"allow":["GET"]}}],"collection":[{"href":"https:\/\/crrf-fcrr.ca\/fr\/wp-json\/wp\/v2\/pages"}],"about":[{"href":"https:\/\/crrf-fcrr.ca\/fr\/wp-json\/wp\/v2\/types\/page"}],"author":[{"embeddable":true,"href":"https:\/\/crrf-fcrr.ca\/fr\/wp-json\/wp\/v2\/users\/5"}],"replies":[{"embeddable":true,"href":"https:\/\/crrf-fcrr.ca\/fr\/wp-json\/wp\/v2\/comments?post=12158"}],"version-history":[{"count":3,"href":"https:\/\/crrf-fcrr.ca\/fr\/wp-json\/wp\/v2\/pages\/12158\/revisions"}],"predecessor-version":[{"id":12275,"href":"https:\/\/crrf-fcrr.ca\/fr\/wp-json\/wp\/v2\/pages\/12158\/revisions\/12275"}],"wp:attachment":[{"href":"https:\/\/crrf-fcrr.ca\/fr\/wp-json\/wp\/v2\/media?parent=12158"}],"curies":[{"name":"wp","href":"https:\/\/api.w.org\/{rel}","templated":true}]}}