{"id":12162,"date":"2025-03-07T10:05:39","date_gmt":"2025-03-07T15:05:39","guid":{"rendered":"https:\/\/crrf-fcrr.ca\/?page_id=12162"},"modified":"2026-03-03T13:31:59","modified_gmt":"2026-03-03T18:31:59","slug":"trouver-terrain-entente-serie-rencontres-nationales","status":"publish","type":"page","link":"https:\/\/crrf-fcrr.ca\/fr\/trouver-terrain-entente-serie-rencontres-nationales\/","title":{"rendered":"Trouver un terrain d\u2019entente : Une s\u00e9rie de rencontres nationales"},"content":{"rendered":"\n\n\n\n<h3 class=\"wp-block-heading\">Les gens au Canada vivent une p\u00e9riode de polarisation sans pr\u00e9c\u00e9dent.<\/h3>\n\n\n\n<p>Ces derniers temps, les divisions ont de plus en plus fragilis\u00e9 le tissu social du Canada.<\/p>\n\n\n\n<p>L&rsquo;isolement, la d\u00e9sinformation et la m\u00e9sinformation ont aggrav\u00e9 ces tensions. Mais les espaces o\u00f9 les gens peuvent \u00e9couter, se rapprocher et faire preuve d&#8217;empathie peuvent les faire retomber et r\u00e9orienter l&rsquo;\u00e9nergie vers des solutions constructives.<\/p>\n\n\n\n<p>C&rsquo;est pourquoi, en collaboration avec <strong>le Globe and Mail<\/strong>, la FCRR organise en 2024 et 2025 une s\u00e9rie de conversations nationales ax\u00e9es sur les strat\u00e9gies de lutte contre le racisme et la haine dans divers secteurs sociaux canadiens, notamment les soins de sant\u00e9, les institutions publiques et les espaces en ligne.<\/p>\n\n\n\n<div class=\"wp-block-buttons is-layout-flex wp-block-buttons-is-layout-flex\">\n<div class=\"wp-block-button\"><a class=\"wp-block-button__link wp-element-button\" href=\"https:\/\/crrf-fcrr.us3.list-manage.com\/subscribe?u=6b405dbf9952e5a74b1f72fa9&amp;id=297b4ef6a2\" target=\"_blank\" rel=\"noreferrer noopener\">Restez \u00e0 l&rsquo;aff\u00fbt des prochains \u00e9v\u00e9nements<\/a><\/div>\n<\/div>\n\n\n\n<div style=\"height:40px\" aria-hidden=\"true\" class=\"wp-block-spacer\"><\/div>\n\n\n\n<div class=\"wp-block-columns is-layout-flex wp-container-core-columns-is-layout-9d6595d7 wp-block-columns-is-layout-flex\">\n<div class=\"wp-block-column is-layout-flow wp-block-column-is-layout-flow\">\n<h3 class=\"wp-block-heading\">1\u00e8re partie : Lutter contre la haine et le racisme au Canada<\/h3>\n\n\n\n<p>Partout au Canada, des communaut\u00e9s, des gouvernements, des lieux de travail et des institutions \u00e9laborent des plans et des strat\u00e9gies pour lutter contre le racisme et la discrimination. \u00c0 l\u2019heure o\u00f9 les questions g\u00e9opolitiques, la d\u00e9sinformation, la croissance d\u00e9mographique et les d\u00e9fis \u00e9conomiques mettent \u00e0 rude \u00e9preuve notre tissu social et contribuent \u00e0 l\u2019augmentation des crimes motiv\u00e9s par la haine, quelles politiques, solutions et approches faut-il pr\u00e9coniser pour trouver un terrain d\u2019entente ?&nbsp;&nbsp;<\/p>\n\n\n\n<p>Le premier \u00e9v\u00e9nement de cette s\u00e9rie a eu lieu \u00e0 Montr\u00e9al, le 19 novembre 2024. La rencontre s&rsquo;est concentr\u00e9e sur la coh\u00e9sion sociale en p\u00e9riode de polarisation.<\/p>\n<\/div>\n\n\n\n<div class=\"wp-block-column is-layout-flow wp-block-column-is-layout-flow\">\n<iframe loading=\"lazy\" width=\"100%\" height=\"400\" src=\"https:\/\/www.youtube.com\/embed\/EAroOpUmu7Y?si=6E82KR1IlKYeCIYw\" title=\"YouTube video player\" frameborder=\"0\" allow=\"accelerometer; autoplay; clipboard-write; encrypted-media; gyroscope; picture-in-picture; web-share\" allowfullscreen><\/iframe>\n<\/div>\n<\/div>\n\n\n\n<div style=\"height:40px\" aria-hidden=\"true\" class=\"wp-block-spacer\"><\/div>\n\n\n\n<div class=\"wp-block-columns is-layout-flex wp-container-core-columns-is-layout-9d6595d7 wp-block-columns-is-layout-flex\">\n<div class=\"wp-block-column is-layout-flow wp-block-column-is-layout-flow\">\n<h3 class=\"wp-block-heading\">2\u00e8me partie : Lutte contre les crimes haineux \u2013 Strat\u00e9gies pour augmenter le nombre de signalements et am\u00e9liorer le suivi des plaintes et les interventions<\/h3>\n\n\n\n<p>Selon Statistique Canada, le nombre de crimes haineux signal\u00e9 \u00e0 la police en 2023 a augment\u00e9 de plus de 30&nbsp;% par rapport \u00e0 l&rsquo;ann\u00e9e pr\u00e9c\u00e9dente. Les donn\u00e9es f\u00e9d\u00e9rales indiquent que le nombre v\u00e9ritable de crimes haineux est encore plus \u00e9lev\u00e9 \u00e9tant donn\u00e9 que la plupart de ces crimes ne sont pas signal\u00e9s par les victimes.&nbsp;Quelles strat\u00e9gies devons-nous adopter pour faire augmenter le nombre de signalements de crimes haineux au Canada afin que la police puisse mener des enqu\u00eates et pr\u00e9venir ces crimes ?<\/p>\n\n\n\n<p>Ce deuxi\u00e8me \u00e9v\u00e9nement a \u00e9t\u00e9 organis\u00e9 en ligne, le 28 f\u00e9vrier 2025. La rencontre s&rsquo;est concentr\u00e9e sur les crimes haineux et leur signalement.<\/p>\n<\/div>\n\n\n\n<div class=\"wp-block-column is-layout-flow wp-block-column-is-layout-flow\">\n<iframe loading=\"lazy\" width=\"100%\" height=\"400\" src=\"https:\/\/www.youtube.com\/embed\/l4iyld5rR8c?si=OMYswpt--fqhHuOV\" title=\"YouTube video player\" frameborder=\"0\" allow=\"accelerometer; autoplay; clipboard-write; encrypted-media; gyroscope; picture-in-picture; web-share\" allowfullscreen><\/iframe>\n<\/div>\n<\/div>\n\n\n\n<div style=\"height:40px\" aria-hidden=\"true\" class=\"wp-block-spacer\"><\/div>\n\n\n\n<div class=\"wp-block-columns is-layout-flex wp-container-core-columns-is-layout-9d6595d7 wp-block-columns-is-layout-flex\">\n<div class=\"wp-block-column is-layout-flow wp-block-column-is-layout-flow\">\n<h3 class=\"wp-block-heading\">3\u00e8me partie : Soutenir les services de police dirig\u00e9s par les Premi\u00e8res Nations<\/h3>\n\n\n\n<p>Lanc\u00e9e en mars 2025, la premi\u00e8re strat\u00e9gie f\u00e9d\u00e9rale du Canada en mati\u00e8re de justice autochtone comprend notamment une orientation visant \u00e0 favoriser l&rsquo;acc\u00e8s des Premi\u00e8res nations \u00e0 des services de police adapt\u00e9s \u00e0 leur culture. Quels strat\u00e9gies, ressources et investissements sont n\u00e9cessaires pour am\u00e9liorer les services de police dirig\u00e9s par les Premi\u00e8res Nations et l&rsquo;acc\u00e8s \u00e0 la justice?<\/p>\n\n\n\n<p>Ce troisi\u00e8me \u00e9v\u00e9nement a \u00e9t\u00e9 organis\u00e9 en ligne le 5 juin 2025. La rencontre s&rsquo;est concentr\u00e9e sur les services de police dirig\u00e9s par les Premi\u00e8res Nations.<\/p>\n<\/div>\n\n\n\n<div class=\"wp-block-column is-layout-flow wp-block-column-is-layout-flow\">\n<iframe loading=\"lazy\" width=\"100%\" height=\"400\" src=\"https:\/\/www.youtube.com\/embed\/07xMmuNnhuo?si=2d0AjZi7otNgxAad\" title=\"YouTube video player\" frameborder=\"0\" allow=\"accelerometer; autoplay; clipboard-write; encrypted-media; gyroscope; picture-in-picture; web-share\" referrerpolicy=\"strict-origin-when-cross-origin\" allowfullscreen><\/iframe>\n<\/div>\n<\/div>\n\n\n\n<div style=\"height:40px\" aria-hidden=\"true\" class=\"wp-block-spacer\"><\/div>\n\n\n\n<div class=\"wp-block-columns is-layout-flex wp-container-core-columns-is-layout-9d6595d7 wp-block-columns-is-layout-flex\">\n<div class=\"wp-block-column is-layout-flow wp-block-column-is-layout-flow\">\n<h3 class=\"wp-block-heading\">4\u00e8me partie : Le racisme syst\u00e9mique au Canada \u2014 possibilit\u00e9s en mati\u00e8re de politiques<\/h3>\n\n\n\n<p>Le quatri\u00e8me \u00e9v\u00e9nement de cette s\u00e9rie a eu lieu \u00e0 Calgary, le 27 novembre 2025. La rencontre s&rsquo;est concentr\u00e9e sur les diff\u00e9rentes solutions susceptibles d\u2019am\u00e9liorer la situation \u00e0 partir de politiques concr\u00e8tes en mati\u00e8re d\u2019immigration, de justice p\u00e9nale, d\u2019actions climatiques et de s\u00e9curit\u00e9 en ligne dans le but d\u2019\u00e9difier une soci\u00e9t\u00e9 canadienne plus \u00e9quitable.<\/p>\n<\/div>\n\n\n\n<div class=\"wp-block-column is-layout-flow wp-block-column-is-layout-flow\">\n<iframe loading=\"lazy\" width=\"100%\" height=\"400\" src=\"https:\/\/www.youtube.com\/embed\/PMk-QB-CxlQ?si=CAveMWHAj1kLXviS\" title=\"YouTube video player\" frameborder=\"0\" allow=\"accelerometer; autoplay; clipboard-write; encrypted-media; gyroscope; picture-in-picture; web-share\" referrerpolicy=\"strict-origin-when-cross-origin\" allowfullscreen><\/iframe>\n<\/div>\n<\/div>\n\n\n\n<div style=\"height:40px\" aria-hidden=\"true\" class=\"wp-block-spacer\"><\/div>\n\n\n\n<div class=\"wp-block-columns is-layout-flex wp-container-core-columns-is-layout-9d6595d7 wp-block-columns-is-layout-flex\">\n<div class=\"wp-block-column is-layout-flow wp-block-column-is-layout-flow\">\n<h3 class=\"wp-block-heading\">5i\u00e8me partie : La Strat\u00e9gie canadienne en mati\u00e8re de justice pour les personnes noires \u2014 Plan de mise en \u0153uvre<\/h3>\n\n\n\n<p>En 2025, le gouvernement f\u00e9d\u00e9ral a annonc\u00e9 un plan de mise en \u0153uvre de 10\u00a0ans de la Strat\u00e9gie canadienne en mati\u00e8re de justice pour les personnes noires. Visant \u00e0 r\u00e9duire le racisme et la discrimination syst\u00e9mique qui ont men\u00e9 \u00e0 la surrepr\u00e9sentation des communaut\u00e9s noires dans le syst\u00e8me judiciaire, la strat\u00e9gie propose 114\u00a0recommandations dans des domaines tels que les services de police, les tribunaux, les services correctionnels et l\u2019aide sociale. Cette rencontre virtuelle a eu lieu le 25 f\u00e9vrier 2026.<\/p>\n<\/div>\n\n\n\n<div class=\"wp-block-column is-layout-flow wp-block-column-is-layout-flow\">\n<iframe loading=\"lazy\" width=\"100%\" height=\"400\" src=\"https:\/\/www.youtube.com\/embed\/0Rh2aTCD9cE?si=_ZEmrtQEoCy4pNr2\" title=\"YouTube video player\" frameborder=\"0\" allow=\"accelerometer; autoplay; clipboard-write; encrypted-media; gyroscope; picture-in-picture; web-share\" referrerpolicy=\"strict-origin-when-cross-origin\" allowfullscreen><\/iframe>\n<\/div>\n<\/div>\n\n\n\n<div style=\"height:40px\" aria-hidden=\"true\" class=\"wp-block-spacer\"><\/div>\n\n\n\n<p><\/p>\n\n\n\n<p><\/p>\n","protected":false},"excerpt":{"rendered":"<p>Les gens au Canada vivent une p\u00e9riode de polarisation sans pr\u00e9c\u00e9dent. Ces derniers temps, les divisions ont de plus en plus fragilis\u00e9 le tissu social du Canada. L&rsquo;isolement, la d\u00e9sinformation et la m\u00e9sinformation ont aggrav\u00e9 ces tensions. Mais les espaces o\u00f9 les gens peuvent \u00e9couter, se rapprocher et faire preuve d&#8217;empathie peuvent les faire retomber [&hellip;]<\/p>\n","protected":false},"author":5,"featured_media":12135,"parent":0,"menu_order":0,"comment_status":"closed","ping_status":"closed","template":"","meta":{"_acf_changed":false,"footnotes":""},"class_list":["post-12162","page","type-page","status-publish","has-post-thumbnail","hentry"],"acf":[],"_links":{"self":[{"href":"https:\/\/crrf-fcrr.ca\/fr\/wp-json\/wp\/v2\/pages\/12162","targetHints":{"allow":["GET"]}}],"collection":[{"href":"https:\/\/crrf-fcrr.ca\/fr\/wp-json\/wp\/v2\/pages"}],"about":[{"href":"https:\/\/crrf-fcrr.ca\/fr\/wp-json\/wp\/v2\/types\/page"}],"author":[{"embeddable":true,"href":"https:\/\/crrf-fcrr.ca\/fr\/wp-json\/wp\/v2\/users\/5"}],"replies":[{"embeddable":true,"href":"https:\/\/crrf-fcrr.ca\/fr\/wp-json\/wp\/v2\/comments?post=12162"}],"version-history":[{"count":4,"href":"https:\/\/crrf-fcrr.ca\/fr\/wp-json\/wp\/v2\/pages\/12162\/revisions"}],"predecessor-version":[{"id":14713,"href":"https:\/\/crrf-fcrr.ca\/fr\/wp-json\/wp\/v2\/pages\/12162\/revisions\/14713"}],"wp:featuredmedia":[{"embeddable":true,"href":"https:\/\/crrf-fcrr.ca\/fr\/wp-json\/wp\/v2\/media\/12135"}],"wp:attachment":[{"href":"https:\/\/crrf-fcrr.ca\/fr\/wp-json\/wp\/v2\/media?parent=12162"}],"curies":[{"name":"wp","href":"https:\/\/api.w.org\/{rel}","templated":true}]}}