{"id":12216,"date":"2025-03-14T11:23:38","date_gmt":"2025-03-14T15:23:38","guid":{"rendered":"https:\/\/crrf-fcrr.ca\/?page_id=12216"},"modified":"2025-04-25T11:14:29","modified_gmt":"2025-04-25T15:14:29","slug":"guide-municipalites-inclusives","status":"publish","type":"page","link":"https:\/\/crrf-fcrr.ca\/fr\/guide-municipalites-inclusives\/","title":{"rendered":"Muncipalit\u00e9s inclusives : Ressource"},"content":{"rendered":"\n\n\n\n<h3 class=\"wp-block-heading\"><strong>Faire appel au savoir-faire municipale pour construire des villes<\/strong> plus \u00e9quitables<\/h3>\n\n\n\n<p>La Fondation canadienne des relations raciales a collabor\u00e9 avec plusieurs municipalit\u00e9s du Qu\u00e9bec pour d\u00e9velopper des ressources pratiques pour des villes inclusives. \u00c9labor\u00e9 en consultation avec plusieurs municipalit\u00e9s et des chercheurs du <a href=\"https:\/\/labrri.net\/\" target=\"_blank\" rel=\"noreferrer noopener\"><strong>LABRRI<\/strong><\/a>, ce guide vise \u00e0 aider les municipalit\u00e9s de toutes tailles \u00e0 mettre en \u0153uvre des politiques qui tiennent compte des besoins et des d\u00e9fis particuliers auxquels font face les diff\u00e9rentes communaut\u00e9s et les diff\u00e9rents services municipaux.<\/p>\n\n\n\n<p>Pr\u00e9par\u00e9 par :<\/p>\n\n\n\n<ul class=\"wp-block-list\">\n<li>Bob W. White : Professeur \u00e0 l&rsquo;Universit\u00e9 de Montr\u00e9al, sp\u00e9cialiste des relations interculturelles et des pratiques d&rsquo;inclusion urbaine, coordonnateur du <em>R\u00e9seau des municipalit\u00e9s en immigration et en relations interculturelles du Qu\u00e9bec (R\u00c9MIRI)<\/em>.<\/li>\n\n\n\n<li>Jorge Frozzini : Professeur \u00e0 l&rsquo;Universit\u00e9 du Qu\u00e9bec \u00e0 Chicoutimi, titulaire de la <em>Chaire de recherche du Canada en communication interculturelle et technologies de gestion en contexte pluraliste<\/em>, et responsable de l\u2019axe des repr\u00e9sentations sociales et m\u00e9diatiques du LABRRI.<\/li>\n<\/ul>\n\n\n\n<div style=\"height:30px\" aria-hidden=\"true\" class=\"wp-block-spacer\"><\/div>\n\n\n\n\t<div id=\"cta-multiuse-block_be593d6788ccc38bebdee40df06a8aec\" class=\"cta-multiuse cta-multiuse\">\n\t\t<img loading=\"lazy\" decoding=\"async\" class=\"cta-multiuse__image\" src=\"https:\/\/crrf-fcrr.ca\/wp-content\/themes\/crrf\/dist\/images\/svg\/icons\/icon-page-circle.svg\" height=\"50\" width=\"50\" alt=\"\" \/>\n\t\t<div class=\"cta-multiuse__content\">\n\t\t\t\t\t\t\t<a href=\"https:\/\/crrf-fcrr.ca\/fr\/guide-municipalites-inclusives-resume-langage-simple\/\" target=\"\">\n\t\t\t\t\tConsultez le r\u00e9sum\u00e9 en langage simple du Guide pour les municipalit\u00e9s inclusives et leurs alli\u00e9s\t\t\t\t<\/a>\n\t\t\t\t\t<\/div>\n\t<\/div>\n\n\n\n<div style=\"height:30px\" aria-hidden=\"true\" class=\"wp-block-spacer\"><\/div>\n\n\n\n\t<section aria-labelledby=\"title-block_9852d6fa12972474f12a2903b7f4f1c3\" id=\"cta-download-jumbo-block_9852d6fa12972474f12a2903b7f4f1c3\" class=\"cta-download-large \">\n\t\t<div class=\"cta-download-large__content\">\n\t\t\t\t\t\t\t<h3 id=\"title-block_9852d6fa12972474f12a2903b7f4f1c3\">Guide pour les municipalit\u00e9s inclusives et leurs alli\u00e9s<\/h3>\n\t\t\t\t\t\t\t\t\t\t<span class=\"subtitle\">Mars 2025<\/span>\n\t\t\t\t\t\t\t\t\t<div class=\"button-wrap\">\n\t\t\t\t\t\t\t\t\t\t\t\t\t<a class=\"link--download\" href=\"https:\/\/crrf-fcrr.ca\/?sdm_process_download=1&#038;download_id=12797\" download>\n\t\t\t\t\t\tT\u00e9l\u00e9charger\t\t\t\t\t<\/a>\n\t\t\t\t\t\t\t<\/div>\n\t\t<\/div>\n\t\t<div class=\"cta-download-large__image \">\n\t\t\t\t\t\t\t<img decoding=\"async\" class=\"accent-graphic\" src=\"https:\/\/crrf-fcrr.ca\/wp-content\/themes\/crrf\/dist\/images\/svg\/graphics\/single-corner-red.svg\" alt=\"\" \/>\n\t\t\t\t<div class=\"aspect-ratio-box\">\n\t\t\t\t\t<img loading=\"lazy\" decoding=\"async\" width=\"650\" height=\"839\" src=\"https:\/\/crrf-fcrr.ca\/wp-content\/uploads\/2025\/03\/MunicipalitiesGuide_Cover_FR.png\" class=\"attachment-large size-large\" alt=\"\" srcset=\"https:\/\/crrf-fcrr.ca\/wp-content\/uploads\/2025\/03\/MunicipalitiesGuide_Cover_FR.png 650w, https:\/\/crrf-fcrr.ca\/wp-content\/uploads\/2025\/03\/MunicipalitiesGuide_Cover_FR-279x360.png 279w, https:\/\/crrf-fcrr.ca\/wp-content\/uploads\/2025\/03\/MunicipalitiesGuide_Cover_FR-558x720.png 558w, https:\/\/crrf-fcrr.ca\/wp-content\/uploads\/2025\/03\/MunicipalitiesGuide_Cover_FR-425x548.png 425w\" sizes=\"auto, (max-width: 650px) 100vw, 650px\" \/>\t\t\t\t<\/div>\n\t\t\t\t\t<\/div>\n\t<\/section>\n\n\n\n\t<section aria-labelledby=\"title-block_c5f3d151d2e3ae9076df84f430981aa8\" id=\"cta-download-jumbo-block_c5f3d151d2e3ae9076df84f430981aa8\" class=\"cta-download-large \">\n\t\t<div class=\"cta-download-large__content\">\n\t\t\t\t\t\t\t<h3 id=\"title-block_c5f3d151d2e3ae9076df84f430981aa8\">Diversit\u00e9 et inclusion dans les Municipalit\u00e9s : Rapport de recherche-action<\/h3>\n\t\t\t\t\t\t\t\t\t\t<span class=\"subtitle\">Mars 2025<\/span>\n\t\t\t\t\t\t\t\t\t<div class=\"button-wrap\">\n\t\t\t\t\t\t\t\t\t\t\t\t\t<a class=\"link--download\" href=\"https:\/\/crrf-fcrr.ca\/?sdm_process_download=1&#038;download_id=12799\" download>\n\t\t\t\t\t\tT\u00e9l\u00e9charger\t\t\t\t\t<\/a>\n\t\t\t\t\t\t\t<\/div>\n\t\t<\/div>\n\t\t<div class=\"cta-download-large__image \">\n\t\t\t\t\t\t\t<img decoding=\"async\" class=\"accent-graphic\" src=\"https:\/\/crrf-fcrr.ca\/wp-content\/themes\/crrf\/dist\/images\/svg\/graphics\/single-corner-red.svg\" alt=\"\" \/>\n\t\t\t\t<div class=\"aspect-ratio-box\">\n\t\t\t\t\t<img loading=\"lazy\" decoding=\"async\" width=\"650\" height=\"841\" src=\"https:\/\/crrf-fcrr.ca\/wp-content\/uploads\/2025\/03\/MunicipalitiesReport_Cover_FR.png\" class=\"attachment-large size-large\" alt=\"\" srcset=\"https:\/\/crrf-fcrr.ca\/wp-content\/uploads\/2025\/03\/MunicipalitiesReport_Cover_FR.png 650w, https:\/\/crrf-fcrr.ca\/wp-content\/uploads\/2025\/03\/MunicipalitiesReport_Cover_FR-278x360.png 278w, https:\/\/crrf-fcrr.ca\/wp-content\/uploads\/2025\/03\/MunicipalitiesReport_Cover_FR-556x720.png 556w, https:\/\/crrf-fcrr.ca\/wp-content\/uploads\/2025\/03\/MunicipalitiesReport_Cover_FR-424x548.png 424w\" sizes=\"auto, (max-width: 650px) 100vw, 650px\" \/>\t\t\t\t<\/div>\n\t\t\t\t\t<\/div>\n\t<\/section>\n\n\n\n<div style=\"height:100px\" aria-hidden=\"true\" class=\"wp-block-spacer\"><\/div>\n\n\n\n<p><\/p>\n","protected":false},"excerpt":{"rendered":"<p>Faire appel au savoir-faire municipale pour construire des villes plus \u00e9quitables La Fondation canadienne des relations raciales a collabor\u00e9 avec plusieurs municipalit\u00e9s du Qu\u00e9bec pour d\u00e9velopper des ressources pratiques pour des villes inclusives. \u00c9labor\u00e9 en consultation avec plusieurs municipalit\u00e9s et des chercheurs du LABRRI, ce guide vise \u00e0 aider les municipalit\u00e9s de toutes tailles \u00e0 [&hellip;]<\/p>\n","protected":false},"author":5,"featured_media":0,"parent":0,"menu_order":0,"comment_status":"closed","ping_status":"closed","template":"","meta":{"_acf_changed":false,"footnotes":""},"class_list":["post-12216","page","type-page","status-publish","hentry"],"acf":[],"_links":{"self":[{"href":"https:\/\/crrf-fcrr.ca\/fr\/wp-json\/wp\/v2\/pages\/12216","targetHints":{"allow":["GET"]}}],"collection":[{"href":"https:\/\/crrf-fcrr.ca\/fr\/wp-json\/wp\/v2\/pages"}],"about":[{"href":"https:\/\/crrf-fcrr.ca\/fr\/wp-json\/wp\/v2\/types\/page"}],"author":[{"embeddable":true,"href":"https:\/\/crrf-fcrr.ca\/fr\/wp-json\/wp\/v2\/users\/5"}],"replies":[{"embeddable":true,"href":"https:\/\/crrf-fcrr.ca\/fr\/wp-json\/wp\/v2\/comments?post=12216"}],"version-history":[{"count":4,"href":"https:\/\/crrf-fcrr.ca\/fr\/wp-json\/wp\/v2\/pages\/12216\/revisions"}],"predecessor-version":[{"id":12800,"href":"https:\/\/crrf-fcrr.ca\/fr\/wp-json\/wp\/v2\/pages\/12216\/revisions\/12800"}],"wp:attachment":[{"href":"https:\/\/crrf-fcrr.ca\/fr\/wp-json\/wp\/v2\/media?parent=12216"}],"curies":[{"name":"wp","href":"https:\/\/api.w.org\/{rel}","templated":true}]}}