{"id":12646,"date":"2025-05-06T16:07:37","date_gmt":"2025-05-06T20:07:37","guid":{"rendered":"https:\/\/crrf-fcrr.ca\/?page_id=12646"},"modified":"2025-05-06T16:07:38","modified_gmt":"2025-05-06T20:07:38","slug":"fnlcr-recipiendaires-projets-2023-2024","status":"publish","type":"page","link":"https:\/\/crrf-fcrr.ca\/fr\/fnlcr-recipiendaires-projets-2023-2024\/","title":{"rendered":"FNLCR \u2013 R\u00e9cipiendaires de subventions pour projets 2023-2024"},"content":{"rendered":"\n\n\n\n<p>Les r\u00e9cipiendaires de subventions pour projets 2023-2024 sont :<\/p>\n\n\n\n<p><\/p>\n\n\n\n<div class=\"wp-block-columns is-layout-flex wp-container-core-columns-is-layout-9d6595d7 wp-block-columns-is-layout-flex\">\n<div class=\"wp-block-column is-layout-flow wp-block-column-is-layout-flow\">\n<details class=\"wp-block-details is-layout-flow wp-block-details-is-layout-flow\"><summary><strong>221A Artist Run Centre Society<\/strong><\/summary>\n<ul class=\"wp-block-list\">\n<li>Emplacement : Colombie-Britannique<\/li>\n\n\n\n<li>Montant de la subvention : 48 000 $<\/li>\n<\/ul>\n<\/details>\n\n\n\n<div style=\"height:20px\" aria-hidden=\"true\" class=\"wp-block-spacer\"><\/div>\n\n\n\n<details class=\"wp-block-details is-layout-flow wp-block-details-is-layout-flow\"><summary><strong>Action! Chinese Canadians Together (ACCT) Foundation<\/strong><\/summary>\n<ul class=\"wp-block-list\">\n<li>Emplacement : Alberta<\/li>\n\n\n\n<li>Montant de la subvention : 80 000 $<\/li>\n<\/ul>\n<\/details>\n\n\n\n<div style=\"height:20px\" aria-hidden=\"true\" class=\"wp-block-spacer\"><\/div>\n\n\n\n<details class=\"wp-block-details is-layout-flow wp-block-details-is-layout-flow\"><summary><strong>Anti-Racism Coalition of Newfoundland and Labrador<\/strong><\/summary>\n<ul class=\"wp-block-list\">\n<li>Emplacement : Terre-Neuve-et-Labrador<\/li>\n\n\n\n<li>Montant de la subvention : 80 000 $<\/li>\n<\/ul>\n<\/details>\n\n\n\n<div style=\"height:20px\" aria-hidden=\"true\" class=\"wp-block-spacer\"><\/div>\n\n\n\n<details class=\"wp-block-details is-layout-flow wp-block-details-is-layout-flow\"><summary><strong>Auberge Francophone d&rsquo;Accueil et des Services aux Immigrants<\/strong><\/summary>\n<ul class=\"wp-block-list\">\n<li>Emplacement : Ontario<\/li>\n\n\n\n<li>Montant de la subvention : 60 000 $<\/li>\n<\/ul>\n<\/details>\n\n\n\n<div style=\"height:20px\" aria-hidden=\"true\" class=\"wp-block-spacer\"><\/div>\n\n\n\n<details class=\"wp-block-details is-layout-flow wp-block-details-is-layout-flow\"><summary><strong>Bent Arrow Traditional Healing Society<\/strong><\/summary>\n<ul class=\"wp-block-list\">\n<li>Emplacement : Alberta<\/li>\n\n\n\n<li>Montant de la subvention : 62 000 $<\/li>\n<\/ul>\n<\/details>\n\n\n\n<div style=\"height:20px\" aria-hidden=\"true\" class=\"wp-block-spacer\"><\/div>\n\n\n\n<details class=\"wp-block-details is-layout-flow wp-block-details-is-layout-flow\"><summary><strong>Canada Palestine Cultural Association<\/strong><\/summary>\n<ul class=\"wp-block-list\">\n<li>Emplacement : Alberta<\/li>\n\n\n\n<li>Montant de la subvention : 45 000 $<\/li>\n<\/ul>\n<\/details>\n\n\n\n<div style=\"height:20px\" aria-hidden=\"true\" class=\"wp-block-spacer\"><\/div>\n\n\n\n<details class=\"wp-block-details is-layout-flow wp-block-details-is-layout-flow\"><summary><strong>Centre culturel vietnamien du Canada<\/strong><\/summary>\n<ul class=\"wp-block-list\">\n<li>Emplacement : Qu\u00e9bec<\/li>\n\n\n\n<li>Montant de la subvention : 40 000 $<\/li>\n<\/ul>\n<\/details>\n\n\n\n<div style=\"height:20px\" aria-hidden=\"true\" class=\"wp-block-spacer\"><\/div>\n\n\n\n<details class=\"wp-block-details is-layout-flow wp-block-details-is-layout-flow\"><summary><strong>Charit\u00e9 LEO (Leadership-Espoir-Opportunit\u00e9)<\/strong><\/summary>\n<ul class=\"wp-block-list\">\n<li>Emplacement : Ontario<\/li>\n\n\n\n<li>Montant de la subvention : 75 000 $<\/li>\n<\/ul>\n<\/details>\n\n\n\n<div style=\"height:20px\" aria-hidden=\"true\" class=\"wp-block-spacer\"><\/div>\n\n\n\n<details class=\"wp-block-details is-layout-flow wp-block-details-is-layout-flow\"><summary><strong><strong>Chinatown Round Table of Montreal<\/strong><\/strong><\/summary>\n<ul class=\"wp-block-list\">\n<li>Emplacement : Qu\u00e9bec<\/li>\n\n\n\n<li>Montant de la subvention : 34 000 $<\/li>\n<\/ul>\n<\/details>\n\n\n\n<div style=\"height:20px\" aria-hidden=\"true\" class=\"wp-block-spacer\"><\/div>\n\n\n\n<details class=\"wp-block-details is-layout-flow wp-block-details-is-layout-flow\"><summary><strong>Coalition of Innovation Leaders Against Racism<\/strong><\/summary>\n<ul class=\"wp-block-list\">\n<li>Emplacement : Ontario<\/li>\n\n\n\n<li>Montant de la subvention : 60 000 $<\/li>\n<\/ul>\n<\/details>\n\n\n\n<div style=\"height:20px\" aria-hidden=\"true\" class=\"wp-block-spacer\"><\/div>\n\n\n\n<details class=\"wp-block-details is-layout-flow wp-block-details-is-layout-flow\"><summary><strong>Council of Agencies Serving South Asians<\/strong><\/summary>\n<ul class=\"wp-block-list\">\n<li>Emplacement : Ontario<\/li>\n\n\n\n<li>Montant de la subvention : 40 000 $<\/li>\n<\/ul>\n<\/details>\n\n\n\n<div style=\"height:20px\" aria-hidden=\"true\" class=\"wp-block-spacer\"><\/div>\n\n\n\n<details class=\"wp-block-details is-layout-flow wp-block-details-is-layout-flow\"><summary><strong>Dalhousie University&nbsp;<\/strong><\/summary>\n<ul class=\"wp-block-list\">\n<li>Emplacement : Nouvelle-\u00c9cosse<\/li>\n\n\n\n<li>Montant de la subvention : 75 000 $<\/li>\n<\/ul>\n<\/details>\n\n\n\n<div style=\"height:20px\" aria-hidden=\"true\" class=\"wp-block-spacer\"><\/div>\n\n\n\n<details class=\"wp-block-details is-layout-flow wp-block-details-is-layout-flow\"><summary><strong>\u00c9duconnexion<\/strong><\/summary>\n<ul class=\"wp-block-list\">\n<li>Emplacement : Qu\u00e9bec<\/li>\n\n\n\n<li>Montant de la subvention : 50 000 $<\/li>\n<\/ul>\n<\/details>\n\n\n\n<div style=\"height:20px\" aria-hidden=\"true\" class=\"wp-block-spacer\"><\/div>\n\n\n\n<details class=\"wp-block-details is-layout-flow wp-block-details-is-layout-flow\"><summary><strong>Entit\u00e9 de planification pour les des services de sant\u00e9 en fran\u00e7ais # 4 Centre Sud-Ouest<\/strong><\/summary>\n<ul class=\"wp-block-list\">\n<li>Emplacement : Ontario<\/li>\n\n\n\n<li>Montant de la subvention : 80 000 $<\/li>\n<\/ul>\n<\/details>\n\n\n\n<div style=\"height:20px\" aria-hidden=\"true\" class=\"wp-block-spacer\"><\/div>\n\n\n\n<details class=\"wp-block-details is-layout-flow wp-block-details-is-layout-flow\"><summary><strong>\u00c9quitas- Centre international d&rsquo;\u00e9ducation aux droits humains<\/strong><\/summary>\n<ul class=\"wp-block-list\">\n<li>Emplacement : Qu\u00e9bec<\/li>\n\n\n\n<li>Montant de la subvention : 95 000 $<\/li>\n<\/ul>\n<\/details>\n\n\n\n<div style=\"height:20px\" aria-hidden=\"true\" class=\"wp-block-spacer\"><\/div>\n\n\n\n<details class=\"wp-block-details is-layout-flow wp-block-details-is-layout-flow\"><summary><strong>Femmes en Emploi&nbsp;<\/strong><\/summary>\n<ul class=\"wp-block-list\">\n<li>Emplacement : Qu\u00e9bec<\/li>\n\n\n\n<li>Montant de la subvention : 70 000 $<\/li>\n<\/ul>\n<\/details>\n\n\n\n<div style=\"height:20px\" aria-hidden=\"true\" class=\"wp-block-spacer\"><\/div>\n\n\n\n<details class=\"wp-block-details is-layout-flow wp-block-details-is-layout-flow\"><summary><strong>Immigrant and Refugee Services Association PEI Inc.<\/strong><\/summary>\n<ul class=\"wp-block-list\">\n<li>Emplacement : \u00cele-du-Prince-\u00c9douard<\/li>\n\n\n\n<li>Montant de la subvention : 50 000 $<\/li>\n<\/ul>\n<\/details>\n\n\n\n<div style=\"height:20px\" aria-hidden=\"true\" class=\"wp-block-spacer\"><\/div>\n\n\n\n<details class=\"wp-block-details is-layout-flow wp-block-details-is-layout-flow\"><summary><strong>Inclusion in Canadian Sports Network&nbsp;&nbsp;<\/strong><\/summary>\n<ul class=\"wp-block-list\">\n<li>Emplacement : Ontario<\/li>\n\n\n\n<li>Montant de la subvention : 50 000 $<\/li>\n<\/ul>\n<\/details>\n<\/div>\n\n\n\n<div class=\"wp-block-column is-layout-flow wp-block-column-is-layout-flow\">\n<details class=\"wp-block-details is-layout-flow wp-block-details-is-layout-flow\"><summary><strong>Le P\u00f4le<\/strong><\/summary>\n<ul class=\"wp-block-list\">\n<li>Emplacement : Qu\u00e9bec<\/li>\n\n\n\n<li>Montant de la subvention : 70 000 $<\/li>\n<\/ul>\n<\/details>\n\n\n\n<div style=\"height:20px\" aria-hidden=\"true\" class=\"wp-block-spacer\"><\/div>\n\n\n\n<details class=\"wp-block-details is-layout-flow wp-block-details-is-layout-flow\"><summary><strong>Legacy of Hope Foundation<\/strong><\/summary>\n<ul class=\"wp-block-list\">\n<li>Emplacement : Ontario<\/li>\n\n\n\n<li>Montant de la subvention : 40 000 $<\/li>\n<\/ul>\n<\/details>\n\n\n\n<div style=\"height:20px\" aria-hidden=\"true\" class=\"wp-block-spacer\"><\/div>\n\n\n\n<details class=\"wp-block-details is-layout-flow wp-block-details-is-layout-flow\"><summary><strong>Madhu Verma Migrant Justice Centre<\/strong><\/summary>\n<ul class=\"wp-block-list\">\n<li>Emplacement : Nouveau-Brunswick<\/li>\n\n\n\n<li>Montant de la subvention : 95 000 $<\/li>\n<\/ul>\n<\/details>\n\n\n\n<div style=\"height:20px\" aria-hidden=\"true\" class=\"wp-block-spacer\"><\/div>\n\n\n\n<details class=\"wp-block-details is-layout-flow wp-block-details-is-layout-flow\"><summary><strong>Manitoba Islamic Association&nbsp;<\/strong><\/summary>\n<ul class=\"wp-block-list\">\n<li>Emplacement : Manitoba<\/li>\n\n\n\n<li>Montant de la subvention : 40 000 $<\/li>\n<\/ul>\n<\/details>\n\n\n\n<div style=\"height:20px\" aria-hidden=\"true\" class=\"wp-block-spacer\"><\/div>\n\n\n\n<details class=\"wp-block-details is-layout-flow wp-block-details-is-layout-flow\"><summary><strong>PLEDJ: Promoting Leadership for Empowerment, Development and Justice<\/strong><\/summary>\n<ul class=\"wp-block-list\">\n<li>Emplacement : Qu\u00e9bec<\/li>\n\n\n\n<li>Montant de la subvention : 100 000 $<\/li>\n<\/ul>\n<\/details>\n\n\n\n<div style=\"height:20px\" aria-hidden=\"true\" class=\"wp-block-spacer\"><\/div>\n\n\n\n<details class=\"wp-block-details is-layout-flow wp-block-details-is-layout-flow\"><summary><strong>Presse-Ouest Limit\u00e9e<\/strong><\/summary>\n<ul class=\"wp-block-list\">\n<li>Emplacement : Manitoba<\/li>\n\n\n\n<li>Montant de la subvention : 75 000 $<\/li>\n<\/ul>\n<\/details>\n\n\n\n<div style=\"height:20px\" aria-hidden=\"true\" class=\"wp-block-spacer\"><\/div>\n\n\n\n<details class=\"wp-block-details is-layout-flow wp-block-details-is-layout-flow\"><summary><strong>Regroupement f\u00e9ministe du Nouveau-Brunswick Inc.<\/strong><\/summary>\n<ul class=\"wp-block-list\">\n<li>Emplacement : Nouveau-Brunswick<\/li>\n\n\n\n<li>Montant de la subvention : 45 000 $<\/li>\n<\/ul>\n<\/details>\n\n\n\n<div style=\"height:20px\" aria-hidden=\"true\" class=\"wp-block-spacer\"><\/div>\n\n\n\n<details class=\"wp-block-details is-layout-flow wp-block-details-is-layout-flow\"><summary><strong>River Clyde Arts Inc.<\/strong><\/summary>\n<ul class=\"wp-block-list\">\n<li>Emplacement : \u00cele-du-Prince-\u00c9douard <\/li>\n\n\n\n<li>Montant de la subvention : 30 000 $<\/li>\n<\/ul>\n<\/details>\n\n\n\n<div style=\"height:20px\" aria-hidden=\"true\" class=\"wp-block-spacer\"><\/div>\n\n\n\n<details class=\"wp-block-details is-layout-flow wp-block-details-is-layout-flow\"><summary><strong>Saskatoon Open Door Society&nbsp;<\/strong><\/summary>\n<ul class=\"wp-block-list\">\n<li>Emplacement : Saskatchewan<\/li>\n\n\n\n<li>Montant de la subvention : 65 000 $<\/li>\n<\/ul>\n<\/details>\n\n\n\n<div style=\"height:20px\" aria-hidden=\"true\" class=\"wp-block-spacer\"><\/div>\n\n\n\n<details class=\"wp-block-details is-layout-flow wp-block-details-is-layout-flow\"><summary><strong>Shaar Shalom Congregation<\/strong><\/summary>\n<ul class=\"wp-block-list\">\n<li>Emplacement : Nouvelle-\u00c9cosse<\/li>\n\n\n\n<li>Montant de la subvention : 45 000 $<\/li>\n<\/ul>\n<\/details>\n\n\n\n<div style=\"height:20px\" aria-hidden=\"true\" class=\"wp-block-spacer\"><\/div>\n\n\n\n<details class=\"wp-block-details is-layout-flow wp-block-details-is-layout-flow\"><summary><strong>Singa Qu\u00e9bec<\/strong><\/summary>\n<ul class=\"wp-block-list\">\n<li>Emplacement : Qu\u00e9bec<\/li>\n\n\n\n<li>Montant de la subvention : 25 000 $<\/li>\n<\/ul>\n<\/details>\n\n\n\n<div style=\"height:20px\" aria-hidden=\"true\" class=\"wp-block-spacer\"><\/div>\n\n\n\n<details class=\"wp-block-details is-layout-flow wp-block-details-is-layout-flow\"><summary><strong><strong>The Mosaic Institute for Harnessing Diversity<\/strong><\/strong><\/summary>\n<ul class=\"wp-block-list\">\n<li>Emplacement : Ontario<\/li>\n\n\n\n<li>Montant de la subvention : 75 000 $<\/li>\n<\/ul>\n<\/details>\n\n\n\n<div style=\"height:20px\" aria-hidden=\"true\" class=\"wp-block-spacer\"><\/div>\n\n\n\n<details class=\"wp-block-details is-layout-flow wp-block-details-is-layout-flow\"><summary><strong><strong><strong>Ummah Society<\/strong><\/strong><\/strong><\/summary>\n<ul class=\"wp-block-list\">\n<li>Emplacement : Nouvelle-\u00c9cosse<\/li>\n\n\n\n<li>Montant de la subvention : 45 000 $<\/li>\n<\/ul>\n<\/details>\n\n\n\n<div style=\"height:20px\" aria-hidden=\"true\" class=\"wp-block-spacer\"><\/div>\n\n\n\n<details class=\"wp-block-details is-layout-flow wp-block-details-is-layout-flow\"><summary><strong>Vancouver Asian Film Festival&nbsp;<\/strong><\/summary>\n<ul class=\"wp-block-list\">\n<li>Emplacement : Colombie-Britannique<\/li>\n\n\n\n<li>Montant de la subvention : 80 000 $<\/li>\n<\/ul>\n<\/details>\n\n\n\n<div style=\"height:20px\" aria-hidden=\"true\" class=\"wp-block-spacer\"><\/div>\n\n\n\n<details class=\"wp-block-details is-layout-flow wp-block-details-is-layout-flow\"><summary><strong><strong>Wazin Ichinabi Ti House of Oneness Society<\/strong><\/strong><\/summary>\n<ul class=\"wp-block-list\">\n<li>Emplacement : Alberta<\/li>\n\n\n\n<li>Montant de la subvention : 30 000 $<\/li>\n<\/ul>\n<\/details>\n\n\n\n<div style=\"height:20px\" aria-hidden=\"true\" class=\"wp-block-spacer\"><\/div>\n\n\n\n<details class=\"wp-block-details is-layout-flow wp-block-details-is-layout-flow\"><summary><strong>Whistler Multicultural Society&nbsp;<\/strong><\/summary>\n<ul class=\"wp-block-list\">\n<li>Emplacement : Colombie-Britannique<\/li>\n\n\n\n<li>Montant de la subvention : 30 000 $<\/li>\n<\/ul>\n<\/details>\n\n\n\n<div style=\"height:20px\" aria-hidden=\"true\" class=\"wp-block-spacer\"><\/div>\n\n\n\n<details class=\"wp-block-details is-layout-flow wp-block-details-is-layout-flow\"><summary><strong>Yellowhead Indigenous Education Foundation&nbsp;<\/strong><\/summary>\n<ul class=\"wp-block-list\">\n<li>Emplacement : Alberta<\/li>\n\n\n\n<li>Montant de la subvention : 75 000 $<\/li>\n<\/ul>\n<\/details>\n\n\n\n<div style=\"height:20px\" aria-hidden=\"true\" class=\"wp-block-spacer\"><\/div>\n\n\n\n<details class=\"wp-block-details is-layout-flow wp-block-details-is-layout-flow\"><summary><strong>Yukon Human Rights Commission&nbsp;<\/strong><\/summary>\n<ul class=\"wp-block-list\">\n<li>Emplacement : Yukon<\/li>\n\n\n\n<li>Montant de la subvention : 110 000 $<\/li>\n<\/ul>\n<\/details>\n<\/div>\n<\/div>\n","protected":false},"excerpt":{"rendered":"<p>Les r\u00e9cipiendaires de subventions pour projets 2023-2024 sont :<\/p>\n","protected":false},"author":5,"featured_media":0,"parent":0,"menu_order":0,"comment_status":"closed","ping_status":"closed","template":"","meta":{"_acf_changed":false,"footnotes":""},"class_list":["post-12646","page","type-page","status-publish","hentry"],"acf":[],"_links":{"self":[{"href":"https:\/\/crrf-fcrr.ca\/fr\/wp-json\/wp\/v2\/pages\/12646","targetHints":{"allow":["GET"]}}],"collection":[{"href":"https:\/\/crrf-fcrr.ca\/fr\/wp-json\/wp\/v2\/pages"}],"about":[{"href":"https:\/\/crrf-fcrr.ca\/fr\/wp-json\/wp\/v2\/types\/page"}],"author":[{"embeddable":true,"href":"https:\/\/crrf-fcrr.ca\/fr\/wp-json\/wp\/v2\/users\/5"}],"replies":[{"embeddable":true,"href":"https:\/\/crrf-fcrr.ca\/fr\/wp-json\/wp\/v2\/comments?post=12646"}],"version-history":[{"count":1,"href":"https:\/\/crrf-fcrr.ca\/fr\/wp-json\/wp\/v2\/pages\/12646\/revisions"}],"predecessor-version":[{"id":12647,"href":"https:\/\/crrf-fcrr.ca\/fr\/wp-json\/wp\/v2\/pages\/12646\/revisions\/12647"}],"wp:attachment":[{"href":"https:\/\/crrf-fcrr.ca\/fr\/wp-json\/wp\/v2\/media?parent=12646"}],"curies":[{"name":"wp","href":"https:\/\/api.w.org\/{rel}","templated":true}]}}