{"id":13451,"date":"2025-07-08T11:14:34","date_gmt":"2025-07-08T15:14:34","guid":{"rendered":"https:\/\/crrf-fcrr.ca\/?page_id=13451"},"modified":"2025-07-08T11:28:10","modified_gmt":"2025-07-08T15:28:10","slug":"contexte-juridique-crimes-haineux-canada","status":"publish","type":"page","link":"https:\/\/crrf-fcrr.ca\/fr\/contexte-juridique-crimes-haineux-canada\/","title":{"rendered":"Comprendre le contexte juridique des crimes haineux au Canada"},"content":{"rendered":"\n\n\n\n<div class=\"wp-block-columns is-layout-flex wp-container-core-columns-is-layout-9d6595d7 wp-block-columns-is-layout-flex\">\n<div class=\"wp-block-column is-layout-flow wp-block-column-is-layout-flow\">\n<h3 class=\"wp-block-heading\">Qu&rsquo;est-ce qu&rsquo;un crime haineux ?<\/h3>\n\n\n\n<p>Infraction p\u00e9nale commise \u00e0 l&rsquo;encontre d&rsquo;une personne ou d&rsquo;un bien et motiv\u00e9e en totalit\u00e9 ou en partie par des pr\u00e9jug\u00e9s ou de la haine fond\u00e9s sur la race, l&rsquo;origine nationale ou ethnique, la langue, la couleur, la religion, le sexe, l&rsquo;\u00e2ge, le handicap mental ou physique, l&rsquo;orientation sexuelle ou l&rsquo;identit\u00e9 ou l&rsquo;expression de genre, ou sur tout autre facteur similaire.<\/p>\n<\/div>\n\n\n\n<div class=\"wp-block-column is-layout-flow wp-block-column-is-layout-flow\">\n<h3 class=\"wp-block-heading\">Qu&rsquo;est-ce qu&rsquo;un incident motiv\u00e9 par la haine ?<\/h3>\n\n\n\n<p>Action non criminelle \u00e0 l&rsquo;encontre d&rsquo;une personne ou d&rsquo;un bien, motiv\u00e9e par des pr\u00e9jug\u00e9s ou de la haine fond\u00e9s sur la race, l&rsquo;origine nationale ou ethnique, la langue, la couleur, la religion, le sexe, l&rsquo;\u00e2ge, le handicap mental ou physique, l&rsquo;orientation sexuelle ou l&rsquo;identit\u00e9 ou l&rsquo;expression de genre, ou tout autre facteur similaire. Par exemple, des insultes d\u00e9sobligeantes ou raciales prononc\u00e9es lors d&rsquo;un conflit de voisinage.<\/p>\n\n\n\n<p>Bien que les incidents motiv\u00e9s par la haine ne donnent pas lieu \u00e0 des poursuites p\u00e9nales, il est important que les policiers qui interviennent prennent ces incidents et leurs cons\u00e9quences au s\u00e9rieux. Les incidents motiv\u00e9s par la haine peuvent causer des dommages et potentiellement g\u00e9n\u00e9rer une peur g\u00e9n\u00e9ralis\u00e9e dans les communaut\u00e9s concern\u00e9es.<\/p>\n<\/div>\n<\/div>\n\n\n\n<div style=\"height:15px\" aria-hidden=\"true\" class=\"wp-block-spacer\"><\/div>\n\n\n\n<h3 class=\"wp-block-heading\">Comment le syst\u00e8me judiciaire canadien pourrait-il mieux traiter les crimes motiv\u00e9s par la haine ?<\/h3>\n\n\n\n<div style=\"height:15px\" aria-hidden=\"true\" class=\"wp-block-spacer\"><\/div>\n\n\n\n<div class=\"wp-block-columns is-layout-flex wp-container-core-columns-is-layout-9d6595d7 wp-block-columns-is-layout-flex\">\n<div class=\"wp-block-column is-layout-flow wp-block-column-is-layout-flow\">\n<p>En f\u00e9vrier 2024, la Commission des services de police de Peel nous a demand\u00e9 de donner notre avis sur les questions fondamentales de la gouvernance polici\u00e8re et des droits de l&rsquo;homme dans la r\u00e9gion de Peel. La FCRR a men\u00e9 des recherches approfondies et a constat\u00e9 que les communaut\u00e9s racialis\u00e9es de Peel continuent d&rsquo;\u00eatre confront\u00e9es \u00e0 des probl\u00e8mes de droits de l&rsquo;homme aux mains de la police r\u00e9gionale de Peel. Notre directeur g\u00e9n\u00e9ral, Mohammed Hashim, a pr\u00e9sent\u00e9 les r\u00e9sultats et propos\u00e9 des solutions communautaires.<\/p>\n\n\n\n<iframe loading=\"lazy\" width=\"100%\" height=\"315\" src=\"https:\/\/www.youtube.com\/embed\/dtjn09TK4iA?si=2BRJL879wgwP3S_f&amp;start=3146\" title=\"YouTube video player\" frameborder=\"0\" allow=\"accelerometer; autoplay; clipboard-write; encrypted-media; gyroscope; picture-in-picture; web-share\" allowfullscreen><\/iframe>\n\n\n\n<p><\/p>\n\n\n\n<p>Pour plus de ressources (anglais) : <a href=\"https:\/\/crrf-fcrr.ca\/wp-content\/uploads\/2024\/03\/PRP-Human-Rights-Governance-Submissions_FINAL.pdf\">Submissions of Canadian Race Relations Foundation in relation to&nbsp;Human Rights and Police Governance<\/a><strong>&nbsp;<\/strong>et <a href=\"https:\/\/crrf-fcrr.ca\/wp-content\/uploads\/2024\/03\/CRRF-PPT_PRP-Human-Rights-Governance-Submissions_FINAL.pdf\">Human Rights and Police Governance Presentation<\/a><\/p>\n<\/div>\n\n\n\n<div class=\"wp-block-column is-layout-flow wp-block-column-is-layout-flow\">\n<p>Nous avons \u00e9galement organis\u00e9 notre conf\u00e9rence nationale 2022 sur les crimes haineux au Canada, en partenariat avec le Globe and Mail. Cette conf\u00e9rence hybride s&rsquo;est pench\u00e9e sur les causes de l&rsquo;augmentation des crimes haineux, sur les cons\u00e9quences pour la soci\u00e9t\u00e9 et sur les moyens dont disposent les forces de l&rsquo;ordre, le syst\u00e8me judiciaire, les citoyens, les entreprises technologiques et les communaut\u00e9s pour y faire face.<\/p>\n\n\n\n<iframe loading=\"lazy\" width=\"100%\" height=\"360\" src=\"https:\/\/player.vimeo.com\/video\/691912792?h=0d766740d5\" title=\"Vimeo video player\" frameborder=\"0\" allow=\"accelerometer; autoplay; clipboard-write; encrypted-media; gyroscope; picture-in-picture; web-share\" allowfullscreen><\/iframe>\n<\/div>\n<\/div>\n\n\n\n<h3 class=\"wp-block-heading\">Soutenir les victimes de la haine au Canada<\/h3>\n\n\n\n<div style=\"height:15px\" aria-hidden=\"true\" class=\"wp-block-spacer\"><\/div>\n\n\n\n<div class=\"wp-block-columns is-layout-flex wp-container-core-columns-is-layout-9d6595d7 wp-block-columns-is-layout-flex\">\n<div class=\"wp-block-column is-layout-flow wp-block-column-is-layout-flow\">\n<p>En 2022, nous avons mandat\u00e9 une \u00e9tude pour examiner les services disponibles pour les victimes de la haine au Canada afin d&rsquo;identifier les lacunes et de mieux soutenir les victimes. Selon le rapport final, qui comprend un examen des principales pratiques dans le monde, de nombreuses victimes n&rsquo;ont nulle part o\u00f9 se tourner et l&rsquo;assistance est limit\u00e9e ou inexistante.<\/p>\n\n\n\n<details class=\"wp-block-details is-layout-flow wp-block-details-is-layout-flow\"><summary>Recommandations de la FCRR provenant de l&rsquo;examen des services d&rsquo;assistance aux victimes<\/summary>\n<ol class=\"wp-block-list\">\n<li>Un fonds national pour les organisations qui assistent les victimes de la haine afin d&rsquo;aider \u00e0 cr\u00e9er et \u00e0 soutenir des projets qui contribuent \u00e0 la pr\u00e9vention de la haine et \u00e0 l&rsquo;assistance aux victimes de la haine.<\/li>\n\n\n\n<li>Un fonds national de soutien pour fournir une aide directe aux personnes survivantes de crimes haineux, y compris les co\u00fbts non assur\u00e9s tels que les soins de sant\u00e9 mentale, la perte de salaire, les services param\u00e9dicaux, la physioth\u00e9rapie et l&rsquo;\u00e9quipement m\u00e9dical.<\/li>\n\n\n\n<li>Un fonds d&rsquo;intervention d&rsquo;urgence pour les municipalit\u00e9s et les organisations communautaires afin de mobiliser des mesures d&rsquo;urgence en cas de violence de masse motiv\u00e9e par la haine.<\/li>\n\n\n\n<li>La cr\u00e9ation d&rsquo;un centre national de soutien pour les victimes de la haine et les services de soutien afin d&rsquo;am\u00e9liorer l&rsquo;acc\u00e8s \u00e0 des services de haute qualit\u00e9 pour les victimes et les survivants de la haine.<\/li>\n<\/ol>\n<\/details>\n<\/div>\n<\/div>\n\n\n\n\t<section aria-labelledby=\"title-block_5afdb2d483a54bbdb29ed405831c8538\" id=\"cta-download-large-block_5afdb2d483a54bbdb29ed405831c8538\" class=\"cta-download-large \">\n\t\t<div class=\"cta-download-large__content\">\n\t\t\t\t\t\t\t<h3 id=\"title-block_5afdb2d483a54bbdb29ed405831c8538\">Repenser l&#039;approche pour soutenir tous les Canadiens<\/h3>\n\t\t\t\t\t\t\t\t\t\t\t\t\t<p>La FCRR a men\u00e9 ses propres recherches par l&#039;entremise de PricewaterhouseCoopers (PwC) et a constat\u00e9 que de nombreuses victimes ne disposent d&#039;aucun soutien et qu&#039;il existe des lacunes et des incoh\u00e9rences importantes dans les services offerts aux victimes. La FCRR a fond\u00e9 ses recommandations sur ce rapport qui peut \u00eatre consult\u00e9 ici.<\/p>\n\t\t\t\t\t\t<div class=\"button-wrap\">\n\t\t\t\t\t\t\t\t\t<a class=\"button--external\" href=\"https:\/\/crrf-fcrr.ca\/fr\/recherche-rapport\/victimes-de-la-haine-ont-besoin-dun-meilleur-soutien-partout-au-canada\/\" target=\"_blank\">\n\t\t\t\t\t\tEn savoir plus\t\t\t\t\t<\/a>\n\t\t\t\t\t\t\t\t\t\t\t<\/div>\n\t\t<\/div>\n\t\t<div class=\"cta-download-large__image \">\n\t\t\t\t\t\t\t<img decoding=\"async\" class=\"accent-graphic\" src=\"https:\/\/crrf-fcrr.ca\/wp-content\/themes\/crrf\/dist\/images\/svg\/graphics\/single-corner-red.svg\" alt=\"\" \/>\n\t\t\t\t<div class=\"aspect-ratio-box\">\n\t\t\t\t\t<img loading=\"lazy\" decoding=\"async\" width=\"650\" height=\"843\" src=\"https:\/\/crrf-fcrr.ca\/wp-content\/uploads\/2024\/02\/Rapport_Victimes_Haine_Full_FR.png\" class=\"attachment-large size-large\" alt=\"\" srcset=\"https:\/\/crrf-fcrr.ca\/wp-content\/uploads\/2024\/02\/Rapport_Victimes_Haine_Full_FR.png 650w, https:\/\/crrf-fcrr.ca\/wp-content\/uploads\/2024\/02\/Rapport_Victimes_Haine_Full_FR-278x360.png 278w, https:\/\/crrf-fcrr.ca\/wp-content\/uploads\/2024\/02\/Rapport_Victimes_Haine_Full_FR-555x720.png 555w, https:\/\/crrf-fcrr.ca\/wp-content\/uploads\/2024\/02\/Rapport_Victimes_Haine_Full_FR-423x548.png 423w\" sizes=\"auto, (max-width: 650px) 100vw, 650px\" \/>\t\t\t\t<\/div>\n\t\t\t\t\t<\/div>\n\t<\/section>\n","protected":false},"excerpt":{"rendered":"<p>Qu&rsquo;est-ce qu&rsquo;un crime haineux ? Infraction p\u00e9nale commise \u00e0 l&rsquo;encontre d&rsquo;une personne ou d&rsquo;un bien et motiv\u00e9e en totalit\u00e9 ou en partie par des pr\u00e9jug\u00e9s ou de la haine fond\u00e9s sur la race, l&rsquo;origine nationale ou ethnique, la langue, la couleur, la religion, le sexe, l&rsquo;\u00e2ge, le handicap mental ou physique, l&rsquo;orientation sexuelle ou l&rsquo;identit\u00e9 [&hellip;]<\/p>\n","protected":false},"author":5,"featured_media":0,"parent":0,"menu_order":0,"comment_status":"closed","ping_status":"closed","template":"","meta":{"_acf_changed":false,"footnotes":""},"class_list":["post-13451","page","type-page","status-publish","hentry"],"acf":[],"_links":{"self":[{"href":"https:\/\/crrf-fcrr.ca\/fr\/wp-json\/wp\/v2\/pages\/13451","targetHints":{"allow":["GET"]}}],"collection":[{"href":"https:\/\/crrf-fcrr.ca\/fr\/wp-json\/wp\/v2\/pages"}],"about":[{"href":"https:\/\/crrf-fcrr.ca\/fr\/wp-json\/wp\/v2\/types\/page"}],"author":[{"embeddable":true,"href":"https:\/\/crrf-fcrr.ca\/fr\/wp-json\/wp\/v2\/users\/5"}],"replies":[{"embeddable":true,"href":"https:\/\/crrf-fcrr.ca\/fr\/wp-json\/wp\/v2\/comments?post=13451"}],"version-history":[{"count":5,"href":"https:\/\/crrf-fcrr.ca\/fr\/wp-json\/wp\/v2\/pages\/13451\/revisions"}],"predecessor-version":[{"id":13484,"href":"https:\/\/crrf-fcrr.ca\/fr\/wp-json\/wp\/v2\/pages\/13451\/revisions\/13484"}],"wp:attachment":[{"href":"https:\/\/crrf-fcrr.ca\/fr\/wp-json\/wp\/v2\/media?parent=13451"}],"curies":[{"name":"wp","href":"https:\/\/api.w.org\/{rel}","templated":true}]}}