{"id":13660,"date":"2023-09-21T12:05:52","date_gmt":"2023-09-21T16:05:52","guid":{"rendered":"https:\/\/crrf-fcrr.ca\/?page_id=13660"},"modified":"2025-08-08T14:30:21","modified_gmt":"2025-08-08T18:30:21","slug":"comment-faire-requete-ou-plainte","status":"publish","type":"page","link":"https:\/\/crrf-fcrr.ca\/fr\/comment-faire-requete-ou-plainte\/","title":{"rendered":"Comment faire une requ\u00eate ou d\u00e9poser une plainte"},"content":{"rendered":"\n\n\n\n<div class=\"wp-block-columns pattern-two-column is-layout-flex wp-container-core-columns-is-layout-9d6595d7 wp-block-columns-is-layout-flex\">\n<div class=\"wp-block-column pattern-two-column__title is-layout-flow wp-block-column-is-layout-flow\">\n<h2 class=\"wp-block-heading\"><\/h2>\n<\/div>\n\n\n\n<div class=\"wp-block-column pattern-two-column__content is-layout-flow wp-block-column-is-layout-flow\">\n<p>Si vous avez des questions concernant la soumission d&rsquo;une demande ou le traitement de votre demande par la FCRR en vertu de la <em>Loi sur l&rsquo;acc\u00e8s \u00e0 l&rsquo;information<\/em> ou de la <em>Loi sur la protection des renseignements personnels<\/em>, veuillez communiquer avec le coordinateur de l&rsquo;acc\u00e8s \u00e0 l&rsquo;information et de la protection des renseignements personnels de la FCRR :<\/p>\n\n\n\n<p>Arsalan Tavassoli<br>Coordinateur de l&rsquo;acc\u00e8s \u00e0 l&rsquo;information et de la protection des renseignements personnels<br>6 Sakura Way<br>Suite 225<br>Toronto, Ontario M3C 1Z5<\/p>\n\n\n\n<p>Courriel : ATavassoli@crrf-fcrr.ca<br>T\u00e9l\u00e9phone : 416-441-2733<br>Sans frais : 1-888-240-4936<br>Fax:\u00a0 416-441-2752<\/p>\n\n\n\n<p>Si, apr\u00e8s nous avoir contact\u00e9s, vous n&rsquo;\u00eates pas satisfait de notre r\u00e9ponse \u00e0 votre pr\u00e9occupation, vous pouvez :<\/p>\n\n\n\n<p>Communiquez avec le <a href=\"https:\/\/www.oic-ci.gc.ca\/fr\" target=\"_blank\" rel=\"noreferrer noopener\">Commissariat \u00e0 l&rsquo;information du Canada<\/a> (CIC) si votre pr\u00e9occupation concerne une demande d&rsquo;acc\u00e8s \u00e0 l&rsquo;information. Pour obtenir des renseignements sur la fa\u00e7on de d\u00e9poser une plainte officielle aupr\u00e8s du CIC, consultez la page <a href=\"https:\/\/www.oic-ci.gc.ca\/fr#deposer-une-plainte-submit-a-complaint\" target=\"_blank\" rel=\"noreferrer noopener\">Plaintes<\/a>.<\/p>\n\n\n\n<p>Communiquez avec le <a href=\"https:\/\/www.priv.gc.ca\/fr\/\" target=\"_blank\" rel=\"noreferrer noopener\">Commissariat \u00e0 la protection de la vie priv\u00e9e du Canada<\/a> (CPVP) si votre pr\u00e9occupation concerne une demande de renseignements personnels ou une autre question relative \u00e0 la protection de la vie priv\u00e9e. Pour obtenir des renseignements sur la fa\u00e7on de d\u00e9poser une plainte officielle aupr\u00e8s du CPVP, consultez la page <a href=\"https:\/\/www.priv.gc.ca\/fr\/sujets-lies-a-la-protection-de-la-vie-privee\/renseignements-et-conseils-pour-les-particuliers\/signaler-un-probleme-et-deposer-une-plainte\/\" target=\"_blank\" rel=\"noreferrer noopener\">Plaintes<\/a>.<\/p>\n<\/div>\n<\/div>\n","protected":false},"excerpt":{"rendered":"<p>Si vous avez des questions concernant la soumission d&rsquo;une demande ou le traitement de votre demande par la FCRR en vertu de la Loi sur l&rsquo;acc\u00e8s \u00e0 l&rsquo;information ou de la Loi sur la protection des renseignements personnels, veuillez communiquer avec le coordinateur de l&rsquo;acc\u00e8s \u00e0 l&rsquo;information et de la protection des renseignements personnels de [&hellip;]<\/p>\n","protected":false},"author":5,"featured_media":0,"parent":0,"menu_order":0,"comment_status":"closed","ping_status":"closed","template":"","meta":{"_acf_changed":false,"footnotes":""},"class_list":["post-13660","page","type-page","status-publish","hentry"],"acf":[],"_links":{"self":[{"href":"https:\/\/crrf-fcrr.ca\/fr\/wp-json\/wp\/v2\/pages\/13660","targetHints":{"allow":["GET"]}}],"collection":[{"href":"https:\/\/crrf-fcrr.ca\/fr\/wp-json\/wp\/v2\/pages"}],"about":[{"href":"https:\/\/crrf-fcrr.ca\/fr\/wp-json\/wp\/v2\/types\/page"}],"author":[{"embeddable":true,"href":"https:\/\/crrf-fcrr.ca\/fr\/wp-json\/wp\/v2\/users\/5"}],"replies":[{"embeddable":true,"href":"https:\/\/crrf-fcrr.ca\/fr\/wp-json\/wp\/v2\/comments?post=13660"}],"version-history":[{"count":3,"href":"https:\/\/crrf-fcrr.ca\/fr\/wp-json\/wp\/v2\/pages\/13660\/revisions"}],"predecessor-version":[{"id":13665,"href":"https:\/\/crrf-fcrr.ca\/fr\/wp-json\/wp\/v2\/pages\/13660\/revisions\/13665"}],"wp:attachment":[{"href":"https:\/\/crrf-fcrr.ca\/fr\/wp-json\/wp\/v2\/media?parent=13660"}],"curies":[{"name":"wp","href":"https:\/\/api.w.org\/{rel}","templated":true}]}}