{"id":137,"date":"2023-03-15T15:35:17","date_gmt":"2023-03-15T19:35:17","guid":{"rendered":"https:\/\/crrf.7.plankdesign.com\/?page_id=137"},"modified":"2026-04-22T10:08:49","modified_gmt":"2026-04-22T14:08:49","slug":"carrieres","status":"publish","type":"page","link":"https:\/\/crrf-fcrr.ca\/fr\/carrieres\/","title":{"rendered":"Possibilit\u00e9s d&#8217;emploi et de consultation"},"content":{"rendered":"\n<div style=\"height:75px\" aria-hidden=\"true\" class=\"wp-block-spacer\"><\/div>\n\n\n\n<h1 class=\"wp-block-heading\">Possibilit\u00e9s d&#8217;emploi et de consultation<\/h1>\n\n\n\n<div class=\"wp-block-buttons is-layout-flex wp-block-buttons-is-layout-flex\">\n<div class=\"wp-block-button\"><a class=\"wp-block-button__link wp-element-button\" href=\"https:\/\/crrf-fcrr.us3.list-manage.com\/subscribe?u=6b405dbf9952e5a74b1f72fa9&amp;id=297b4ef6a2\" target=\"_blank\" rel=\"noreferrer noopener\">Inscrivez-vous pour rester \u00e0 l&rsquo;aff\u00fbt<\/a><\/div>\n<\/div>\n\n\n\n<div style=\"height:50px\" aria-hidden=\"true\" class=\"wp-block-spacer\"><\/div>\n\n\n\n<div data-wp-context=\"{ &quot;autoclose&quot;: false, &quot;accordionItems&quot;: [] }\" data-wp-interactive=\"core\/accordion\" role=\"group\" class=\"wp-block-accordion is-layout-flow wp-block-accordion-is-layout-flow\">\n<div data-wp-class--is-open=\"state.isOpen\" data-wp-context=\"{ &quot;id&quot;: &quot;accordion-item-1&quot;, &quot;openByDefault&quot;: false }\" data-wp-init=\"callbacks.initAccordionItems\" data-wp-on-window--hashchange=\"callbacks.hashChange\" class=\"wp-block-accordion-item is-layout-flow wp-block-accordion-item-is-layout-flow\">\n<h3 class=\"wp-block-accordion-heading\"><button aria-expanded=\"false\" aria-controls=\"accordion-item-1-panel\" data-wp-bind--aria-expanded=\"state.isOpen\" data-wp-on--click=\"actions.toggle\" data-wp-on--keydown=\"actions.handleKeyDown\" id=\"accordion-item-1\" type=\"button\" class=\"wp-block-accordion-heading__toggle\"><span class=\"wp-block-accordion-heading__toggle-title\">Directrice adjointe ou Directeur adjoint, Finances&nbsp;<\/span><span class=\"wp-block-accordion-heading__toggle-icon\" aria-hidden=\"true\">+<\/span><\/button><\/h3>\n\n\n\n<div inert aria-labelledby=\"accordion-item-1\" data-wp-bind--inert=\"!state.isOpen\" id=\"accordion-item-1-panel\" role=\"region\" class=\"wp-block-accordion-panel is-layout-flow wp-block-accordion-panel-is-layout-flow\">\n<p><br>Relevant de la directrice ou du directeur des finances, la directrice adjointe ou le directeur adjoint des finances joue un r\u00f4le crucial dans l\u2019avancement des objectifs strat\u00e9giques de la FCRR en optimisant les r\u00e9sultats financiers, en assurant la conformit\u00e9, en prenant des d\u00e9cisions fond\u00e9es sur les donn\u00e9es, en soutenant des initiatives transversales et en supervisant les op\u00e9rations financi\u00e8res de l\u2019organisme. \u00c0 ce poste, vous aidez la directrice ou le directeur des finances dans la planification financi\u00e8re et l\u2019analyse financi\u00e8re, la budg\u00e9tisation, les pr\u00e9visions, l\u2019analyse de l\u2019\u00e9cart par rapport \u00e0 la planification initiale, l\u2019\u00e9laboration des rapports internes et externes, ainsi que l\u2019audit, tout en vous assurant de la conformit\u00e9 aux r\u00e8glements et politiques internes pertinents. De plus, la directrice adjointe ou le directeur adjoint des finances apporte des conseils sur les processus li\u00e9s \u00e0 l\u2019approvisionnement et au march\u00e9, contribuant ainsi \u00e0 la prise de d\u00e9cisions financi\u00e8res strat\u00e9giques.<\/p>\n\n\n\n<p><a href=\"https:\/\/crrf-fcrr.ca\/fr\/offre-emploi-directrice-adjointe-directeur-adjoint-finances\/\">https:\/\/crrf-fcrr.ca\/fr\/offre-emploi-directrice-adjointe-directeur-adjoint-finances\/<\/a><\/p>\n<\/div>\n<\/div>\n<\/div>\n\n\n\n<p><\/p>\n","protected":false},"excerpt":{"rendered":"<p>Possibilit\u00e9s d&#8217;emploi et de consultation<\/p>\n","protected":false},"author":1,"featured_media":0,"parent":0,"menu_order":0,"comment_status":"closed","ping_status":"closed","template":"","meta":{"_acf_changed":false,"footnotes":""},"class_list":["post-137","page","type-page","status-publish","hentry"],"acf":[],"_links":{"self":[{"href":"https:\/\/crrf-fcrr.ca\/fr\/wp-json\/wp\/v2\/pages\/137","targetHints":{"allow":["GET"]}}],"collection":[{"href":"https:\/\/crrf-fcrr.ca\/fr\/wp-json\/wp\/v2\/pages"}],"about":[{"href":"https:\/\/crrf-fcrr.ca\/fr\/wp-json\/wp\/v2\/types\/page"}],"author":[{"embeddable":true,"href":"https:\/\/crrf-fcrr.ca\/fr\/wp-json\/wp\/v2\/users\/1"}],"replies":[{"embeddable":true,"href":"https:\/\/crrf-fcrr.ca\/fr\/wp-json\/wp\/v2\/comments?post=137"}],"version-history":[{"count":5,"href":"https:\/\/crrf-fcrr.ca\/fr\/wp-json\/wp\/v2\/pages\/137\/revisions"}],"predecessor-version":[{"id":14896,"href":"https:\/\/crrf-fcrr.ca\/fr\/wp-json\/wp\/v2\/pages\/137\/revisions\/14896"}],"wp:attachment":[{"href":"https:\/\/crrf-fcrr.ca\/fr\/wp-json\/wp\/v2\/media?parent=137"}],"curies":[{"name":"wp","href":"https:\/\/api.w.org\/{rel}","templated":true}]}}