{"id":31,"date":"2023-03-13T17:06:17","date_gmt":"2023-03-13T21:06:17","guid":{"rendered":"https:\/\/crrf.7.plankdesign.com\/home\/"},"modified":"2026-03-21T08:49:46","modified_gmt":"2026-03-21T12:49:46","slug":"home","status":"publish","type":"page","link":"https:\/\/crrf-fcrr.ca\/fr\/","title":{"rendered":"\u00c0 propos de nous"},"content":{"rendered":"\n\t<section aria-label=\"\n\tgalerie d&#039;images pour \u00c0 propos de nous\t\" id=\"page-header-home-block\" class=\" page-header-home\">\n\t\t<div class=\"page-header-home__text\">\n\t\t\t<h1 class=\"title\" id=\"page-header-home__title\">\u00c0 propos de nous<\/h1>\n\t\t\t\t\t\t\t<p class=\"intro\">La Fondation canadienne des relations raciales (FCRR) s&#039;efforce avant tout de sensibiliser la population aux causes et aux manifestations du racisme au Canada. Nous travaillons \u00e0 renforcer le tissu social au Canada en aidant, soutenant et rassemblant les groupes et les organismes communautaires gr\u00e2ce \u00e0 des subventions, des services et un r\u00e9seau de partenaires dans le milieu de la recherche, dans les secteurs priv\u00e9 et communautaire.<\/p>\n\t\t\t\t\t\t\t\t\t\t<div class=\"button-container\">\n\t\t\t\t\t<a class=\"button--large\" href=\"https:\/\/crrf-fcrr.ca\/fr\/mission-vision-strategie\/\">En savoir plus<\/a>\n\t\t\t\t<\/div>\n\t\t\t\t\t<\/div>\n\n\t\t\t\t\t<div class=\"page-header-home__images\" aria-roledescription=\"carousel\" aria-live=\"polite\">\n\n\t\t\t\t<div class=\"hero-image--position-1\" id=\"js-hero-image--1\">\n\t\t\t\t\t\t\t\t\t\t\t<div class=\"aspect-ratio-box\">\n\t\t\t\t\t\t\t<img fetchpriority=\"high\" decoding=\"async\" width=\"483\" height=\"720\" src=\"https:\/\/crrf-fcrr.ca\/wp-content\/uploads\/2023\/06\/Copy-of-IMG_3426_6x9-483x720.jpg\" class=\"attachment-page-header-homepage size-page-header-homepage\" alt=\"Two young black girls sitting and working on a project indoors.\" loading=\"eager\" srcset=\"https:\/\/crrf-fcrr.ca\/wp-content\/uploads\/2023\/06\/Copy-of-IMG_3426_6x9-483x720.jpg 483w, https:\/\/crrf-fcrr.ca\/wp-content\/uploads\/2023\/06\/Copy-of-IMG_3426_6x9-241x360.jpg 241w, https:\/\/crrf-fcrr.ca\/wp-content\/uploads\/2023\/06\/Copy-of-IMG_3426_6x9-367x548.jpg 367w, https:\/\/crrf-fcrr.ca\/wp-content\/uploads\/2023\/06\/Copy-of-IMG_3426_6x9.jpg 600w\" sizes=\"(max-width: 483px) 100vw, 483px\" \/>\t\t\t\t\t\t<\/div>\n\t\t\t\t\t\t\t\t\t<\/div>\n\n\t\t\t\t<div class=\"hero-image--position-2\" id=\"js-hero-image--2\">\n\t\t\t\t\t\t\t\t\t\t\t<div class=\"aspect-ratio-box\">\n\t\t\t\t\t\t\t<img decoding=\"async\" width=\"476\" height=\"720\" src=\"https:\/\/crrf-fcrr.ca\/wp-content\/uploads\/2023\/06\/Mural-Process-4_6x9-476x720.jpg\" class=\"attachment-page-header-homepage size-page-header-homepage\" alt=\"Man dressed in white tshirt, holding a paintbrush, painting a mural\" loading=\"eager\" srcset=\"https:\/\/crrf-fcrr.ca\/wp-content\/uploads\/2023\/06\/Mural-Process-4_6x9-476x720.jpg 476w, https:\/\/crrf-fcrr.ca\/wp-content\/uploads\/2023\/06\/Mural-Process-4_6x9-238x360.jpg 238w, https:\/\/crrf-fcrr.ca\/wp-content\/uploads\/2023\/06\/Mural-Process-4_6x9-362x548.jpg 362w, https:\/\/crrf-fcrr.ca\/wp-content\/uploads\/2023\/06\/Mural-Process-4_6x9.jpg 500w\" sizes=\"(max-width: 476px) 100vw, 476px\" \/>\t\t\t\t\t\t<\/div>\n\t\t\t\t\t\t\t\t\t<\/div>\n\n\t\t\t\t<div class=\"hero-image--position-3\" id=\"js-hero-image--3\">\n\t\t\t\t\t\t\t\t\t\t\t<div class=\"aspect-ratio-box\">\n\t\t\t\t\t\t\t<img decoding=\"async\" width=\"650\" height=\"487\" src=\"https:\/\/crrf-fcrr.ca\/wp-content\/uploads\/2023\/06\/P9149188_smaller-1-650x487.jpg\" class=\"attachment-page-header-homepage size-page-header-homepage\" alt=\"Three Black women dressed in yellow, dancing in a circle on stage at an event\" loading=\"eager\" srcset=\"https:\/\/crrf-fcrr.ca\/wp-content\/uploads\/2023\/06\/P9149188_smaller-1-650x487.jpg 650w, https:\/\/crrf-fcrr.ca\/wp-content\/uploads\/2023\/06\/P9149188_smaller-1-480x360.jpg 480w, https:\/\/crrf-fcrr.ca\/wp-content\/uploads\/2023\/06\/P9149188_smaller-1.jpg 723w\" sizes=\"(max-width: 650px) 100vw, 650px\" \/>\t\t\t\t\t\t<\/div>\n\t\t\t\t\t\t\t\t\t<\/div>\n\n\t\t\t\t<img decoding=\"async\" class=\"accent-graphic--1\" src=\"https:\/\/crrf-fcrr.ca\/wp-content\/themes\/crrf\/dist\/images\/svg\/graphics\/hero-shape-1-orange.svg\" alt=\"\" \/>\n\t\t\t\t<img decoding=\"async\" class=\"accent-graphic--2\" src=\"https:\/\/crrf-fcrr.ca\/wp-content\/themes\/crrf\/dist\/images\/svg\/graphics\/hero-shape-2-blurple.svg\" alt=\"\" \/>\n\t\t\t\t<img decoding=\"async\" class=\"accent-graphic--3\" src=\"https:\/\/crrf-fcrr.ca\/wp-content\/themes\/crrf\/dist\/images\/svg\/graphics\/yellow-corner.svg\" alt=\"\" \/>\n\t\t\t\t<img decoding=\"async\" class=\"accent-graphic--4\" src=\"https:\/\/crrf-fcrr.ca\/wp-content\/themes\/crrf\/dist\/images\/svg\/graphics\/hero-shape-4-red.svg\" alt=\"\" \/>\n\n\t\t\t<\/div>\n\t\t\t<\/section>\n\n\n\n\t<section class=\"empty-acf-block\">\n\t\t<h3>CTA: Flexible<\/h3>\n\t\t<p>Click me and add at least one item to display the block<\/p>\n\t<\/section>\n\n\n\n\t<section aria-labelledby=\"cta-banner-title\" id=\"cta-banner-block_a79fd3f8761fa804d7fa85c3065075f9\" class=\"cta-banner\">\n\t\t\t\t\t<div class=\"cta-banner__image\">\n\t\t\t\t<div class=\"aspect-ratio-box\">\n\t\t\t\t\t<img loading=\"lazy\" decoding=\"async\" width=\"1000\" height=\"667\" src=\"https:\/\/crrf-fcrr.ca\/wp-content\/uploads\/2025\/04\/RAL02916_smaller-1024x683.png\" class=\"attachment-large size-large\" alt=\"Multiple people sitting at tables, facing towards the front of the room. They are each holding up a small piece of paper.\n-\nPlusieurs personnes dans une pi\u00e8ce, elles regardent vers le devant de la pi\u00e8ce et ont chacune la main lev\u00e9e.\" srcset=\"https:\/\/crrf-fcrr.ca\/wp-content\/uploads\/2025\/04\/RAL02916_smaller-1024x683.png 1024w, https:\/\/crrf-fcrr.ca\/wp-content\/uploads\/2025\/04\/RAL02916_smaller-540x360.png 540w, https:\/\/crrf-fcrr.ca\/wp-content\/uploads\/2025\/04\/RAL02916_smaller-768x512.png 768w, https:\/\/crrf-fcrr.ca\/wp-content\/uploads\/2025\/04\/RAL02916_smaller-650x434.png 650w, https:\/\/crrf-fcrr.ca\/wp-content\/uploads\/2025\/04\/RAL02916_smaller-821x548.png 821w, https:\/\/crrf-fcrr.ca\/wp-content\/uploads\/2025\/04\/RAL02916_smaller.png 1297w\" sizes=\"auto, (max-width: 1000px) 100vw, 1000px\" \/>\t\t\t\t<\/div>\n\t\t\t\t<img decoding=\"async\" src=\"https:\/\/crrf-fcrr.ca\/wp-content\/themes\/crrf\/dist\/images\/svg\/graphics\/yellow-corner.svg\" class=\"graphic-yellow-corner\"alt=\"\"\/>\n\t\t\t<\/div>\n\t\t\t\t\t<div class=\"cta-banner__content\">\n\t\t\t\t\t\t\t\t\t<h3 class=\"cta-banner__title\" id=\"cta-banner-title\">\n\t\t\t\t\t\t<a href=\"https:\/\/crrf-fcrr.ca\/fr\/lutter-contre-la-haine-canada\/\" target=\"\">Lutter contre la haine au Canada<\/a>\n\t\t\t\t\t<\/h3>\n\t\t\t\t\t\t\t\t\t\t\t\t\t<p class=\"cta-banner__description\">La haine gagne du terrain au Canada. Quelles mesures prenons-nous pour y faire face ?<\/p>\n\t\t\t\t\t\t\t\t\t\t\t\t\t<span class=\"link--learn-more\">\n\t\t\t\t\t\tEn savoir plus\t\t\t\t\t<\/span>\n\t\t\t\t\t\t\t<\/div>\n\t<\/section>\n<!-- CTA Banner Simple (no image) -->\n\n\n\n\t<section class=\"empty-acf-block\">\n\t\t<h3>CTA: Flexible<\/h3>\n\t\t<p>Click me and add at least one item to display the block<\/p>\n\t<\/section>\n\n\n\n<h2 class=\"wp-block-heading\">Notre impact<\/h2>\n\n\n\n\t<section aria-label=\"Faits saillants de notre impact en chiffres\" id=\"cta-our-impact-block_d799d61fb5367c656d6e70f97a653a1c\" class=\"cta-our-impact\">\n\n\t\n\t<div class=\"cta-our-impact__content\">\n\t\t<div class=\"cta-our-impact__graphic\" ><\/div>\n\t\t\t\t\t<ul class=\"cta-our-impact__stats\">\n\t\t\t\t\t\t\t\t\t<li class=\"stat\">\n\t\t\t\t\t\t\t\t\t\t\t\t\t<p class=\"stat__number\">+12 M$<\/p>\n\t\t\t\t\t\t\t\t\t\t\t\t\t\t\t\t\t\t\t<p class=\"stat__text\">attribu\u00e9s en financement communautaire<\/p>\n\t\t\t\t\t\t\t\t\t\t\t<\/li>\n\t\t\t\t\t\t\t\t\t<li class=\"stat\">\n\t\t\t\t\t\t\t\t\t\t\t\t\t<p class=\"stat__number\">+700<\/p>\n\t\t\t\t\t\t\t\t\t\t\t\t\t\t\t\t\t\t\t<p class=\"stat__text\">organisations engag\u00e9es \u00e0 travers le Canada<\/p>\n\t\t\t\t\t\t\t\t\t\t\t<\/li>\n\t\t\t\t\t\t\t\t\t<li class=\"stat\">\n\t\t\t\t\t\t\t\t\t\t\t\t\t<p class=\"stat__number\">+250<\/p>\n\t\t\t\t\t\t\t\t\t\t\t\t\t\t\t\t\t\t\t<p class=\"stat__text\">initiatives de lutte contre le racisme soutenues<\/p>\n\t\t\t\t\t\t\t\t\t\t\t<\/li>\n\t\t\t\t\t\t\t\t<\/ul>\n\t\t\t\t\t\t\t\t\t\t<div>\n\t\t\t\t\t<a class=\"cta-our-impact__link link--learn-more\" href=\"https:\/\/crrf-fcrr.ca\/fr\/rapports-annuels-etats-financiers\/\" target=\"\" >\n\t\t\t\t\t\tLire notre rapport annuel\t\t\t\t\t<\/a>\n\n\t\t\t\t<\/div>\n\t\t\n\t\t\t\t\t<\/div>\n\t<\/section>\n","protected":false},"excerpt":{"rendered":"<p>Notre impact<\/p>\n","protected":false},"author":1,"featured_media":5687,"parent":0,"menu_order":0,"comment_status":"closed","ping_status":"closed","template":"","meta":{"_acf_changed":false,"footnotes":""},"class_list":["post-31","page","type-page","status-publish","has-post-thumbnail","hentry"],"acf":[],"_links":{"self":[{"href":"https:\/\/crrf-fcrr.ca\/fr\/wp-json\/wp\/v2\/pages\/31","targetHints":{"allow":["GET"]}}],"collection":[{"href":"https:\/\/crrf-fcrr.ca\/fr\/wp-json\/wp\/v2\/pages"}],"about":[{"href":"https:\/\/crrf-fcrr.ca\/fr\/wp-json\/wp\/v2\/types\/page"}],"author":[{"embeddable":true,"href":"https:\/\/crrf-fcrr.ca\/fr\/wp-json\/wp\/v2\/users\/1"}],"replies":[{"embeddable":true,"href":"https:\/\/crrf-fcrr.ca\/fr\/wp-json\/wp\/v2\/comments?post=31"}],"version-history":[{"count":4,"href":"https:\/\/crrf-fcrr.ca\/fr\/wp-json\/wp\/v2\/pages\/31\/revisions"}],"predecessor-version":[{"id":14780,"href":"https:\/\/crrf-fcrr.ca\/fr\/wp-json\/wp\/v2\/pages\/31\/revisions\/14780"}],"wp:featuredmedia":[{"embeddable":true,"href":"https:\/\/crrf-fcrr.ca\/fr\/wp-json\/wp\/v2\/media\/5687"}],"wp:attachment":[{"href":"https:\/\/crrf-fcrr.ca\/fr\/wp-json\/wp\/v2\/media?parent=31"}],"curies":[{"name":"wp","href":"https:\/\/api.w.org\/{rel}","templated":true}]}}