{"id":3133,"date":"2023-05-01T10:30:36","date_gmt":"2023-05-01T14:30:36","guid":{"rendered":"https:\/\/crrf-fcrr.ca\/?page_id=3133"},"modified":"2026-04-20T12:30:52","modified_gmt":"2026-04-20T16:30:52","slug":"le-conseil-dadministration","status":"publish","type":"page","link":"https:\/\/crrf-fcrr.ca\/fr\/le-conseil-dadministration\/","title":{"rendered":"Le conseil d&rsquo;administration"},"content":{"rendered":"\n\n\n\n<div class=\"wp-block-columns pattern-two-column is-layout-flex wp-container-core-columns-is-layout-9d6595d7 wp-block-columns-is-layout-flex\">\n<div class=\"wp-block-column pattern-two-column__title is-layout-flow wp-block-column-is-layout-flow\">\n<h2 class=\"wp-block-heading\">Structure du conseil d&rsquo;administration<\/h2>\n<\/div>\n\n\n\n<div class=\"wp-block-column pattern-two-column__content is-layout-flow wp-block-column-is-layout-flow\">\n<p>Un directeur g\u00e9n\u00e9ral, membre de droit du conseil d&rsquo;administration, g\u00e8re les activit\u00e9s quotidiennes de la FCRR.&nbsp;Le gouverneur en conseil, sur recommandation du ministre charg\u00e9 du multiculturalisme, nomme tous les membres du conseil d&rsquo;administration et le directeur ex\u00e9cutif.<\/p>\n\n\n\n<p><a href=\"https:\/\/laws-lois.justice.gc.ca\/fra\/lois\/c-21.8\/\" target=\"_blank\" rel=\"noreferrer noopener\">La loi sur la Fondation canadienne<\/a> des relations raciales stipule que le conseil d&rsquo;administration doit se r\u00e9unir au moins deux fois par an.<\/p>\n\n\n\n<p>Pour plus d&rsquo;informations :&nbsp;<a href=\"https:\/\/organisations-federales.canada.ca\/profil.php?OrgID=RRF&amp;t=&amp;lang=fr\" target=\"_blank\" rel=\"noreferrer noopener\">Nominations par le gouverneur en conseil<\/a><\/p>\n<\/div>\n<\/div>\n\n\n\n\t<section aria-label=\"\" id=\"cta-people-block_ed0bfc8da29164c60ac91de0817eb961\" class=\"people-block\">\n\t\t\t\t\t<ul class=\"people-block__people-grid\">\n\t\t\t\t\t\t\t\t\t\t\t\t\t\t<li class=\"person include-link\">\n\t\t\t\t\t<div class=\"person__image\">\n\t\t\t\t\t\t<div class=\"aspect-ratio-box\">\n\t\t\t\t\t\t\t<img loading=\"lazy\" decoding=\"async\" width=\"500\" height=\"588\" src=\"https:\/\/crrf-fcrr.ca\/wp-content\/uploads\/2023\/04\/WooPawheadshot.jpeg\" class=\"attachment-large size-large wp-post-image\" alt=\"\" srcset=\"https:\/\/crrf-fcrr.ca\/wp-content\/uploads\/2023\/04\/WooPawheadshot.jpeg 500w, https:\/\/crrf-fcrr.ca\/wp-content\/uploads\/2023\/04\/WooPawheadshot-255x300.jpeg 255w, https:\/\/crrf-fcrr.ca\/wp-content\/uploads\/2023\/04\/WooPawheadshot-466x548.jpeg 466w\" sizes=\"auto, (max-width: 500px) 100vw, 500px\" \/>\t\t\t\t\t\t<\/div>\n\t\t\t\t\t<\/div>\n\t\t\t\t\t<h4 class=\"person__title\">\n\t\t\t\t\t\t <!-- If links are enabled, wrap the title in a link. -->\n\t\t\t\t\t\t\t\t\t\t\t\t\t<a href=\"https:\/\/crrf-fcrr.ca\/fr\/people\/teresa-woo-paw\/\">\n\t\t\t\t\t\t\t\tTeresa Woo-Paw\t\t\t\t\t\t\t<\/a>\n\t\t\t\t\t\t\t\t\t\t\t<\/h4>\n\t\t\t\t\t<p class=\"person__text\">Pr\u00e9sidente<\/p>\n\t\t\t\t\t\t\t\t\t\t\t<span class=\"person__link link--learn-more\"><\/span>\n\t\t\t\t\t\t\t\t\t<\/li>\n\t\t\t\t\t\t\t\t\t\t\t<li class=\"person include-link\">\n\t\t\t\t\t<div class=\"person__image\">\n\t\t\t\t\t\t<div class=\"aspect-ratio-box\">\n\t\t\t\t\t\t\t<img loading=\"lazy\" decoding=\"async\" width=\"1000\" height=\"750\" src=\"https:\/\/crrf-fcrr.ca\/wp-content\/uploads\/2023\/04\/Mohammed-3-1000x750.jpg\" class=\"attachment-large size-large wp-post-image\" alt=\"\" srcset=\"https:\/\/crrf-fcrr.ca\/wp-content\/uploads\/2023\/04\/Mohammed-3-1000x750.jpg 1000w, https:\/\/crrf-fcrr.ca\/wp-content\/uploads\/2023\/04\/Mohammed-3-480x360.jpg 480w, https:\/\/crrf-fcrr.ca\/wp-content\/uploads\/2023\/04\/Mohammed-3-768x576.jpg 768w, https:\/\/crrf-fcrr.ca\/wp-content\/uploads\/2023\/04\/Mohammed-3-1536x1152.jpg 1536w, https:\/\/crrf-fcrr.ca\/wp-content\/uploads\/2023\/04\/Mohammed-3-2048x1536.jpg 2048w, https:\/\/crrf-fcrr.ca\/wp-content\/uploads\/2023\/04\/Mohammed-3-650x488.jpg 650w, https:\/\/crrf-fcrr.ca\/wp-content\/uploads\/2023\/04\/Mohammed-3-731x548.jpg 731w\" sizes=\"auto, (max-width: 1000px) 100vw, 1000px\" \/>\t\t\t\t\t\t<\/div>\n\t\t\t\t\t<\/div>\n\t\t\t\t\t<h4 class=\"person__title\">\n\t\t\t\t\t\t <!-- If links are enabled, wrap the title in a link. -->\n\t\t\t\t\t\t\t\t\t\t\t\t\t<a href=\"https:\/\/crrf-fcrr.ca\/fr\/people\/mohammed-hashim\/\">\n\t\t\t\t\t\t\t\tMohammed Hashim\t\t\t\t\t\t\t<\/a>\n\t\t\t\t\t\t\t\t\t\t\t<\/h4>\n\t\t\t\t\t<p class=\"person__text\">Pr\u00e9sident, directeur g\u00e9n\u00e9ral<\/p>\n\t\t\t\t\t\t\t\t\t\t\t<span class=\"person__link link--learn-more\"><\/span>\n\t\t\t\t\t\t\t\t\t<\/li>\n\t\t\t\t\t\t\t\t\t\t\t<li class=\"person include-link\">\n\t\t\t\t\t<div class=\"person__image\">\n\t\t\t\t\t\t<div class=\"aspect-ratio-box\">\n\t\t\t\t\t\t\t<img loading=\"lazy\" decoding=\"async\" width=\"800\" height=\"1000\" src=\"https:\/\/crrf-fcrr.ca\/wp-content\/uploads\/2025\/03\/Photo-H-Ahmad-credit-Osgoode-Hall-Law-School-819x1024.jpg\" class=\"attachment-large size-large wp-post-image\" alt=\"\" srcset=\"https:\/\/crrf-fcrr.ca\/wp-content\/uploads\/2025\/03\/Photo-H-Ahmad-credit-Osgoode-Hall-Law-School-819x1024.jpg 819w, https:\/\/crrf-fcrr.ca\/wp-content\/uploads\/2025\/03\/Photo-H-Ahmad-credit-Osgoode-Hall-Law-School-288x360.jpg 288w, https:\/\/crrf-fcrr.ca\/wp-content\/uploads\/2025\/03\/Photo-H-Ahmad-credit-Osgoode-Hall-Law-School-768x960.jpg 768w, https:\/\/crrf-fcrr.ca\/wp-content\/uploads\/2025\/03\/Photo-H-Ahmad-credit-Osgoode-Hall-Law-School-1229x1536.jpg 1229w, https:\/\/crrf-fcrr.ca\/wp-content\/uploads\/2025\/03\/Photo-H-Ahmad-credit-Osgoode-Hall-Law-School-1638x2048.jpg 1638w, https:\/\/crrf-fcrr.ca\/wp-content\/uploads\/2025\/03\/Photo-H-Ahmad-credit-Osgoode-Hall-Law-School-576x720.jpg 576w, https:\/\/crrf-fcrr.ca\/wp-content\/uploads\/2025\/03\/Photo-H-Ahmad-credit-Osgoode-Hall-Law-School-438x548.jpg 438w\" sizes=\"auto, (max-width: 800px) 100vw, 800px\" \/>\t\t\t\t\t\t<\/div>\n\t\t\t\t\t<\/div>\n\t\t\t\t\t<h4 class=\"person__title\">\n\t\t\t\t\t\t <!-- If links are enabled, wrap the title in a link. -->\n\t\t\t\t\t\t\t\t\t\t\t\t\t<a href=\"https:\/\/crrf-fcrr.ca\/fr\/people\/hassan-ahmad\/\">\n\t\t\t\t\t\t\t\tHassan Ahmad\t\t\t\t\t\t\t<\/a>\n\t\t\t\t\t\t\t\t\t\t\t<\/h4>\n\t\t\t\t\t<p class=\"person__text\"><\/p>\n\t\t\t\t\t\t\t\t\t\t\t<span class=\"person__link link--learn-more\"><\/span>\n\t\t\t\t\t\t\t\t\t<\/li>\n\t\t\t\t\t\t\t\t\t\t\t<li class=\"person include-link\">\n\t\t\t\t\t<div class=\"person__image\">\n\t\t\t\t\t\t<div class=\"aspect-ratio-box\">\n\t\t\t\t\t\t\t<img loading=\"lazy\" decoding=\"async\" width=\"640\" height=\"633\" src=\"https:\/\/crrf-fcrr.ca\/wp-content\/uploads\/2023\/04\/Photo_Sophia_Ali_credit_Alishba_Afzal.jpeg\" class=\"attachment-large size-large wp-post-image\" alt=\"\" srcset=\"https:\/\/crrf-fcrr.ca\/wp-content\/uploads\/2023\/04\/Photo_Sophia_Ali_credit_Alishba_Afzal.jpeg 640w, https:\/\/crrf-fcrr.ca\/wp-content\/uploads\/2023\/04\/Photo_Sophia_Ali_credit_Alishba_Afzal-300x297.jpeg 300w, https:\/\/crrf-fcrr.ca\/wp-content\/uploads\/2023\/04\/Photo_Sophia_Ali_credit_Alishba_Afzal-554x548.jpeg 554w\" sizes=\"auto, (max-width: 640px) 100vw, 640px\" \/>\t\t\t\t\t\t<\/div>\n\t\t\t\t\t<\/div>\n\t\t\t\t\t<h4 class=\"person__title\">\n\t\t\t\t\t\t <!-- If links are enabled, wrap the title in a link. -->\n\t\t\t\t\t\t\t\t\t\t\t\t\t<a href=\"https:\/\/crrf-fcrr.ca\/fr\/people\/sophia-ali\/\">\n\t\t\t\t\t\t\t\tSophia Ali\t\t\t\t\t\t\t<\/a>\n\t\t\t\t\t\t\t\t\t\t\t<\/h4>\n\t\t\t\t\t<p class=\"person__text\"><\/p>\n\t\t\t\t\t\t\t\t\t\t\t<span class=\"person__link link--learn-more\"><\/span>\n\t\t\t\t\t\t\t\t\t<\/li>\n\t\t\t\t\t\t\t\t\t\t\t<li class=\"person include-link\">\n\t\t\t\t\t<div class=\"person__image\">\n\t\t\t\t\t\t<div class=\"aspect-ratio-box\">\n\t\t\t\t\t\t\t<img loading=\"lazy\" decoding=\"async\" width=\"772\" height=\"1000\" src=\"https:\/\/crrf-fcrr.ca\/wp-content\/uploads\/2023\/04\/Dakota_Kochie-791x1024.png\" class=\"attachment-large size-large wp-post-image\" alt=\"headshot of Dakota Kochie\" srcset=\"https:\/\/crrf-fcrr.ca\/wp-content\/uploads\/2023\/04\/Dakota_Kochie-791x1024.png 791w, https:\/\/crrf-fcrr.ca\/wp-content\/uploads\/2023\/04\/Dakota_Kochie-232x300.png 232w, https:\/\/crrf-fcrr.ca\/wp-content\/uploads\/2023\/04\/Dakota_Kochie-768x994.png 768w, https:\/\/crrf-fcrr.ca\/wp-content\/uploads\/2023\/04\/Dakota_Kochie-1187x1536.png 1187w, https:\/\/crrf-fcrr.ca\/wp-content\/uploads\/2023\/04\/Dakota_Kochie-556x720.png 556w, https:\/\/crrf-fcrr.ca\/wp-content\/uploads\/2023\/04\/Dakota_Kochie-423x548.png 423w, https:\/\/crrf-fcrr.ca\/wp-content\/uploads\/2023\/04\/Dakota_Kochie.png 1545w\" sizes=\"auto, (max-width: 772px) 100vw, 772px\" \/>\t\t\t\t\t\t<\/div>\n\t\t\t\t\t<\/div>\n\t\t\t\t\t<h4 class=\"person__title\">\n\t\t\t\t\t\t <!-- If links are enabled, wrap the title in a link. -->\n\t\t\t\t\t\t\t\t\t\t\t\t\t<a href=\"https:\/\/crrf-fcrr.ca\/fr\/people\/dakota-kochie\/\">\n\t\t\t\t\t\t\t\tDakota Kochie\t\t\t\t\t\t\t<\/a>\n\t\t\t\t\t\t\t\t\t\t\t<\/h4>\n\t\t\t\t\t<p class=\"person__text\"><\/p>\n\t\t\t\t\t\t\t\t\t\t\t<span class=\"person__link link--learn-more\"><\/span>\n\t\t\t\t\t\t\t\t\t<\/li>\n\t\t\t\t\t\t\t\t\t\t\t<li class=\"person include-link\">\n\t\t\t\t\t<div class=\"person__image\">\n\t\t\t\t\t\t<div class=\"aspect-ratio-box\">\n\t\t\t\t\t\t\t<img loading=\"lazy\" decoding=\"async\" width=\"1000\" height=\"782\" src=\"https:\/\/crrf-fcrr.ca\/wp-content\/uploads\/2025\/02\/Screenshot-2025-02-18-at-3.10.42\u202fPM-1024x801.png\" class=\"attachment-large size-large wp-post-image\" alt=\"\" srcset=\"https:\/\/crrf-fcrr.ca\/wp-content\/uploads\/2025\/02\/Screenshot-2025-02-18-at-3.10.42\u202fPM-1024x801.png 1024w, https:\/\/crrf-fcrr.ca\/wp-content\/uploads\/2025\/02\/Screenshot-2025-02-18-at-3.10.42\u202fPM-460x360.png 460w, https:\/\/crrf-fcrr.ca\/wp-content\/uploads\/2025\/02\/Screenshot-2025-02-18-at-3.10.42\u202fPM-768x601.png 768w, https:\/\/crrf-fcrr.ca\/wp-content\/uploads\/2025\/02\/Screenshot-2025-02-18-at-3.10.42\u202fPM-650x508.png 650w, https:\/\/crrf-fcrr.ca\/wp-content\/uploads\/2025\/02\/Screenshot-2025-02-18-at-3.10.42\u202fPM-701x548.png 701w, https:\/\/crrf-fcrr.ca\/wp-content\/uploads\/2025\/02\/Screenshot-2025-02-18-at-3.10.42\u202fPM.png 1166w\" sizes=\"auto, (max-width: 1000px) 100vw, 1000px\" \/>\t\t\t\t\t\t<\/div>\n\t\t\t\t\t<\/div>\n\t\t\t\t\t<h4 class=\"person__title\">\n\t\t\t\t\t\t <!-- If links are enabled, wrap the title in a link. -->\n\t\t\t\t\t\t\t\t\t\t\t\t\t<a href=\"https:\/\/crrf-fcrr.ca\/fr\/people\/les-kojima\/\">\n\t\t\t\t\t\t\t\tLes Kojima\t\t\t\t\t\t\t<\/a>\n\t\t\t\t\t\t\t\t\t\t\t<\/h4>\n\t\t\t\t\t<p class=\"person__text\"><\/p>\n\t\t\t\t\t\t\t\t\t\t\t<span class=\"person__link link--learn-more\"><\/span>\n\t\t\t\t\t\t\t\t\t<\/li>\n\t\t\t\t\t\t\t\t\t\t\t<li class=\"person include-link\">\n\t\t\t\t\t<div class=\"person__image\">\n\t\t\t\t\t\t<div class=\"aspect-ratio-box\">\n\t\t\t\t\t\t\t<img loading=\"lazy\" decoding=\"async\" width=\"600\" height=\"768\" src=\"https:\/\/crrf-fcrr.ca\/wp-content\/uploads\/2023\/04\/pham-anne-marie-web.jpeg\" class=\"attachment-large size-large wp-post-image\" alt=\"\" srcset=\"https:\/\/crrf-fcrr.ca\/wp-content\/uploads\/2023\/04\/pham-anne-marie-web.jpeg 600w, https:\/\/crrf-fcrr.ca\/wp-content\/uploads\/2023\/04\/pham-anne-marie-web-234x300.jpeg 234w, https:\/\/crrf-fcrr.ca\/wp-content\/uploads\/2023\/04\/pham-anne-marie-web-563x720.jpeg 563w, https:\/\/crrf-fcrr.ca\/wp-content\/uploads\/2023\/04\/pham-anne-marie-web-428x548.jpeg 428w\" sizes=\"auto, (max-width: 600px) 100vw, 600px\" \/>\t\t\t\t\t\t<\/div>\n\t\t\t\t\t<\/div>\n\t\t\t\t\t<h4 class=\"person__title\">\n\t\t\t\t\t\t <!-- If links are enabled, wrap the title in a link. -->\n\t\t\t\t\t\t\t\t\t\t\t\t\t<a href=\"https:\/\/crrf-fcrr.ca\/fr\/people\/anne-marie-pham\/\">\n\t\t\t\t\t\t\t\tAnne-Marie Pham\t\t\t\t\t\t\t<\/a>\n\t\t\t\t\t\t\t\t\t\t\t<\/h4>\n\t\t\t\t\t<p class=\"person__text\"><\/p>\n\t\t\t\t\t\t\t\t\t\t\t<span class=\"person__link link--learn-more\"><\/span>\n\t\t\t\t\t\t\t\t\t<\/li>\n\t\t\t\t\t\t\t\t\t\t\t<li class=\"person include-link\">\n\t\t\t\t\t<div class=\"person__image\">\n\t\t\t\t\t\t<div class=\"aspect-ratio-box\">\n\t\t\t\t\t\t\t<img loading=\"lazy\" decoding=\"async\" width=\"399\" height=\"513\" src=\"https:\/\/crrf-fcrr.ca\/wp-content\/uploads\/2023\/04\/RoyP_headshot.png\" class=\"attachment-large size-large wp-post-image\" alt=\"\" srcset=\"https:\/\/crrf-fcrr.ca\/wp-content\/uploads\/2023\/04\/RoyP_headshot.png 399w, https:\/\/crrf-fcrr.ca\/wp-content\/uploads\/2023\/04\/RoyP_headshot-233x300.png 233w\" sizes=\"auto, (max-width: 399px) 100vw, 399px\" \/>\t\t\t\t\t\t<\/div>\n\t\t\t\t\t<\/div>\n\t\t\t\t\t<h4 class=\"person__title\">\n\t\t\t\t\t\t <!-- If links are enabled, wrap the title in a link. -->\n\t\t\t\t\t\t\t\t\t\t\t\t\t<a href=\"https:\/\/crrf-fcrr.ca\/fr\/people\/roy-pogorzelski\/\">\n\t\t\t\t\t\t\t\tRoy Pogorzelski\t\t\t\t\t\t\t<\/a>\n\t\t\t\t\t\t\t\t\t\t\t<\/h4>\n\t\t\t\t\t<p class=\"person__text\"><\/p>\n\t\t\t\t\t\t\t\t\t\t\t<span class=\"person__link link--learn-more\"><\/span>\n\t\t\t\t\t\t\t\t\t<\/li>\n\t\t\t\t\t\t\t\t\t\t\t<li class=\"person include-link\">\n\t\t\t\t\t<div class=\"person__image\">\n\t\t\t\t\t\t<div class=\"aspect-ratio-box\">\n\t\t\t\t\t\t\t<img loading=\"lazy\" decoding=\"async\" width=\"1000\" height=\"667\" src=\"https:\/\/crrf-fcrr.ca\/wp-content\/uploads\/2024\/11\/Photo-Jane-Rabinowicz-no-credit-1024x683.jpg\" class=\"attachment-large size-large wp-post-image\" alt=\"A woman with dark hair styled in a bun, wearing hoop earrings and a black jacket, smiles while seated in an office environment.\n-\" srcset=\"https:\/\/crrf-fcrr.ca\/wp-content\/uploads\/2024\/11\/Photo-Jane-Rabinowicz-no-credit-1024x683.jpg 1024w, https:\/\/crrf-fcrr.ca\/wp-content\/uploads\/2024\/11\/Photo-Jane-Rabinowicz-no-credit-539x360.jpg 539w, https:\/\/crrf-fcrr.ca\/wp-content\/uploads\/2024\/11\/Photo-Jane-Rabinowicz-no-credit-768x513.jpg 768w, https:\/\/crrf-fcrr.ca\/wp-content\/uploads\/2024\/11\/Photo-Jane-Rabinowicz-no-credit-1536x1025.jpg 1536w, https:\/\/crrf-fcrr.ca\/wp-content\/uploads\/2024\/11\/Photo-Jane-Rabinowicz-no-credit-2048x1367.jpg 2048w, https:\/\/crrf-fcrr.ca\/wp-content\/uploads\/2024\/11\/Photo-Jane-Rabinowicz-no-credit-650x434.jpg 650w, https:\/\/crrf-fcrr.ca\/wp-content\/uploads\/2024\/11\/Photo-Jane-Rabinowicz-no-credit-821x548.jpg 821w\" sizes=\"auto, (max-width: 1000px) 100vw, 1000px\" \/>\t\t\t\t\t\t<\/div>\n\t\t\t\t\t<\/div>\n\t\t\t\t\t<h4 class=\"person__title\">\n\t\t\t\t\t\t <!-- If links are enabled, wrap the title in a link. -->\n\t\t\t\t\t\t\t\t\t\t\t\t\t<a href=\"https:\/\/crrf-fcrr.ca\/fr\/people\/jane-rabinowicz\/\">\n\t\t\t\t\t\t\t\tJane Rabinowicz\t\t\t\t\t\t\t<\/a>\n\t\t\t\t\t\t\t\t\t\t\t<\/h4>\n\t\t\t\t\t<p class=\"person__text\"><\/p>\n\t\t\t\t\t\t\t\t\t\t\t<span class=\"person__link link--learn-more\"><\/span>\n\t\t\t\t\t\t\t\t\t<\/li>\n\t\t\t\t\t\t\t\t\t\t\t<li class=\"person include-link\">\n\t\t\t\t\t<div class=\"person__image\">\n\t\t\t\t\t\t<div class=\"aspect-ratio-box\">\n\t\t\t\t\t\t\t<img loading=\"lazy\" decoding=\"async\" width=\"788\" height=\"1000\" src=\"https:\/\/crrf-fcrr.ca\/wp-content\/uploads\/2023\/04\/Nancy_Rosenfeld-807x1024.jpeg\" class=\"attachment-large size-large wp-post-image\" alt=\"\" srcset=\"https:\/\/crrf-fcrr.ca\/wp-content\/uploads\/2023\/04\/Nancy_Rosenfeld-807x1024.jpeg 807w, https:\/\/crrf-fcrr.ca\/wp-content\/uploads\/2023\/04\/Nancy_Rosenfeld-237x300.jpeg 237w, https:\/\/crrf-fcrr.ca\/wp-content\/uploads\/2023\/04\/Nancy_Rosenfeld-768x974.jpeg 768w, https:\/\/crrf-fcrr.ca\/wp-content\/uploads\/2023\/04\/Nancy_Rosenfeld-1211x1536.jpeg 1211w, https:\/\/crrf-fcrr.ca\/wp-content\/uploads\/2023\/04\/Nancy_Rosenfeld-1615x2048.jpeg 1615w, https:\/\/crrf-fcrr.ca\/wp-content\/uploads\/2023\/04\/Nancy_Rosenfeld-568x720.jpeg 568w, https:\/\/crrf-fcrr.ca\/wp-content\/uploads\/2023\/04\/Nancy_Rosenfeld-432x548.jpeg 432w, https:\/\/crrf-fcrr.ca\/wp-content\/uploads\/2023\/04\/Nancy_Rosenfeld-scaled.jpeg 2019w\" sizes=\"auto, (max-width: 788px) 100vw, 788px\" \/>\t\t\t\t\t\t<\/div>\n\t\t\t\t\t<\/div>\n\t\t\t\t\t<h4 class=\"person__title\">\n\t\t\t\t\t\t <!-- If links are enabled, wrap the title in a link. -->\n\t\t\t\t\t\t\t\t\t\t\t\t\t<a href=\"https:\/\/crrf-fcrr.ca\/fr\/people\/nancy-rosenfeld\/\">\n\t\t\t\t\t\t\t\tNancy Rosenfeld\t\t\t\t\t\t\t<\/a>\n\t\t\t\t\t\t\t\t\t\t\t<\/h4>\n\t\t\t\t\t<p class=\"person__text\"><\/p>\n\t\t\t\t\t\t\t\t\t\t\t<span class=\"person__link link--learn-more\"><\/span>\n\t\t\t\t\t\t\t\t\t<\/li>\n\t\t\t\t\t\t\t\t\t\t\t<li class=\"person include-link\">\n\t\t\t\t\t<div class=\"person__image\">\n\t\t\t\t\t\t<div class=\"aspect-ratio-box\">\n\t\t\t\t\t\t\t<img loading=\"lazy\" decoding=\"async\" width=\"208\" height=\"277\" src=\"https:\/\/crrf-fcrr.ca\/wp-content\/uploads\/2023\/04\/Manju_Varma_Photo_credit.Robyn_Esson-1.jpg\" class=\"attachment-large size-large wp-post-image\" alt=\"\" \/>\t\t\t\t\t\t<\/div>\n\t\t\t\t\t<\/div>\n\t\t\t\t\t<h4 class=\"person__title\">\n\t\t\t\t\t\t <!-- If links are enabled, wrap the title in a link. -->\n\t\t\t\t\t\t\t\t\t\t\t\t\t<a href=\"https:\/\/crrf-fcrr.ca\/fr\/people\/manju-varma\/\">\n\t\t\t\t\t\t\t\tManju Varma\t\t\t\t\t\t\t<\/a>\n\t\t\t\t\t\t\t\t\t\t\t<\/h4>\n\t\t\t\t\t<p class=\"person__text\"><\/p>\n\t\t\t\t\t\t\t\t\t\t\t<span class=\"person__link link--learn-more\"><\/span>\n\t\t\t\t\t\t\t\t\t<\/li>\n\t\t\t\t\t\t<\/ul>\n\t\t\t<\/section>\n","protected":false},"excerpt":{"rendered":"<p>Structure du conseil d&rsquo;administration Un directeur g\u00e9n\u00e9ral, membre de droit du conseil d&rsquo;administration, g\u00e8re les activit\u00e9s quotidiennes de la FCRR.&nbsp;Le gouverneur en conseil, sur recommandation du ministre charg\u00e9 du multiculturalisme, nomme tous les membres du conseil d&rsquo;administration et le directeur ex\u00e9cutif. La loi sur la Fondation canadienne des relations raciales stipule que le conseil d&rsquo;administration [&hellip;]<\/p>\n","protected":false},"author":1,"featured_media":8658,"parent":0,"menu_order":0,"comment_status":"closed","ping_status":"closed","template":"","meta":{"_acf_changed":false,"footnotes":""},"class_list":["post-3133","page","type-page","status-publish","has-post-thumbnail","hentry"],"acf":[],"_links":{"self":[{"href":"https:\/\/crrf-fcrr.ca\/fr\/wp-json\/wp\/v2\/pages\/3133","targetHints":{"allow":["GET"]}}],"collection":[{"href":"https:\/\/crrf-fcrr.ca\/fr\/wp-json\/wp\/v2\/pages"}],"about":[{"href":"https:\/\/crrf-fcrr.ca\/fr\/wp-json\/wp\/v2\/types\/page"}],"author":[{"embeddable":true,"href":"https:\/\/crrf-fcrr.ca\/fr\/wp-json\/wp\/v2\/users\/1"}],"replies":[{"embeddable":true,"href":"https:\/\/crrf-fcrr.ca\/fr\/wp-json\/wp\/v2\/comments?post=3133"}],"version-history":[{"count":5,"href":"https:\/\/crrf-fcrr.ca\/fr\/wp-json\/wp\/v2\/pages\/3133\/revisions"}],"predecessor-version":[{"id":14865,"href":"https:\/\/crrf-fcrr.ca\/fr\/wp-json\/wp\/v2\/pages\/3133\/revisions\/14865"}],"wp:featuredmedia":[{"embeddable":true,"href":"https:\/\/crrf-fcrr.ca\/fr\/wp-json\/wp\/v2\/media\/8658"}],"wp:attachment":[{"href":"https:\/\/crrf-fcrr.ca\/fr\/wp-json\/wp\/v2\/media?parent=3133"}],"curies":[{"name":"wp","href":"https:\/\/api.w.org\/{rel}","templated":true}]}}