{"id":3398,"date":"2023-05-01T16:04:55","date_gmt":"2023-05-01T20:04:55","guid":{"rendered":"https:\/\/crrf-fcrr.ca\/racism-problems-and-solutions\/"},"modified":"2023-05-12T14:30:55","modified_gmt":"2023-05-12T18:30:55","slug":"racism-problems-and-solutions","status":"publish","type":"page","link":"https:\/\/crrf-fcrr.ca\/fr\/racism-problems-and-solutions\/","title":{"rendered":"Le racisme : Probl\u00e8mes et solutions"},"content":{"rendered":"\n\n\n\n<div class=\"wp-block-columns pattern-two-column is-layout-flex wp-container-core-columns-is-layout-9d6595d7 wp-block-columns-is-layout-flex\">\n<div class=\"wp-block-column pattern-two-column__title is-layout-flow wp-block-column-is-layout-flow\">\n<h2 class=\"wp-block-heading\">\u00c0 propos des documentaires<\/h2>\n<\/div>\n\n\n\n<div class=\"wp-block-column pattern-two-column__content is-layout-flow wp-block-column-is-layout-flow\">\n<p>\u00ab Racism: Problems and Solutions \u00bb est une s\u00e9rie de vid\u00e9os en anglais qui mettant en lumi\u00e8re les histoires personnelles de personnes ayant \u00e9t\u00e9 confront\u00e9es au racisme et \u00e0 la discrimination. Cette s\u00e9rie a pour but d&rsquo;inspirer la conversation et de g\u00e9n\u00e9rer un soutien pour la poursuite des actions de plaidoyer. Ces vid\u00e9os de style documentaire mettent en lumi\u00e8re des histoires qui plaident en faveur d&rsquo;un Canada plus \u00e9quitable, en pr\u00e9sentant des h\u00e9ros qui ont innov\u00e9 dans leurs points de vue et ont v\u00e9cu des exp\u00e9riences qui m\u00e9ritent d&rsquo;\u00eatre partag\u00e9es. Nous avons l&rsquo;intention d&rsquo;inspirer la conversation et de g\u00e9n\u00e9rer un soutien pour la poursuite des actions de plaidoyer afin de rendre le monde plus \u00e9quitable et plus juste pour tous les peuples du Canada, en particulier les peuples racialis\u00e9s et autochtones.<\/p>\n\n\n\n<p>Toutes les vid\u00e9os sont accessibles sur notre <a href=\"https:\/\/www.youtube.com\/watch?v=d_tTpw0yQSw&amp;list=PLzB18NOpCcmQgMLIuSpnwhsOLGHGPDgQy\">cha\u00eene YouTube.<\/a><\/p>\n<\/div>\n<\/div>\n\n\n\n\t<section aria-labelledby=\"title-block_7efe37ecb06dee9804f105526b3b0e33\" id=\"cta-download-large-block_7efe37ecb06dee9804f105526b3b0e33\" class=\"cta-download-large no-img\">\n\t\t<div class=\"cta-download-large__content\">\n\t\t\t\t\t\t\t<h3 id=\"title-block_7efe37ecb06dee9804f105526b3b0e33\">The Science of Racism<\/h3>\n\t\t\t\t\t\t\t\t\t\t<span class=\"subtitle\">In partnership with Silvertrust Media<\/span>\n\t\t\t\t\t\t\t\t\t\t<p>La science du racisme est une courte vid\u00e9o \u00e9ducative qui explore les fa\u00e7ons dont notre cerveau compartimente, classe et discrimine inconsciemment afin de donner un sens au monde qui nous entoure.<\/p>\n\t\t\t\t\t\t<div class=\"button-wrap\">\n\t\t\t\t\t\t\t\t\t<a class=\"button--external\" href=\"https:\/\/www.youtube.com\/watch?v=d_tTpw0yQSw&#038;list=PLzB18NOpCcmQgMLIuSpnwhsOLGHGPDgQy&#038;index=2&#038;t=118s\" target=\"_blank\">\n\t\t\t\t\t\tVoir la vid\u00e9o\t\t\t\t\t<\/a>\n\t\t\t\t\t\t\t\t\t\t\t<\/div>\n\t\t<\/div>\n\t\t<div class=\"cta-download-large__image \">\n\t\t\t\t\t<\/div>\n\t<\/section>\n\n\n\n\t<section aria-labelledby=\"title-block_ba219afa8e7d8dd9fb9e2ec56aa0cba6\" id=\"cta-download-large-block_ba219afa8e7d8dd9fb9e2ec56aa0cba6\" class=\"cta-download-large no-img\">\n\t\t<div class=\"cta-download-large__content\">\n\t\t\t\t\t\t\t<h3 id=\"title-block_ba219afa8e7d8dd9fb9e2ec56aa0cba6\">RDS vs. A Story of Race and Justice<\/h3>\n\t\t\t\t\t\t\t\t\t\t<span class=\"subtitle\">In partnership with Adjacent Possibilities Inc.<\/span>\n\t\t\t\t\t\t\t\t\t\t<p>Ce film raconte l&#039;histoire personnelle de Rodney Darren Smalls (RDS) et son parcours pour se d\u00e9barrasser des st\u00e9r\u00e9otypes qui l&#039;ont suivi en tant qu&#039;adolescent noir trafiquant de drogue et pour canaliser son esprit d&#039;entreprise au profit de la communaut\u00e9.<\/p>\n\t\t\t\t\t\t<div class=\"button-wrap\">\n\t\t\t\t\t\t\t\t\t<a class=\"button--external\" href=\"https:\/\/www.youtube.com\/watch?v=eDXeIFC-ieo&#038;list=PLzB18NOpCcmQgMLIuSpnwhsOLGHGPDgQy&#038;index=7\" target=\"_blank\">\n\t\t\t\t\t\tVoir la vid\u00e9o\t\t\t\t\t<\/a>\n\t\t\t\t\t\t\t\t\t\t\t<\/div>\n\t\t<\/div>\n\t\t<div class=\"cta-download-large__image \">\n\t\t\t\t\t<\/div>\n\t<\/section>\n\n\n\n\t<section aria-labelledby=\"title-block_e753241b03837dc5d8925ff65489acb4\" id=\"cta-download-large-block_e753241b03837dc5d8925ff65489acb4\" class=\"cta-download-large no-img\">\n\t\t<div class=\"cta-download-large__content\">\n\t\t\t\t\t\t\t<h3 id=\"title-block_e753241b03837dc5d8925ff65489acb4\">Mother Tongues: The Journey of Tam Goossen<\/h3>\n\t\t\t\t\t\t\t\t\t\t<span class=\"subtitle\">In partnership with J by J Productions<\/span>\n\t\t\t\t\t\t\t\t\t\t<p>\u00c0 travers l&#039;histoire de sa vie, Tam Goossen, activiste et \u00e9ducatrice de Toronto, parle des d\u00e9fis et des r\u00e9ussites des communaut\u00e9s sino-canadiennes.<\/p>\n\t\t\t\t\t\t<div class=\"button-wrap\">\n\t\t\t\t\t\t\t\t\t<a class=\"button--external\" href=\"https:\/\/www.youtube.com\/watch?v=LHODQFsFUUM&#038;list=PLzB18NOpCcmQgMLIuSpnwhsOLGHGPDgQy&#038;index=4\" target=\"_blank\">\n\t\t\t\t\t\tVoir la vid\u00e9o\t\t\t\t\t<\/a>\n\t\t\t\t\t\t\t\t\t\t\t<\/div>\n\t\t<\/div>\n\t\t<div class=\"cta-download-large__image \">\n\t\t\t\t\t<\/div>\n\t<\/section>\n\n\n\n\t<section aria-labelledby=\"title-block_b963a8c2e248e3a2111d6a5ab42d0089\" id=\"cta-download-large-block_b963a8c2e248e3a2111d6a5ab42d0089\" class=\"cta-download-large no-img\">\n\t\t<div class=\"cta-download-large__content\">\n\t\t\t\t\t\t\t<h3 id=\"title-block_b963a8c2e248e3a2111d6a5ab42d0089\">Walking in Two Worlds &#8211; Chloe Dragon Smith<\/h3>\n\t\t\t\t\t\t\t\t\t\t<span class=\"subtitle\">In partnership with Artless Collective Cinematography<\/span>\n\t\t\t\t\t\t\t\t\t\t<p>Ce film retrace l&#039;histoire de Chloe Dragon Smith, une jeune femme m\u00e9tisse de la petite ville nordique de Yellowknife, dans les Territoires du Nord-Ouest. D&#039;origine chipewyan et europ\u00e9enne, elle a grandi pr\u00e8s de ses valeurs culturelles indig\u00e8nes et a appris les techniques traditionnelles pour vivre sur la terre. Cette \u00e9ducation nordique a fa\u00e7onn\u00e9 les valeurs qu&#039;elle d\u00e9fend aujourd&#039;hui.<\/p>\n\t\t\t\t\t\t<div class=\"button-wrap\">\n\t\t\t\t\t\t\t\t\t<a class=\"button--external\" href=\"https:\/\/www.youtube.com\/watch?v=ZqZBthFg8dc&#038;list=PLzB18NOpCcmQgMLIuSpnwhsOLGHGPDgQy&#038;index=5\" target=\"_blank\">\n\t\t\t\t\t\tVoir la vid\u00e9o\t\t\t\t\t<\/a>\n\t\t\t\t\t\t\t\t\t\t\t<\/div>\n\t\t<\/div>\n\t\t<div class=\"cta-download-large__image \">\n\t\t\t\t\t<\/div>\n\t<\/section>\n\n\n\n\t<section aria-labelledby=\"title-block_e311e9a70b29f937b020538f2a55591e\" id=\"cta-download-large-block_e311e9a70b29f937b020538f2a55591e\" class=\"cta-download-large no-img\">\n\t\t<div class=\"cta-download-large__content\">\n\t\t\t\t\t\t\t<h3 id=\"title-block_e311e9a70b29f937b020538f2a55591e\">Accidental Activist &#8211; El-Farouk<\/h3>\n\t\t\t\t\t\t\t\t\t\t<span class=\"subtitle\">In partnership with J by J Productions <\/span>\n\t\t\t\t\t\t\t\t\t\t<p>Accidental Activist est l&#039;histoire d&#039;un immigrant tanzanien arriv\u00e9 au Canada alors qu&#039;il n&#039;\u00e9tait qu&#039;un jeune gar\u00e7on.  Apr\u00e8s avoir surmont\u00e9 ses probl\u00e8mes personnels d&#039;identit\u00e9 et d&#039;appartenance, El-Farouk s&#039;est consacr\u00e9 \u00e0 la cr\u00e9ation d&#039;un monde de bien-\u00eatre et d&#039;unit\u00e9.<\/p>\n\t\t\t\t\t\t<div class=\"button-wrap\">\n\t\t\t\t\t\t\t\t\t<a class=\"button--external\" href=\"https:\/\/www.youtube.com\/watch?v=drjBVKhiOfs&#038;list=PLzB18NOpCcmQgMLIuSpnwhsOLGHGPDgQy&#038;index=10\" target=\"_blank\">\n\t\t\t\t\t\tVoir la vid\u00e9o\t\t\t\t\t<\/a>\n\t\t\t\t\t\t\t\t\t\t\t<\/div>\n\t\t<\/div>\n\t\t<div class=\"cta-download-large__image \">\n\t\t\t\t\t<\/div>\n\t<\/section>\n\n\n\n\t<section aria-labelledby=\"title-block_a5fcb912fbf8912ceabc1933b3052ae0\" id=\"cta-download-large-block_a5fcb912fbf8912ceabc1933b3052ae0\" class=\"cta-download-large no-img\">\n\t\t<div class=\"cta-download-large__content\">\n\t\t\t\t\t\t\t<h3 id=\"title-block_a5fcb912fbf8912ceabc1933b3052ae0\">Beyond Unceded Territories &#8211; Lawrence Paul Yuxweluptun<\/h3>\n\t\t\t\t\t\t\t\t\t\t<span class=\"subtitle\">In partnership with Paisley Smith <\/span>\n\t\t\t\t\t\t\t\t\t\t<p>Beyond Unceded Territories plonge profond\u00e9ment dans la perspective de l&#039;artiste et activiste Lawrence Paul Yuxweluptun. Yuxweluptun est l&#039;un des artistes contemporains les plus francs et les plus influents du Canada. Il est issu des Premi\u00e8res nations Cowichan et Okanagan. Ses \u0153uvres sont tr\u00e8s politiques et abordent de front les questions de la colonisation, du changement climatique et de l&#039;oppress<\/p>\n\t\t\t\t\t\t<div class=\"button-wrap\">\n\t\t\t\t\t\t\t\t\t<a class=\"button--external\" href=\"https:\/\/www.youtube.com\/watch?v=Cyl7IdwQJV4&#038;list=PLzB18NOpCcmQgMLIuSpnwhsOLGHGPDgQy&#038;index=13\" target=\"_blank\">\n\t\t\t\t\t\tVoir la vid\u00e9o\t\t\t\t\t<\/a>\n\t\t\t\t\t\t\t\t\t\t\t<\/div>\n\t\t<\/div>\n\t\t<div class=\"cta-download-large__image \">\n\t\t\t\t\t<\/div>\n\t<\/section>\n\n\n\n\t<section aria-labelledby=\"title-block_65d5e8dda54b5cf2da17dd771256c11c\" id=\"cta-download-large-block_65d5e8dda54b5cf2da17dd771256c11c\" class=\"cta-download-large no-img\">\n\t\t<div class=\"cta-download-large__content\">\n\t\t\t\t\t\t\t<h3 id=\"title-block_65d5e8dda54b5cf2da17dd771256c11c\">Inuk Butterfly &#8211; Olivia Thomassie<\/h3>\n\t\t\t\t\t\t\t\t\t\t<span class=\"subtitle\">In partnership with Y\u00e4ndata Inc. <\/span>\n\t\t\t\t\t\t\t\t\t\t<p>Olivia Lya Thomassie est une femme inuk qui suit sa voie \u00e0 travers l&#039;art. Le perlage, la photographie et le tatouage sont ses moyens de d\u00e9fense contre les pr\u00e9jug\u00e9s et les difficult\u00e9s. Ce documentaire explore sa qu\u00eate complexe d&#039;identit\u00e9 face au choc culturel. Sa r\u00e9silience et sa soif d&#039;aventure refl\u00e8tent le vol d&#039;un papillon dans la nature ou dans l&#039;immensit\u00e9 du paysage urbain.<\/p>\n\t\t\t\t\t\t<div class=\"button-wrap\">\n\t\t\t\t\t\t\t\t\t<a class=\"button--external\" href=\"https:\/\/www.youtube.com\/watch?v=PCO3n6z-C7c&#038;list=PLzB18NOpCcmQgMLIuSpnwhsOLGHGPDgQy&#038;index=11\" target=\"_blank\">\n\t\t\t\t\t\tVoir la vid\u00e9o\t\t\t\t\t<\/a>\n\t\t\t\t\t\t\t\t\t\t\t<\/div>\n\t\t<\/div>\n\t\t<div class=\"cta-download-large__image \">\n\t\t\t\t\t<\/div>\n\t<\/section>\n","protected":false},"excerpt":{"rendered":"<p>\u00c0 propos des documentaires \u00ab Racism: Problems and Solutions \u00bb est une s\u00e9rie de vid\u00e9os en anglais qui mettant en lumi\u00e8re les histoires personnelles de personnes ayant \u00e9t\u00e9 confront\u00e9es au racisme et \u00e0 la discrimination. Cette s\u00e9rie a pour but d&rsquo;inspirer la conversation et de g\u00e9n\u00e9rer un soutien pour la poursuite des actions de plaidoyer. [&hellip;]<\/p>\n","protected":false},"author":1,"featured_media":0,"parent":0,"menu_order":0,"comment_status":"closed","ping_status":"closed","template":"","meta":{"_acf_changed":false,"footnotes":""},"class_list":["post-3398","page","type-page","status-publish","hentry"],"acf":[],"_links":{"self":[{"href":"https:\/\/crrf-fcrr.ca\/fr\/wp-json\/wp\/v2\/pages\/3398","targetHints":{"allow":["GET"]}}],"collection":[{"href":"https:\/\/crrf-fcrr.ca\/fr\/wp-json\/wp\/v2\/pages"}],"about":[{"href":"https:\/\/crrf-fcrr.ca\/fr\/wp-json\/wp\/v2\/types\/page"}],"author":[{"embeddable":true,"href":"https:\/\/crrf-fcrr.ca\/fr\/wp-json\/wp\/v2\/users\/1"}],"replies":[{"embeddable":true,"href":"https:\/\/crrf-fcrr.ca\/fr\/wp-json\/wp\/v2\/comments?post=3398"}],"version-history":[{"count":5,"href":"https:\/\/crrf-fcrr.ca\/fr\/wp-json\/wp\/v2\/pages\/3398\/revisions"}],"predecessor-version":[{"id":4654,"href":"https:\/\/crrf-fcrr.ca\/fr\/wp-json\/wp\/v2\/pages\/3398\/revisions\/4654"}],"wp:attachment":[{"href":"https:\/\/crrf-fcrr.ca\/fr\/wp-json\/wp\/v2\/media?parent=3398"}],"curies":[{"name":"wp","href":"https:\/\/api.w.org\/{rel}","templated":true}]}}