{"id":3463,"date":"2023-05-01T16:30:14","date_gmt":"2023-05-01T20:30:14","guid":{"rendered":"https:\/\/crrf-fcrr.ca\/?page_id=3463"},"modified":"2023-05-02T13:34:33","modified_gmt":"2023-05-02T17:34:33","slug":"sinformer-sur-le-racisme","status":"publish","type":"page","link":"https:\/\/crrf-fcrr.ca\/fr\/sinformer-sur-le-racisme\/","title":{"rendered":"S&rsquo;informer sur le racisme"},"content":{"rendered":"\n\n\n\n<p>Retourner \u00e0 la page <a href=\"https:\/\/crrf-fcrr.ca\/fr\/materiel-pedagogique\/\" data-type=\"page\" data-id=\"88\">Mat\u00e9riel P\u00e9dagogique<\/a><\/p>\n","protected":false},"excerpt":{"rendered":"<p>Retourner \u00e0 la page Mat\u00e9riel P\u00e9dagogique<\/p>\n","protected":false},"author":1,"featured_media":0,"parent":0,"menu_order":0,"comment_status":"closed","ping_status":"closed","template":"","meta":{"_acf_changed":false,"footnotes":""},"class_list":["post-3463","page","type-page","status-publish","hentry"],"acf":[],"_links":{"self":[{"href":"https:\/\/crrf-fcrr.ca\/fr\/wp-json\/wp\/v2\/pages\/3463","targetHints":{"allow":["GET"]}}],"collection":[{"href":"https:\/\/crrf-fcrr.ca\/fr\/wp-json\/wp\/v2\/pages"}],"about":[{"href":"https:\/\/crrf-fcrr.ca\/fr\/wp-json\/wp\/v2\/types\/page"}],"author":[{"embeddable":true,"href":"https:\/\/crrf-fcrr.ca\/fr\/wp-json\/wp\/v2\/users\/1"}],"replies":[{"embeddable":true,"href":"https:\/\/crrf-fcrr.ca\/fr\/wp-json\/wp\/v2\/comments?post=3463"}],"version-history":[{"count":3,"href":"https:\/\/crrf-fcrr.ca\/fr\/wp-json\/wp\/v2\/pages\/3463\/revisions"}],"predecessor-version":[{"id":3649,"href":"https:\/\/crrf-fcrr.ca\/fr\/wp-json\/wp\/v2\/pages\/3463\/revisions\/3649"}],"wp:attachment":[{"href":"https:\/\/crrf-fcrr.ca\/fr\/wp-json\/wp\/v2\/media?parent=3463"}],"curies":[{"name":"wp","href":"https:\/\/api.w.org\/{rel}","templated":true}]}}