{"id":3545,"date":"2023-05-02T11:56:29","date_gmt":"2023-05-02T15:56:29","guid":{"rendered":"https:\/\/crrf-fcrr.ca\/doing-the-right-thing\/"},"modified":"2023-06-15T09:37:00","modified_gmt":"2023-06-15T13:37:00","slug":"faire-le-bon-geste","status":"publish","type":"page","link":"https:\/\/crrf-fcrr.ca\/fr\/faire-le-bon-geste\/","title":{"rendered":"Faire le bon geste"},"content":{"rendered":"\n\n\n\n<div class=\"wp-block-columns pattern-two-column is-layout-flex wp-container-core-columns-is-layout-9d6595d7 wp-block-columns-is-layout-flex\">\n<div class=\"wp-block-column pattern-two-column__title is-layout-flow wp-block-column-is-layout-flow\">\n<h2 class=\"wp-block-heading\">Pourquoi faire le bon geste?<\/h2>\n<\/div>\n\n\n\n<div class=\"wp-block-column pattern-two-column__content is-layout-flow wp-block-column-is-layout-flow\">\n<p><em>Faire le bon geste<\/em> est une ressource \u00e9ducative ayant re\u00e7u du financement de la part du gouvernement f\u00e9d\u00e9ral. Elle a \u00e9t\u00e9 con\u00e7ue pour inciter les \u00e9l\u00e8ves \u00e0 r\u00e9fl\u00e9chir plus profond\u00e9ment sur des \u00e9v\u00e9nements que, comme Canadiens, nous devons tous vivre. <\/p>\n\n\n\n<p>Elle aborde des probl\u00e8mes complexes tournant autour de nos erreurs pass\u00e9es et des efforts que nous faisons, ou que nous ne faisons pas, pour les r\u00e9soudre \u2013 tant comme personnes que comme communaut\u00e9s et que Canadiens. <\/p>\n\n\n\n<p>Les \u00e9tudes de cas pr\u00e9sentent de nombreux exemples, sur une \u00e9chelle globale autant que personnelle, et utilisent la litt\u00e9rature et l\u2019histoire pour faire prendre conscience aux \u00e9l\u00e8ves des divers choix qui \u00e9taient possibles \u00e0 l\u2019\u00e9poque. <\/p>\n\n\n\n<p>On les invite ensuite \u00e0 en discuter, \u00e0 les explorer, \u00e0 en d\u00e9battre et \u00e0 y r\u00e9fl\u00e9chir, afin de tirer profit des le\u00e7ons du pass\u00e9.<\/p>\n<\/div>\n<\/div>\n\n\n\n\t<section aria-labelledby=\"title-block_3b9f25c839d1cb2da46d5eb7df9203de\" id=\"cta-download-large-block_3b9f25c839d1cb2da46d5eb7df9203de\" class=\"cta-download-large \">\n\t\t<div class=\"cta-download-large__content\">\n\t\t\t\t\t\t\t<h3 id=\"title-block_3b9f25c839d1cb2da46d5eb7df9203de\">Trousse de ressource de l\u2019enseignant<\/h3>\n\t\t\t\t\t\t\t\t\t\t\t\t<div class=\"button-wrap\">\n\t\t\t\t\t\t\t\t\t\t\t\t\t<a class=\"link--download\" href=\"https:\/\/crrf-fcrr.ca\/wp-content\/uploads\/2023\/05\/Fairelebongeste_Teachers.pdf\" download>\n\t\t\t\t\t\tT\u00e9l\u00e9charger guide pour l\u2019enseignant\t\t\t\t\t<\/a>\n\t\t\t\t\t\t\t<\/div>\n\t\t<\/div>\n\t\t<div class=\"cta-download-large__image \">\n\t\t\t\t\t\t\t<img decoding=\"async\" class=\"accent-graphic\" src=\"https:\/\/crrf-fcrr.ca\/wp-content\/themes\/crrf\/dist\/images\/svg\/graphics\/single-corner-red.svg\" alt=\"\" \/>\n\t\t\t\t<div class=\"aspect-ratio-box\">\n\t\t\t\t\t<img loading=\"lazy\" decoding=\"async\" width=\"650\" height=\"842\" src=\"https:\/\/crrf-fcrr.ca\/wp-content\/uploads\/2023\/05\/DTRT-teachers-FR.png\" class=\"attachment-large size-large\" alt=\"\" srcset=\"https:\/\/crrf-fcrr.ca\/wp-content\/uploads\/2023\/05\/DTRT-teachers-FR.png 650w, https:\/\/crrf-fcrr.ca\/wp-content\/uploads\/2023\/05\/DTRT-teachers-FR-232x300.png 232w, https:\/\/crrf-fcrr.ca\/wp-content\/uploads\/2023\/05\/DTRT-teachers-FR-556x720.png 556w, https:\/\/crrf-fcrr.ca\/wp-content\/uploads\/2023\/05\/DTRT-teachers-FR-423x548.png 423w\" sizes=\"auto, (max-width: 650px) 100vw, 650px\" \/>\t\t\t\t<\/div>\n\t\t\t\t\t<\/div>\n\t<\/section>\n\n\n\n\t<section aria-labelledby=\"title-block_4b019ecf1db8db70923a2554766dc847\" id=\"cta-download-large-block_4b019ecf1db8db70923a2554766dc847\" class=\"cta-download-large \">\n\t\t<div class=\"cta-download-large__content\">\n\t\t\t\t\t\t\t<h3 id=\"title-block_4b019ecf1db8db70923a2554766dc847\">Trousse de ressource de l&#039;\u00e9tudiant<\/h3>\n\t\t\t\t\t\t\t\t\t\t\t\t<div class=\"button-wrap\">\n\t\t\t\t\t\t\t\t\t\t\t\t\t<a class=\"link--download\" href=\"https:\/\/crrf-fcrr.ca\/wp-content\/uploads\/2023\/05\/Fairelebongeste_Student.pdf\" download>\n\t\t\t\t\t\tT\u00e9l\u00e9charger guide pour l&#039;\u00e9tudiant\t\t\t\t\t<\/a>\n\t\t\t\t\t\t\t<\/div>\n\t\t<\/div>\n\t\t<div class=\"cta-download-large__image \">\n\t\t\t\t\t\t\t<img decoding=\"async\" class=\"accent-graphic\" src=\"https:\/\/crrf-fcrr.ca\/wp-content\/themes\/crrf\/dist\/images\/svg\/graphics\/single-corner-red.svg\" alt=\"\" \/>\n\t\t\t\t<div class=\"aspect-ratio-box\">\n\t\t\t\t\t<img loading=\"lazy\" decoding=\"async\" width=\"650\" height=\"841\" src=\"https:\/\/crrf-fcrr.ca\/wp-content\/uploads\/2023\/05\/DTRT-students-FR.png\" class=\"attachment-large size-large\" alt=\"\" srcset=\"https:\/\/crrf-fcrr.ca\/wp-content\/uploads\/2023\/05\/DTRT-students-FR.png 650w, https:\/\/crrf-fcrr.ca\/wp-content\/uploads\/2023\/05\/DTRT-students-FR-232x300.png 232w, https:\/\/crrf-fcrr.ca\/wp-content\/uploads\/2023\/05\/DTRT-students-FR-556x720.png 556w, https:\/\/crrf-fcrr.ca\/wp-content\/uploads\/2023\/05\/DTRT-students-FR-424x548.png 424w\" sizes=\"auto, (max-width: 650px) 100vw, 650px\" \/>\t\t\t\t<\/div>\n\t\t\t\t\t<\/div>\n\t<\/section>\n","protected":false},"excerpt":{"rendered":"<p>Pourquoi faire le bon geste? Faire le bon geste est une ressource \u00e9ducative ayant re\u00e7u du financement de la part du gouvernement f\u00e9d\u00e9ral. Elle a \u00e9t\u00e9 con\u00e7ue pour inciter les \u00e9l\u00e8ves \u00e0 r\u00e9fl\u00e9chir plus profond\u00e9ment sur des \u00e9v\u00e9nements que, comme Canadiens, nous devons tous vivre. Elle aborde des probl\u00e8mes complexes tournant autour de nos erreurs [&hellip;]<\/p>\n","protected":false},"author":1,"featured_media":0,"parent":0,"menu_order":0,"comment_status":"closed","ping_status":"closed","template":"","meta":{"_acf_changed":false,"footnotes":""},"class_list":["post-3545","page","type-page","status-publish","hentry"],"acf":[],"_links":{"self":[{"href":"https:\/\/crrf-fcrr.ca\/fr\/wp-json\/wp\/v2\/pages\/3545","targetHints":{"allow":["GET"]}}],"collection":[{"href":"https:\/\/crrf-fcrr.ca\/fr\/wp-json\/wp\/v2\/pages"}],"about":[{"href":"https:\/\/crrf-fcrr.ca\/fr\/wp-json\/wp\/v2\/types\/page"}],"author":[{"embeddable":true,"href":"https:\/\/crrf-fcrr.ca\/fr\/wp-json\/wp\/v2\/users\/1"}],"replies":[{"embeddable":true,"href":"https:\/\/crrf-fcrr.ca\/fr\/wp-json\/wp\/v2\/comments?post=3545"}],"version-history":[{"count":5,"href":"https:\/\/crrf-fcrr.ca\/fr\/wp-json\/wp\/v2\/pages\/3545\/revisions"}],"predecessor-version":[{"id":6122,"href":"https:\/\/crrf-fcrr.ca\/fr\/wp-json\/wp\/v2\/pages\/3545\/revisions\/6122"}],"wp:attachment":[{"href":"https:\/\/crrf-fcrr.ca\/fr\/wp-json\/wp\/v2\/media?parent=3545"}],"curies":[{"name":"wp","href":"https:\/\/api.w.org\/{rel}","templated":true}]}}