{"id":36,"date":"2023-03-15T14:38:14","date_gmt":"2023-03-15T18:38:14","guid":{"rendered":"https:\/\/crrf.7.plankdesign.com\/current-campaign\/"},"modified":"2025-10-02T11:28:49","modified_gmt":"2025-10-02T15:28:49","slug":"campagnes","status":"publish","type":"page","link":"https:\/\/crrf-fcrr.ca\/fr\/campagnes\/","title":{"rendered":"Campagnes et initiatives"},"content":{"rendered":"\n<div style=\"height:75px\" aria-hidden=\"true\" class=\"wp-block-spacer\"><\/div>\n\n\n\n<h1 class=\"wp-block-heading\">Campagnes et initiatives<\/h1>\n\n\n\n\t<section aria-labelledby=\"title-block_4e0ba7b094647f6300a316bfa8ea3df4\" id=\"cta-download-large-block_4e0ba7b094647f6300a316bfa8ea3df4\" class=\"cta-download-large \">\n\t\t<div class=\"cta-download-large__content\">\n\t\t\t\t\t\t\t<h3 id=\"title-block_4e0ba7b094647f6300a316bfa8ea3df4\">Renforcer l\u2019approche du Canada en mati\u00e8re de lutte contre la haine<\/h3>\n\t\t\t\t\t\t\t\t\t\t\t\t\t<p>Le nombre de crimes haineux signal\u00e9s au Canada a battu de nouveaux records en 2020 et 2021, sans compter les quelque 80 % de crimes haineux qui ne sont pas signal\u00e9s chaque ann\u00e9e dans l\u2019ensemble du pays. Au cours des trois derni\u00e8res ann\u00e9es, la Fondation canadienne des relations raciales (FCRR) a activement particip\u00e9 aux efforts d\u00e9ploy\u00e9s sur plusieurs fronts pour pr\u00e9venir et combattre les crimes haineux au Canada.<\/p>\n\t\t\t\t\t\t<div class=\"button-wrap\">\n\t\t\t\t\t\t\t\t\t<a class=\"button\" href=\"https:\/\/crrf-fcrr.ca\/fr\/lutter-contre-la-haine-canada\/\" target=\"\">\n\t\t\t\t\t\tEn savoir plus\t\t\t\t\t<\/a>\n\t\t\t\t\t\t\t\t\t\t\t<\/div>\n\t\t<\/div>\n\t\t<div class=\"cta-download-large__image \">\n\t\t\t\t\t\t\t<img decoding=\"async\" class=\"accent-graphic\" src=\"https:\/\/crrf-fcrr.ca\/wp-content\/themes\/crrf\/dist\/images\/svg\/graphics\/single-corner-red.svg\" alt=\"\" \/>\n\t\t\t\t<div class=\"aspect-ratio-box\">\n\t\t\t\t\t<img loading=\"lazy\" decoding=\"async\" width=\"600\" height=\"600\" src=\"https:\/\/crrf-fcrr.ca\/wp-content\/uploads\/2025\/10\/BB-workshops-image-for-website.png\" class=\"attachment-large size-large\" alt=\"\" srcset=\"https:\/\/crrf-fcrr.ca\/wp-content\/uploads\/2025\/10\/BB-workshops-image-for-website.png 600w, https:\/\/crrf-fcrr.ca\/wp-content\/uploads\/2025\/10\/BB-workshops-image-for-website-360x360.png 360w, https:\/\/crrf-fcrr.ca\/wp-content\/uploads\/2025\/10\/BB-workshops-image-for-website-150x150.png 150w, https:\/\/crrf-fcrr.ca\/wp-content\/uploads\/2025\/10\/BB-workshops-image-for-website-548x548.png 548w\" sizes=\"auto, (max-width: 600px) 100vw, 600px\" \/>\t\t\t\t<\/div>\n\t\t\t\t\t<\/div>\n\t<\/section>\n\n\n\n\t<section aria-labelledby=\"title-block_0a23cd5163269298eaefe00d35d5cdb9\" id=\"cta-download-large-block_0a23cd5163269298eaefe00d35d5cdb9\" class=\"cta-download-large \">\n\t\t<div class=\"cta-download-large__content\">\n\t\t\t\t\t\t\t<h3 id=\"title-block_0a23cd5163269298eaefe00d35d5cdb9\"> Trouver un terrain d\u2019entente : Une s\u00e9rie de rencontres nationales<\/h3>\n\t\t\t\t\t\t\t\t\t\t\t\t\t<p>En collaboration avec le Globe and Mail, Trouver un terrain d\u2019entente est une s\u00e9rie de conversations nationales qui rassemblent des personnes de partout au Canada pour discuter et partager des politiques, des solutions et des approches novatrices.<\/p>\n\t\t\t\t\t\t<div class=\"button-wrap\">\n\t\t\t\t\t\t\t\t\t<a class=\"button\" href=\"https:\/\/crrf-fcrr.ca\/fr\/trouver-terrain-entente-serie-rencontres-nationales\/\" target=\"\">\n\t\t\t\t\t\tEn savoir plus\t\t\t\t\t<\/a>\n\t\t\t\t\t\t\t\t\t\t\t<\/div>\n\t\t<\/div>\n\t\t<div class=\"cta-download-large__image \">\n\t\t\t\t\t\t\t<img decoding=\"async\" class=\"accent-graphic\" src=\"https:\/\/crrf-fcrr.ca\/wp-content\/themes\/crrf\/dist\/images\/svg\/graphics\/single-corner-red.svg\" alt=\"\" \/>\n\t\t\t\t<div class=\"aspect-ratio-box\">\n\t\t\t\t\t<img loading=\"lazy\" decoding=\"async\" width=\"600\" height=\"600\" src=\"https:\/\/crrf-fcrr.ca\/wp-content\/uploads\/2025\/10\/Globe-and-Mail-image-for-website.png\" class=\"attachment-large size-large\" alt=\"\" srcset=\"https:\/\/crrf-fcrr.ca\/wp-content\/uploads\/2025\/10\/Globe-and-Mail-image-for-website.png 600w, https:\/\/crrf-fcrr.ca\/wp-content\/uploads\/2025\/10\/Globe-and-Mail-image-for-website-360x360.png 360w, https:\/\/crrf-fcrr.ca\/wp-content\/uploads\/2025\/10\/Globe-and-Mail-image-for-website-150x150.png 150w, https:\/\/crrf-fcrr.ca\/wp-content\/uploads\/2025\/10\/Globe-and-Mail-image-for-website-548x548.png 548w\" sizes=\"auto, (max-width: 600px) 100vw, 600px\" \/>\t\t\t\t<\/div>\n\t\t\t\t\t<\/div>\n\t<\/section>\n\n\n\n\t<section aria-labelledby=\"title-block_c053ee787ca48157f4ebab1381e02d51\" id=\"cta-download-large-block_c053ee787ca48157f4ebab1381e02d51\" class=\"cta-download-large \">\n\t\t<div class=\"cta-download-large__content\">\n\t\t\t\t\t\t\t<h3 id=\"title-block_c053ee787ca48157f4ebab1381e02d51\">Balado : \u00abThe Healthcare Divide\u00bb<\/h3>\n\t\t\t\t\t\t\t\t\t\t\t\t\t<p>Les soins de sant\u00e9 universels sont cens\u00e9s donner \u00e0 tous un acc\u00e8s, un traitement et des soins \u00e9quitables. Mais le font-ils vraiment? The Healthcare Divide est un nouveau balado qui expose des v\u00e9rit\u00e9s inconfortables, des r\u00e9alit\u00e9s troublantes et des efforts novateurs pour vaincre le racisme dans le syst\u00e8me de sant\u00e9 du Canada.<\/p>\n\t\t\t\t\t\t<div class=\"button-wrap\">\n\t\t\t\t\t\t\t\t\t<a class=\"button\" href=\"https:\/\/crrf-fcrr.ca\/fr\/balado-the-healthcare-divide\/\" target=\"\">\n\t\t\t\t\t\tEn savoir plus\t\t\t\t\t<\/a>\n\t\t\t\t\t\t\t\t\t\t\t<\/div>\n\t\t<\/div>\n\t\t<div class=\"cta-download-large__image \">\n\t\t\t\t\t\t\t<img decoding=\"async\" class=\"accent-graphic\" src=\"https:\/\/crrf-fcrr.ca\/wp-content\/themes\/crrf\/dist\/images\/svg\/graphics\/single-corner-red.svg\" alt=\"\" \/>\n\t\t\t\t<div class=\"aspect-ratio-box\">\n\t\t\t\t\t<img loading=\"lazy\" decoding=\"async\" width=\"595\" height=\"893\" src=\"https:\/\/crrf-fcrr.ca\/wp-content\/uploads\/2023\/11\/CRRF_healthdivide_mobile1707\u00d72560_smaller.png\" class=\"attachment-large size-large\" alt=\"\" srcset=\"https:\/\/crrf-fcrr.ca\/wp-content\/uploads\/2023\/11\/CRRF_healthdivide_mobile1707\u00d72560_smaller.png 595w, https:\/\/crrf-fcrr.ca\/wp-content\/uploads\/2023\/11\/CRRF_healthdivide_mobile1707\u00d72560_smaller-240x360.png 240w, https:\/\/crrf-fcrr.ca\/wp-content\/uploads\/2023\/11\/CRRF_healthdivide_mobile1707\u00d72560_smaller-480x720.png 480w, https:\/\/crrf-fcrr.ca\/wp-content\/uploads\/2023\/11\/CRRF_healthdivide_mobile1707\u00d72560_smaller-365x548.png 365w\" sizes=\"auto, (max-width: 595px) 100vw, 595px\" \/>\t\t\t\t<\/div>\n\t\t\t\t\t<\/div>\n\t<\/section>\n\n\n\n\t<section aria-labelledby=\"title-block_8d054a464ec12fc6d8b0b44207a4cab0\" id=\"cta-download-large-block_8d054a464ec12fc6d8b0b44207a4cab0\" class=\"cta-download-large \">\n\t\t<div class=\"cta-download-large__content\">\n\t\t\t\t\t\t\t<h3 id=\"title-block_8d054a464ec12fc6d8b0b44207a4cab0\">Le Laboratoire jeunesse antiraciste<\/h3>\n\t\t\t\t\t\t\t\t\t\t\t\t\t<p>Notre Laboratoire jeunesse antiraciste rassemble des jeunes de partout au Canada qui m\u00e8nent des initiatives de lutte contre le racisme dans leurs communaut\u00e9s. Restez \u00e0 l&#039;aff\u00fbt pour les annonces de notre prochain cycle de recrutement.<\/p>\n\t\t\t\t\t\t<div class=\"button-wrap\">\n\t\t\t\t\t\t\t\t\t<a class=\"button\" href=\"https:\/\/crrf-fcrr.ca\/fr\/laboratoire-jeunesse-antiraciste\/\" target=\"\">\n\t\t\t\t\t\tEn savoir plus sur le laboratoire\t\t\t\t\t<\/a>\n\t\t\t\t\t\t\t\t\t\t\t<\/div>\n\t\t<\/div>\n\t\t<div class=\"cta-download-large__image \">\n\t\t\t\t\t\t\t<img decoding=\"async\" class=\"accent-graphic\" src=\"https:\/\/crrf-fcrr.ca\/wp-content\/themes\/crrf\/dist\/images\/svg\/graphics\/single-corner-red.svg\" alt=\"\" \/>\n\t\t\t\t<div class=\"aspect-ratio-box\">\n\t\t\t\t\t<img loading=\"lazy\" decoding=\"async\" width=\"628\" height=\"893\" src=\"https:\/\/crrf-fcrr.ca\/wp-content\/uploads\/2024\/12\/YouthLab_Groups2023_portrait.jpg\" class=\"attachment-large size-large\" alt=\"Two young people sitting at a table and talking, laughing with each other. - Deux jeunes personnes assises ensembles \u00e0 une table, discutant et riant.\" srcset=\"https:\/\/crrf-fcrr.ca\/wp-content\/uploads\/2024\/12\/YouthLab_Groups2023_portrait.jpg 628w, https:\/\/crrf-fcrr.ca\/wp-content\/uploads\/2024\/12\/YouthLab_Groups2023_portrait-253x360.jpg 253w, https:\/\/crrf-fcrr.ca\/wp-content\/uploads\/2024\/12\/YouthLab_Groups2023_portrait-506x720.jpg 506w, https:\/\/crrf-fcrr.ca\/wp-content\/uploads\/2024\/12\/YouthLab_Groups2023_portrait-385x548.jpg 385w\" sizes=\"auto, (max-width: 628px) 100vw, 628px\" \/>\t\t\t\t<\/div>\n\t\t\t\t\t<\/div>\n\t<\/section>\n\n\n\n\t<section aria-labelledby=\"title-block_b47425a53d28200a4db5ce4418a85329\" id=\"cta-download-large-block_b47425a53d28200a4db5ce4418a85329\" class=\"cta-download-large \">\n\t\t<div class=\"cta-download-large__content\">\n\t\t\t\t\t\t\t<h3 id=\"title-block_b47425a53d28200a4db5ce4418a85329\">La Coalition contre le racisme anti-asiatique Canada (CCRAAC)<\/h3>\n\t\t\t\t\t\t\t\t\t\t\t\t\t<p>La Coalition contre le racisme anti-asiatique Canada (CCRAAC) est la premi\u00e8re coalition nationale, panasiatique au Canada \u00e0 se r\u00e9unir pour lutter contre le racisme anti-asiatique au Canada. Elle rassemble les communaut\u00e9s canadiennes d\u2019origine asiatique \u00e0 travers le pays, permet le partage des connaissances, offre une plateforme pour amplifier les travaux existants et plaide au niveau national sur des pr\u00e9occupations communes.<\/p>\n\t\t\t\t\t\t<div class=\"button-wrap\">\n\t\t\t\t\t\t\t\t\t<a class=\"button\" href=\"https:\/\/crrf-fcrr.ca\/fr\/coalition-contre-le-racisme-anti-asiatique-canada\/\" target=\"\">\n\t\t\t\t\t\tEn savoir plus sur la Coalition\t\t\t\t\t<\/a>\n\t\t\t\t\t\t\t\t\t\t\t<\/div>\n\t\t<\/div>\n\t\t<div class=\"cta-download-large__image \">\n\t\t\t\t\t\t\t<img decoding=\"async\" class=\"accent-graphic\" src=\"https:\/\/crrf-fcrr.ca\/wp-content\/themes\/crrf\/dist\/images\/svg\/graphics\/single-corner-red.svg\" alt=\"\" \/>\n\t\t\t\t<div class=\"aspect-ratio-box\">\n\t\t\t\t\t<img loading=\"lazy\" decoding=\"async\" width=\"650\" height=\"430\" src=\"https:\/\/crrf-fcrr.ca\/wp-content\/uploads\/2023\/07\/CAAARC-Header-test_small.png\" class=\"attachment-large size-large\" alt=\"\" srcset=\"https:\/\/crrf-fcrr.ca\/wp-content\/uploads\/2023\/07\/CAAARC-Header-test_small.png 650w, https:\/\/crrf-fcrr.ca\/wp-content\/uploads\/2023\/07\/CAAARC-Header-test_small-544x360.png 544w\" sizes=\"auto, (max-width: 650px) 100vw, 650px\" \/>\t\t\t\t<\/div>\n\t\t\t\t\t<\/div>\n\t<\/section>\n\n\n\n\t<section aria-labelledby=\"title-block_d4715e7d1d198e37559f873969df4319\" id=\"cta-download-large-block_d4715e7d1d198e37559f873969df4319\" class=\"cta-download-large \">\n\t\t<div class=\"cta-download-large__content\">\n\t\t\t\t\t\t\t<h3 id=\"title-block_d4715e7d1d198e37559f873969df4319\">La campagne #BloquonsLaHaine met en \u00e9vidence les cons\u00e9quences de l&#039;inaction sur la haine en ligne<\/h3>\n\t\t\t\t\t\t\t\t\t\t\t\t\t<p>En partenariat avec YWCA Canada, nous avons lanc\u00e9 une campagne sur les m\u00e9dias sociaux appel\u00e9e #BloquonsLaHaine pour r\u00e9pondre aux pr\u00e9occupations entourant la mont\u00e9e des discours haineux et du racisme en ligne. La campagne met en vedette des femmes de couleur cibl\u00e9es par la haine en ligne par le biais des m\u00e9dias sociaux qui partagent leurs exp\u00e9riences.<\/p>\n\t\t\t\t\t\t<div class=\"button-wrap\">\n\t\t\t\t\t\t\t\t\t<a class=\"button\" href=\"https:\/\/crrf-fcrr.ca\/fr\/2021\/03\/la-campagne-bloquonslahaine-met-en-evidence-les-consequences-de-linaction-sur-la-haine-en-ligne\/\" target=\"\">\n\t\t\t\t\t\tEn savoir plus sur la campagne\t\t\t\t\t<\/a>\n\t\t\t\t\t\t\t\t\t\t\t<\/div>\n\t\t<\/div>\n\t\t<div class=\"cta-download-large__image \">\n\t\t\t\t\t\t\t<img decoding=\"async\" class=\"accent-graphic\" src=\"https:\/\/crrf-fcrr.ca\/wp-content\/themes\/crrf\/dist\/images\/svg\/graphics\/single-corner-red.svg\" alt=\"\" \/>\n\t\t\t\t<div class=\"aspect-ratio-box\">\n\t\t\t\t\t<img loading=\"lazy\" decoding=\"async\" width=\"640\" height=\"640\" src=\"https:\/\/crrf-fcrr.ca\/wp-content\/uploads\/2023\/06\/Linda_Hoang_square.png\" class=\"attachment-large size-large\" alt=\"Portrait photo of Linda Hoang, wearing a pink shirt that says &#039;Very Asian&#039;. Background is grey.\" srcset=\"https:\/\/crrf-fcrr.ca\/wp-content\/uploads\/2023\/06\/Linda_Hoang_square.png 640w, https:\/\/crrf-fcrr.ca\/wp-content\/uploads\/2023\/06\/Linda_Hoang_square-360x360.png 360w, https:\/\/crrf-fcrr.ca\/wp-content\/uploads\/2023\/06\/Linda_Hoang_square-150x150.png 150w, https:\/\/crrf-fcrr.ca\/wp-content\/uploads\/2023\/06\/Linda_Hoang_square-548x548.png 548w\" sizes=\"auto, (max-width: 640px) 100vw, 640px\" \/>\t\t\t\t<\/div>\n\t\t\t\t\t<\/div>\n\t<\/section>\n","protected":false},"excerpt":{"rendered":"<p>Campagnes et initiatives<\/p>\n","protected":false},"author":1,"featured_media":0,"parent":0,"menu_order":0,"comment_status":"closed","ping_status":"closed","template":"","meta":{"_acf_changed":false,"footnotes":""},"class_list":["post-36","page","type-page","status-publish","hentry"],"acf":[],"_links":{"self":[{"href":"https:\/\/crrf-fcrr.ca\/fr\/wp-json\/wp\/v2\/pages\/36","targetHints":{"allow":["GET"]}}],"collection":[{"href":"https:\/\/crrf-fcrr.ca\/fr\/wp-json\/wp\/v2\/pages"}],"about":[{"href":"https:\/\/crrf-fcrr.ca\/fr\/wp-json\/wp\/v2\/types\/page"}],"author":[{"embeddable":true,"href":"https:\/\/crrf-fcrr.ca\/fr\/wp-json\/wp\/v2\/users\/1"}],"replies":[{"embeddable":true,"href":"https:\/\/crrf-fcrr.ca\/fr\/wp-json\/wp\/v2\/comments?post=36"}],"version-history":[{"count":5,"href":"https:\/\/crrf-fcrr.ca\/fr\/wp-json\/wp\/v2\/pages\/36\/revisions"}],"predecessor-version":[{"id":13968,"href":"https:\/\/crrf-fcrr.ca\/fr\/wp-json\/wp\/v2\/pages\/36\/revisions\/13968"}],"wp:attachment":[{"href":"https:\/\/crrf-fcrr.ca\/fr\/wp-json\/wp\/v2\/media?parent=36"}],"curies":[{"name":"wp","href":"https:\/\/api.w.org\/{rel}","templated":true}]}}