{"id":3607,"date":"2023-05-02T13:05:33","date_gmt":"2023-05-02T17:05:33","guid":{"rendered":"https:\/\/crrf-fcrr.ca\/?page_id=3607"},"modified":"2023-06-15T09:41:10","modified_gmt":"2023-06-15T13:41:10","slug":"unis-contre-le-racisme","status":"publish","type":"page","link":"https:\/\/crrf-fcrr.ca\/fr\/unis-contre-le-racisme\/","title":{"rendered":"Unis contre le racisme\u00a0"},"content":{"rendered":"\n\n\n\n<div class=\"wp-block-columns pattern-two-column is-layout-flex wp-container-core-columns-is-layout-9d6595d7 wp-block-columns-is-layout-flex\">\n<div class=\"wp-block-column pattern-two-column__title is-layout-flow wp-block-column-is-layout-flow\">\n<h2 class=\"wp-block-heading\">La campagne<\/h2>\n\n\n\n<figure class=\"wp-block-image size-full\"><img loading=\"lazy\" decoding=\"async\" width=\"300\" height=\"202\" src=\"https:\/\/crrf-fcrr.ca\/wp-content\/uploads\/2023\/05\/crrf_still-300x202-1.jpg\" alt=\"\" class=\"wp-image-3611\"\/><\/figure>\n\n\n\n<p><\/p>\n\n\n\n<p><\/p>\n<\/div>\n\n\n\n<div class=\"wp-block-column pattern-two-column__content is-layout-flow wp-block-column-is-layout-flow\">\n<p>Cette campagne, qui s&rsquo;inscrit dans les efforts men\u00e9s pour encourager les Canadiens \u00e0 amorcer un dialogue au sujet du racisme \u00e0 l&rsquo;\u00e9chelle du pays, comportait des messages d&rsquo;int\u00e9r\u00eat public \u00e9mis par des dirigeants de tout le pays (Nouvelle-\u00c9cosse, Qu\u00e9bec, Ontario, les Premi\u00e8res nations et la Colombie-Britannique) interpr\u00e9tant un aspect particulier du racisme et de ses effets sur les Autochtones et les minorit\u00e9s racialis\u00e9es du Canada.<\/p>\n\n\n\n<p>En 2009, la FCRR a nou\u00e9 un partenariat avec Rogers OMNI Television en vue de traduire les messages d&rsquo;int\u00e9r\u00eat public originaux en huit langues. Ces messages ont ensuite \u00e9t\u00e9 diffus\u00e9s \u00e0 la t\u00e9l\u00e9vision nationale et distribu\u00e9s \u00e0 de nombreux r\u00e9seaux ethniques et locaux.<\/p>\n\n\n\n<p>Le travail s&rsquo;est poursuivi avec la production d&rsquo;un documentaire de 30 minutes intitul\u00e9&nbsp;<em>\u00ab&nbsp;Directors Speak&nbsp;\u00bb<\/em>, produit par Gail Picco sous la direction de Rion Gonzales et la coordination de V-Tape Canada. On a \u00e9galement produit un guide d&rsquo;\u00e9tude incluant des segments des messages d&rsquo;int\u00e9r\u00eat public et le documentaire&nbsp;<em>Directors Speak<\/em>.<\/p>\n\n\n\n\t<div id=\"cta-multiuse-block_5d4c35a69091ea341054bb56a7724046\" class=\"cta-multiuse cta-multiuse\">\n\t\t<img loading=\"lazy\" decoding=\"async\" class=\"cta-multiuse__image\" src=\"https:\/\/crrf-fcrr.ca\/wp-content\/themes\/crrf\/dist\/images\/svg\/icons\/icon-video-circle.svg\" height=\"50\" width=\"50\" alt=\"\" \/>\n\t\t<div class=\"cta-multiuse__content\">\n\t\t\t\t\t\t\t<a href=\"https:\/\/www.youtube.com\/watch?v=DiskiAtEnd0&#038;list=PLzB18NOpCcmQ1Q-einWAkm31b09ga7CFL\" target=\"\">\n\t\t\t\t\tRegardez les messages d&#039;int\u00e9r\u00eat public sur la cha\u00eene Youtube du CRRF (en anglais uniquement)\t\t\t\t<\/a>\n\t\t\t\t\t<\/div>\n\t<\/div>\n<\/div>\n<\/div>\n","protected":false},"excerpt":{"rendered":"<p>La campagne Cette campagne, qui s&rsquo;inscrit dans les efforts men\u00e9s pour encourager les Canadiens \u00e0 amorcer un dialogue au sujet du racisme \u00e0 l&rsquo;\u00e9chelle du pays, comportait des messages d&rsquo;int\u00e9r\u00eat public \u00e9mis par des dirigeants de tout le pays (Nouvelle-\u00c9cosse, Qu\u00e9bec, Ontario, les Premi\u00e8res nations et la Colombie-Britannique) interpr\u00e9tant un aspect particulier du racisme et [&hellip;]<\/p>\n","protected":false},"author":1,"featured_media":0,"parent":0,"menu_order":0,"comment_status":"closed","ping_status":"closed","template":"","meta":{"_acf_changed":false,"footnotes":""},"class_list":["post-3607","page","type-page","status-publish","hentry"],"acf":[],"_links":{"self":[{"href":"https:\/\/crrf-fcrr.ca\/fr\/wp-json\/wp\/v2\/pages\/3607","targetHints":{"allow":["GET"]}}],"collection":[{"href":"https:\/\/crrf-fcrr.ca\/fr\/wp-json\/wp\/v2\/pages"}],"about":[{"href":"https:\/\/crrf-fcrr.ca\/fr\/wp-json\/wp\/v2\/types\/page"}],"author":[{"embeddable":true,"href":"https:\/\/crrf-fcrr.ca\/fr\/wp-json\/wp\/v2\/users\/1"}],"replies":[{"embeddable":true,"href":"https:\/\/crrf-fcrr.ca\/fr\/wp-json\/wp\/v2\/comments?post=3607"}],"version-history":[{"count":5,"href":"https:\/\/crrf-fcrr.ca\/fr\/wp-json\/wp\/v2\/pages\/3607\/revisions"}],"predecessor-version":[{"id":6125,"href":"https:\/\/crrf-fcrr.ca\/fr\/wp-json\/wp\/v2\/pages\/3607\/revisions\/6125"}],"wp:attachment":[{"href":"https:\/\/crrf-fcrr.ca\/fr\/wp-json\/wp\/v2\/media?parent=3607"}],"curies":[{"name":"wp","href":"https:\/\/api.w.org\/{rel}","templated":true}]}}