{"id":3714,"date":"2023-05-02T14:16:01","date_gmt":"2023-05-02T18:16:01","guid":{"rendered":"https:\/\/crrf-fcrr.ca\/?page_id=3714"},"modified":"2023-06-15T09:43:25","modified_gmt":"2023-06-15T13:43:25","slug":"la-revue-directions","status":"publish","type":"page","link":"https:\/\/crrf-fcrr.ca\/fr\/la-revue-directions\/","title":{"rendered":"La revue\u00a0Directions"},"content":{"rendered":"\n\n\n\n<div class=\"wp-block-columns pattern-two-column is-layout-flex wp-container-core-columns-is-layout-9d6595d7 wp-block-columns-is-layout-flex\">\n<div class=\"wp-block-column pattern-two-column__title is-layout-flow wp-block-column-is-layout-flow\">\n<h2 class=\"wp-block-heading\">Derni\u00e8res nouvelles<\/h2>\n<\/div>\n\n\n\n<div class=\"wp-block-column pattern-two-column__content is-layout-flow wp-block-column-is-layout-flow\">\n<p>C\u2019est avec plaisir que nous vous annon\u00e7ons la parution de l\u2019article de M.&nbsp;John G. Hansen, membre de la Nation crie d\u2019Opaskwayak&nbsp;: \u00ab\u2009<strong>La n\u00e9cessit\u00e9 d\u2019une plus grande inclusion dans l\u2019enqu\u00eate sur les Personnes autochtones disparues et assassin\u00e9es au Canada (ENPADA)\u2009<\/strong>\u00bb. En faisant appel \u00e0 la perception des autochtones, l\u2019article analyse les normes sociales et les st\u00e9r\u00e9otypes permettant de mieux comprendre les divergences et les contradictions constat\u00e9es quant \u00e0 la n\u00e9cessit\u00e9 d\u2019inclure les hommes dans une enqu\u00eate nationale sur les personnes autochtones disparues et assassin\u00e9es.<\/p>\n\n\n\n\t<div id=\"cta-multiuse-block_4492d22aeebdec1a9a5d49ad1a4d8fd0\" class=\"cta-multiuse cta-multiuse\">\n\t\t<img loading=\"lazy\" decoding=\"async\" class=\"cta-multiuse__image\" src=\"https:\/\/crrf-fcrr.ca\/wp-content\/themes\/crrf\/dist\/images\/svg\/icons\/icon-page-circle.svg\" height=\"50\" width=\"50\" alt=\"\" \/>\n\t\t<div class=\"cta-multiuse__content\">\n\t\t\t\t\t\t\t<a href=\"https:\/\/issuu.com\/crrf-fcrr\/docs\/directions9_december2020_fr\" target=\"_blank\">\n\t\t\t\t\tLire l&#039;article de ce mois\t\t\t\t<\/a>\n\t\t\t\t\t<\/div>\n\t<\/div>\n\n\n\n<p>Vous cherchez des articles pass\u00e9s? <a href=\"https:\/\/issuu.com\/crrf-fcrr\" target=\"_blank\" rel=\"noreferrer noopener\">Cliquez ici pour lire!<\/a><\/p>\n<\/div>\n<\/div>\n\n\n\n<div class=\"wp-block-columns pattern-two-column is-layout-flex wp-container-core-columns-is-layout-9d6595d7 wp-block-columns-is-layout-flex\">\n<div class=\"wp-block-column pattern-two-column__title is-layout-flow wp-block-column-is-layout-flow\">\n<h2 class=\"wp-block-heading\">\u00c0 propos\u00a0de Directions<\/h2>\n<\/div>\n\n\n\n<div class=\"wp-block-column pattern-two-column__content is-layout-flow wp-block-column-is-layout-flow\">\n<p>Directions, le journal Canadian Race Relation, fournit des recherches, commentaires et perspectives ax\u00e9s sur la communaut\u00e9 et ax\u00e9s sur l\u2019action visant \u00e0 \u00e9liminer le racisme et la discrimination. Ce journal constitue un \u00e9l\u00e9ment important de la mission de la FCRR qui consiste \u00e0 renforcer les valeurs canadiennes et \u00e0 cr\u00e9er une communaut\u00e9 canadienne unie. Les articles sont align\u00e9s sur les th\u00e8mes articul\u00e9s de la race, du racisme et de la discrimination &#8211; sous toutes leurs formes &#8211; au Canada, environ un article sera publi\u00e9 chaque mois.<\/p>\n\n\n\n<p><em><strong><strong><em>Ce journal est fourni \u00e0 titre informatif et \u00e9ducatif uniquement. Le contenu publi\u00e9 ici repr\u00e9sente le travail de ses auteurs, chercheurs et autres contributeurs externes et ne refl\u00e8te pas n\u00e9cessairement la politique, les positions ou les croyances officielles de la Fondation canadienne des relations raciales.<\/em><\/strong><\/strong><\/em><\/p>\n\n\n\n<p><strong>Souhaitez-vous soumettre un article \u00e0 des instructions?<\/strong><\/p>\n\n\n\n<p>Voir notre appel \u00e0 communications&nbsp;<a href=\"https:\/\/crrf-fcrr.ca\/fr\/la-revue-directions\/\" data-type=\"page\" data-id=\"3714\">ici<\/a>.<\/p>\n<\/div>\n<\/div>\n","protected":false},"excerpt":{"rendered":"<p>Derni\u00e8res nouvelles C\u2019est avec plaisir que nous vous annon\u00e7ons la parution de l\u2019article de M.&nbsp;John G. Hansen, membre de la Nation crie d\u2019Opaskwayak&nbsp;: \u00ab\u2009La n\u00e9cessit\u00e9 d\u2019une plus grande inclusion dans l\u2019enqu\u00eate sur les Personnes autochtones disparues et assassin\u00e9es au Canada (ENPADA)\u2009\u00bb. En faisant appel \u00e0 la perception des autochtones, l\u2019article analyse les normes sociales et [&hellip;]<\/p>\n","protected":false},"author":1,"featured_media":0,"parent":0,"menu_order":0,"comment_status":"closed","ping_status":"closed","template":"","meta":{"_acf_changed":false,"footnotes":""},"class_list":["post-3714","page","type-page","status-publish","hentry"],"acf":[],"_links":{"self":[{"href":"https:\/\/crrf-fcrr.ca\/fr\/wp-json\/wp\/v2\/pages\/3714","targetHints":{"allow":["GET"]}}],"collection":[{"href":"https:\/\/crrf-fcrr.ca\/fr\/wp-json\/wp\/v2\/pages"}],"about":[{"href":"https:\/\/crrf-fcrr.ca\/fr\/wp-json\/wp\/v2\/types\/page"}],"author":[{"embeddable":true,"href":"https:\/\/crrf-fcrr.ca\/fr\/wp-json\/wp\/v2\/users\/1"}],"replies":[{"embeddable":true,"href":"https:\/\/crrf-fcrr.ca\/fr\/wp-json\/wp\/v2\/comments?post=3714"}],"version-history":[{"count":5,"href":"https:\/\/crrf-fcrr.ca\/fr\/wp-json\/wp\/v2\/pages\/3714\/revisions"}],"predecessor-version":[{"id":6131,"href":"https:\/\/crrf-fcrr.ca\/fr\/wp-json\/wp\/v2\/pages\/3714\/revisions\/6131"}],"wp:attachment":[{"href":"https:\/\/crrf-fcrr.ca\/fr\/wp-json\/wp\/v2\/media?parent=3714"}],"curies":[{"name":"wp","href":"https:\/\/api.w.org\/{rel}","templated":true}]}}