{"id":3717,"date":"2023-05-02T14:24:08","date_gmt":"2023-05-02T18:24:08","guid":{"rendered":"https:\/\/crrf-fcrr.ca\/?page_id=3717"},"modified":"2023-05-02T14:36:24","modified_gmt":"2023-05-02T18:36:24","slug":"demande-revue-directions","status":"publish","type":"page","link":"https:\/\/crrf-fcrr.ca\/fr\/demande-revue-directions\/","title":{"rendered":"Demande de communications pour la revue Directions"},"content":{"rendered":"\n\n\n\n<div class=\"wp-block-columns pattern-two-column is-layout-flex wp-container-core-columns-is-layout-9d6595d7 wp-block-columns-is-layout-flex\">\n<div class=\"wp-block-column pattern-two-column__title is-layout-flow wp-block-column-is-layout-flow\">\n<h2 class=\"wp-block-heading\">les d\u00e9tails<\/h2>\n<\/div>\n\n\n\n<div class=\"wp-block-column pattern-two-column__content is-layout-flow wp-block-column-is-layout-flow\">\n<p>\u00c0 l\u2019heure o\u00f9 le Canada s\u2019appr\u00eate \u00e0 c\u00e9l\u00e9brer son 150e anniversaire, quels sont les d\u00e9fis \u00e0 relever et les solutions propos\u00e9es pour former une soci\u00e9t\u00e9 unifi\u00e9e, inclusive et \u00e9quitable en mati\u00e8re raciale?<\/p>\n\n\n\n<p>Divers th\u00e8mes et conversations d\u2019importance ont \u00e9merg\u00e9 du Colloque pancanadien biennal r\u00e9cemment tenu par la Fondation canadienne des relations raciales (FCRR)<strong>&nbsp;<\/strong>:<\/p>\n\n\n\n<ul class=\"wp-block-list\">\n<li>l\u2019importance de la r\u00e9conciliation<\/li>\n\n\n\n<li>les questions li\u00e9es aux techniques polici\u00e8res modernes<\/li>\n\n\n\n<li>le racisme syst\u00e9mique (dans les m\u00e9dias, \u00e9ducation, le secteur priv\u00e9, le secteur gouvernemental etc.)<\/li>\n\n\n\n<li>l\u2019int\u00e9gration des nouveaux arrivants et des r\u00e9fugi\u00e9s<\/li>\n\n\n\n<li>les jeunes, acteurs du changement social<\/li>\n\n\n\n<li>la haine sur Internet<\/li>\n<\/ul>\n\n\n\n<p><em>La revue Directions<\/em>, qui est une publication de la FCRR, offre aux chercheurs aguerris et en \u00e9mergence, aux organismes communautaires et aux professionnels des relations raciales un espace pour publier leurs \u00e9tudes. Elle constitue \u00e9galement un important forum de dialogue et de d\u00e9bat sur les enjeux li\u00e9es aux relations raciales, de diffusion des meilleures pratiques dans ce domaine et de recommandations concr\u00e8tes pour stimuler le changement et \u00e9laborer des politiques.<\/p>\n<\/div>\n<\/div>\n\n\n\n<div class=\"wp-block-columns pattern-two-column is-layout-flex wp-container-core-columns-is-layout-9d6595d7 wp-block-columns-is-layout-flex\">\n<div class=\"wp-block-column pattern-two-column__title is-layout-flow wp-block-column-is-layout-flow\">\n<h2 class=\"wp-block-heading\"><strong>SUJETS \u00c0 L\u2019\u00c9TUDE<\/strong><\/h2>\n<\/div>\n\n\n\n<div class=\"wp-block-column pattern-two-column__content is-layout-flow wp-block-column-is-layout-flow\">\n<p>ada afin de rendre le pays v\u00e9ritablement inclusif. Il portera sur les domaines suivants :<\/p>\n\n\n\n<p><em>Les Premi\u00e8res Nations, les M\u00e9tis et les Inuits (PNMI) :<\/em>&nbsp;Nous acceptons des propositions d\u2019articles traitant de probl\u00e8mes qui affectent les collectivit\u00e9s autochtones et apportant des solutions \u00e0 ces derniers tout en favorisant l\u2019inclusion. Les personnes int\u00e9ress\u00e9es sont invit\u00e9es \u00e0 clarifier le sens v\u00e9ritable de la r\u00e9conciliation et la fa\u00e7on dont celle-ci peut se faire au Canada.<\/p>\n\n\n\n<p><em>Les nouveaux arrivants et les groupes minoritaires :<\/em>&nbsp;Nous acceptons des propositions d\u2019articles traitant des obstacles actuels \u00e0 l\u2019inclusion des nouveaux arrivants et des groupes minoritaires dans la soci\u00e9t\u00e9 canadienne et les moyens de rendre celle-ci plus inclusive pour ces groupes, tant au niveau des institutions canadiennes que dans leurs activit\u00e9s quotidiennes.<\/p>\n\n\n\n<p><em>La foi\/les croyances :<\/em>&nbsp;Les propositions soumises peuvent traiter de la question suivante : Comment nous assurer que notre foi\/nos croyances nous unissent plut\u00f4t que de nous diviser?<\/p>\n\n\n\n<p><em>Le racisme :<\/em>&nbsp;Nous acceptons des propositions d&rsquo;articles de la part du public et de sp\u00e9cialistes qui traitent des enjeux li\u00e9s au racisme pr\u00e9sent au sein de nos institutions (services de police, logement, \u00e9ducation, gouvernance et m\u00e9dias).<\/p>\n\n\n\n<p>Nous accepterons en particulier les propositions d\u2019article traitant des questions cruciales suivantes :<\/p>\n\n\n\n<ul class=\"wp-block-list\">\n<li>quels sont les d\u00e9fis actuels qui se posent pour former une soci\u00e9t\u00e9 unifi\u00e9e, inclusive et \u00e9quitable en mati\u00e8re raciale?<\/li>\n\n\n\n<li>comment la R\u00e9conciliation est-elle per\u00e7ue par les communaut\u00e9s autochtones et non autochtones de l\u2019ensemble du Canada?<\/li>\n\n\n\n<li>comment rendre le Canada plus inclusif pour les nouveaux arrivants et les groupes racialis\u00e9s au niveau de nos institutions et au niveau personnel?<\/li>\n\n\n\n<li>comment pouvons-nous nous assurer que nos croyances nous unissent plut\u00f4t que de nous diviser?<\/li>\n\n\n\n<li>que peut-on faire pour combattre et \u00e9liminer le racisme institutionnalis\u00e9 dans les services de police, le logement, l\u2019\u00e9ducation, les m\u00e9dias et la gouvernance? comment s\u2019attaquer au&nbsp;probl\u00e8me de la haine et de la discrimination raciale sur l\u2019Internet?&nbsp;<\/li>\n\n\n\n<li>quel est le r\u00f4le jou\u00e9 par les m\u00e9dias sociaux pour amener les jeunes \u00e0 s\u2019engager et \u00e0 s\u2019organiser dans la lutte contre le racisme? quelles strat\u00e9gies les jeunes adoptent-ils et pourraient-ils adopter pour combattre les pr\u00e9jug\u00e9s et la discrimination raciale?<\/li>\n<\/ul>\n\n\n\n<p>Pour soumettre vos propositions d\u2019articles (d&rsquo;\u00e9tudes, d&rsquo;\u00e9ditoriaux, de critiques de livres ou autres) pour l\u2019\u00e9dition 2020 de&nbsp;<em>Directions<\/em>, veuillez&nbsp;<a rel=\"noreferrer noopener\" href=\"mailto:s.pun@crrf-fcrr.ca\" target=\"_blank\">cliquer ici<\/a>!<\/p>\n<\/div>\n<\/div>\n","protected":false},"excerpt":{"rendered":"<p>les d\u00e9tails \u00c0 l\u2019heure o\u00f9 le Canada s\u2019appr\u00eate \u00e0 c\u00e9l\u00e9brer son 150e anniversaire, quels sont les d\u00e9fis \u00e0 relever et les solutions propos\u00e9es pour former une soci\u00e9t\u00e9 unifi\u00e9e, inclusive et \u00e9quitable en mati\u00e8re raciale? Divers th\u00e8mes et conversations d\u2019importance ont \u00e9merg\u00e9 du Colloque pancanadien biennal r\u00e9cemment tenu par la Fondation canadienne des relations raciales (FCRR)&nbsp;: [&hellip;]<\/p>\n","protected":false},"author":1,"featured_media":0,"parent":0,"menu_order":0,"comment_status":"closed","ping_status":"closed","template":"","meta":{"_acf_changed":false,"footnotes":""},"class_list":["post-3717","page","type-page","status-publish","hentry"],"acf":[],"_links":{"self":[{"href":"https:\/\/crrf-fcrr.ca\/fr\/wp-json\/wp\/v2\/pages\/3717","targetHints":{"allow":["GET"]}}],"collection":[{"href":"https:\/\/crrf-fcrr.ca\/fr\/wp-json\/wp\/v2\/pages"}],"about":[{"href":"https:\/\/crrf-fcrr.ca\/fr\/wp-json\/wp\/v2\/types\/page"}],"author":[{"embeddable":true,"href":"https:\/\/crrf-fcrr.ca\/fr\/wp-json\/wp\/v2\/users\/1"}],"replies":[{"embeddable":true,"href":"https:\/\/crrf-fcrr.ca\/fr\/wp-json\/wp\/v2\/comments?post=3717"}],"version-history":[{"count":7,"href":"https:\/\/crrf-fcrr.ca\/fr\/wp-json\/wp\/v2\/pages\/3717\/revisions"}],"predecessor-version":[{"id":3732,"href":"https:\/\/crrf-fcrr.ca\/fr\/wp-json\/wp\/v2\/pages\/3717\/revisions\/3732"}],"wp:attachment":[{"href":"https:\/\/crrf-fcrr.ca\/fr\/wp-json\/wp\/v2\/media?parent=3717"}],"curies":[{"name":"wp","href":"https:\/\/api.w.org\/{rel}","templated":true}]}}