{"id":3883,"date":"2023-05-02T17:20:40","date_gmt":"2023-05-02T21:20:40","guid":{"rendered":"https:\/\/crrf-fcrr.ca\/?page_id=3883"},"modified":"2023-05-02T17:21:40","modified_gmt":"2023-05-02T21:21:40","slug":"decision-de-conferer-des-prix-et-distinctions-ou-de-les-abroger","status":"publish","type":"page","link":"https:\/\/crrf-fcrr.ca\/fr\/transparence\/decision-de-conferer-des-prix-et-distinctions-ou-de-les-abroger\/","title":{"rendered":"D\u00e9cision de conf\u00e9rer des prix et distinctions ou de les abroger"},"content":{"rendered":"\n\n\n\n<div class=\"wp-block-columns pattern-two-column is-layout-flex wp-container-core-columns-is-layout-9d6595d7 wp-block-columns-is-layout-flex\">\n<div class=\"wp-block-column pattern-two-column__title is-layout-flow wp-block-column-is-layout-flow\">\n<h2 class=\"wp-block-heading\"><\/h2>\n<\/div>\n\n\n\n<div class=\"wp-block-column pattern-two-column__content is-layout-flow wp-block-column-is-layout-flow\">\n<p>Dans le cadre de son mandat de sensibiliser les Canadiens et de les \u00e9duquer aux enjeux li\u00e9s aux relations raciales, la FCRR conf\u00e8re p\u00e9riodiquement \u00e0 des individus et des organisations des prix et distinctions afin de reconna\u00eetre l\u2019excellence de leurs r\u00e9alisations dans ce domaine. Ces prix et distinctions contribuent \u00e0 promouvoir l\u2019\u00e9limination du racisme et toute forme de discrimination en faisant valoir une identit\u00e9 canadienne commune, un sentiment d\u2019appartenance au Canada et le caract\u00e8re mutuel des droits et responsabilit\u00e9s civiques de chacun.<\/p>\n\n\n\n<p>Ces prix sont conf\u00e9r\u00e9s en fonction de l\u2019information qui a \u00e9t\u00e9 fournie \u00e0 la FCRR avant leur remise. Le conseil d\u2019administration de la Fondation se r\u00e9serve le droit de retirer tout prix ou toute distinction \u00e0 tout laur\u00e9at, s\u2019il s\u2019est av\u00e9r\u00e9 que celui-ci a pris part \u00e0 des activit\u00e9s illicites, contraires \u00e0 l\u2019\u00e9thique ou susceptibles d\u2019\u00eatre contraires \u00e0 leur objectif initial.<\/p>\n<\/div>\n<\/div>\n","protected":false},"excerpt":{"rendered":"<p>Dans le cadre de son mandat de sensibiliser les Canadiens et de les \u00e9duquer aux enjeux li\u00e9s aux relations raciales, la FCRR conf\u00e8re p\u00e9riodiquement \u00e0 des individus et des organisations des prix et distinctions afin de reconna\u00eetre l\u2019excellence de leurs r\u00e9alisations dans ce domaine. Ces prix et distinctions contribuent \u00e0 promouvoir l\u2019\u00e9limination du racisme et [&hellip;]<\/p>\n","protected":false},"author":1,"featured_media":0,"parent":69,"menu_order":0,"comment_status":"closed","ping_status":"closed","template":"","meta":{"_acf_changed":false,"footnotes":""},"class_list":["post-3883","page","type-page","status-publish","hentry"],"acf":[],"_links":{"self":[{"href":"https:\/\/crrf-fcrr.ca\/fr\/wp-json\/wp\/v2\/pages\/3883","targetHints":{"allow":["GET"]}}],"collection":[{"href":"https:\/\/crrf-fcrr.ca\/fr\/wp-json\/wp\/v2\/pages"}],"about":[{"href":"https:\/\/crrf-fcrr.ca\/fr\/wp-json\/wp\/v2\/types\/page"}],"author":[{"embeddable":true,"href":"https:\/\/crrf-fcrr.ca\/fr\/wp-json\/wp\/v2\/users\/1"}],"replies":[{"embeddable":true,"href":"https:\/\/crrf-fcrr.ca\/fr\/wp-json\/wp\/v2\/comments?post=3883"}],"version-history":[{"count":3,"href":"https:\/\/crrf-fcrr.ca\/fr\/wp-json\/wp\/v2\/pages\/3883\/revisions"}],"predecessor-version":[{"id":3886,"href":"https:\/\/crrf-fcrr.ca\/fr\/wp-json\/wp\/v2\/pages\/3883\/revisions\/3886"}],"up":[{"embeddable":true,"href":"https:\/\/crrf-fcrr.ca\/fr\/wp-json\/wp\/v2\/pages\/69"}],"wp:attachment":[{"href":"https:\/\/crrf-fcrr.ca\/fr\/wp-json\/wp\/v2\/media?parent=3883"}],"curies":[{"name":"wp","href":"https:\/\/api.w.org\/{rel}","templated":true}]}}