{"id":3936,"date":"2023-05-02T17:41:12","date_gmt":"2023-05-02T21:41:12","guid":{"rendered":"https:\/\/crrf-fcrr.ca\/?page_id=3936"},"modified":"2023-05-03T10:52:01","modified_gmt":"2023-05-03T14:52:01","slug":"politiques-relatives-aux-depenses-de-voyages-daccueil-de-conferences-et-devenements","status":"publish","type":"page","link":"https:\/\/crrf-fcrr.ca\/fr\/transparence\/politiques-relatives-aux-depenses-de-voyages-daccueil-de-conferences-et-devenements\/","title":{"rendered":"Politiques relatives aux d\u00e9penses de voyages, d&rsquo;accueil, de conf\u00e9rences et d&rsquo;\u00e9v\u00e9nements"},"content":{"rendered":"\n\n\n\n<div class=\"wp-block-columns pattern-two-column is-layout-flex wp-container-core-columns-is-layout-9d6595d7 wp-block-columns-is-layout-flex\">\n<div class=\"wp-block-column pattern-two-column__title is-layout-flow wp-block-column-is-layout-flow\">\n<h2 class=\"wp-block-heading\"><\/h2>\n<\/div>\n\n\n\n<div class=\"wp-block-column pattern-two-column__content is-layout-flow wp-block-column-is-layout-flow\">\n<p>Cette politique fournit des lignes directrices et des proc\u00e9dures pour l\u2019utilisation de fonds en relation avec les frais de d\u00e9placement, d\u2019accueil, de conf\u00e9rences et d\u2019\u00e9v\u00e9nements de la FCRR, conform\u00e9ment aux principes de gestion prudente des fonds publics et de gestion efficace des finances, aux fins de la Loi sur les relations raciales.<\/p>\n\n\n\t\t\t<div class=\"cta-download-small\">\n\t\t\t<a class=\"link--download\" href=\"https:\/\/crrf-fcrr.ca\/wp-content\/uploads\/2023\/05\/TravelhospitalityeventsFR.pdf\" download>\n\t\t\t\tConsultez la politique compl\u00e8te ici\t\t\t<\/a>\n\t\t<\/div>\n\t<\/div>\n<\/div>\n","protected":false},"excerpt":{"rendered":"<p>Cette politique fournit des lignes directrices et des proc\u00e9dures pour l\u2019utilisation de fonds en relation avec les frais de d\u00e9placement, d\u2019accueil, de conf\u00e9rences et d\u2019\u00e9v\u00e9nements de la FCRR, conform\u00e9ment aux principes de gestion prudente des fonds publics et de gestion efficace des finances, aux fins de la Loi sur les relations raciales.<\/p>\n","protected":false},"author":1,"featured_media":0,"parent":69,"menu_order":0,"comment_status":"closed","ping_status":"closed","template":"","meta":{"_acf_changed":false,"footnotes":""},"class_list":["post-3936","page","type-page","status-publish","hentry"],"acf":[],"_links":{"self":[{"href":"https:\/\/crrf-fcrr.ca\/fr\/wp-json\/wp\/v2\/pages\/3936","targetHints":{"allow":["GET"]}}],"collection":[{"href":"https:\/\/crrf-fcrr.ca\/fr\/wp-json\/wp\/v2\/pages"}],"about":[{"href":"https:\/\/crrf-fcrr.ca\/fr\/wp-json\/wp\/v2\/types\/page"}],"author":[{"embeddable":true,"href":"https:\/\/crrf-fcrr.ca\/fr\/wp-json\/wp\/v2\/users\/1"}],"replies":[{"embeddable":true,"href":"https:\/\/crrf-fcrr.ca\/fr\/wp-json\/wp\/v2\/comments?post=3936"}],"version-history":[{"count":6,"href":"https:\/\/crrf-fcrr.ca\/fr\/wp-json\/wp\/v2\/pages\/3936\/revisions"}],"predecessor-version":[{"id":4186,"href":"https:\/\/crrf-fcrr.ca\/fr\/wp-json\/wp\/v2\/pages\/3936\/revisions\/4186"}],"up":[{"embeddable":true,"href":"https:\/\/crrf-fcrr.ca\/fr\/wp-json\/wp\/v2\/pages\/69"}],"wp:attachment":[{"href":"https:\/\/crrf-fcrr.ca\/fr\/wp-json\/wp\/v2\/media?parent=3936"}],"curies":[{"name":"wp","href":"https:\/\/api.w.org\/{rel}","templated":true}]}}