{"id":5275,"date":"2023-05-24T13:19:57","date_gmt":"2023-05-24T17:19:57","guid":{"rendered":"https:\/\/crrf-fcrr.ca\/?page_id=5275"},"modified":"2024-02-23T08:50:38","modified_gmt":"2024-02-23T13:50:38","slug":"sous-le-racisme-exposition","status":"publish","type":"page","link":"https:\/\/crrf-fcrr.ca\/fr\/formation-ateliers\/sous-le-racisme-exposition\/","title":{"rendered":"Sous le racisme : Un d\u00e9fi pour nos pens\u00e9es"},"content":{"rendered":"\n\n\n\n<p>L&rsquo;exposition et les programmes et activit\u00e9s \u00e9ducatives qui l&rsquo;accompagnent fourniront de nouvelles informations provenant de chercheurs travaillant sur les derni\u00e8res d\u00e9couvertes en psychologie et en sciences neurologiques sur la mani\u00e8re dont notre cerveau traite r\u00e9ellement nos r\u00e9ponses aux personnes et aux communaut\u00e9s qui nous entourent. Avec le soutien d&rsquo;un comit\u00e9 consultatif compos\u00e9 d&rsquo;experts scientifiques issus d&rsquo;instituts de recherche de premier plan, cette exposition permettra \u00e0 tous les membres du public canadien de s&rsquo;int\u00e9resser aux recherches scientifiques sur la nature des pr\u00e9jug\u00e9s humains, y compris les recherches les plus r\u00e9centes sur les actes de pr\u00e9jug\u00e9s explicites et implicites. Cette exp\u00e9rience \u00e9ducative permettra aux communaut\u00e9s locales du Canada de lancer des activit\u00e9s \u00e0 plus long terme visant \u00e0 att\u00e9nuer les effets des pr\u00e9jug\u00e9s et du racisme, et de trouver des moyens d&rsquo;aller de l&rsquo;avant en mettant l&rsquo;accent sur le travail en commun, quelles que soient nos origines, et en c\u00e9l\u00e9brant nos diff\u00e9rences respectives.<\/p>\n\n\n\n<div class=\"wp-block-columns pattern-two-column is-layout-flex wp-container-core-columns-is-layout-9d6595d7 wp-block-columns-is-layout-flex\">\n<div class=\"wp-block-column pattern-two-column__title is-layout-flow wp-block-column-is-layout-flow\">\n<h2 class=\"wp-block-heading\">D\u00e9claration d&rsquo;intention<\/h2>\n<\/div>\n\n\n\n<div class=\"wp-block-column pattern-two-column__content is-layout-flow wp-block-column-is-layout-flow\">\n<p><strong>Pour<\/strong> : sensibiliser les Canadiens \u00e0 la mani\u00e8re dont les pr\u00e9jug\u00e9s et le racisme se d\u00e9veloppent;<\/p>\n\n\n\n<p><strong>Par :<\/strong>&nbsp;faire comprendre les m\u00e9canismes sous-jacents &#8211; le \u00ab\u00a0comment\u00a0\u00bb du racisme &#8211; ainsi que l&rsquo;\u00e9tat actuel du racisme au Canada, et l&rsquo;impact que cela a sur les gens par le biais d&rsquo;exp\u00e9riences qui impliquent la cat\u00e9gorisation, la prise de d\u00e9cision, les associations, les exp\u00e9riences, la narration et le contexte;<br><br><strong>Ainsi<\/strong> : les visiteurs acqui\u00e8rent une meilleure compr\u00e9hension d&rsquo;eux-m\u00eames, de leurs choix et de l&rsquo;impact de ces choix sur les autres, et quittent l&rsquo;exposition avec la conviction qu&rsquo;ils peuvent apporter des changements en eux-m\u00eames et entamer des conversations avec d&rsquo;autres pour lutter contre le racisme l\u00e0 o\u00f9 il existe.<\/p>\n<\/div>\n<\/div>\n\n\n\n<div class=\"wp-block-columns pattern-two-column is-layout-flex wp-container-core-columns-is-layout-9d6595d7 wp-block-columns-is-layout-flex\">\n<div class=\"wp-block-column pattern-two-column__title is-layout-flow wp-block-column-is-layout-flow\">\n<h2 class=\"wp-block-heading\">Calendrier de l&rsquo;exposition<\/h2>\n<\/div>\n\n\n\n<div class=\"wp-block-column pattern-two-column__content is-layout-flow wp-block-column-is-layout-flow\">\n<h4 class=\"wp-block-heading\">En cours :<\/h4>\n\n\n\n<p>Ottawa, ON \u00e0 la&nbsp;<a href=\"https:\/\/www.cmhc-schl.gc.ca\/info-schl\/communiquez-avec-nous\/bureau-national\">Soci\u00e9t\u00e9 canadienne d\u2019hypoth\u00e8ques et de logement<\/a>&nbsp;\u2013 F\u00e9vrier 2024 \u2013 Mai 2024<\/p>\n\n\n\n<h4 class=\"wp-block-heading\">Prochaines visites :<\/h4>\n\n\n\n<p>Saskatoon, SK au&nbsp;<a href=\"https:\/\/wdm.ca\/\">Western Development Museum<\/a>&nbsp;\u2013 Juin 2024 \u2013 Septembre 2024<\/p>\n\n\n\n<p>Moncton, NB \u00e0 la&nbsp;<a href=\"https:\/\/www.resurgo.ca\/fr\/node\/12\">Place ReSurgo Moncton<\/a>&nbsp;\u2013 Octobre 2024 \u2013 Janvier 2025<\/p>\n\n\n\n<p>Lethbridge, AB au&nbsp;<a href=\"https:\/\/www.galtmuseum.com\/\">Galt Museum and Archives<\/a>&nbsp;\u2013 Janiver 2025 \u2013 Septembre 2025<\/p>\n\n\n\n<h4 class=\"wp-block-heading\">Tourn\u00e9es pr\u00e9c\u00e9dentes :<\/h4>\n\n\n\n<p>Thunder Bay au&nbsp;<a rel=\"noreferrer noopener\" href=\"https:\/\/www.thunderbaymuseum.com\/\" target=\"_blank\">Thunder Bay Museum<\/a>&nbsp;\u2013 Juillet 2023&nbsp;<\/p>\n\n\n\n<p>Saskatoon au&nbsp;<a rel=\"noreferrer noopener\" href=\"https:\/\/wdm.ca\/event_manager\/behind-racism-challenging-the-way-we-think-travelling-exhibit\/\" target=\"_blank\"><strong>Western Development Museum<\/strong><\/a>&nbsp;\u2013 Avril 2023<\/p>\n\n\n\n<p>Regina au&nbsp;<a rel=\"noreferrer noopener\" href=\"https:\/\/www.sasksciencecentre.com\/events-calendar\/2023\/2\/01\/behind-racism\" target=\"_blank\"><strong>Saskatchewan Science Centre<\/strong><\/a>&nbsp;\u2013 Fevrier 2023<\/p>\n\n\n\n<p>Halifax au<a rel=\"noreferrer noopener\" href=\"https:\/\/thediscoverycentre.ca\/featured-exhibit\/\" target=\"_blank\">&nbsp;Discovery Centre<\/a>&nbsp;\u2013 Janvier 2023<\/p>\n\n\n\n<p>Winnipeg au&nbsp;<a rel=\"noreferrer noopener\" href=\"https:\/\/humanrights.ca\/exhibition\/behind-racism-challenging-way-we-think\" target=\"_blank\">Canadian Human Rights Musuem<\/a>&nbsp;\u2013 Mars 2022<\/p>\n\n\n\n<p>Toronto au&nbsp;<a rel=\"noreferrer noopener\" href=\"https:\/\/www.ontariosciencecentre.ca\/about-us\/media-room\/new-exhibition-behind-racism-challenging-the-way-we-think-now-open-at-the-ontario-science-centre\" target=\"_blank\">Ontario Science Centre<\/a>&nbsp;\u2013 Janvier 2022<\/p>\n<\/div>\n<\/div>\n\n\n\n<div class=\"wp-block-group alignwide pattern-three-column-wide is-layout-constrained wp-block-group-is-layout-constrained\">\n<h3 class=\"wp-block-heading\">Nos partenaires<\/h3>\n\n\n\n<div class=\"wp-block-columns pattern-three-column-wide__wrap is-layout-flex wp-container-core-columns-is-layout-9d6595d7 wp-block-columns-is-layout-flex\">\n<div class=\"wp-block-column is-vertically-aligned-center is-layout-flow wp-block-column-is-layout-flow\">\n<figure class=\"wp-block-image size-large\"><img loading=\"lazy\" decoding=\"async\" width=\"1024\" height=\"104\" src=\"https:\/\/crrf-fcrr.ca\/wp-content\/uploads\/2023\/05\/gov-canada-logo-1024x104.png\" alt=\"\" class=\"wp-image-5283\" srcset=\"https:\/\/crrf-fcrr.ca\/wp-content\/uploads\/2023\/05\/gov-canada-logo-1024x104.png 1024w, https:\/\/crrf-fcrr.ca\/wp-content\/uploads\/2023\/05\/gov-canada-logo-645x66.png 645w, https:\/\/crrf-fcrr.ca\/wp-content\/uploads\/2023\/05\/gov-canada-logo-768x78.png 768w, https:\/\/crrf-fcrr.ca\/wp-content\/uploads\/2023\/05\/gov-canada-logo-650x66.png 650w, https:\/\/crrf-fcrr.ca\/wp-content\/uploads\/2023\/05\/gov-canada-logo-821x84.png 821w, https:\/\/crrf-fcrr.ca\/wp-content\/uploads\/2023\/05\/gov-canada-logo.png 1470w\" sizes=\"auto, (max-width: 1024px) 100vw, 1024px\" \/><\/figure>\n<\/div>\n\n\n\n<div class=\"wp-block-column is-layout-flow wp-block-column-is-layout-flow\">\n<figure class=\"wp-block-image size-full\"><a href=\"https:\/\/www.mosaicinstitute.ca\/\" target=\"_blank\" rel=\"noreferrer noopener\"><img loading=\"lazy\" decoding=\"async\" width=\"400\" height=\"200\" src=\"https:\/\/crrf-fcrr.ca\/wp-content\/uploads\/2023\/05\/mosaic-institute-logo.png\" alt=\"\" class=\"wp-image-5285\"\/><\/a><\/figure>\n<\/div>\n\n\n\n<div class=\"wp-block-column is-vertically-aligned-center is-layout-flow wp-block-column-is-layout-flow\">\n<figure class=\"wp-block-image size-full is-resized\"><img loading=\"lazy\" decoding=\"async\" width=\"363\" height=\"139\" src=\"https:\/\/crrf-fcrr.ca\/wp-content\/uploads\/2023\/05\/osc-logo.png\" alt=\"\" class=\"wp-image-5287\" style=\"width:319px;height:122px\"\/><\/figure>\n<\/div>\n<\/div>\n<\/div>\n","protected":false},"excerpt":{"rendered":"<p>L&rsquo;exposition et les programmes et activit\u00e9s \u00e9ducatives qui l&rsquo;accompagnent fourniront de nouvelles informations provenant de chercheurs travaillant sur les derni\u00e8res d\u00e9couvertes en psychologie et en sciences neurologiques sur la mani\u00e8re dont notre cerveau traite r\u00e9ellement nos r\u00e9ponses aux personnes et aux communaut\u00e9s qui nous entourent. Avec le soutien d&rsquo;un comit\u00e9 consultatif compos\u00e9 d&rsquo;experts scientifiques issus [&hellip;]<\/p>\n","protected":false},"author":1,"featured_media":0,"parent":76,"menu_order":0,"comment_status":"closed","ping_status":"closed","template":"","meta":{"_acf_changed":false,"footnotes":""},"class_list":["post-5275","page","type-page","status-publish","hentry"],"acf":[],"_links":{"self":[{"href":"https:\/\/crrf-fcrr.ca\/fr\/wp-json\/wp\/v2\/pages\/5275","targetHints":{"allow":["GET"]}}],"collection":[{"href":"https:\/\/crrf-fcrr.ca\/fr\/wp-json\/wp\/v2\/pages"}],"about":[{"href":"https:\/\/crrf-fcrr.ca\/fr\/wp-json\/wp\/v2\/types\/page"}],"author":[{"embeddable":true,"href":"https:\/\/crrf-fcrr.ca\/fr\/wp-json\/wp\/v2\/users\/1"}],"replies":[{"embeddable":true,"href":"https:\/\/crrf-fcrr.ca\/fr\/wp-json\/wp\/v2\/comments?post=5275"}],"version-history":[{"count":5,"href":"https:\/\/crrf-fcrr.ca\/fr\/wp-json\/wp\/v2\/pages\/5275\/revisions"}],"predecessor-version":[{"id":9091,"href":"https:\/\/crrf-fcrr.ca\/fr\/wp-json\/wp\/v2\/pages\/5275\/revisions\/9091"}],"up":[{"embeddable":true,"href":"https:\/\/crrf-fcrr.ca\/fr\/wp-json\/wp\/v2\/pages\/76"}],"wp:attachment":[{"href":"https:\/\/crrf-fcrr.ca\/fr\/wp-json\/wp\/v2\/media?parent=5275"}],"curies":[{"name":"wp","href":"https:\/\/api.w.org\/{rel}","templated":true}]}}