{"id":56,"date":"2023-03-15T14:45:40","date_gmt":"2023-03-15T18:45:40","guid":{"rendered":"https:\/\/crrf.7.plankdesign.com\/?page_id=56"},"modified":"2023-06-14T15:24:57","modified_gmt":"2023-06-14T19:24:57","slug":"faire-un-don","status":"publish","type":"page","link":"https:\/\/crrf-fcrr.ca\/fr\/faire-un-don\/","title":{"rendered":"Faire un don"},"content":{"rendered":"\n<div class=\"wp-block-columns pattern-page-title is-layout-flex wp-container-core-columns-is-layout-9d6595d7 wp-block-columns-is-layout-flex\">\n<div class=\"wp-block-column pattern-page-title__title is-layout-flow wp-block-column-is-layout-flow\"><h1 class=\"wp-block-post-title\">Faire un don<\/h1>\n\n\n<p><\/p>\n\n\n\n<p>Merci d\u2019investir dans notre avenir commun. Votre don nous aide \u00e0 cr\u00e9er une approche syst\u00e9mique faisant appel au partenariat et \u00e0 l\u2019engagement communautaire, \u00e0 la conscientisation et \u00e0 la mobilisation pour faire progresser les politiques publiques en mati\u00e8re de lutte contre le racisme.<\/p>\n<\/div>\n\n\n\n<div class=\"wp-block-column pattern-page-title__intro is-layout-flow wp-block-column-is-layout-flow\">\n<figure class=\"wp-block-image size-large\"><img loading=\"lazy\" decoding=\"async\" width=\"1024\" height=\"683\" src=\"https:\/\/crrf-fcrr.ca\/wp-content\/uploads\/2023\/06\/Copy-of-IMG_3374-1024x683.jpg\" alt=\"\" class=\"wp-image-6045\" srcset=\"https:\/\/crrf-fcrr.ca\/wp-content\/uploads\/2023\/06\/Copy-of-IMG_3374-1024x683.jpg 1024w, https:\/\/crrf-fcrr.ca\/wp-content\/uploads\/2023\/06\/Copy-of-IMG_3374-540x360.jpg 540w, https:\/\/crrf-fcrr.ca\/wp-content\/uploads\/2023\/06\/Copy-of-IMG_3374-768x512.jpg 768w, https:\/\/crrf-fcrr.ca\/wp-content\/uploads\/2023\/06\/Copy-of-IMG_3374-1536x1024.jpg 1536w, https:\/\/crrf-fcrr.ca\/wp-content\/uploads\/2023\/06\/Copy-of-IMG_3374-2048x1365.jpg 2048w, https:\/\/crrf-fcrr.ca\/wp-content\/uploads\/2023\/06\/Copy-of-IMG_3374-650x433.jpg 650w, https:\/\/crrf-fcrr.ca\/wp-content\/uploads\/2023\/06\/Copy-of-IMG_3374-821x548.jpg 821w\" sizes=\"auto, (max-width: 1024px) 100vw, 1024px\" \/><\/figure>\n<\/div>\n<\/div>\n\n\n\n<div class=\"wp-block-columns pattern-two-column is-layout-flex wp-container-core-columns-is-layout-9d6595d7 wp-block-columns-is-layout-flex\">\n<div class=\"wp-block-column pattern-two-column__title is-layout-flow wp-block-column-is-layout-flow\">\n<h2 class=\"wp-block-heading\">Comment faire un don<\/h2>\n\n\n\n<p>Faire un don est rapide, facile et s\u00fbr par l&rsquo;interm\u00e9diaire de CanaDon. En tant qu&rsquo;organisme de bienfaisance enregistr\u00e9, votre don est admissible \u00e0 un re\u00e7u aux fins de l&rsquo;imp\u00f4t. Votre don contribuera \u00e0 rassembler les communaut\u00e9s dans le cadre de notre mission d&rsquo;\u00e9limination du racisme. <a rel=\"noreferrer noopener\" href=\"https:\/\/youtu.be\/XaGq15ZJB90\" target=\"_blank\">Cliquez ici<\/a> pour visionner la vid\u00e9o sur nos origines.<\/p>\n\n\n\n<p>Veuillez visiter le site web de <a href=\"https:\/\/www.canadahelps.org\/fr\/organismesdebienfaisance\/canadian-race-relations-foundation\/?utm_expid=.Zw6wDABWRgyB0oPClDzoRg.0&amp;utm_referrer=https%3A%2F%2Fwww.crrf-fcrr.ca%2Fen%2Fcomponent%2Fflexicontent%2F290-the-crrf%2F25248-support-the-crrf%3Fview%3Ditem%26Itemid%3D25248%26ch%3D1\">CANADON<\/a> ou remplir le formulaire ici pour faire un don.<\/p>\n<\/div>\n\n\n\n<div class=\"wp-block-column pattern-two-column__content is-layout-flow wp-block-column-is-layout-flow\">\n<iframe src=\"https:\/\/www.canadahelps.org\/fr\/dn\/4912\" title=\"iframe\" width=\"100%\" scrolling=\"no\" allow=\"payment\" id=\"iFrameResizer0\" style=\"height: 1867px; border: 0px; overflow: hidden;\"><\/iframe>\n\n\n\n<p><\/p>\n<\/div>\n<\/div>\n","protected":false},"excerpt":{"rendered":"<p>Merci d\u2019investir dans notre avenir commun. Votre don nous aide \u00e0 cr\u00e9er une approche syst\u00e9mique faisant appel au partenariat et \u00e0 l\u2019engagement communautaire, \u00e0 la conscientisation et \u00e0 la mobilisation pour faire progresser les politiques publiques en mati\u00e8re de lutte contre le racisme. Comment faire un don Faire un don est rapide, facile et s\u00fbr [&hellip;]<\/p>\n","protected":false},"author":1,"featured_media":6007,"parent":0,"menu_order":0,"comment_status":"closed","ping_status":"closed","template":"","meta":{"_acf_changed":false,"footnotes":""},"class_list":["post-56","page","type-page","status-publish","has-post-thumbnail","hentry"],"acf":[],"_links":{"self":[{"href":"https:\/\/crrf-fcrr.ca\/fr\/wp-json\/wp\/v2\/pages\/56","targetHints":{"allow":["GET"]}}],"collection":[{"href":"https:\/\/crrf-fcrr.ca\/fr\/wp-json\/wp\/v2\/pages"}],"about":[{"href":"https:\/\/crrf-fcrr.ca\/fr\/wp-json\/wp\/v2\/types\/page"}],"author":[{"embeddable":true,"href":"https:\/\/crrf-fcrr.ca\/fr\/wp-json\/wp\/v2\/users\/1"}],"replies":[{"embeddable":true,"href":"https:\/\/crrf-fcrr.ca\/fr\/wp-json\/wp\/v2\/comments?post=56"}],"version-history":[{"count":4,"href":"https:\/\/crrf-fcrr.ca\/fr\/wp-json\/wp\/v2\/pages\/56\/revisions"}],"predecessor-version":[{"id":6051,"href":"https:\/\/crrf-fcrr.ca\/fr\/wp-json\/wp\/v2\/pages\/56\/revisions\/6051"}],"wp:featuredmedia":[{"embeddable":true,"href":"https:\/\/crrf-fcrr.ca\/fr\/wp-json\/wp\/v2\/media\/6007"}],"wp:attachment":[{"href":"https:\/\/crrf-fcrr.ca\/fr\/wp-json\/wp\/v2\/media?parent=56"}],"curies":[{"name":"wp","href":"https:\/\/api.w.org\/{rel}","templated":true}]}}