{"id":6295,"date":"2023-06-16T13:37:53","date_gmt":"2023-06-16T17:37:53","guid":{"rendered":"https:\/\/crrf-fcrr.ca\/?page_id=6295"},"modified":"2025-08-08T14:22:17","modified_gmt":"2025-08-08T18:22:17","slug":"resumes-des-evaluations-des-facteurs-relatifs-a-la-vie-privee","status":"publish","type":"page","link":"https:\/\/crrf-fcrr.ca\/fr\/transparence\/resumes-des-evaluations-des-facteurs-relatifs-a-la-vie-privee\/","title":{"rendered":"R\u00e9sum\u00e9s des \u00e9valuations des facteurs relatifs \u00e0 la vie priv\u00e9e"},"content":{"rendered":"\n\n\n\n<div class=\"wp-block-columns pattern-two-column is-layout-flex wp-container-core-columns-is-layout-9d6595d7 wp-block-columns-is-layout-flex\">\n<div class=\"wp-block-column pattern-two-column__title is-layout-flow wp-block-column-is-layout-flow\">\n<h2 class=\"wp-block-heading\"><\/h2>\n<\/div>\n\n\n\n<div class=\"wp-block-column pattern-two-column__content is-layout-flow wp-block-column-is-layout-flow\">\n<p>La Fondation canadienne des relations raciales s\u2019engage \u00e0 prot\u00e9ger les renseignements personnels utilis\u00e9s dans le cadre des programmes et services offerts \u00e0 ses employ\u00e9s et au public.<\/p>\n\n\n\n<p>Les \u00e9valuations des facteurs relatifs \u00e0 la vie priv\u00e9e (\u00c9FVP) garantissent que toutes les activit\u00e9s n\u00e9cessitant la collecte, l\u2019utilisation, la divulgation, la conservation et l\u2019\u00e9limination de renseignements personnels sont men\u00e9es conform\u00e9ment \u00e0 la<em> Loi sur la protection des renseignements personnels<\/em> du gouvernement f\u00e9d\u00e9ral et aux principes reconnus en mati\u00e8re de protection de la vie priv\u00e9e. Les \u00e9valuations des facteurs relatifs \u00e0 la vie priv\u00e9e garantissent que les risques li\u00e9s \u00e0 ces activit\u00e9s sont identifi\u00e9s et r\u00e9solus ou att\u00e9nu\u00e9s dans la mesure du possible.<\/p>\n\n\n\n<p>Conform\u00e9ment aux exigences du Secr\u00e9tariat du Conseil du Tr\u00e9sor du Canada (SCT), une copie de chaque \u00c9FVP est fournie au Commissariat \u00e0 la protection de la vie priv\u00e9e du Canada et au SCT pour examen, et un r\u00e9sum\u00e9 de chaque \u00c9FVP achev\u00e9e est publi\u00e9 ici.<\/p>\n\n\n\n<div class=\"wp-block-pb-accordion-item c-accordion__item js-accordion-item no-js\"><h2 id=\"at-62951\" class=\"c-accordion__title js-accordion-controller\" role=\"button\">2025-2026<\/h2><div id=\"ac-62951\" class=\"c-accordion__content\">\n<h5 class=\"wp-block-heading\"><strong><strong>R\u00e9sum\u00e9 de l&rsquo;\u00e9valuation des facteurs relatifs \u00e0 la vie priv\u00e9e pour la s\u00e9rie d&rsquo;Ateliers B\u00e2tir des ponts (juin 2025)\u00a0:<\/strong><\/strong><\/h5>\n\n\n\n<p><strong>Description du programme :<\/strong><\/p>\n\n\n\n<p>Conform\u00e9ment \u00e0 son mandat en vertu de la Loi sur la Fondation canadienne des relations raciales, la Fondation canadienne des relations raciales (\u00ab FCRR \u00bb) a lanc\u00e9 les Ateliers B\u00e2tir des ponts en 2024 pour faire face \u00e0 la hausse des crimes haineux au Canada. Cette s\u00e9rie d&rsquo;ateliers vise \u00e0 am\u00e9liorer la compr\u00e9hension et le signalement des crimes haineux en favorisant la collaboration entre les membres de la communaut\u00e9, les praticiens et les forces de l&rsquo;ordre.<\/p>\n\n\n\n<p><strong>Pourquoi une \u00e9valuation des incidences sur la vie priv\u00e9e a \u00e9t\u00e9 r\u00e9alis\u00e9<\/strong><\/p>\n\n\n\n<p>Conform\u00e9ment \u00e0 la directive du Secr\u00e9tariat du Conseil du Tr\u00e9sor du Canada (SCT) sur les pratiques en mati\u00e8re de protection de la vie priv\u00e9e, une \u00e9valuation des incidences sur la vie priv\u00e9e (EIVP) a \u00e9t\u00e9 r\u00e9alis\u00e9e afin d&rsquo;identifier et de traiter les risques potentiels en mati\u00e8re de protection de la vie priv\u00e9e associ\u00e9s aux Ateliers B\u00e2tir des ponts. L&rsquo;\u00c9FVP examine les pratiques de traitement des renseignements personnels associ\u00e9es aux Ateliers B\u00e2tir des ponts et les mesures de protection de la vie priv\u00e9e qui sont en place.<\/p>\n\n\n\n<p><strong>Informations compl\u00e9mentaires<\/strong><\/p>\n\n\n\n<p>L&rsquo;EFVP recommande des mesures d&rsquo;att\u00e9nuation dans les domaines suivants : transparence, garanties et conservation.<\/p>\n\n\n\n<p><strong>Fiches de renseignements personnels connexes<\/strong><\/p>\n\n\n\n<p>Les fichiers de renseignements personnels ateliers et \u00e9v\u00e9nements, FCRR PPU 005, a \u00e9t\u00e9 \u00e9labor\u00e9e pour d\u00e9crire les renseignements personnels associ\u00e9s aux personnes qui postulent ou s&rsquo;inscrivent aux Ateliers B\u00e2tir des ponts ou \u00e0 d&rsquo;autres ateliers et \u00e9v\u00e9nements de la FCRR.\u00a0\u00a0 \u00a0\u00a0\u00a0<\/p>\n\n\n\n<p><strong>Pour plus d&rsquo;informations sur cette \u00e9valuation des incidences sur la vie priv\u00e9e<\/strong><\/p>\n\n\n\n<p>Veuillez contacter le <a href=\"\/fr\/?page_id=13660\">coordinateur de l&rsquo;acc\u00e8s \u00e0 l&rsquo;information et de la protection de la vie priv\u00e9e de la FCRR.<\/a><a id=\"_msocom_1\"><\/a><\/p>\n<\/div><\/div>\n\n\n\n<div class=\"wp-block-pb-accordion-item c-accordion__item js-accordion-item no-js\"><h2 id=\"at-62950\" class=\"c-accordion__title js-accordion-controller\" role=\"button\">2022-2023<\/h2><div id=\"ac-62950\" class=\"c-accordion__content\">\n<h5 class=\"wp-block-heading\"><strong><strong>R\u00e9sum\u00e9 de l&rsquo;\u00e9valuation des facteurs relatifs \u00e0 la vie priv\u00e9e pour le Fonds national de lutte contre le racisme (mars 2022)\u00a0:<\/strong><\/strong><\/h5>\n\n\n\n<p><strong><span style=\"text-decoration: underline;\">Section\u00a01 &#8211; Vue d&rsquo;ensemble et d\u00e9marrage de l&rsquo;\u00c9FVP<\/span><\/strong><\/p>\n\n\n\n<p><strong>Institution gouvernementale&nbsp;: <\/strong>Fondation canadienne des relations raciales<\/p>\n\n\n\n<p><strong>Responsable de l\u2019\u00c9FVP&nbsp;<\/strong><\/p>\n\n\n\n<p>Angela Lee, directrice des partenariats et de la recherche<\/p>\n\n\n\n<p><strong>Responsable de l\u2019institution gouvernementale ou d\u00e9l\u00e9gu\u00e9 pour l\u2019article&nbsp;10 de la <\/strong><strong><em>Loi sur la protection des renseignements personnels&nbsp;<\/em><\/strong><\/p>\n\n\n\n<p>Arsalan Tavassoli, directeur des finances et de l\u2019administration, et coordinateur de l\u2019AIPRP<\/p>\n\n\n\n<p><strong>Nom de l\u2019activit\u00e9<\/strong>&nbsp;: Fonds national de lutte contre le racisme<\/p>\n\n\n\n<p><strong>Description de la cat\u00e9gorie de document et du fichier de renseignements personnels&nbsp;<\/strong>:&nbsp;<\/p>\n\n\n\n<p>Cat\u00e9gorie de document sur les possibilit\u00e9s de financement [en cours d\u2019\u00e9laboration]<\/p>\n\n\n\n<p>Fichier de renseignements personnels sur les possibilit\u00e9s de financement [en cours d\u2019\u00e9laboration]&nbsp;<\/p>\n\n\n\n<p><strong>Autorit\u00e9 l\u00e9gale pour l\u2019activit\u00e9&nbsp;<\/strong>:&nbsp;<\/p>\n\n\n\n<p><em>Loi canadienne sur les relations raciales<\/em><\/p>\n\n\n\n<p><strong>Description sommaire :<\/strong><\/p>\n\n\n\n<p>Conform\u00e9ment \u00e0 son mandat en vertu de la Loi sur la Fondation canadienne des relations raciales, la Fondation canadienne des relations raciales (\u00ab\u2009FCRR\u2009\u00bb) a cr\u00e9\u00e9 un Fonds national de lutte contre le racisme (le \u00ab\u2009Fonds\u2009\u00bb) pour soutenir les organisations qui luttent contre le racisme au travers d\u2019\u00e9v\u00e9nements et de formation dans le but d\u2019\u00e9difier une soci\u00e9t\u00e9 plus juste et antiraciste. \u00c0 compter de janvier 2022, le Fonds sera utilis\u00e9 pour r\u00e9pondre \u00e0 quatre grands objectifs strat\u00e9giques&nbsp;:<\/p>\n\n\n\n<ol class=\"wp-block-list\">\n<li><strong>R\u00e9duire les barri\u00e8res raciales syst\u00e9miques&nbsp;: <\/strong>R\u00e9duire les obstacles \u00e0 l\u2019inclusion en s\u2019attaquant au racisme syst\u00e9mique dans l\u2019\u00e9ducation, les soins de sant\u00e9, le syst\u00e8me judiciaire, les services publics, l\u2019emploi et la vie publique.<\/li>\n\n\n\n<li><strong>Recherche et formation&nbsp;: <\/strong>Promouvoir l\u2019accessibilit\u00e9 et augmenter la disponibilit\u00e9 des donn\u00e9es, des preuves et des observations des communaut\u00e9s concernant les relations raciales au Canada.<\/li>\n\n\n\n<li><strong>Conscientisation du public&nbsp;: <\/strong>Informer des politiques publiques en mettant l\u2019accent sur les obstacles syst\u00e9miques et institutionnels.&nbsp;<\/li>\n\n\n\n<li><strong>Renforcement des communaut\u00e9s culturelles et interculturelles&nbsp;: <\/strong>Cr\u00e9er des occasions d\u2019interactions interculturelles par le biais de discussions et d\u2019\u00e9changes portant sur la notion de race et les religions, d\u2019activit\u00e9s de sensibilisation et de collaborations.<\/li>\n<\/ol>\n\n\n\n<p><strong>Port\u00e9e de l\u2019\u00c9FVP&nbsp;:&nbsp;<\/strong><\/p>\n\n\n\n<p>L\u2019\u00c9FVP a analys\u00e9 les pratiques en mati\u00e8re de renseignements personnels associ\u00e9es au Fonds national de lutte contre le racisme, conform\u00e9ment aux exigences de la politique du SCT en mati\u00e8re de protection de la vie priv\u00e9e. Un plan d\u2019att\u00e9nuation a \u00e9t\u00e9 pr\u00e9par\u00e9 pour r\u00e9pondre aux risques identifi\u00e9s en mati\u00e8re de protection de la vie priv\u00e9e. Les \u00e9valuations des facteurs relatifs \u00e0 la vie priv\u00e9e \u00e9tant des documents \u00e9volutifs, la FCRR s\u2019engage \u00e0 r\u00e9examiner le contenu du rapport en cas de modifications importantes aux pratiques de gestion des renseignements personnels associ\u00e9es \u00e0 cette offre de financement et aux offres futures.&nbsp;<\/p>\n\n\n\n<p><strong><strong><span style=\"text-decoration: underline;\">Section\u00a02 &#8211; Identification et cat\u00e9gorisation des risques<\/span><\/strong><\/strong><\/p>\n\n\n\n<p>La section suivante contient les cat\u00e9gories normalis\u00e9es de risques qui ont \u00e9t\u00e9 identifi\u00e9es dans le rapport d\u2019\u00c9FVP, conform\u00e9ment aux exigences du SCT pour une \u00c9FVP de base. L\u2019\u00e9chelle commune de risque est num\u00e9rot\u00e9e et utilis\u00e9e selon un ordre croissant&nbsp;: le premier niveau (1) repr\u00e9sente le niveau de risque le plus bas pour un secteur \u00e0 risque; le quatri\u00e8me niveau (4) repr\u00e9sente le niveau le plus \u00e9lev\u00e9 de risque pour un secteur \u00e0 risque donn\u00e9.&nbsp;<\/p>\n\n\n\n<p><strong>A) Type de programme ou d\u2019activit\u00e9<\/strong><br>\u00c9chelle de risque &#8211; 1&nbsp;: Programme ou activit\u00e9 qui n\u2019impliquent g\u00e9n\u00e9ralement pas de d\u00e9cision concernant une personne identifiable.&nbsp;<\/p>\n\n\n\n<p><strong>B) Type de renseignements personnels concern\u00e9s et contexte&nbsp;<\/strong><br>\u00c9chelle de risque &#8211; 1&nbsp;: Renseignements personnels sans contexte d\u00e9licat, recueillis directement aupr\u00e8s de l\u2019individu ou fournis avec le consentement de l\u2019individu en vue d\u2019une divulgation dans le cadre d\u2019un programme autoris\u00e9.&nbsp;<\/p>\n\n\n\n<p><strong>C) Partenaires du programme ou de l\u2019activit\u00e9 et participation du secteur priv\u00e9<\/strong><br>\u00c9chelle de risque &#8211; 3 &amp; 4&nbsp;: Autres institutions f\u00e9d\u00e9rales et organismes du secteur priv\u00e9<\/p>\n\n\n\n<p><strong>D) Dur\u00e9e du programme ou de l\u2019activit\u00e9&nbsp;:&nbsp;<\/strong><br>\u00c9chelle de risque &#8211; 3&nbsp;: Activit\u00e9 \u00e0 court terme.&nbsp;<\/p>\n\n\n\n<p><strong>E) Client\u00e8le du programme&nbsp;<\/strong><br>\u00c9chelle de risque &#8211; 3&nbsp;: Le programme utilise des renseignements personnels \u00e0 des fins administratives limit\u00e9es.&nbsp;<\/p>\n\n\n\n<p><strong>F) Technologie et protection de la vie priv\u00e9e&nbsp;<\/strong><br>Le nouveau programme ou la nouvelle activit\u00e9, ou les modifications apport\u00e9es au programme ou \u00e0 l\u2019activit\u00e9, n\u00e9cessitent-ils la mise en \u0153uvre d\u2019un nouveau syst\u00e8me \u00e9lectronique, d\u2019un logiciel ou d\u2019un programme d\u2019application (API), y compris un logiciel de collaboration (ou logiciel de groupe) pour permettre la cr\u00e9ation, la collecte ou le traitement de renseignements personnels dans le cadre du programme ou de l\u2019activit\u00e9?<\/p>\n\n\n\n<p>Oui \u2013 Utiliser le syst\u00e8me de gestion <em>SurveyMonkey Apply<\/em><\/p>\n\n\n\n<p>Le nouveau programme ou la nouvelle activit\u00e9, ou les modifications apport\u00e9es au programme ou \u00e0 l\u2019activit\u00e9, n\u00e9cessitent-ils d\u2019apporter des modifications aux syst\u00e8mes et\/ou services informatiques existants?&nbsp;<\/p>\n\n\n\n<p>Non&nbsp;<\/p>\n\n\n\n<p>Le nouveau programme ou la nouvelle activit\u00e9, ou les modifications apport\u00e9es au programme ou \u00e0 l\u2019activit\u00e9, n\u00e9cessitent-ils la mise en \u0153uvre d\u2019une ou de plusieurs des technologies suivantes&nbsp;:<\/p>\n\n\n\n<ul class=\"wp-block-list\">\n<li>M\u00e9thodes d\u2019identification am\u00e9lior\u00e9es? Non<\/li>\n\n\n\n<li>Utilisation de surveillance? Non&nbsp;<\/li>\n\n\n\n<li>Utilisation de techniques automatis\u00e9es d\u2019analyse de renseignements personnels, de comparaison de renseignements personnels et d\u2019extraction automatique des connaissances? Non<\/li>\n<\/ul>\n\n\n\n<p><strong>G) Transmission de renseignements personnels<\/strong><br>\u00c9chelle de risque &#8211; 2&nbsp;: Les renseignements personnels sont utilis\u00e9s dans un syst\u00e8me connect\u00e9 \u00e0 au moins un autre syst\u00e8me.&nbsp;<\/p>\n\n\n\n<p><strong>H) Impact du risque d\u2019atteinte \u00e0 la vie priv\u00e9e&nbsp;<\/strong><br>Risque qu\u2019en cas d\u2019atteinte \u00e0 la vie priv\u00e9e, il y ait un impact sur l\u2019individu ou l\u2019employ\u00e9? FAIBLE<\/p>\n\n\n\n<p>Risque qu\u2019en cas de violation de la vie priv\u00e9e, il y ait un impact sur l\u2019institution? FAIBLE<\/p>\n<\/div><\/div>\n<\/div>\n<\/div>\n","protected":false},"excerpt":{"rendered":"<p>La Fondation canadienne des relations raciales s\u2019engage \u00e0 prot\u00e9ger les renseignements personnels utilis\u00e9s dans le cadre des programmes et services offerts \u00e0 ses employ\u00e9s et au public. Les \u00e9valuations des facteurs relatifs \u00e0 la vie priv\u00e9e (\u00c9FVP) garantissent que toutes les activit\u00e9s n\u00e9cessitant la collecte, l\u2019utilisation, la divulgation, la conservation et l\u2019\u00e9limination de renseignements personnels [&hellip;]<\/p>\n","protected":false},"author":5,"featured_media":0,"parent":69,"menu_order":0,"comment_status":"closed","ping_status":"closed","template":"","meta":{"_acf_changed":false,"footnotes":""},"class_list":["post-6295","page","type-page","status-publish","hentry"],"acf":[],"_links":{"self":[{"href":"https:\/\/crrf-fcrr.ca\/fr\/wp-json\/wp\/v2\/pages\/6295","targetHints":{"allow":["GET"]}}],"collection":[{"href":"https:\/\/crrf-fcrr.ca\/fr\/wp-json\/wp\/v2\/pages"}],"about":[{"href":"https:\/\/crrf-fcrr.ca\/fr\/wp-json\/wp\/v2\/types\/page"}],"author":[{"embeddable":true,"href":"https:\/\/crrf-fcrr.ca\/fr\/wp-json\/wp\/v2\/users\/5"}],"replies":[{"embeddable":true,"href":"https:\/\/crrf-fcrr.ca\/fr\/wp-json\/wp\/v2\/comments?post=6295"}],"version-history":[{"count":4,"href":"https:\/\/crrf-fcrr.ca\/fr\/wp-json\/wp\/v2\/pages\/6295\/revisions"}],"predecessor-version":[{"id":13663,"href":"https:\/\/crrf-fcrr.ca\/fr\/wp-json\/wp\/v2\/pages\/6295\/revisions\/13663"}],"up":[{"embeddable":true,"href":"https:\/\/crrf-fcrr.ca\/fr\/wp-json\/wp\/v2\/pages\/69"}],"wp:attachment":[{"href":"https:\/\/crrf-fcrr.ca\/fr\/wp-json\/wp\/v2\/media?parent=6295"}],"curies":[{"name":"wp","href":"https:\/\/api.w.org\/{rel}","templated":true}]}}