{"id":69,"date":"2023-03-15T15:16:59","date_gmt":"2023-03-15T19:16:59","guid":{"rendered":"https:\/\/crrf.7.plankdesign.com\/?page_id=69"},"modified":"2024-12-06T12:21:14","modified_gmt":"2024-12-06T17:21:14","slug":"transparence","status":"publish","type":"page","link":"https:\/\/crrf-fcrr.ca\/fr\/transparence\/","title":{"rendered":"Transparence"},"content":{"rendered":"\n\n\n\n<div class=\"wp-block-columns is-layout-flex wp-container-core-columns-is-layout-9d6595d7 wp-block-columns-is-layout-flex\">\n<div class=\"wp-block-column is-layout-flow wp-block-column-is-layout-flow\">\n<p><a href=\"https:\/\/crrf-fcrr.ca\/fr\/transparence\/acces-information-protection-des-renseignements-personnels\/\">Acc\u00e8s \u00e0 l&rsquo;information et protection des renseignements personnels<\/a><\/p>\n\n\n\n<p><a href=\"https:\/\/crrf-fcrr.ca\/fr\/transparence\/decision-de-conferer-des-prix-et-distinctions-ou-de-les-abroger\/\">D\u00e9cision de conf\u00e9rer des prix et distinctions ou de les abroger<\/a><\/p>\n\n\n\n<p><a href=\"https:\/\/crrf-fcrr.ca\/fr\/transparence\/reglements\/\">R\u00e8glements<\/a><\/p>\n\n\n\n<p><a href=\"https:\/\/crrf-fcrr.ca\/fr\/transparence\/divulgation-de-contrats-2\/\">D\u00e9penses annuelles de voyages, d\u2019accueil et de conf\u00e9rences<\/a><\/p>\n\n\n\n<p><a href=\"https:\/\/crrf-fcrr.ca\/fr\/transparence\/rapport-dexamen-special\/\">Rapport d\u2019examen sp\u00e9cial<\/a><\/p>\n\n\n\n<p><a href=\"https:\/\/crrf-fcrr.ca\/fr\/transparence\/politiques-relatives-aux-depenses-de-voyages-daccueil-de-conferences-et-devenements\/\">Politiques relatives aux d\u00e9penses de voyages, d&rsquo;accueil, de conf\u00e9rences et d&rsquo;\u00e9v\u00e9nements<\/a><\/p>\n<\/div>\n<\/div>\n","protected":false},"excerpt":{"rendered":"<p>Acc\u00e8s \u00e0 l&rsquo;information et protection des renseignements personnels D\u00e9cision de conf\u00e9rer des prix et distinctions ou de les abroger R\u00e8glements D\u00e9penses annuelles de voyages, d\u2019accueil et de conf\u00e9rences Rapport d\u2019examen sp\u00e9cial Politiques relatives aux d\u00e9penses de voyages, d&rsquo;accueil, de conf\u00e9rences et d&rsquo;\u00e9v\u00e9nements<\/p>\n","protected":false},"author":1,"featured_media":0,"parent":0,"menu_order":0,"comment_status":"closed","ping_status":"closed","template":"","meta":{"_acf_changed":false,"footnotes":""},"class_list":["post-69","page","type-page","status-publish","hentry"],"acf":[],"_links":{"self":[{"href":"https:\/\/crrf-fcrr.ca\/fr\/wp-json\/wp\/v2\/pages\/69","targetHints":{"allow":["GET"]}}],"collection":[{"href":"https:\/\/crrf-fcrr.ca\/fr\/wp-json\/wp\/v2\/pages"}],"about":[{"href":"https:\/\/crrf-fcrr.ca\/fr\/wp-json\/wp\/v2\/types\/page"}],"author":[{"embeddable":true,"href":"https:\/\/crrf-fcrr.ca\/fr\/wp-json\/wp\/v2\/users\/1"}],"replies":[{"embeddable":true,"href":"https:\/\/crrf-fcrr.ca\/fr\/wp-json\/wp\/v2\/comments?post=69"}],"version-history":[{"count":5,"href":"https:\/\/crrf-fcrr.ca\/fr\/wp-json\/wp\/v2\/pages\/69\/revisions"}],"predecessor-version":[{"id":11462,"href":"https:\/\/crrf-fcrr.ca\/fr\/wp-json\/wp\/v2\/pages\/69\/revisions\/11462"}],"wp:attachment":[{"href":"https:\/\/crrf-fcrr.ca\/fr\/wp-json\/wp\/v2\/media?parent=69"}],"curies":[{"name":"wp","href":"https:\/\/api.w.org\/{rel}","templated":true}]}}