{"id":71,"date":"2023-03-15T15:18:25","date_gmt":"2023-03-15T19:18:25","guid":{"rendered":"https:\/\/crrf.7.plankdesign.com\/?page_id=71"},"modified":"2023-06-13T11:45:02","modified_gmt":"2023-06-13T15:45:02","slug":"loi-sur-fcrr","status":"publish","type":"page","link":"https:\/\/crrf-fcrr.ca\/fr\/loi-sur-fcrr\/","title":{"rendered":"Loi sur la FCRR"},"content":{"rendered":"\n\n\n\n<div class=\"wp-block-columns pattern-two-column is-layout-flex wp-container-core-columns-is-layout-9d6595d7 wp-block-columns-is-layout-flex\">\n<div class=\"wp-block-column pattern-two-column__title is-layout-flow wp-block-column-is-layout-flow\">\n<h2 class=\"wp-block-heading\">Mission<\/h2>\n<\/div>\n\n\n\n<div class=\"wp-block-column pattern-two-column__content is-layout-flow wp-block-column-is-layout-flow\">\n<p>La Fondation a pour mission de faciliter, dans l\u2019ensemble du pays, le d\u00e9veloppement, le partage et la mise en oeuvre de toute connaissance ou comp\u00e9tence utile en vue de contribuer \u00e0 l\u2019\u00e9limination du racisme et de toute forme de discrimination raciale au Canada; elle r\u00e9alise cette mission :<\/p>\n\n\n\n<p>a) en effectuant des recherches, en recueillant des donn\u00e9es et en \u00e9tablissant une base d\u2019information nationale permettant de mieux comprendre la nature du racisme et de la discrimination raciale, et ce pour aider les entreprises, les organisations patronales et syndicales, les organismes b\u00e9n\u00e9voles, communautaires et autres organismes ainsi que les institutions publiques, les gouvernements, les chercheurs et le grand public \u00e0 \u00e9liminer l\u2019un comme l\u2019autre;<\/p>\n\n\n\n<p>b) en servant de centre d\u2019information sur les ressources existant dans le domaine des relations raciales et en \u00e9tablissant des liens avec des institutions publiques, priv\u00e9es ou \u00e0 caract\u00e8re \u00e9ducatif, notamment les biblioth\u00e8ques;<\/p>\n\n\n\n<p>c) en facilitant la consultation et l\u2019\u00e9change d\u2019information concernant la politique, les programmes et la recherche en mati\u00e8re de relations raciales;<\/p>\n\n\n\n<p>d) par la promotion d\u2019une formation efficace dans le domaine et par l\u2019aide \u00e0 l\u2019\u00e9laboration de normes professionnelles;<\/p>\n\n\n\n<p>e) en sensibilisant mieux le public quant \u00e0 l\u2019importance de l\u2019\u00e9limination du racisme et de la discrimination raciale;<\/p>\n\n\n\n<p>f) en collaborant avec les entreprises, les organisations patronales et syndicales, les organismes b\u00e9n\u00e9voles, communautaires et autres organismes, ainsi que les institutions publiques et tous les ordres de gouvernement, pour la mise sur pied et le soutien de divers programmes et activit\u00e9s;<\/p>\n\n\n\n<p>g) par l\u2019encouragement et la promotion de l\u2019\u00e9laboration d\u2019une politique et de programmes efficaces pour l\u2019\u00e9limination du racisme et de la discrimination raciale.<\/p>\n\n\n\n<p>*Extraits tir\u00e9s de la <a href=\"https:\/\/laws-lois.justice.gc.ca\/fra\/lois\/c-21.8\/page-1.html\" target=\"_blank\" rel=\"noreferrer noopener\">Loi sur la Fondation canadienne des relations raciales<\/a><\/p>\n\n\n\n<p>Photo: Signature de l&rsquo;Entente de redressement \u00e0 l&rsquo;\u00e9gard des Canadiens japonais, 22 septembre, 1988. \u00c0 partir de la gauche : l&rsquo;ancien premier ministre Brian Mulroney PC, CC, GOQ, et Arthur K. Miki, CM, OM.<\/p>\n<\/div>\n<\/div>\n\n\n\n<div class=\"wp-block-columns pattern-two-column is-layout-flex wp-container-core-columns-is-layout-9d6595d7 wp-block-columns-is-layout-flex\">\n<div class=\"wp-block-column pattern-two-column__title is-layout-flow wp-block-column-is-layout-flow\">\n<h2 class=\"wp-block-heading\">Loi sur la Fondation canadienne des relations raciales<\/h2>\n<\/div>\n\n\n\n<div class=\"wp-block-column pattern-two-column__content is-layout-flow wp-block-column-is-layout-flow\">\n<div class=\"wp-block-buttons is-layout-flex wp-block-buttons-is-layout-flex\">\n<div class=\"wp-block-button\"><a class=\"wp-block-button__link wp-element-button\">Consultez l&rsquo;enti\u00e8ret\u00e9 de la loi<\/a><\/div>\n<\/div>\n\n\n\n<p>Source&nbsp;<a rel=\"noreferrer noopener\" href=\"http:\/\/laws-lois.justice.gc.ca\/fra\/lois\/C-21.8\/index.html\" target=\"_blank\">Minist\u00e8re de la Justice<\/a><br><a href=\"http:\/\/laws-lois.justice.gc.ca\/PDF\/C-21.8.pdf\">Imprimer le texte au complet<\/a><br>Loi \u00e0 jour en date du 2009-03-12<\/p>\n<\/div>\n<\/div>\n","protected":false},"excerpt":{"rendered":"<p>Mission La Fondation a pour mission de faciliter, dans l\u2019ensemble du pays, le d\u00e9veloppement, le partage et la mise en oeuvre de toute connaissance ou comp\u00e9tence utile en vue de contribuer \u00e0 l\u2019\u00e9limination du racisme et de toute forme de discrimination raciale au Canada; elle r\u00e9alise cette mission : a) en effectuant des recherches, en [&hellip;]<\/p>\n","protected":false},"author":1,"featured_media":0,"parent":0,"menu_order":0,"comment_status":"closed","ping_status":"closed","template":"","meta":{"_acf_changed":false,"footnotes":""},"class_list":["post-71","page","type-page","status-publish","hentry"],"acf":[],"_links":{"self":[{"href":"https:\/\/crrf-fcrr.ca\/fr\/wp-json\/wp\/v2\/pages\/71","targetHints":{"allow":["GET"]}}],"collection":[{"href":"https:\/\/crrf-fcrr.ca\/fr\/wp-json\/wp\/v2\/pages"}],"about":[{"href":"https:\/\/crrf-fcrr.ca\/fr\/wp-json\/wp\/v2\/types\/page"}],"author":[{"embeddable":true,"href":"https:\/\/crrf-fcrr.ca\/fr\/wp-json\/wp\/v2\/users\/1"}],"replies":[{"embeddable":true,"href":"https:\/\/crrf-fcrr.ca\/fr\/wp-json\/wp\/v2\/comments?post=71"}],"version-history":[{"count":5,"href":"https:\/\/crrf-fcrr.ca\/fr\/wp-json\/wp\/v2\/pages\/71\/revisions"}],"predecessor-version":[{"id":5828,"href":"https:\/\/crrf-fcrr.ca\/fr\/wp-json\/wp\/v2\/pages\/71\/revisions\/5828"}],"wp:attachment":[{"href":"https:\/\/crrf-fcrr.ca\/fr\/wp-json\/wp\/v2\/media?parent=71"}],"curies":[{"name":"wp","href":"https:\/\/api.w.org\/{rel}","templated":true}]}}