{"id":7190,"date":"2023-09-05T15:53:41","date_gmt":"2023-09-05T19:53:41","guid":{"rendered":"https:\/\/crrf-fcrr.ca\/?page_id=7190"},"modified":"2023-09-11T11:56:35","modified_gmt":"2023-09-11T15:56:35","slug":"laboratoire-jeunesse-antiraciste","status":"publish","type":"page","link":"https:\/\/crrf-fcrr.ca\/fr\/laboratoire-jeunesse-antiraciste\/","title":{"rendered":"Le Laboratoire jeunesse antiraciste"},"content":{"rendered":"\n\n\n\n<div class=\"wp-block-columns is-layout-flex wp-container-core-columns-is-layout-9d6595d7 wp-block-columns-is-layout-flex\">\n<div class=\"wp-block-column is-layout-flow wp-block-column-is-layout-flow\">\n<h3 class=\"wp-block-heading\">\u00c0 propos<\/h3>\n\n\n\n<p>Le Laboratoire jeunesse antiraciste d\u00e9veloppe les comp\u00e9tences des jeunes leaders s\u2019attaquant au racisme et \u00e0 ses effets dans les communaut\u00e9s du Canada et les encouragent \u00e0 collaborer entre eux. Le programme dote les jeunes de comp\u00e9tences essentielles afin d\u2019intensifier leurs efforts de mobilisation contre le racisme tout en \u00e9difiant des r\u00e9seaux de pairs qui les soutiennent dans leur apprentissage et leur action sociale. Le programme en est \u00e0 sa premi\u00e8re ann\u00e9e et \u00e0 sa premi\u00e8re cohorte de jeunes leaders.<\/p>\n\n\n\n<figure class=\"wp-block-image size-large\"><img loading=\"lazy\" decoding=\"async\" width=\"1024\" height=\"525\" src=\"https:\/\/crrf-fcrr.ca\/wp-content\/uploads\/2023\/09\/Copy-of-IMG_3426_thin-1024x525.jpg\" alt=\"\" class=\"wp-image-7390\" srcset=\"https:\/\/crrf-fcrr.ca\/wp-content\/uploads\/2023\/09\/Copy-of-IMG_3426_thin-1024x525.jpg 1024w, https:\/\/crrf-fcrr.ca\/wp-content\/uploads\/2023\/09\/Copy-of-IMG_3426_thin-645x331.jpg 645w, https:\/\/crrf-fcrr.ca\/wp-content\/uploads\/2023\/09\/Copy-of-IMG_3426_thin-768x394.jpg 768w, https:\/\/crrf-fcrr.ca\/wp-content\/uploads\/2023\/09\/Copy-of-IMG_3426_thin-1536x787.jpg 1536w, https:\/\/crrf-fcrr.ca\/wp-content\/uploads\/2023\/09\/Copy-of-IMG_3426_thin-650x333.jpg 650w, https:\/\/crrf-fcrr.ca\/wp-content\/uploads\/2023\/09\/Copy-of-IMG_3426_thin-821x421.jpg 821w, https:\/\/crrf-fcrr.ca\/wp-content\/uploads\/2023\/09\/Copy-of-IMG_3426_thin.jpg 2000w\" sizes=\"auto, (max-width: 1024px) 100vw, 1024px\" \/><\/figure>\n<\/div>\n\n\n\n<div class=\"wp-block-column is-layout-flow wp-block-column-is-layout-flow\">\n<h3 class=\"wp-block-heading\">Venez rencontrer les jeunes de notre cohorte actuelle du Laboratoire jeunesse<\/h3>\n\n\n\n<div style=\"position: relative; width: 100%; height: 0; padding-top: 83.8298%;\n padding-bottom: 0; box-shadow: 0 2px 8px 0 rgba(63,69,81,0.16); margin-top: 1.6em; margin-bottom: 0.9em; overflow: hidden;\n border-radius: 8px; will-change: transform;\">\n  <iframe loading=\"lazy\" style=\"position: absolute; width: 100%; height: 100%; top: 0; left: 0; border: none; padding: 0;margin: 0;\"\n    src=\"https:&#x2F;&#x2F;www.canva.com&#x2F;design&#x2F;DAFtly2Nl_M&#x2F;view?embed\" allowfullscreen=\"allowfullscreen\" allow=\"fullscreen\">\n  <\/iframe>\n<\/div>\n<a href=\"https:&#x2F;&#x2F;www.canva.com&#x2F;design&#x2F;DAFtly2Nl_M&#x2F;view?utm_content=DAFtly2Nl_M&amp;utm_campaign=designshare&amp;utm_medium=embeds&amp;utm_source=link\" target=\"_blank\" rel=\"noopener\"><\/a>\n<\/div>\n<\/div>\n\n\n\n<div class=\"wp-block-columns is-layout-flex wp-container-core-columns-is-layout-9d6595d7 wp-block-columns-is-layout-flex\">\n<div class=\"wp-block-column is-layout-flow wp-block-column-is-layout-flow\">\n<h3 class=\"wp-block-heading\">Impact<\/h3>\n\n\n\n<p>Les jeunes sont les piliers du leadership et de l\u2019innovation dans leurs communaut\u00e9s et leurs actions entra\u00eenent des changements essentiels qui aideront le Canada \u00e0 devenir un pays sans racisme. Le Laboratoire jeunesse antiraciste investit dans la force et les comp\u00e9tences des jeunes de trois fa\u00e7ons&nbsp;:<\/p>\n\n\n\n<ul class=\"wp-block-list\">\n<li>En leur <strong>offrant la possibilit\u00e9 de d\u00e9velopper leurs comp\u00e9tences<\/strong> interpersonnelles, organisationnelles et num\u00e9riques dans le cadre d\u2019ateliers interactifs dirig\u00e9s par des leaders qui travaillent dans le domaine social.<\/li>\n\n\n\n<li>En leur <strong>donnant acc\u00e8s \u00e0 des exp\u00e9riences culturelles immersives<\/strong> afin d\u2019\u00e9largir leurs perspectives et leur montrer que le travail de lutte contre le racisme peut se faire en diff\u00e9rents lieux, \u00e0 diff\u00e9rents moments et de diff\u00e9rentes fa\u00e7ons.<\/li>\n\n\n\n<li>En <strong>cr\u00e9ant un r\u00e9seau de soutien \u00e0 travers le pays<\/strong> qui relie les jeunes luttant contre le racisme.<\/li>\n<\/ul>\n<\/div>\n\n\n\n<div class=\"wp-block-column is-layout-flow wp-block-column-is-layout-flow\">\n<h4 class=\"wp-block-heading\"><br><br>Impliquez-vous!<\/h4>\n\n\n\n<p>La prochaine s\u00e9lection pour le Laboratoire jeunesse antiraciste se fera au d\u00e9but ou au milieu de l\u2019ann\u00e9e&nbsp;2024.<\/p>\n\n\n\n<p>Pour toute question sur le Laboratoire jeunesse antiraciste, veuillez envoyer un courriel \u00e0 <a href=\"mailto:programs@crrf-fcrr.ca\">programs@crrf-fcrr.ca<\/a> en inscrivant \u00ab\u2009Requ\u00eate concernant le Laboratoire jeunesse antiraciste\u2009\u00bb dans la ligne d\u2019objet de votre courriel.<\/p>\n\n\n\n\t<div id=\"cta-multiuse-block_f9fe407dcab3772726a018b40f1216d4\" class=\"cta-multiuse cta-multiuse\">\n\t\t<img loading=\"lazy\" decoding=\"async\" class=\"cta-multiuse__image\" src=\"https:\/\/crrf-fcrr.ca\/wp-content\/themes\/crrf\/dist\/images\/svg\/icons\/icon-page-circle.svg\" height=\"50\" width=\"50\" alt=\"\" \/>\n\t\t<div class=\"cta-multiuse__content\">\n\t\t\t\t\t\t\t<a href=\"mailto:programs@crrf-fcrr.ca\" target=\"\">\n\t\t\t\t\tDes questions ? \u00c9crivez-nous!\t\t\t\t<\/a>\n\t\t\t\t\t<\/div>\n\t<\/div>\n<\/div>\n<\/div>\n","protected":false},"excerpt":{"rendered":"<p>\u00c0 propos Le Laboratoire jeunesse antiraciste d\u00e9veloppe les comp\u00e9tences des jeunes leaders s\u2019attaquant au racisme et \u00e0 ses effets dans les communaut\u00e9s du Canada et les encouragent \u00e0 collaborer entre eux. Le programme dote les jeunes de comp\u00e9tences essentielles afin d\u2019intensifier leurs efforts de mobilisation contre le racisme tout en \u00e9difiant des r\u00e9seaux de pairs [&hellip;]<\/p>\n","protected":false},"author":5,"featured_media":0,"parent":0,"menu_order":0,"comment_status":"closed","ping_status":"closed","template":"","meta":{"_acf_changed":false,"footnotes":""},"class_list":["post-7190","page","type-page","status-publish","hentry"],"acf":[],"_links":{"self":[{"href":"https:\/\/crrf-fcrr.ca\/fr\/wp-json\/wp\/v2\/pages\/7190","targetHints":{"allow":["GET"]}}],"collection":[{"href":"https:\/\/crrf-fcrr.ca\/fr\/wp-json\/wp\/v2\/pages"}],"about":[{"href":"https:\/\/crrf-fcrr.ca\/fr\/wp-json\/wp\/v2\/types\/page"}],"author":[{"embeddable":true,"href":"https:\/\/crrf-fcrr.ca\/fr\/wp-json\/wp\/v2\/users\/5"}],"replies":[{"embeddable":true,"href":"https:\/\/crrf-fcrr.ca\/fr\/wp-json\/wp\/v2\/comments?post=7190"}],"version-history":[{"count":5,"href":"https:\/\/crrf-fcrr.ca\/fr\/wp-json\/wp\/v2\/pages\/7190\/revisions"}],"predecessor-version":[{"id":7397,"href":"https:\/\/crrf-fcrr.ca\/fr\/wp-json\/wp\/v2\/pages\/7190\/revisions\/7397"}],"wp:attachment":[{"href":"https:\/\/crrf-fcrr.ca\/fr\/wp-json\/wp\/v2\/media?parent=7190"}],"curies":[{"name":"wp","href":"https:\/\/api.w.org\/{rel}","templated":true}]}}