{"id":7475,"date":"2023-09-13T13:49:52","date_gmt":"2023-09-13T17:49:52","guid":{"rendered":"https:\/\/crrf-fcrr.ca\/?page_id=7475"},"modified":"2026-04-08T10:18:00","modified_gmt":"2026-04-08T14:18:00","slug":"bourses-actuelles","status":"publish","type":"page","link":"https:\/\/crrf-fcrr.ca\/fr\/bourses-actuelles\/","title":{"rendered":"Fonds national de lutte contre le racisme\u00a0(FNLCR)"},"content":{"rendered":"\n\n\n\n<p>L&rsquo;une des fa\u00e7ons les plus importantes dont la Fondation canadienne des relations raciales (FCRR) lutte contre le racisme au Canada est par Le Fonds national de lutte contre le racisme (FNLCR).&nbsp;&nbsp;<\/p>\n\n\n\n<p>Le FNCLR soutient notre engagement \u00e0 \u00e9tablir un cadre national pour la lutte contre le racisme dans la soci\u00e9t\u00e9 canadienne en renfor\u00e7ant la capacit\u00e9 des communaut\u00e9s racialis\u00e9es, des groupes religieux minoritaires et des peuples autochtones \u00e0 mener \u00e0 bien leur propre travail de lutte contre le racisme et \u00e0 cr\u00e9er des occasions de dialogue, d&rsquo;apprentissage et de partage significatifs avec le grand public.&nbsp; Au cours des quatre derni\u00e8res ann\u00e9es, nous avons investi 12,4 millions de dollars pour soutenir le travail remarquable de plus de 700 organisations \u00e0 travers le Canada.&nbsp;&nbsp;<\/p>\n\n\n\n<p>Le FNLCR propose deux types de subventions&nbsp;: 1) subvention pour un projet et 2) subvention pour des \u00e9v\u00e9nements et des initiatives jeunesse. Chaque volet de financement poss\u00e8de ses propres crit\u00e8res de s\u00e9lection et un montant d\u00e9fini.<\/p>\n\n\n\n<p>Nous sommes ravis d&rsquo;annoncer que nous acceptons \u00e0 nouveau les demandes d&rsquo;organisations travaillant sur des projets antiracistes au Canada qui seront soutenus par le FNCLR en 2025\/2026. Dans ce cycle de financement, le FNCLR consacrera 2 millions de dollars \u00e0 des projets de lutte contre le racisme au Canada.&nbsp;<\/p>\n\n\n\n<div class=\"wp-block-buttons is-layout-flex wp-block-buttons-is-layout-flex\">\n<div class=\"wp-block-button\"><a class=\"wp-block-button__link wp-element-button\" href=\"https:\/\/crrf-fcrr.ca\/fr\/fnlcr-subventions-projets\/\">Subvention pour projets &#8211; p\u00e9riode de soumission termin\u00e9e<\/a><\/div>\n\n\n\n<div class=\"wp-block-button\"><a class=\"wp-block-button__link wp-element-button\" href=\"https:\/\/crrf-fcrr.ca\/fr\/fnlcr-subventions-evenements-initiatives-jeunesse\/\"><strong>Subvention pour \u00e9v\u00e9nement ou initiative jeunesse<\/strong> &#8211; p\u00e9riode de soumission termin\u00e9e<\/a><\/div>\n<\/div>\n\n\n\n<p>Si vous avez des questions sp\u00e9cifiques sur le Fonds national de lutte contre le racisme, veuillez envoyer un courriel \u00e0 :&nbsp;<a href=\"mailto:bourses@crrf-fcrr.ca\">bourses@crrf-fcrr.ca<\/a>.<\/p>\n","protected":false},"excerpt":{"rendered":"<p>L&rsquo;une des fa\u00e7ons les plus importantes dont la Fondation canadienne des relations raciales (FCRR) lutte contre le racisme au Canada est par Le Fonds national de lutte contre le racisme (FNLCR).&nbsp;&nbsp; Le FNCLR soutient notre engagement \u00e0 \u00e9tablir un cadre national pour la lutte contre le racisme dans la soci\u00e9t\u00e9 canadienne en renfor\u00e7ant la capacit\u00e9 [&hellip;]<\/p>\n","protected":false},"author":5,"featured_media":0,"parent":0,"menu_order":0,"comment_status":"closed","ping_status":"closed","template":"","meta":{"_acf_changed":false,"footnotes":""},"class_list":["post-7475","page","type-page","status-publish","hentry"],"acf":[],"_links":{"self":[{"href":"https:\/\/crrf-fcrr.ca\/fr\/wp-json\/wp\/v2\/pages\/7475","targetHints":{"allow":["GET"]}}],"collection":[{"href":"https:\/\/crrf-fcrr.ca\/fr\/wp-json\/wp\/v2\/pages"}],"about":[{"href":"https:\/\/crrf-fcrr.ca\/fr\/wp-json\/wp\/v2\/types\/page"}],"author":[{"embeddable":true,"href":"https:\/\/crrf-fcrr.ca\/fr\/wp-json\/wp\/v2\/users\/5"}],"replies":[{"embeddable":true,"href":"https:\/\/crrf-fcrr.ca\/fr\/wp-json\/wp\/v2\/comments?post=7475"}],"version-history":[{"count":4,"href":"https:\/\/crrf-fcrr.ca\/fr\/wp-json\/wp\/v2\/pages\/7475\/revisions"}],"predecessor-version":[{"id":14847,"href":"https:\/\/crrf-fcrr.ca\/fr\/wp-json\/wp\/v2\/pages\/7475\/revisions\/14847"}],"wp:attachment":[{"href":"https:\/\/crrf-fcrr.ca\/fr\/wp-json\/wp\/v2\/media?parent=7475"}],"curies":[{"name":"wp","href":"https:\/\/api.w.org\/{rel}","templated":true}]}}