{"id":7595,"date":"2023-09-21T11:35:32","date_gmt":"2023-09-21T15:35:32","guid":{"rendered":"https:\/\/crrf-fcrr.ca\/?page_id=7595"},"modified":"2025-10-17T09:43:52","modified_gmt":"2025-10-17T13:43:52","slug":"rapports-annuels-au-parlement","status":"publish","type":"page","link":"https:\/\/crrf-fcrr.ca\/fr\/transparence\/rapports-annuels-au-parlement\/","title":{"rendered":"Rapports annuels au Parlement"},"content":{"rendered":"\n\n\n\n<div class=\"wp-block-columns pattern-two-column is-layout-flex wp-container-core-columns-is-layout-9d6595d7 wp-block-columns-is-layout-flex\">\n<div class=\"wp-block-column pattern-two-column__title is-layout-flow wp-block-column-is-layout-flow\">\n<h2 class=\"wp-block-heading\">Rapports annuels de l&rsquo;AIPRP au Parlement<\/h2>\n<\/div>\n\n\n\n<div class=\"wp-block-column pattern-two-column__content is-layout-flow wp-block-column-is-layout-flow\">\n<p>Le rapport annuel sur l&rsquo;application de la loi sur l&rsquo;acc\u00e8s \u00e0 l&rsquo;information et de la loi sur la protection de la vie priv\u00e9e d\u00e9crit la mani\u00e8re dont la FCRR s&rsquo;est acquitt\u00e9e de ses responsabilit\u00e9s en relation avec ces lois au cours d&rsquo;un exercice donn\u00e9.<\/p>\n\n\n\t\t\t<div class=\"cta-download-small\">\n\t\t\t<a class=\"link--download\" href=\"https:\/\/crrf-fcrr.ca\/wp-content\/uploads\/2025\/10\/2-CRRF_Privacy-Act-AR-2024-2025-French-Report-V.Aug-6-AT.pdf\" download>\n\t\t\t\tRapport 2024-2025 sur l&#039;administration de la loi sur la protection des renseignements personnels\t\t\t<\/a>\n\t\t<\/div>\n\t\n\n\t\t\t<div class=\"cta-download-small\">\n\t\t\t<a class=\"link--download\" href=\"https:\/\/crrf-fcrr.ca\/wp-content\/uploads\/2025\/10\/4-CRRF_Information-Act-AR-2024-2025-French_V-Aug-6.pdf\" download>\n\t\t\t\tRapport 2024-2025 sur l&#039;administration de la loi sur l&#039;acc\u00e8s \u00e0 l&#039;information\t\t\t<\/a>\n\t\t<\/div>\n\t\n\n\t\t\t<div class=\"cta-download-small\">\n\t\t\t<a class=\"link--download\" href=\"https:\/\/crrf-fcrr.ca\/wp-content\/uploads\/2024\/11\/2-CRRF_Privacy-Act-AR-2023-2024-French-with-Statistical-Report-V-August-30.pdf\" download>\n\t\t\t\tRapport 2023-2024 sur l&#039;administration de la loi sur la protection des renseignements personnels\t\t\t<\/a>\n\t\t<\/div>\n\t\n\n\t\t\t<div class=\"cta-download-small\">\n\t\t\t<a class=\"link--download\" href=\"https:\/\/crrf-fcrr.ca\/wp-content\/uploads\/2024\/11\/4-CRRF_Information-Act-AR-2023-2024-French_with-Statistical-report-V-August-30.pdf\" download>\n\t\t\t\tRapport 2023-2024 sur l&#039;administration de la loi sur l&#039;acc\u00e8s \u00e0 l&#039;information\t\t\t<\/a>\n\t\t<\/div>\n\t\n\n\t\t\t<div class=\"cta-download-small\">\n\t\t\t<a class=\"link--download\" href=\"https:\/\/crrf-fcrr.ca\/wp-content\/uploads\/2023\/10\/2-CRRF_Privacy-Act-AR-2022-2023-French-with-Statistical-Report-V-July21.pdf\" download>\n\t\t\t\tRapport 2022-2023 sur l&#039;administration de la loi sur la protection des renseignements personnels\t\t\t<\/a>\n\t\t<\/div>\n\t\n\n\t\t\t<div class=\"cta-download-small\">\n\t\t\t<a class=\"link--download\" href=\"https:\/\/crrf-fcrr.ca\/wp-content\/uploads\/2023\/10\/4-CRRF_Information-Act-AR-2022-2023-French-with-Statistical-Report_v-Aug-3-2023.pdf\" download>\n\t\t\t\tRapport 2022-2023 sur l&#039;administration de la loi sur l&#039;acc\u00e8s \u00e0 l&#039;information\t\t\t<\/a>\n\t\t<\/div>\n\t\n\n\t\t\t<div class=\"cta-download-small\">\n\t\t\t<a class=\"link--download\" href=\"https:\/\/crrf-fcrr.ca\/wp-content\/uploads\/2023\/04\/3-Privacy_Act_AR_2021-22-_Eng_final_version_with_Statistical_June_27-2022_R.pdf\" download>\n\t\t\t\t2021-2022 Report on the Administration of the Privacy Act\t\t\t<\/a>\n\t\t<\/div>\n\t\n\n\t\t\t<div class=\"cta-download-small\">\n\t\t\t<a class=\"link--download\" href=\"https:\/\/crrf-fcrr.ca\/wp-content\/uploads\/2023\/04\/1-Information_Act_AR_2021-22-_Eng_final_version_with_Statistical_June_27-2022_R.pdf\" download>\n\t\t\t\t2021-2022 Report on the Administration of the Access to Information Act\t\t\t<\/a>\n\t\t<\/div>\n\t\n\n\t\t\t<div class=\"cta-download-small\">\n\t\t\t<a class=\"link--download\" href=\"https:\/\/crrf-fcrr.ca\/wp-content\/uploads\/2023\/04\/Information_Act_AR_2020-21-_Eng-with_statistical_report1.pdf\" download>\n\t\t\t\t2020-2021 Report on the Administration of the Access to Information Act\t\t\t<\/a>\n\t\t<\/div>\n\t\n\n\t\t\t<div class=\"cta-download-small\">\n\t\t\t<a class=\"link--download\" href=\"https:\/\/crrf-fcrr.ca\/wp-content\/uploads\/2023\/04\/Privacy_Act_AR_2020-2021_Eng-_with_statistical_report1.pdf\" download>\n\t\t\t\t2020-2021 Report on the Administration of the Privacy Act\t\t\t<\/a>\n\t\t<\/div>\n\t\n\n\t\t\t<div class=\"cta-download-small\">\n\t\t\t<a class=\"link--download\" href=\"https:\/\/crrf-fcrr.ca\/wp-content\/uploads\/2023\/04\/Information_Act__AR_2019-20_Eng_final.pdf\" download>\n\t\t\t\t2019-2020 Report on the Administration of the Access to Information Act\t\t\t<\/a>\n\t\t<\/div>\n\t\n\n\t\t\t<div class=\"cta-download-small\">\n\t\t\t<a class=\"link--download\" href=\"https:\/\/crrf-fcrr.ca\/wp-content\/uploads\/2023\/04\/Privacy_Act__AR__2019-2020__Eng_final.pdf\" download>\n\t\t\t\t2019-2020 Report on the Administration of the Privacy Act\t\t\t<\/a>\n\t\t<\/div>\n\t\n\n\t\t\t<div class=\"cta-download-small\">\n\t\t\t<a class=\"link--download\" href=\"https:\/\/crrf-fcrr.ca\/wp-content\/uploads\/2023\/04\/Information_Act_AR_2017-18-_Eng.pdf\" download>\n\t\t\t\t2017-2018 Report on the Administration of the Access to Information Act\t\t\t<\/a>\n\t\t<\/div>\n\t\n\n\t\t\t<div class=\"cta-download-small\">\n\t\t\t<a class=\"link--download\" href=\"https:\/\/crrf-fcrr.ca\/wp-content\/uploads\/2023\/04\/Privacy_Act_AR_2017-18_Eng-.pdf\" download>\n\t\t\t\t2017-2018 Report on the Administration of the Privacy Act\t\t\t<\/a>\n\t\t<\/div>\n\t\n\n\t\t\t<div class=\"cta-download-small\">\n\t\t\t<a class=\"link--download\" href=\"https:\/\/crrf-fcrr.ca\/wp-content\/uploads\/2023\/04\/InformationAct_AR2016-17Eng.pdf\" download>\n\t\t\t\t2016-2017 Report on the Administration of the Access to Information Act\t\t\t<\/a>\n\t\t<\/div>\n\t\n\n\t\t\t<div class=\"cta-download-small\">\n\t\t\t<a class=\"link--download\" href=\"https:\/\/crrf-fcrr.ca\/wp-content\/uploads\/2023\/04\/PrivacyActAR16-17Eng-.pdf\" download>\n\t\t\t\t2016-2017 Report on the Administration of the Privacy Act\t\t\t<\/a>\n\t\t<\/div>\n\t\n\n\t\t\t<div class=\"cta-download-small\">\n\t\t\t<a class=\"link--download\" href=\"https:\/\/crrf-fcrr.ca\/wp-content\/uploads\/2023\/04\/EN_Information-ActAR2015-16.pdf\" download>\n\t\t\t\t2015-2016 Report on the Administration of the Access to Information Act\t\t\t<\/a>\n\t\t<\/div>\n\t\n\n\t\t\t<div class=\"cta-download-small\">\n\t\t\t<a class=\"link--download\" href=\"https:\/\/crrf-fcrr.ca\/wp-content\/uploads\/2023\/04\/EN_PrivacyActAR2015-16.pdf\" download>\n\t\t\t\t2015-2016 Report on the Administration of the Privacy Act\t\t\t<\/a>\n\t\t<\/div>\n\t\n\n\t\t\t<div class=\"cta-download-small\">\n\t\t\t<a class=\"link--download\" href=\"https:\/\/crrf-fcrr.ca\/wp-content\/uploads\/2023\/04\/InformationActAR201415Eng.pdf\" download>\n\t\t\t\t2014-2015 Report on the Administration of the Access to Information Act\t\t\t<\/a>\n\t\t<\/div>\n\t\n\n\t\t\t<div class=\"cta-download-small\">\n\t\t\t<a class=\"link--download\" href=\"https:\/\/crrf-fcrr.ca\/wp-content\/uploads\/2023\/04\/PrivacyActAR201415Eng.pdf\" download>\n\t\t\t\t2014-2015 Report on the Administration of the Privacy Act\t\t\t<\/a>\n\t\t<\/div>\n\t<\/div>\n<\/div>\n","protected":false},"excerpt":{"rendered":"<p>Rapports annuels de l&rsquo;AIPRP au Parlement Le rapport annuel sur l&rsquo;application de la loi sur l&rsquo;acc\u00e8s \u00e0 l&rsquo;information et de la loi sur la protection de la vie priv\u00e9e d\u00e9crit la mani\u00e8re dont la FCRR s&rsquo;est acquitt\u00e9e de ses responsabilit\u00e9s en relation avec ces lois au cours d&rsquo;un exercice donn\u00e9.<\/p>\n","protected":false},"author":5,"featured_media":0,"parent":69,"menu_order":0,"comment_status":"closed","ping_status":"closed","template":"","meta":{"_acf_changed":false,"footnotes":""},"class_list":["post-7595","page","type-page","status-publish","hentry"],"acf":[],"_links":{"self":[{"href":"https:\/\/crrf-fcrr.ca\/fr\/wp-json\/wp\/v2\/pages\/7595","targetHints":{"allow":["GET"]}}],"collection":[{"href":"https:\/\/crrf-fcrr.ca\/fr\/wp-json\/wp\/v2\/pages"}],"about":[{"href":"https:\/\/crrf-fcrr.ca\/fr\/wp-json\/wp\/v2\/types\/page"}],"author":[{"embeddable":true,"href":"https:\/\/crrf-fcrr.ca\/fr\/wp-json\/wp\/v2\/users\/5"}],"replies":[{"embeddable":true,"href":"https:\/\/crrf-fcrr.ca\/fr\/wp-json\/wp\/v2\/comments?post=7595"}],"version-history":[{"count":4,"href":"https:\/\/crrf-fcrr.ca\/fr\/wp-json\/wp\/v2\/pages\/7595\/revisions"}],"predecessor-version":[{"id":14059,"href":"https:\/\/crrf-fcrr.ca\/fr\/wp-json\/wp\/v2\/pages\/7595\/revisions\/14059"}],"up":[{"embeddable":true,"href":"https:\/\/crrf-fcrr.ca\/fr\/wp-json\/wp\/v2\/pages\/69"}],"wp:attachment":[{"href":"https:\/\/crrf-fcrr.ca\/fr\/wp-json\/wp\/v2\/media?parent=7595"}],"curies":[{"name":"wp","href":"https:\/\/api.w.org\/{rel}","templated":true}]}}