{"id":7851,"date":"2023-10-12T11:10:59","date_gmt":"2023-10-12T15:10:59","guid":{"rendered":"https:\/\/crrf-fcrr.ca\/?page_id=7851"},"modified":"2023-10-23T10:12:55","modified_gmt":"2023-10-23T14:12:55","slug":"acces-information-protection-des-renseignements-personnels","status":"publish","type":"page","link":"https:\/\/crrf-fcrr.ca\/fr\/transparence\/acces-information-protection-des-renseignements-personnels\/","title":{"rendered":"Acc\u00e8s \u00e0 l\u2019information et protection des renseignements personnels"},"content":{"rendered":"\n\n\n\n<div class=\"wp-block-columns pattern-two-column is-layout-flex wp-container-core-columns-is-layout-9d6595d7 wp-block-columns-is-layout-flex\">\n<div class=\"wp-block-column pattern-two-column__title is-layout-flow wp-block-column-is-layout-flow\">\n<h2 class=\"wp-block-heading\">Acc\u00e8s \u00e0 l\u2019information et protection des renseignements personnels<\/h2>\n<\/div>\n\n\n\n<div class=\"wp-block-column pattern-two-column__content is-layout-flow wp-block-column-is-layout-flow\">\n<p>La FCRR est assujettie \u00e0 la <a href=\"https:\/\/laws-lois.justice.gc.ca\/fra\/lois\/a-1\/\">&nbsp;Loi sur l\u2019acc\u00e8s \u00e0 l\u2019information<\/a>. Loi sur l\u2019acc\u00e8s \u00e0 l\u2019information accorde aux citoyens canadiens, aux r\u00e9sidents permanents ainsi qu\u2019aux autres personnes et soci\u00e9t\u00e9s pr\u00e9sentes au Canada un droit d\u2019acc\u00e8s aux renseignements figurant dans les dossiers gouvernementaux, sous r\u00e9serve d&rsquo;exceptions sp\u00e9cifiques et limit\u00e9es.<\/p>\n\n\n\n<p>La FCRR est assujettie \u00e0 la <a href=\"https:\/\/laws-lois.justice.gc.ca\/fra\/lois\/p-21\/index.html\">Loi sur la protection des renseignements personnels<\/a>, une loi f\u00e9d\u00e9rale canadienne, et reconna\u00eet que la protection de la vie priv\u00e9e est fondamentale pour pr\u00e9server la confiance du public et des employ\u00e9s.<\/p>\n\n\n\n<p>L&rsquo;objectif de la <em>Loi sur la protection des renseignements personnels<\/em> est d&rsquo;\u00e9tendre les lois actuelles du Canada qui prot\u00e8gent la vie priv\u00e9e des individus en ce qui concerne la collecte, l&rsquo;utilisation et la divulgation de leurs renseignements personnels d\u00e9tenus par une institution gouvernementale. En vertu de la <em>Loi sur la protection des renseignements personnels<\/em>, tous les renseignements personnels sous le contr\u00f4le du CRRF sont prot\u00e9g\u00e9s.<\/p>\n\n\n\n<p>La <em>Loi sur la protection des renseignements personnels<\/em> donne \u00e9galement aux individus le droit de demander l&rsquo;acc\u00e8s aux informations personnelles les concernant d\u00e9tenues par une institution gouvernementale et leur offre la possibilit\u00e9 de demander la correction de ces informations si elles sont inexactes.<\/p>\n\n\n\n<p><a href=\"https:\/\/crrf-fcrr.ca\/fr\/transparence\/comment-soumettre-une-demande-dacces-a-linformation\/\">Comment soumettre une demande d&rsquo;acc\u00e8s \u00e0 l&rsquo;information ou de renseignements personnels <\/a><\/p>\n\n\n\n<p><a href=\"https:\/\/crrf-fcrr.ca\/fr\/transparence\/demandes-dacces-linformation-completees\/\">R\u00e9sum\u00e9s des demandes d&rsquo;acc\u00e8s \u00e0 l&rsquo;information compl\u00e9t\u00e9es <\/a><\/p>\n\n\n\n<p><a href=\"https:\/\/crrf-fcrr.ca\/fr\/transparence\/renseignements-programmes-et-fonds-de-renseignement\/\">Info Source<\/a><\/p>\n\n\n\n<p><a href=\"https:\/\/crrf-fcrr.ca\/fr\/resumes-des-evaluations-des-facteurs-relatifs-a-la-vie-privee\/\">R\u00e9sum\u00e9s des \u00e9valuations des facteurs relatifs \u00e0 la vie priv\u00e9e<\/a><\/p>\n\n\n\n<p><a href=\"https:\/\/crrf-fcrr.ca\/fr\/rapports-annuels-au-parlement\/\" data-type=\"page\" data-id=\"7595\">Rapports annuels au Parlement<\/a><\/p>\n\n\n\n<p><a href=\"https:\/\/crrf-fcrr.ca\/comment-deposer-une-demande-de-renseignements-ou-une-plainte\/\">Comment faire une requ\u00eate ou plainte<\/a><\/p>\n<\/div>\n<\/div>\n","protected":false},"excerpt":{"rendered":"<p>Acc\u00e8s \u00e0 l\u2019information et protection des renseignements personnels La FCRR est assujettie \u00e0 la &nbsp;Loi sur l\u2019acc\u00e8s \u00e0 l\u2019information. Loi sur l\u2019acc\u00e8s \u00e0 l\u2019information accorde aux citoyens canadiens, aux r\u00e9sidents permanents ainsi qu\u2019aux autres personnes et soci\u00e9t\u00e9s pr\u00e9sentes au Canada un droit d\u2019acc\u00e8s aux renseignements figurant dans les dossiers gouvernementaux, sous r\u00e9serve d&rsquo;exceptions sp\u00e9cifiques et [&hellip;]<\/p>\n","protected":false},"author":5,"featured_media":0,"parent":69,"menu_order":0,"comment_status":"closed","ping_status":"closed","template":"","meta":{"_acf_changed":false,"footnotes":""},"class_list":["post-7851","page","type-page","status-publish","hentry"],"acf":[],"_links":{"self":[{"href":"https:\/\/crrf-fcrr.ca\/fr\/wp-json\/wp\/v2\/pages\/7851","targetHints":{"allow":["GET"]}}],"collection":[{"href":"https:\/\/crrf-fcrr.ca\/fr\/wp-json\/wp\/v2\/pages"}],"about":[{"href":"https:\/\/crrf-fcrr.ca\/fr\/wp-json\/wp\/v2\/types\/page"}],"author":[{"embeddable":true,"href":"https:\/\/crrf-fcrr.ca\/fr\/wp-json\/wp\/v2\/users\/5"}],"replies":[{"embeddable":true,"href":"https:\/\/crrf-fcrr.ca\/fr\/wp-json\/wp\/v2\/comments?post=7851"}],"version-history":[{"count":2,"href":"https:\/\/crrf-fcrr.ca\/fr\/wp-json\/wp\/v2\/pages\/7851\/revisions"}],"predecessor-version":[{"id":7854,"href":"https:\/\/crrf-fcrr.ca\/fr\/wp-json\/wp\/v2\/pages\/7851\/revisions\/7854"}],"up":[{"embeddable":true,"href":"https:\/\/crrf-fcrr.ca\/fr\/wp-json\/wp\/v2\/pages\/69"}],"wp:attachment":[{"href":"https:\/\/crrf-fcrr.ca\/fr\/wp-json\/wp\/v2\/media?parent=7851"}],"curies":[{"name":"wp","href":"https:\/\/api.w.org\/{rel}","templated":true}]}}