{"id":81,"date":"2023-03-15T15:22:14","date_gmt":"2023-03-15T19:22:14","guid":{"rendered":"https:\/\/crrf.7.plankdesign.com\/?page_id=81"},"modified":"2023-09-01T11:49:06","modified_gmt":"2023-09-01T15:49:06","slug":"guides-publications","status":"publish","type":"page","link":"https:\/\/crrf-fcrr.ca\/fr\/guides-publications\/","title":{"rendered":"Guides, publications et vid\u00e9os"},"content":{"rendered":"\n<div class=\"wp-block-columns pattern-page-title is-layout-flex wp-container-core-columns-is-layout-9d6595d7 wp-block-columns-is-layout-flex\">\n<div class=\"wp-block-column pattern-page-title__title is-layout-flow wp-block-column-is-layout-flow\"><h1 class=\"wp-block-post-title\">Guides, publications et vid\u00e9os<\/h1><\/div>\n\n\n\n<div class=\"wp-block-column pattern-page-title__intro is-layout-flow wp-block-column-is-layout-flow\">\n<p>D\u00e9couvrez nos diff\u00e9rents guides, publications et vid\u00e9os sur la lutte contre le racisme et la justice sociale.<\/p>\n<\/div>\n<\/div>\n\n\n\n\t<section aria-labelledby=\"title-block_f7a045b4ab62e766f0c316bf5d407e0f\" id=\"cta-download-large-block_f7a045b4ab62e766f0c316bf5d407e0f\" class=\"cta-download-large \">\n\t\t<div class=\"cta-download-large__content\">\n\t\t\t\t\t\t\t<h3 id=\"title-block_f7a045b4ab62e766f0c316bf5d407e0f\">The Spirit of Reconciliation Guidebook<\/h3>\n\t\t\t\t\t\t\t\t\t\t<span class=\"subtitle\">Guide pratique<\/span>\n\t\t\t\t\t\t\t\t\t\t<p>En anglais seulement<\/p>\n\t\t\t\t\t\t<div class=\"button-wrap\">\n\t\t\t\t\t\t\t\t\t<a class=\"button\" href=\"https:\/\/crrf-fcrr.ca\/the-spirit-of-reconciliation\/\" target=\"\">\n\t\t\t\t\t\tEn savoir plus\t\t\t\t\t<\/a>\n\t\t\t\t\t\t\t\t\t\t\t<\/div>\n\t\t<\/div>\n\t\t<div class=\"cta-download-large__image \">\n\t\t\t\t\t\t\t<img decoding=\"async\" class=\"accent-graphic\" src=\"https:\/\/crrf-fcrr.ca\/wp-content\/themes\/crrf\/dist\/images\/svg\/graphics\/single-corner-red.svg\" alt=\"\" \/>\n\t\t\t\t<div class=\"aspect-ratio-box\">\n\t\t\t\t\t<img loading=\"lazy\" decoding=\"async\" width=\"446\" height=\"714\" src=\"https:\/\/crrf-fcrr.ca\/wp-content\/uploads\/2023\/05\/Spirit-of-Reconciliation-cover-separate-pages_copy_Page_1.jpg\" class=\"attachment-large size-large\" alt=\"\" srcset=\"https:\/\/crrf-fcrr.ca\/wp-content\/uploads\/2023\/05\/Spirit-of-Reconciliation-cover-separate-pages_copy_Page_1.jpg 446w, https:\/\/crrf-fcrr.ca\/wp-content\/uploads\/2023\/05\/Spirit-of-Reconciliation-cover-separate-pages_copy_Page_1-187x300.jpg 187w, https:\/\/crrf-fcrr.ca\/wp-content\/uploads\/2023\/05\/Spirit-of-Reconciliation-cover-separate-pages_copy_Page_1-342x548.jpg 342w\" sizes=\"auto, (max-width: 446px) 100vw, 446px\" \/>\t\t\t\t<\/div>\n\t\t\t\t\t<\/div>\n\t<\/section>\n\n\n\n\t<section aria-labelledby=\"title-block_cb70515af1cf0cca51be58e04a099e4c\" id=\"cta-download-large-block_cb70515af1cf0cca51be58e04a099e4c\" class=\"cta-download-large \">\n\t\t<div class=\"cta-download-large__content\">\n\t\t\t\t\t\t\t<h3 id=\"title-block_cb70515af1cf0cca51be58e04a099e4c\">Faire le bon geste<\/h3>\n\t\t\t\t\t\t\t\t\t\t<span class=\"subtitle\">Guide pratique<\/span>\n\t\t\t\t\t\t\t\t\t\t<p>Faire le bon geste est une ressource \u00e9ducative ayant re\u00e7u du financement de la part du gouvernement f\u00e9d\u00e9ral. Elle a \u00e9t\u00e9 con\u00e7ue pour inciter les \u00e9l\u00e8ves \u00e0 r\u00e9fl\u00e9chir plus profond\u00e9ment sur des \u00e9v\u00e9nements que, comme Canadiens, nous devons tous vivre.<\/p>\n\t\t\t\t\t\t<div class=\"button-wrap\">\n\t\t\t\t\t\t\t\t\t<a class=\"button\" href=\"https:\/\/crrf-fcrr.ca\/fr\/faire-le-bon-geste\/\" target=\"\">\n\t\t\t\t\t\tEn savoir plus\t\t\t\t\t<\/a>\n\t\t\t\t\t\t\t\t\t\t\t<\/div>\n\t\t<\/div>\n\t\t<div class=\"cta-download-large__image \">\n\t\t\t\t\t\t\t<img decoding=\"async\" class=\"accent-graphic\" src=\"https:\/\/crrf-fcrr.ca\/wp-content\/themes\/crrf\/dist\/images\/svg\/graphics\/single-corner-red.svg\" alt=\"\" \/>\n\t\t\t\t<div class=\"aspect-ratio-box\">\n\t\t\t\t\t<img loading=\"lazy\" decoding=\"async\" width=\"650\" height=\"842\" src=\"https:\/\/crrf-fcrr.ca\/wp-content\/uploads\/2023\/05\/DTRT-teachers-FR.png\" class=\"attachment-large size-large\" alt=\"\" srcset=\"https:\/\/crrf-fcrr.ca\/wp-content\/uploads\/2023\/05\/DTRT-teachers-FR.png 650w, https:\/\/crrf-fcrr.ca\/wp-content\/uploads\/2023\/05\/DTRT-teachers-FR-232x300.png 232w, https:\/\/crrf-fcrr.ca\/wp-content\/uploads\/2023\/05\/DTRT-teachers-FR-556x720.png 556w, https:\/\/crrf-fcrr.ca\/wp-content\/uploads\/2023\/05\/DTRT-teachers-FR-423x548.png 423w\" sizes=\"auto, (max-width: 650px) 100vw, 650px\" \/>\t\t\t\t<\/div>\n\t\t\t\t\t<\/div>\n\t<\/section>\n\n\n\n\t<section aria-labelledby=\"title-block_295f624f438a450f980ad4a5e7946799\" id=\"cta-download-large-block_295f624f438a450f980ad4a5e7946799\" class=\"cta-download-large no-img\">\n\t\t<div class=\"cta-download-large__content\">\n\t\t\t\t\t\t\t<h3 id=\"title-block_295f624f438a450f980ad4a5e7946799\">Le racisme : Probl\u00e8mes et solutions<\/h3>\n\t\t\t\t\t\t\t\t\t\t<span class=\"subtitle\">Vid\u00e9os<\/span>\n\t\t\t\t\t\t\t\t\t\t<p>Les documentaires \u00ab Racism: Problems and Solutions \u00bb sont une s\u00e9rie de vid\u00e9os en anglais qui mettant en lumi\u00e8re les histoires personnelles d&#039;individus ayant eu \u00e0 faire face au racisme et \u00e0 la discrimination.<\/p>\n\t\t\t\t\t\t<div class=\"button-wrap\">\n\t\t\t\t\t\t\t\t\t<a class=\"button\" href=\"https:\/\/crrf-fcrr.ca\/fr\/faire-le-bon-geste\/\" target=\"\">\n\t\t\t\t\t\tEn savoir plus\t\t\t\t\t<\/a>\n\t\t\t\t\t\t\t\t\t\t\t<\/div>\n\t\t<\/div>\n\t\t<div class=\"cta-download-large__image \">\n\t\t\t\t\t<\/div>\n\t<\/section>\n\n\n\n\t<section aria-labelledby=\"title-block_43ecde844d0731732baac6c65eb926bc\" id=\"cta-download-large-block_43ecde844d0731732baac6c65eb926bc\" class=\"cta-download-large \">\n\t\t<div class=\"cta-download-large__content\">\n\t\t\t\t\t\t\t<h3 id=\"title-block_43ecde844d0731732baac6c65eb926bc\">La revue Directions<\/h3>\n\t\t\t\t\t\t\t\t\t\t<span class=\"subtitle\">Publication<\/span>\n\t\t\t\t\t\t\t\t\t\t<p>Directions, le journal de Canadian Race Relation, fournit des recherches, des commentaires et des perspectives ax\u00e9s sur l&#039;action et sur la communaut\u00e9, sur l&#039;\u00e9limination du racisme et de la discrimination.<\/p>\n\t\t\t\t\t\t<div class=\"button-wrap\">\n\t\t\t\t\t\t\t\t\t<a class=\"button\" href=\"https:\/\/crrf-fcrr.ca\/fr\/la-revue-directions\/\" target=\"\">\n\t\t\t\t\t\tEn savoir plus\t\t\t\t\t<\/a>\n\t\t\t\t\t\t\t\t\t\t\t<\/div>\n\t\t<\/div>\n\t\t<div class=\"cta-download-large__image \">\n\t\t\t\t\t\t\t<img decoding=\"async\" class=\"accent-graphic\" src=\"https:\/\/crrf-fcrr.ca\/wp-content\/themes\/crrf\/dist\/images\/svg\/graphics\/single-corner-red.svg\" alt=\"\" \/>\n\t\t\t\t<div class=\"aspect-ratio-box\">\n\t\t\t\t\t<img loading=\"lazy\" decoding=\"async\" width=\"525\" height=\"787\" src=\"https:\/\/crrf-fcrr.ca\/wp-content\/uploads\/2023\/05\/ben-o-bro-unsplash.jpg\" class=\"attachment-large size-large\" alt=\"\" srcset=\"https:\/\/crrf-fcrr.ca\/wp-content\/uploads\/2023\/05\/ben-o-bro-unsplash.jpg 525w, https:\/\/crrf-fcrr.ca\/wp-content\/uploads\/2023\/05\/ben-o-bro-unsplash-200x300.jpg 200w, https:\/\/crrf-fcrr.ca\/wp-content\/uploads\/2023\/05\/ben-o-bro-unsplash-480x720.jpg 480w, https:\/\/crrf-fcrr.ca\/wp-content\/uploads\/2023\/05\/ben-o-bro-unsplash-366x548.jpg 366w\" sizes=\"auto, (max-width: 525px) 100vw, 525px\" \/>\t\t\t\t<\/div>\n\t\t\t\t\t<\/div>\n\t<\/section>\n\n\n\n<p><\/p>\n","protected":false},"excerpt":{"rendered":"<p>D\u00e9couvrez nos diff\u00e9rents guides, publications et vid\u00e9os sur la lutte contre le racisme et la justice sociale.<\/p>\n","protected":false},"author":1,"featured_media":7106,"parent":0,"menu_order":0,"comment_status":"closed","ping_status":"closed","template":"","meta":{"_acf_changed":false,"footnotes":""},"class_list":["post-81","page","type-page","status-publish","has-post-thumbnail","hentry"],"acf":[],"_links":{"self":[{"href":"https:\/\/crrf-fcrr.ca\/fr\/wp-json\/wp\/v2\/pages\/81","targetHints":{"allow":["GET"]}}],"collection":[{"href":"https:\/\/crrf-fcrr.ca\/fr\/wp-json\/wp\/v2\/pages"}],"about":[{"href":"https:\/\/crrf-fcrr.ca\/fr\/wp-json\/wp\/v2\/types\/page"}],"author":[{"embeddable":true,"href":"https:\/\/crrf-fcrr.ca\/fr\/wp-json\/wp\/v2\/users\/1"}],"replies":[{"embeddable":true,"href":"https:\/\/crrf-fcrr.ca\/fr\/wp-json\/wp\/v2\/comments?post=81"}],"version-history":[{"count":4,"href":"https:\/\/crrf-fcrr.ca\/fr\/wp-json\/wp\/v2\/pages\/81\/revisions"}],"predecessor-version":[{"id":7272,"href":"https:\/\/crrf-fcrr.ca\/fr\/wp-json\/wp\/v2\/pages\/81\/revisions\/7272"}],"wp:featuredmedia":[{"embeddable":true,"href":"https:\/\/crrf-fcrr.ca\/fr\/wp-json\/wp\/v2\/media\/7106"}],"wp:attachment":[{"href":"https:\/\/crrf-fcrr.ca\/fr\/wp-json\/wp\/v2\/media?parent=81"}],"curies":[{"name":"wp","href":"https:\/\/api.w.org\/{rel}","templated":true}]}}