{"id":8595,"date":"2024-01-19T14:01:34","date_gmt":"2024-01-19T19:01:34","guid":{"rendered":"https:\/\/crrf-fcrr.ca\/?page_id=8595"},"modified":"2024-01-19T14:04:55","modified_gmt":"2024-01-19T19:04:55","slug":"politique-communication-en-ligne","status":"publish","type":"page","link":"https:\/\/crrf-fcrr.ca\/fr\/politique-communication-en-ligne\/","title":{"rendered":"Notre politique de communication en ligne"},"content":{"rendered":"\n\n\n\n<div class=\"wp-block-columns pattern-two-column is-layout-flex wp-container-core-columns-is-layout-9d6595d7 wp-block-columns-is-layout-flex\">\n<div class=\"wp-block-column pattern-two-column__title is-layout-flow wp-block-column-is-layout-flow\">\n<h2 class=\"wp-block-heading\"><strong>Contenu d\u00e9sobligeant, offensant ou irrespectueux<\/strong><\/h2>\n<\/div>\n\n\n\n<div class=\"wp-block-column pattern-two-column__content is-layout-flow wp-block-column-is-layout-flow\">\n<p>Afin de favoriser des discussions riches, respectueuses et constructives et de pr\u00e9server un espace s\u00fbr et respectueux, nous nous r\u00e9servons le droit de surveiller, de modifier, de masquer et de supprimer tout commentaire ou contenu :<\/p>\n\n\n\n<ul class=\"wp-block-list\">\n<li>hors contexte, propagandiste, publicitaire (polluriel) ou ayant une vis\u00e9e de sollicitation politique, professionnelle ou commerciale;<\/li>\n\n\n\n<li>haineux ou injurieux;<\/li>\n\n\n\n<li>raciste, sexiste, x\u00e9nophobe, homophobe ou d\u00e9nigrant une origine ethnique, une orientation sexuelle, une identit\u00e9 de genre ou une appartenance religieuse;<\/li>\n\n\n\n<li>divulguant des informations personnelles ou confidentielles \u00e0 propos d\u2019une autre personne que celle ayant fait la publication;<\/li>\n\n\n\n<li>r\u00e9p\u00e9titif et insistant;<\/li>\n\n\n\n<li>ill\u00e9gal ou contenant des informations fausses promouvant une conduite ill\u00e9gale, violente, haineuse ou nocive;<\/li>\n\n\n\n<li>obsc\u00e8ne, agressif, mena\u00e7ant ou violent;<\/li>\n\n\n\n<li>visant un membre du personnel ou une personne travaillant \u00e0 titre professionnel avec la Fondation.<\/li>\n<\/ul>\n\n\n\n<p>Les personnes qui ne respectent pas la n\u00e9tiquette pourraient \u00eatre bloqu\u00e9es ou bannies de nos comptes de r\u00e9seaux sociaux. La publication envahissante, insistante ou r\u00e9p\u00e9titive de contenu ou de commentaires d\u00e9sobligeants ou offensants m\u00e8nera \u00e0 un signalement aux autorit\u00e9s et pourrait donner lieu \u00e0 des actions en justice.<\/p>\n\n\n\n<p>Les points de vue exprim\u00e9s sur les r\u00e9seaux sociaux de la Fondation canadienne des relations raciales ne refl\u00e8tent pas n\u00e9cessairement ceux de la FCRR, de son conseil d\u2019administration ou de son personnel. La FCRR n\u2019est pas responsable des commentaires ou du contenu affich\u00e9 par les personnes abonn\u00e9es et d\u00e9cline toute responsabilit\u00e9 pouvant d\u00e9couler de leurs publications.<\/p>\n<\/div>\n<\/div>\n\n\n\n<div class=\"wp-block-columns pattern-two-column is-layout-flex wp-container-core-columns-is-layout-9d6595d7 wp-block-columns-is-layout-flex\">\n<div class=\"wp-block-column pattern-two-column__title is-layout-flow wp-block-column-is-layout-flow\">\n<h2 class=\"wp-block-heading\"><strong><strong>Usurpation de l\u2019image de marque et de l\u2019identit\u00e9<\/strong><\/strong><\/h2>\n<\/div>\n\n\n\n<div class=\"wp-block-column pattern-two-column__content is-layout-flow wp-block-column-is-layout-flow\">\n<p>La FCRR prendra aussi toutes les mesures l\u00e9gales n\u00e9cessaires pour faire fermer les comptes de r\u00e9seaux sociaux usurpant l\u2019identit\u00e9 de la Fondation canadienne des relations raciales.<\/p>\n<\/div>\n<\/div>\n\n\n\n<div class=\"wp-block-columns pattern-two-column is-layout-flex wp-container-core-columns-is-layout-9d6595d7 wp-block-columns-is-layout-flex\">\n<div class=\"wp-block-column pattern-two-column__title is-layout-flow wp-block-column-is-layout-flow\">\n<h2 class=\"wp-block-heading\"><strong><strong><strong>Photos et vid\u00e9os<\/strong><\/strong><\/strong><\/h2>\n<\/div>\n\n\n\n<div class=\"wp-block-column pattern-two-column__content is-layout-flow wp-block-column-is-layout-flow\">\n<p>Si vous partagez des photos ou des vid\u00e9os de la FCRR, assurez-vous de d\u00e9tenir l\u2019autorisation des propri\u00e9taires du droit d\u2019auteur. La FCRR des arts se d\u00e9gage de toute responsabilit\u00e9 associ\u00e9e \u00e0 une \u00e9ventuelle violation du droit d\u2019auteur de ses abonn\u00e9es et abonn\u00e9s, et se r\u00e9serve le droit de supprimer tout contenu sans pr\u00e9avis.<\/p>\n<\/div>\n<\/div>\n\n\n\n<div class=\"wp-block-columns pattern-two-column is-layout-flex wp-container-core-columns-is-layout-9d6595d7 wp-block-columns-is-layout-flex\">\n<div class=\"wp-block-column pattern-two-column__title is-layout-flow wp-block-column-is-layout-flow\">\n<h2 class=\"wp-block-heading\"><\/h2>\n<\/div>\n\n\n\n<div class=\"wp-block-column pattern-two-column__content is-layout-flow wp-block-column-is-layout-flow\">\n<p>La Fondation canadienne des relations raciales se r\u00e9serve le droit de modifier cette politique en tout temps \u00e0 son enti\u00e8re discr\u00e9tion et sans pr\u00e9avis.<\/p>\n\n\n\n<p>Pour toute plainte concernant les r\u00e9seaux sociaux de la FCRR, veuillez nous contacter \u00e0 l\u2019adresse info@crrf-fcrr.ca.&nbsp;<\/p>\n\n\n\n<p>Merci de faire partie de notre communaut\u00e9 num\u00e9rique. Nous sommes heureux de partager cet espace avec vous pour lutter contre le racisme au Canada et renforcer le tissu social de notre soci\u00e9t\u00e9.<\/p>\n\n\n\n<p><em>Nous remercions le <\/em><a href=\"https:\/\/conseildesarts.ca\/a-propos\/responsabilite-publique\/netiquette?_gl=1*1tq4r1*_ga*MTE0MzcxNzY1NC4xNzA1NjA2ODQ0*_ga_81G873V43T*MTcwNTY4MzgxMC4yLjAuMTcwNTY4MzgxMC42MC4wLjA.*_ga_7GXS0BDFM2*MTcwNTY4MzgxMC4yLjAuMTcwNTY4MzgxMC4wLjAuMA..\"><em>Conseil des arts du Canada<\/em><\/a><em> pour l\u2019\u00e9laboration de cette politique.<\/em><\/p>\n<\/div>\n<\/div>\n","protected":false},"excerpt":{"rendered":"<p>Contenu d\u00e9sobligeant, offensant ou irrespectueux Afin de favoriser des discussions riches, respectueuses et constructives et de pr\u00e9server un espace s\u00fbr et respectueux, nous nous r\u00e9servons le droit de surveiller, de modifier, de masquer et de supprimer tout commentaire ou contenu : Les personnes qui ne respectent pas la n\u00e9tiquette pourraient \u00eatre bloqu\u00e9es ou bannies de [&hellip;]<\/p>\n","protected":false},"author":5,"featured_media":0,"parent":0,"menu_order":0,"comment_status":"closed","ping_status":"closed","template":"","meta":{"_acf_changed":false,"footnotes":""},"class_list":["post-8595","page","type-page","status-publish","hentry"],"acf":[],"_links":{"self":[{"href":"https:\/\/crrf-fcrr.ca\/fr\/wp-json\/wp\/v2\/pages\/8595","targetHints":{"allow":["GET"]}}],"collection":[{"href":"https:\/\/crrf-fcrr.ca\/fr\/wp-json\/wp\/v2\/pages"}],"about":[{"href":"https:\/\/crrf-fcrr.ca\/fr\/wp-json\/wp\/v2\/types\/page"}],"author":[{"embeddable":true,"href":"https:\/\/crrf-fcrr.ca\/fr\/wp-json\/wp\/v2\/users\/5"}],"replies":[{"embeddable":true,"href":"https:\/\/crrf-fcrr.ca\/fr\/wp-json\/wp\/v2\/comments?post=8595"}],"version-history":[{"count":3,"href":"https:\/\/crrf-fcrr.ca\/fr\/wp-json\/wp\/v2\/pages\/8595\/revisions"}],"predecessor-version":[{"id":8598,"href":"https:\/\/crrf-fcrr.ca\/fr\/wp-json\/wp\/v2\/pages\/8595\/revisions\/8598"}],"wp:attachment":[{"href":"https:\/\/crrf-fcrr.ca\/fr\/wp-json\/wp\/v2\/media?parent=8595"}],"curies":[{"name":"wp","href":"https:\/\/api.w.org\/{rel}","templated":true}]}}