{"id":8702,"date":"2024-01-22T08:48:43","date_gmt":"2024-01-22T13:48:43","guid":{"rendered":"https:\/\/crrf-fcrr.ca\/?page_id=8702"},"modified":"2026-04-21T10:22:04","modified_gmt":"2026-04-21T14:22:04","slug":"fnlcr-recipiendaires-subventions-evenements-initiatives-jeunesse","status":"publish","type":"page","link":"https:\/\/crrf-fcrr.ca\/fr\/fnlcr-recipiendaires-subventions-evenements-initiatives-jeunesse\/","title":{"rendered":"Fonds national de lutte contre le racisme &#8211; R\u00e9cipiendaires de subventions pour \u00e9v\u00e9nements et initiatives jeunesse"},"content":{"rendered":"\n\n\n\n<p>Parmi les laur\u00e9ats des \u00e9v\u00e9nements et initiatives jeunesse du FNLCR se retrouvent des organismes \u00e0 travers le Canada ayant pour mission de planifier des \u00e9v\u00e9nements communautaires, publics, sociaux, et\/ou d\u2019apprentissage harmonis\u00e9s aux th\u00e8mes et objectifs du FNLCR. <\/p>\n\n\n\n<p>Les r\u00e9cipiendaires sont \u00e9galement des organismes dirig\u00e9s par des jeunes ou ax\u00e9s sur les jeunes (des personnes de moins de 30\u202fans). Ces \u00e9v\u00e9nements et initiatives jeunesse comprennent des conf\u00e9rences, colloques, ateliers, galas, festivals, expositions et des activit\u00e9s de r\u00e9conciliation ou interculturelles.&nbsp;&nbsp;<\/p>\n\n\n\n<div class=\"wp-block-buttons is-layout-flex wp-block-buttons-is-layout-flex\">\n<div class=\"wp-block-button\"><a class=\"wp-block-button__link wp-element-button\" href=\"https:\/\/crrf-fcrr.ca\/fr\/fnlcr-recipiendaires-eij-2025-2026\/\">Consulter la liste des r\u00e9cipiendaires 2025\/2026 ici<\/a><\/div>\n<\/div>\n\n\n\n<div class=\"wp-block-buttons is-layout-flex wp-block-buttons-is-layout-flex\">\n<div class=\"wp-block-button\"><a class=\"wp-block-button__link wp-element-button\" href=\"https:\/\/crrf-fcrr.ca\/fr\/fnlcr-recipiendaires-eij-2024-2025\/\">Consulter la liste des r\u00e9cipiendaires 2024\/2025 ici<\/a><\/div>\n<\/div>\n\n\n\n<div class=\"wp-block-buttons is-layout-flex wp-block-buttons-is-layout-flex\">\n<div class=\"wp-block-button\"><a class=\"wp-block-button__link wp-element-button\" href=\"https:\/\/crrf-fcrr.ca\/fr\/fnlcr-recipiendaires-eij-2023-2024\/\">Consulter la liste des r\u00e9cipiendaires 2023\/2024 ici<\/a><\/div>\n<\/div>\n","protected":false},"excerpt":{"rendered":"<p>Parmi les laur\u00e9ats des \u00e9v\u00e9nements et initiatives jeunesse du FNLCR se retrouvent des organismes \u00e0 travers le Canada ayant pour mission de planifier des \u00e9v\u00e9nements communautaires, publics, sociaux, et\/ou d\u2019apprentissage harmonis\u00e9s aux th\u00e8mes et objectifs du FNLCR. Les r\u00e9cipiendaires sont \u00e9galement des organismes dirig\u00e9s par des jeunes ou ax\u00e9s sur les jeunes (des personnes de [&hellip;]<\/p>\n","protected":false},"author":5,"featured_media":8658,"parent":0,"menu_order":0,"comment_status":"closed","ping_status":"closed","template":"","meta":{"_acf_changed":false,"footnotes":""},"class_list":["post-8702","page","type-page","status-publish","has-post-thumbnail","hentry"],"acf":[],"_links":{"self":[{"href":"https:\/\/crrf-fcrr.ca\/fr\/wp-json\/wp\/v2\/pages\/8702","targetHints":{"allow":["GET"]}}],"collection":[{"href":"https:\/\/crrf-fcrr.ca\/fr\/wp-json\/wp\/v2\/pages"}],"about":[{"href":"https:\/\/crrf-fcrr.ca\/fr\/wp-json\/wp\/v2\/types\/page"}],"author":[{"embeddable":true,"href":"https:\/\/crrf-fcrr.ca\/fr\/wp-json\/wp\/v2\/users\/5"}],"replies":[{"embeddable":true,"href":"https:\/\/crrf-fcrr.ca\/fr\/wp-json\/wp\/v2\/comments?post=8702"}],"version-history":[{"count":5,"href":"https:\/\/crrf-fcrr.ca\/fr\/wp-json\/wp\/v2\/pages\/8702\/revisions"}],"predecessor-version":[{"id":14879,"href":"https:\/\/crrf-fcrr.ca\/fr\/wp-json\/wp\/v2\/pages\/8702\/revisions\/14879"}],"wp:featuredmedia":[{"embeddable":true,"href":"https:\/\/crrf-fcrr.ca\/fr\/wp-json\/wp\/v2\/media\/8658"}],"wp:attachment":[{"href":"https:\/\/crrf-fcrr.ca\/fr\/wp-json\/wp\/v2\/media?parent=8702"}],"curies":[{"name":"wp","href":"https:\/\/api.w.org\/{rel}","templated":true}]}}