{"id":9079,"date":"2024-02-21T16:10:50","date_gmt":"2024-02-21T21:10:50","guid":{"rendered":"https:\/\/crrf-fcrr.ca\/?page_id=9079"},"modified":"2025-10-02T11:24:42","modified_gmt":"2025-10-02T15:24:42","slug":"lutter-contre-la-haine-canada","status":"publish","type":"page","link":"https:\/\/crrf-fcrr.ca\/fr\/lutter-contre-la-haine-canada\/","title":{"rendered":"Lutter contre la haine au Canada"},"content":{"rendered":"\n<div class=\"wp-block-columns is-layout-flex wp-container-core-columns-is-layout-9d6595d7 wp-block-columns-is-layout-flex\">\n<div class=\"wp-block-column is-layout-flow wp-block-column-is-layout-flow\">\n<div style=\"height:50px\" aria-hidden=\"true\" class=\"wp-block-spacer\"><\/div>\n<\/div>\n<\/div>\n\n\n\n<div class=\"wp-block-columns is-layout-flex wp-container-core-columns-is-layout-9d6595d7 wp-block-columns-is-layout-flex\">\n<div class=\"wp-block-column is-layout-flow wp-block-column-is-layout-flow\">\n<div style=\"height:39px\" aria-hidden=\"true\" class=\"wp-block-spacer\"><\/div>\n\n\n<h1 class=\"wp-block-post-title\">Lutter contre la haine au Canada<\/h1>\n\n\n<div style=\"height:57px\" aria-hidden=\"true\" class=\"wp-block-spacer\"><\/div>\n\n\n\n<h4 class=\"wp-block-heading\">Les crimes haineux au Canada ont doubl\u00e9 entre 2019 et 2023. <\/h4>\n\n\n\n<p><\/p>\n\n\n\n<p>En 2024, ils ont atteint le sommet historique de 4 882 incidents signal\u00e9s.<br><br>Au cours de cette p\u00e9riode, la FCRR a multipli\u00e9 ses efforts sur plusieurs fronts pour lutter contre les crimes haineux, renforcer les communaut\u00e9s et faire avancer le dialogue. En 2024, nous avons soutenu la publication du tout premier <a href=\"https:\/\/www.canada.ca\/fr\/patrimoine-canadien\/services\/lutter-contre-haine\/plan-action.html\"><strong>Plan d&rsquo;action canadien de lutte contre la haine<\/strong><\/a> et au cours des prochains mois, nous lancerons officiellement le <em>Centre de ressources de lutte contre la haine<\/em>.<br><br>Dans cette lutte, nous avons tous un r\u00f4le \u00e0 jouer, qu\u2019il s\u2019agisse de nous interposer contre la haine, de nous investir dans le dialogue ou de choisir le partage entre communaut\u00e9s plut\u00f4t que la division. Ensemble, nous pouvons renverser la tendance et \u00e9difier un avenir meilleur pour le Canada.<\/p>\n<\/div>\n<\/div>\n\n\n\n<div class=\"wp-block-columns is-layout-flex wp-container-core-columns-is-layout-9d6595d7 wp-block-columns-is-layout-flex\">\n<div class=\"wp-block-column is-layout-flow wp-block-column-is-layout-flow\">\n<figure class=\"wp-block-image alignwide size-full\"><a href=\"https:\/\/crrf-fcrr.ca\/fr\/ateliers-batir-des-ponts\/\"><img loading=\"lazy\" decoding=\"async\" width=\"1000\" height=\"1000\" src=\"https:\/\/crrf-fcrr.ca\/wp-content\/uploads\/2025\/03\/BuildingBridges_Square_FR_logo.png\" alt=\"\" class=\"wp-image-12173\" srcset=\"https:\/\/crrf-fcrr.ca\/wp-content\/uploads\/2025\/03\/BuildingBridges_Square_FR_logo.png 1000w, https:\/\/crrf-fcrr.ca\/wp-content\/uploads\/2025\/03\/BuildingBridges_Square_FR_logo-360x360.png 360w, https:\/\/crrf-fcrr.ca\/wp-content\/uploads\/2025\/03\/BuildingBridges_Square_FR_logo-150x150.png 150w, https:\/\/crrf-fcrr.ca\/wp-content\/uploads\/2025\/03\/BuildingBridges_Square_FR_logo-768x768.png 768w, https:\/\/crrf-fcrr.ca\/wp-content\/uploads\/2025\/03\/BuildingBridges_Square_FR_logo-650x650.png 650w, https:\/\/crrf-fcrr.ca\/wp-content\/uploads\/2025\/03\/BuildingBridges_Square_FR_logo-548x548.png 548w\" sizes=\"auto, (max-width: 1000px) 100vw, 1000px\" \/><\/a><\/figure>\n\n\n\n<p>La Fondation canadienne des relations raciales (FCRR) lance des ateliers de formation pour aider \u00e0 b\u00e2tir des ponts entre les communaut\u00e9s et au sein de celles-ci, ainsi qu\u2019entre les communaut\u00e9s et les forces polici\u00e8res.<\/p>\n\n\n\n<p><a href=\"https:\/\/crrf-fcrr.ca\/fr\/ateliers-batir-des-ponts\/\" target=\"_blank\" rel=\"noreferrer noopener\">Cliquez ici pour en savoir plus<\/a>.<\/p>\n<\/div>\n\n\n\n<div class=\"wp-block-column is-layout-flow wp-block-column-is-layout-flow\">\n<figure class=\"wp-block-image alignwide size-large\"><a href=\"https:\/\/crrf-fcrr.ca\/fr\/recherche-et-rapports\/outil-recherche-explorer-jurisprudence\/\"><img loading=\"lazy\" decoding=\"async\" width=\"1024\" height=\"1024\" src=\"https:\/\/crrf-fcrr.ca\/wp-content\/uploads\/2025\/03\/718-Instagram-post-1-1024x1024.png\" alt=\"\" class=\"wp-image-12171\" srcset=\"https:\/\/crrf-fcrr.ca\/wp-content\/uploads\/2025\/03\/718-Instagram-post-1-1024x1024.png 1024w, https:\/\/crrf-fcrr.ca\/wp-content\/uploads\/2025\/03\/718-Instagram-post-1-360x360.png 360w, https:\/\/crrf-fcrr.ca\/wp-content\/uploads\/2025\/03\/718-Instagram-post-1-150x150.png 150w, https:\/\/crrf-fcrr.ca\/wp-content\/uploads\/2025\/03\/718-Instagram-post-1-768x768.png 768w, https:\/\/crrf-fcrr.ca\/wp-content\/uploads\/2025\/03\/718-Instagram-post-1-650x650.png 650w, https:\/\/crrf-fcrr.ca\/wp-content\/uploads\/2025\/03\/718-Instagram-post-1-548x548.png 548w, https:\/\/crrf-fcrr.ca\/wp-content\/uploads\/2025\/03\/718-Instagram-post-1.png 1080w\" sizes=\"auto, (max-width: 1024px) 100vw, 1024px\" \/><\/a><\/figure>\n\n\n\n<p>La FCRR s&rsquo;est associ\u00e9e \u00e0 Western Law pour d\u00e9velopper un nouvel outil de recherche facile \u00e0 utiliser, con\u00e7u pour aider les procureurs et autres personnes qui travaillent sur les crimes haineux \u00e0 trouver de mani\u00e8re efficace et efficiente la jurisprudence relative aux crimes haineux.<\/p>\n\n\n\n<p><a href=\"https:\/\/crrf-fcrr.ca\/fr\/recherche-et-rapports\/outil-recherche-explorer-jurisprudence\/\" target=\"_blank\" rel=\"noreferrer noopener\">Cliquez ici pour en savoir plus<\/a>.<\/p>\n<\/div>\n\n\n\n<div class=\"wp-block-column is-layout-flow wp-block-column-is-layout-flow\">\n<p><\/p>\n\n\n\n<p><\/p>\n<\/div>\n<\/div>\n\n\n\n<div class=\"wp-block-columns is-layout-flex wp-container-core-columns-is-layout-9d6595d7 wp-block-columns-is-layout-flex\">\n<div class=\"wp-block-column is-layout-flow wp-block-column-is-layout-flow\">\n<figure class=\"wp-block-image alignwide size-full\"><a href=\"https:\/\/crrf-fcrr.ca\/fr\/contexte-juridique-crimes-haineux-canada\/\"><img loading=\"lazy\" decoding=\"async\" width=\"1080\" height=\"1080\" src=\"https:\/\/crrf-fcrr.ca\/wp-content\/uploads\/2025\/07\/Understanding-the-legal-landscape-FR-web.png\" alt=\"\" class=\"wp-image-13477\" srcset=\"https:\/\/crrf-fcrr.ca\/wp-content\/uploads\/2025\/07\/Understanding-the-legal-landscape-FR-web.png 1080w, https:\/\/crrf-fcrr.ca\/wp-content\/uploads\/2025\/07\/Understanding-the-legal-landscape-FR-web-360x360.png 360w, https:\/\/crrf-fcrr.ca\/wp-content\/uploads\/2025\/07\/Understanding-the-legal-landscape-FR-web-1024x1024.png 1024w, https:\/\/crrf-fcrr.ca\/wp-content\/uploads\/2025\/07\/Understanding-the-legal-landscape-FR-web-150x150.png 150w, https:\/\/crrf-fcrr.ca\/wp-content\/uploads\/2025\/07\/Understanding-the-legal-landscape-FR-web-768x768.png 768w, https:\/\/crrf-fcrr.ca\/wp-content\/uploads\/2025\/07\/Understanding-the-legal-landscape-FR-web-650x650.png 650w, https:\/\/crrf-fcrr.ca\/wp-content\/uploads\/2025\/07\/Understanding-the-legal-landscape-FR-web-548x548.png 548w\" sizes=\"auto, (max-width: 1080px) 100vw, 1080px\" \/><\/a><\/figure>\n\n\n\n<p>Quelle est la diff\u00e9rence entre un crime haineux et un incident motiv\u00e9 par la haine ? D\u00e9couvrez le contexte juridique au Canada, notamment la mani\u00e8re dont le syst\u00e8me judiciaire traite les crimes haineux.<\/p>\n\n\n\n<p><a href=\"https:\/\/crrf-fcrr.ca\/fr\/contexte-juridique-crimes-haineux-canada\/\" target=\"_blank\" rel=\"noreferrer noopener\">Cliquez ici pour en savoir plus<\/a>.<\/p>\n<\/div>\n\n\n\n<div class=\"wp-block-column is-layout-flow wp-block-column-is-layout-flow\">\n<figure class=\"wp-block-image size-full\"><a href=\"https:\/\/crrf-fcrr.ca\/fr\/groupe-travail-national-crimes-haineux-canada\/\"><img loading=\"lazy\" decoding=\"async\" width=\"1080\" height=\"1080\" src=\"https:\/\/crrf-fcrr.ca\/wp-content\/uploads\/2025\/07\/HCTF-FR-web.png\" alt=\"\" class=\"wp-image-13472\" srcset=\"https:\/\/crrf-fcrr.ca\/wp-content\/uploads\/2025\/07\/HCTF-FR-web.png 1080w, https:\/\/crrf-fcrr.ca\/wp-content\/uploads\/2025\/07\/HCTF-FR-web-360x360.png 360w, https:\/\/crrf-fcrr.ca\/wp-content\/uploads\/2025\/07\/HCTF-FR-web-1024x1024.png 1024w, https:\/\/crrf-fcrr.ca\/wp-content\/uploads\/2025\/07\/HCTF-FR-web-150x150.png 150w, https:\/\/crrf-fcrr.ca\/wp-content\/uploads\/2025\/07\/HCTF-FR-web-768x768.png 768w, https:\/\/crrf-fcrr.ca\/wp-content\/uploads\/2025\/07\/HCTF-FR-web-650x650.png 650w, https:\/\/crrf-fcrr.ca\/wp-content\/uploads\/2025\/07\/HCTF-FR-web-548x548.png 548w\" sizes=\"auto, (max-width: 1080px) 100vw, 1080px\" \/><\/a><\/figure>\n\n\n\n<p>En r\u00e9ponse \u00e0 l\u2019augmentation des crimes et incidents haineux au Canada, la FCRR co-pr\u00e9side le&nbsp;Groupe de travail national sur les crimes haineux&nbsp;avec la Gendarmerie royale du Canada (GRC).<br><br><a href=\"https:\/\/crrf-fcrr.ca\/fr\/groupe-travail-national-crimes-haineux-canada\/\" target=\"_blank\" rel=\"noreferrer noopener\">Cliquez ici pour en savoir plus<\/a>.<\/p>\n<\/div>\n\n\n\n<div class=\"wp-block-column is-layout-flow wp-block-column-is-layout-flow\">\n<p><\/p>\n<\/div>\n<\/div>\n\n\n\n<div style=\"height:100px\" aria-hidden=\"true\" class=\"wp-block-spacer\"><\/div>\n","protected":false},"excerpt":{"rendered":"<p>Les crimes haineux au Canada ont doubl\u00e9 entre 2019 et 2023. En 2024, ils ont atteint le sommet historique de 4 882 incidents signal\u00e9s. Au cours de cette p\u00e9riode, la FCRR a multipli\u00e9 ses efforts sur plusieurs fronts pour lutter contre les crimes haineux, renforcer les communaut\u00e9s et faire avancer le dialogue. En 2024, nous [&hellip;]<\/p>\n","protected":false},"author":5,"featured_media":9181,"parent":0,"menu_order":0,"comment_status":"closed","ping_status":"closed","template":"","meta":{"_acf_changed":false,"footnotes":""},"class_list":["post-9079","page","type-page","status-publish","has-post-thumbnail","hentry"],"acf":[],"_links":{"self":[{"href":"https:\/\/crrf-fcrr.ca\/fr\/wp-json\/wp\/v2\/pages\/9079","targetHints":{"allow":["GET"]}}],"collection":[{"href":"https:\/\/crrf-fcrr.ca\/fr\/wp-json\/wp\/v2\/pages"}],"about":[{"href":"https:\/\/crrf-fcrr.ca\/fr\/wp-json\/wp\/v2\/types\/page"}],"author":[{"embeddable":true,"href":"https:\/\/crrf-fcrr.ca\/fr\/wp-json\/wp\/v2\/users\/5"}],"replies":[{"embeddable":true,"href":"https:\/\/crrf-fcrr.ca\/fr\/wp-json\/wp\/v2\/comments?post=9079"}],"version-history":[{"count":4,"href":"https:\/\/crrf-fcrr.ca\/fr\/wp-json\/wp\/v2\/pages\/9079\/revisions"}],"predecessor-version":[{"id":13961,"href":"https:\/\/crrf-fcrr.ca\/fr\/wp-json\/wp\/v2\/pages\/9079\/revisions\/13961"}],"wp:featuredmedia":[{"embeddable":true,"href":"https:\/\/crrf-fcrr.ca\/fr\/wp-json\/wp\/v2\/media\/9181"}],"wp:attachment":[{"href":"https:\/\/crrf-fcrr.ca\/fr\/wp-json\/wp\/v2\/media?parent=9079"}],"curies":[{"name":"wp","href":"https:\/\/api.w.org\/{rel}","templated":true}]}}