{"id":94,"date":"2023-03-15T15:24:25","date_gmt":"2023-03-15T19:24:25","guid":{"rendered":"https:\/\/crrf.7.plankdesign.com\/?page_id=94"},"modified":"2025-04-09T14:42:28","modified_gmt":"2025-04-09T18:42:28","slug":"guides-contre-racisme","status":"publish","type":"page","link":"https:\/\/crrf-fcrr.ca\/fr\/guides-contre-racisme\/","title":{"rendered":"Guides pratiques contre le racisme"},"content":{"rendered":"\n<div style=\"height:75px\" aria-hidden=\"true\" class=\"wp-block-spacer\"><\/div>\n\n\n\n<h2 class=\"wp-block-heading\">Guides pratiques contre le racisme<\/h2>\n\n\n\n<p>Le CRRF pr\u00e9sente une s\u00e9rie de guides pratiques pour vous aider \u00e0 en savoir plus sur le racisme et \u00e0 contribuer \u00e0 la lutte contre celui-ci.<\/p>\n\n\n\n\t<section aria-labelledby=\"title-block_719138601f21eb7fcbbe682710d69f7a\" id=\"cta-download-large-block_719138601f21eb7fcbbe682710d69f7a\" class=\"cta-download-large \">\n\t\t<div class=\"cta-download-large__content\">\n\t\t\t\t\t\t\t<h3 id=\"title-block_719138601f21eb7fcbbe682710d69f7a\">D\u00e9noncer la haine, trouver du soutien\u202f: Une trousse \u00e0 outils au service des communaut\u00e9s <\/h3>\n\t\t\t\t\t\t\t\t\t\t\t\t\t<p>Cette trousse \u00e0 outils pr\u00e9sente quelques \u00e9l\u00e9ments cl\u00e9s permettant de signaler et d\u2019enregistrer les actes haineux, tout en apportant un soutien aux victimes et aux communaut\u00e9s au Canada.<\/p>\n\t\t\t\t\t\t<div class=\"button-wrap\">\n\t\t\t\t\t\t\t\t\t<a class=\"button\" href=\"https:\/\/crrf-fcrr.ca\/fr\/soutien-contre-haine-boite-outils\/\" target=\"\">\n\t\t\t\t\t\tEn savoir plus\t\t\t\t\t<\/a>\n\t\t\t\t\t\t\t\t\t\t\t<\/div>\n\t\t<\/div>\n\t\t<div class=\"cta-download-large__image \">\n\t\t\t\t\t\t\t<img decoding=\"async\" class=\"accent-graphic\" src=\"https:\/\/crrf-fcrr.ca\/wp-content\/themes\/crrf\/dist\/images\/svg\/graphics\/single-corner-red.svg\" alt=\"\" \/>\n\t\t\t\t<div class=\"aspect-ratio-box\">\n\t\t\t\t\t<img loading=\"lazy\" decoding=\"async\" width=\"650\" height=\"839\" src=\"https:\/\/crrf-fcrr.ca\/wp-content\/uploads\/2025\/04\/BBtoolkits_FR.png\" class=\"attachment-large size-large\" alt=\"\" srcset=\"https:\/\/crrf-fcrr.ca\/wp-content\/uploads\/2025\/04\/BBtoolkits_FR.png 650w, https:\/\/crrf-fcrr.ca\/wp-content\/uploads\/2025\/04\/BBtoolkits_FR-279x360.png 279w, https:\/\/crrf-fcrr.ca\/wp-content\/uploads\/2025\/04\/BBtoolkits_FR-558x720.png 558w, https:\/\/crrf-fcrr.ca\/wp-content\/uploads\/2025\/04\/BBtoolkits_FR-425x548.png 425w\" sizes=\"auto, (max-width: 650px) 100vw, 650px\" \/>\t\t\t\t<\/div>\n\t\t\t\t\t<\/div>\n\t<\/section>\n\n\n\n\t<section aria-labelledby=\"title-block_251b71658f2753fb1b8d4ddd8f154f84\" id=\"cta-download-large-block_251b71658f2753fb1b8d4ddd8f154f84\" class=\"cta-download-large \">\n\t\t<div class=\"cta-download-large__content\">\n\t\t\t\t\t\t\t<h3 id=\"title-block_251b71658f2753fb1b8d4ddd8f154f84\">Guide de r\u00e9conciliation pour les chefs d&#039;entreprise<\/h3>\n\t\t\t\t\t\t\t\t\t\t<span class=\"subtitle\">En anglais seulement<\/span>\n\t\t\t\t\t\t\t\t\t\t<p>Dans les derni\u00e8res ann\u00e9es, le Congr\u00e8s des peuples autochtones (CPA) a \u00e9cout\u00e9 les chefs d\u2019entreprises partout au pays, qui ont exprim\u00e9 vouloir aider \u00e0 faire avancer la r\u00e9conciliation, mais ne savent pas quoi faire. Ce guide a \u00e9t\u00e9 cr\u00e9\u00e9 pour r\u00e9pondre \u00e0 ce besoin de soutien et de conseils.<\/p>\n\t\t\t\t\t\t<div class=\"button-wrap\">\n\t\t\t\t\t\t\t\t\t\t\t\t\t<a class=\"link--download\" href=\"https:\/\/crrf-fcrr.ca\/wp-content\/uploads\/2023\/05\/WP-Revised-Reconciliation-Toolkit_Digital_May12-compressed_22.pdf\" download>\n\t\t\t\t\t\tT\u00e9l\u00e9charger le guide (en anglais)\t\t\t\t\t<\/a>\n\t\t\t\t\t\t\t<\/div>\n\t\t<\/div>\n\t\t<div class=\"cta-download-large__image \">\n\t\t\t\t\t\t\t<img decoding=\"async\" class=\"accent-graphic\" src=\"https:\/\/crrf-fcrr.ca\/wp-content\/themes\/crrf\/dist\/images\/svg\/graphics\/single-corner-red.svg\" alt=\"\" \/>\n\t\t\t\t<div class=\"aspect-ratio-box\">\n\t\t\t\t\t<img loading=\"lazy\" decoding=\"async\" width=\"520\" height=\"677\" src=\"https:\/\/crrf-fcrr.ca\/wp-content\/uploads\/2023\/05\/reconciliation-toolkit-1.png\" class=\"attachment-large size-large\" alt=\"\" srcset=\"https:\/\/crrf-fcrr.ca\/wp-content\/uploads\/2023\/05\/reconciliation-toolkit-1.png 520w, https:\/\/crrf-fcrr.ca\/wp-content\/uploads\/2023\/05\/reconciliation-toolkit-1-230x300.png 230w, https:\/\/crrf-fcrr.ca\/wp-content\/uploads\/2023\/05\/reconciliation-toolkit-1-421x548.png 421w\" sizes=\"auto, (max-width: 520px) 100vw, 520px\" \/>\t\t\t\t<\/div>\n\t\t\t\t\t<\/div>\n\t<\/section>\n\n\n\n\t<section aria-labelledby=\"title-block_3f808ad7f134111f56cf974e28f4fa25\" id=\"cta-download-large-block_3f808ad7f134111f56cf974e28f4fa25\" class=\"cta-download-large \">\n\t\t<div class=\"cta-download-large__content\">\n\t\t\t\t\t\t\t<h3 id=\"title-block_3f808ad7f134111f56cf974e28f4fa25\">Guide de la Coalition canadienne des municipalit\u00e9s contre le racisme et la discrimination (CCMARD)<\/h3>\n\t\t\t\t\t\t\t\t\t\t\t\t\t<p>La FCRR a \u00e9t\u00e9 un partenaire actif de la Coalition canadienne des municipalit\u00e9s contre le racisme et la discrimination (CCMARD). Ce guide pratique est con\u00e7u pour \u00eatre utilis\u00e9 par les municipalit\u00e9s qui se sont jointes \u00e0 la Coalition, celles qui envisagent de se joindre, ainsi que par les organismes communautaires et les citoyens, afin d&#039;encourager la participation de leur municipalit\u00e9.<\/p>\n\t\t\t\t\t\t<div class=\"button-wrap\">\n\t\t\t\t\t\t\t\t\t\t\t\t\t<a class=\"link--download\" href=\"https:\/\/crrf-fcrr.ca\/wp-content\/uploads\/2023\/05\/GuidePratiqueCCMCRD.pdf\" download>\n\t\t\t\t\t\tT\u00e9l\u00e9charger\t\t\t\t\t<\/a>\n\t\t\t\t\t\t\t<\/div>\n\t\t<\/div>\n\t\t<div class=\"cta-download-large__image \">\n\t\t\t\t\t\t\t<img decoding=\"async\" class=\"accent-graphic\" src=\"https:\/\/crrf-fcrr.ca\/wp-content\/themes\/crrf\/dist\/images\/svg\/graphics\/single-corner-red.svg\" alt=\"\" \/>\n\t\t\t\t<div class=\"aspect-ratio-box\">\n\t\t\t\t\t<img loading=\"lazy\" decoding=\"async\" width=\"499\" height=\"606\" src=\"https:\/\/crrf-fcrr.ca\/wp-content\/uploads\/2023\/06\/Screenshot-45.png\" class=\"attachment-large size-large\" alt=\"\" srcset=\"https:\/\/crrf-fcrr.ca\/wp-content\/uploads\/2023\/06\/Screenshot-45.png 499w, https:\/\/crrf-fcrr.ca\/wp-content\/uploads\/2023\/06\/Screenshot-45-296x360.png 296w, https:\/\/crrf-fcrr.ca\/wp-content\/uploads\/2023\/06\/Screenshot-45-451x548.png 451w\" sizes=\"auto, (max-width: 499px) 100vw, 499px\" \/>\t\t\t\t<\/div>\n\t\t\t\t\t<\/div>\n\t<\/section>\n","protected":false},"excerpt":{"rendered":"<p>Guides pratiques contre le racisme Le CRRF pr\u00e9sente une s\u00e9rie de guides pratiques pour vous aider \u00e0 en savoir plus sur le racisme et \u00e0 contribuer \u00e0 la lutte contre celui-ci.<\/p>\n","protected":false},"author":1,"featured_media":7109,"parent":0,"menu_order":0,"comment_status":"closed","ping_status":"closed","template":"","meta":{"_acf_changed":false,"footnotes":""},"class_list":["post-94","page","type-page","status-publish","has-post-thumbnail","hentry"],"acf":[],"_links":{"self":[{"href":"https:\/\/crrf-fcrr.ca\/fr\/wp-json\/wp\/v2\/pages\/94","targetHints":{"allow":["GET"]}}],"collection":[{"href":"https:\/\/crrf-fcrr.ca\/fr\/wp-json\/wp\/v2\/pages"}],"about":[{"href":"https:\/\/crrf-fcrr.ca\/fr\/wp-json\/wp\/v2\/types\/page"}],"author":[{"embeddable":true,"href":"https:\/\/crrf-fcrr.ca\/fr\/wp-json\/wp\/v2\/users\/1"}],"replies":[{"embeddable":true,"href":"https:\/\/crrf-fcrr.ca\/fr\/wp-json\/wp\/v2\/comments?post=94"}],"version-history":[{"count":5,"href":"https:\/\/crrf-fcrr.ca\/fr\/wp-json\/wp\/v2\/pages\/94\/revisions"}],"predecessor-version":[{"id":12636,"href":"https:\/\/crrf-fcrr.ca\/fr\/wp-json\/wp\/v2\/pages\/94\/revisions\/12636"}],"wp:featuredmedia":[{"embeddable":true,"href":"https:\/\/crrf-fcrr.ca\/fr\/wp-json\/wp\/v2\/media\/7109"}],"wp:attachment":[{"href":"https:\/\/crrf-fcrr.ca\/fr\/wp-json\/wp\/v2\/media?parent=94"}],"curies":[{"name":"wp","href":"https:\/\/api.w.org\/{rel}","templated":true}]}}