{"id":9563,"date":"2024-05-02T10:05:00","date_gmt":"2024-05-02T14:05:00","guid":{"rendered":"https:\/\/crrf-fcrr.ca\/?page_id=9563"},"modified":"2025-08-12T09:36:17","modified_gmt":"2025-08-12T13:36:17","slug":"ateliers-batir-des-ponts","status":"publish","type":"page","link":"https:\/\/crrf-fcrr.ca\/fr\/ateliers-batir-des-ponts\/","title":{"rendered":"Ateliers B\u00e2tir des ponts"},"content":{"rendered":"\n\n\n\n<p>Les crimes haineux sont en augmentation au Canada. Selon Statistique Canada, de 2019 \u00e0 2022, le nombre de crimes haineux d\u00e9clar\u00e9s par la police a augment\u00e9 de 83 %. De plus,<a href=\"https:\/\/www150.statcan.gc.ca\/n1\/pub\/85-002-x\/2021001\/article\/00014-fra.htm\" data-type=\"link\" data-id=\"https:\/\/www150.statcan.gc.ca\/n1\/pub\/85-002-x\/2021001\/article\/00014-fra.htm\"> l&rsquo;enqu\u00eate de victimisation autod\u00e9clar\u00e9e de 2019 <\/a>montre qu&rsquo;environ 80 % de ce qui a \u00e9t\u00e9 per\u00e7u par les victimes comme un crime haineux n&rsquo;ont pas \u00e9t\u00e9 signal\u00e9s \u00e0 la police au cours des 12 mois pr\u00e9c\u00e9dant l&rsquo;enqu\u00eate.<\/p>\n\n\n\n<p>En 2024, la Fondation canadienne des relations raciales (FCRR) a lanc\u00e9 des ateliers de formation pour aider \u00e0 b\u00e2tir des ponts entre les communaut\u00e9s et au sein de celles-ci, ainsi qu&rsquo;entre les communaut\u00e9s et les forces polici\u00e8res. La GRC, en tant que co-pr\u00e9sidente du Groupe de travail national sur les crimes haineux, soutient la FCRR dans la mise en \u0153uvre de cette importante initiative.<\/p>\n\n\n\n<p>L&rsquo;objectif de cette initiative est de soutenir les communaut\u00e9s, d&rsquo;aider \u00e0 lutter contre les crimes haineux et d&rsquo;am\u00e9liorer le signalement et l&rsquo;identification des crimes haineux. Cette initiative nationale est la premi\u00e8re du genre et repr\u00e9sente une \u00e9tape importante dans la lutte et la pr\u00e9vention de la haine au Canada, ainsi que dans la construction d&rsquo;une soci\u00e9t\u00e9 plus inclusive et plus \u00e9quitable.<\/p>\n\n\n\n<p>Les ateliers comprennent des volets de formation destin\u00e9s \u00e0 la police et \u00e0 la communaut\u00e9. \u00c0 ce jour, des formations ont \u00e9t\u00e9 donn\u00e9es en Colombie-Britannique, en Ontario, en Alberta et \u00e0 Terre-Neuve; la programmation des prochaines sessions est en cours.<\/p>\n\n\n\n<p><em>Cet \u00e9v\u00e9nement s&rsquo;adresse aux membres de la communaut\u00e9 et aux praticiens (par exemple, dans le domaine de la sant\u00e9 mentale, de l&rsquo;\u00e9tablissement) qui travaillent avec les communaut\u00e9s confront\u00e9es \u00e0 la haine.<\/em><\/p>\n\n\n\n<h3 class=\"wp-block-heading\"><strong>\u00cates-vous un membre de la communaut\u00e9 ou un sp\u00e9cialiste qui travaille avec des communaut\u00e9s confront\u00e9es \u00e0 la haine?<\/strong><\/h3>\n\n\n\n<p><\/p>\n\n\n\n<div class=\"wp-block-columns is-layout-flex wp-container-core-columns-is-layout-9d6595d7 wp-block-columns-is-layout-flex\">\n<div class=\"wp-block-column is-layout-flow wp-block-column-is-layout-flow\"><\/div>\n\n\n\n<div class=\"wp-block-column is-layout-flow wp-block-column-is-layout-flow\">\n<p><em>Bient\u00f4t disponible!&nbsp;<\/em>Inscrivez-vous pour \u00eatre inform\u00e9 de l&rsquo;ouverture des inscriptions dans votre ville :<\/p>\n\n\n\n<div class=\"wp-block-pb-accordion-item c-accordion__item js-accordion-item no-js\" data-initially-open=\"false\" data-click-to-close=\"true\" data-auto-close=\"true\" data-scroll=\"false\" data-scroll-offset=\"0\"><h2 id=\"at-95639\" class=\"c-accordion__title js-accordion-controller\" role=\"button\">Manitoba<\/h2><div id=\"ac-95639\" class=\"c-accordion__content\">\n<p>Winnipeg &#8211; <a href=\"http:\/\/eepurl.com\/iLFEO2\" target=\"_blank\" rel=\"noreferrer noopener\">S&rsquo;inscrire pour \u00eatre notifi\u00e9<\/a><\/p>\n<\/div><\/div>\n\n\n\n<div class=\"wp-block-pb-accordion-item c-accordion__item js-accordion-item no-js\" data-initially-open=\"false\" data-click-to-close=\"true\" data-auto-close=\"true\" data-scroll=\"false\" data-scroll-offset=\"0\"><h2 id=\"at-956310\" class=\"c-accordion__title js-accordion-controller\" role=\"button\">Nouveau Brunswick<\/h2><div id=\"ac-956310\" class=\"c-accordion__content\">\n<p>Moncton &#8211; <a href=\"http:\/\/eepurl.com\/iNh6mQ\" target=\"_blank\" rel=\"noreferrer noopener\">S&rsquo;inscrire pour \u00eatre notifi\u00e9<\/a><\/p>\n<\/div><\/div>\n\n\n\n<div class=\"wp-block-pb-accordion-item c-accordion__item js-accordion-item no-js\" data-initially-open=\"false\" data-click-to-close=\"true\" data-auto-close=\"true\" data-scroll=\"false\" data-scroll-offset=\"0\"><h2 id=\"at-956311\" class=\"c-accordion__title js-accordion-controller\" role=\"button\">Nouvelle \u00c9cosse<\/h2><div id=\"ac-956311\" class=\"c-accordion__content\">\n<p>Halifax &#8211; <a href=\"http:\/\/eepurl.com\/iNh6mk\" target=\"_blank\" rel=\"noreferrer noopener\">S&rsquo;inscrire pour \u00eatre notifi\u00e9<\/a><\/p>\n<\/div><\/div>\n\n\n\n<div class=\"wp-block-pb-accordion-item c-accordion__item js-accordion-item no-js\" data-initially-open=\"false\" data-click-to-close=\"true\" data-auto-close=\"true\" data-scroll=\"false\" data-scroll-offset=\"0\"><h2 id=\"at-956313\" class=\"c-accordion__title js-accordion-controller\" role=\"button\">Qu\u00e9bec<\/h2><div id=\"ac-956313\" class=\"c-accordion__content\">\n<p>Montr\u00e9al &#8211; <a href=\"http:\/\/eepurl.com\/iNh6mw\" target=\"_blank\" rel=\"noreferrer noopener\">S&rsquo;inscrire pour \u00eatre notifi\u00e9<\/a><\/p>\n<\/div><\/div>\n\n\n\n<div class=\"wp-block-pb-accordion-item c-accordion__item js-accordion-item no-js\" data-initially-open=\"false\" data-click-to-close=\"true\" data-auto-close=\"true\" data-scroll=\"false\" data-scroll-offset=\"0\"><h2 id=\"at-956314\" class=\"c-accordion__title js-accordion-controller\" role=\"button\">Saskatchewan<\/h2><div id=\"ac-956314\" class=\"c-accordion__content\">\n<p>Saskatoon &#8211; <a href=\"http:\/\/eepurl.com\/iLFEYA\" target=\"_blank\" rel=\"noreferrer noopener\">S&rsquo;inscrire pour \u00eatre notifi\u00e9<\/a><\/p>\n<\/div><\/div>\n<\/div>\n<\/div>\n\n\n\n<h3 class=\"wp-block-heading\"><strong>Ressources<\/strong><\/h3>\n\n\n\n<p>La ressource a \u00e9t\u00e9 \u00e9labor\u00e9e par la Fondation Canadienne des relations raciales dans le cadre de ses recherches continues sur la haine au Canada et en appui \u00e0 la s\u00e9rie d\u2019ateliers.<\/p>\n\n\n\n\t<section aria-labelledby=\"title-block_357d8eae5813a91a885c09d63daa4430\" id=\"cta-download-large-block_357d8eae5813a91a885c09d63daa4430\" class=\"cta-download-large \">\n\t\t<div class=\"cta-download-large__content\">\n\t\t\t\t\t\t\t<h3 id=\"title-block_357d8eae5813a91a885c09d63daa4430\">D\u00e9noncer la haine, trouver du soutien\u202f: Une trousse \u00e0 outils au service des communaut\u00e9s <\/h3>\n\t\t\t\t\t\t\t\t\t\t\t\t\t<p>Cette trousse \u00e0 outils pr\u00e9sente quelques \u00e9l\u00e9ments cl\u00e9s permettant de signaler et d\u2019enregistrer les actes haineux, tout en apportant un soutien aux victimes et aux communaut\u00e9s au Canada.<\/p>\n\t\t\t\t\t\t<div class=\"button-wrap\">\n\t\t\t\t\t\t\t\t\t<a class=\"button\" href=\"https:\/\/crrf-fcrr.ca\/fr\/soutien-contre-haine-boite-outils\/\" target=\"\">\n\t\t\t\t\t\tEn savoir plus\t\t\t\t\t<\/a>\n\t\t\t\t\t\t\t\t\t\t\t<\/div>\n\t\t<\/div>\n\t\t<div class=\"cta-download-large__image \">\n\t\t\t\t\t\t\t<img decoding=\"async\" class=\"accent-graphic\" src=\"https:\/\/crrf-fcrr.ca\/wp-content\/themes\/crrf\/dist\/images\/svg\/graphics\/single-corner-red.svg\" alt=\"\" \/>\n\t\t\t\t<div class=\"aspect-ratio-box\">\n\t\t\t\t\t<img loading=\"lazy\" decoding=\"async\" width=\"650\" height=\"839\" src=\"https:\/\/crrf-fcrr.ca\/wp-content\/uploads\/2025\/04\/BBtoolkits_FR.png\" class=\"attachment-large size-large\" alt=\"\" srcset=\"https:\/\/crrf-fcrr.ca\/wp-content\/uploads\/2025\/04\/BBtoolkits_FR.png 650w, https:\/\/crrf-fcrr.ca\/wp-content\/uploads\/2025\/04\/BBtoolkits_FR-279x360.png 279w, https:\/\/crrf-fcrr.ca\/wp-content\/uploads\/2025\/04\/BBtoolkits_FR-558x720.png 558w, https:\/\/crrf-fcrr.ca\/wp-content\/uploads\/2025\/04\/BBtoolkits_FR-425x548.png 425w\" sizes=\"auto, (max-width: 650px) 100vw, 650px\" \/>\t\t\t\t<\/div>\n\t\t\t\t\t<\/div>\n\t<\/section>\n","protected":false},"excerpt":{"rendered":"<p>Les crimes haineux sont en augmentation au Canada. Selon Statistique Canada, de 2019 \u00e0 2022, le nombre de crimes haineux d\u00e9clar\u00e9s par la police a augment\u00e9 de 83 %. De plus, l&rsquo;enqu\u00eate de victimisation autod\u00e9clar\u00e9e de 2019 montre qu&rsquo;environ 80 % de ce qui a \u00e9t\u00e9 per\u00e7u par les victimes comme un crime haineux n&rsquo;ont [&hellip;]<\/p>\n","protected":false},"author":5,"featured_media":10452,"parent":0,"menu_order":0,"comment_status":"closed","ping_status":"closed","template":"","meta":{"_acf_changed":false,"footnotes":""},"class_list":["post-9563","page","type-page","status-publish","has-post-thumbnail","hentry"],"acf":[],"_links":{"self":[{"href":"https:\/\/crrf-fcrr.ca\/fr\/wp-json\/wp\/v2\/pages\/9563","targetHints":{"allow":["GET"]}}],"collection":[{"href":"https:\/\/crrf-fcrr.ca\/fr\/wp-json\/wp\/v2\/pages"}],"about":[{"href":"https:\/\/crrf-fcrr.ca\/fr\/wp-json\/wp\/v2\/types\/page"}],"author":[{"embeddable":true,"href":"https:\/\/crrf-fcrr.ca\/fr\/wp-json\/wp\/v2\/users\/5"}],"replies":[{"embeddable":true,"href":"https:\/\/crrf-fcrr.ca\/fr\/wp-json\/wp\/v2\/comments?post=9563"}],"version-history":[{"count":4,"href":"https:\/\/crrf-fcrr.ca\/fr\/wp-json\/wp\/v2\/pages\/9563\/revisions"}],"predecessor-version":[{"id":13706,"href":"https:\/\/crrf-fcrr.ca\/fr\/wp-json\/wp\/v2\/pages\/9563\/revisions\/13706"}],"wp:featuredmedia":[{"embeddable":true,"href":"https:\/\/crrf-fcrr.ca\/fr\/wp-json\/wp\/v2\/media\/10452"}],"wp:attachment":[{"href":"https:\/\/crrf-fcrr.ca\/fr\/wp-json\/wp\/v2\/media?parent=9563"}],"curies":[{"name":"wp","href":"https:\/\/api.w.org\/{rel}","templated":true}]}}