{"id":96,"date":"2023-03-15T15:25:09","date_gmt":"2023-03-15T19:25:09","guid":{"rendered":"https:\/\/crrf.7.plankdesign.com\/?page_id=96"},"modified":"2025-02-18T11:47:18","modified_gmt":"2025-02-18T16:47:18","slug":"nos-origines","status":"publish","type":"page","link":"https:\/\/crrf-fcrr.ca\/fr\/nos-origines\/","title":{"rendered":"Nos origines"},"content":{"rendered":"\n<div style=\"height:75px\" aria-hidden=\"true\" class=\"wp-block-spacer\"><\/div>\n\n\n\n<div class=\"wp-block-columns is-layout-flex wp-container-core-columns-is-layout-9d6595d7 wp-block-columns-is-layout-flex\">\n<div class=\"wp-block-column is-layout-flow wp-block-column-is-layout-flow\" style=\"flex-basis:33.33%\">\n<h1 class=\"wp-block-heading\"><br>Nos origines<\/h1>\n<\/div>\n\n\n\n<div class=\"wp-block-column is-layout-flow wp-block-column-is-layout-flow\" style=\"flex-basis:66.66%\">\n<figure class=\"wp-block-embed is-type-video is-provider-youtube wp-block-embed-youtube wp-embed-aspect-16-9 wp-has-aspect-ratio\"><div class=\"wp-block-embed__wrapper\">\n<iframe loading=\"lazy\" title=\"Vid\u00e9o de l&#039;anniversaire de La FCRR\" width=\"500\" height=\"281\" src=\"https:\/\/www.youtube.com\/embed\/P4zja7A0j70?feature=oembed\" frameborder=\"0\" allow=\"accelerometer; autoplay; clipboard-write; encrypted-media; gyroscope; picture-in-picture; web-share\" referrerpolicy=\"strict-origin-when-cross-origin\" allowfullscreen><\/iframe>\n<\/div><\/figure>\n<\/div>\n<\/div>\n\n\n\n<div class=\"wp-block-columns pattern-two-column is-layout-flex wp-container-core-columns-is-layout-9d6595d7 wp-block-columns-is-layout-flex\">\n<div class=\"wp-block-column pattern-two-column__title is-layout-flow wp-block-column-is-layout-flow\">\n<h2 class=\"wp-block-heading\">Cr\u00e9ation de la FCRR<\/h2>\n<\/div>\n\n\n\n<div class=\"wp-block-column pattern-two-column__content is-layout-flow wp-block-column-is-layout-flow\">\n<p>La Fondation canadienne des relations raciales est une soci\u00e9t\u00e9 d\u2019\u00c9tat cr\u00e9\u00e9e en 1996 par le gouvernement du Canada dans le cadre de l\u2019Entente de redressement \u00e0 l\u2019\u00e9gard des Canadiens japonais pour r\u00e9affirmer les principes de justice et d\u2019\u00e9galit\u00e9 pour tous au Canada. En tant que signataire de la Convention internationale sur l\u2019\u00e9limination de toutes les formes de discrimination raciale, le Canada a d\u00e9cid\u00e9 d\u2019adopter toutes les mesures n\u00e9cessaires pour \u00e9liminer rapidement la discrimination raciale sous toutes ses formes et manifestations. <\/p>\n\n\n\n<p>L\u2019article&nbsp;15 de la Charte canadienne des droits et libert\u00e9s pr\u00e9voit ce qui suit&nbsp;: \u00ab&nbsp;La loi ne fait acception de personne et s\u2019applique \u00e9galement \u00e0 tous, tous ayant droit \u00e0 la m\u00eame protection et au m\u00eame b\u00e9n\u00e9fice de la loi, ind\u00e9pendamment de toute discrimination.&nbsp;\u00bb De plus, en vertu de la Loi sur le multiculturalisme canadien, la politique du gouvernement canadien l\u2019engage \u00e0 \u00ab&nbsp;promouvoir la participation enti\u00e8re et \u00e9quitable des individus et des collectivit\u00e9s de toutes origines \u00e0 l\u2019\u00e9volution de la nation et au fa\u00e7onnement de tous les secteurs de la soci\u00e9t\u00e9, et \u00e0 les aider \u00e0 \u00e9liminer tout obstacle \u00e0 une telle participation. \u00bb<\/p>\n\n\n\n<p>En concluant l\u2019Accord de r\u00e9paration canado-japonais, le gouvernement a condamn\u00e9 les exc\u00e8s du pass\u00e9. La Loi sur la Fondation canadienne des relations raciales (la \u00ab\u2009Loi\u2009\u00bb) a re\u00e7u la sanction royale le 1<sup>er<\/sup>&nbsp;f\u00e9vrier 1991 et a \u00e9t\u00e9 proclam\u00e9e par le gouvernement le 28&nbsp;octobre 1996. La Fondation a ouvert ses portes en novembre 1997.<\/p>\n<\/div>\n<\/div>\n\n\n\n<div class=\"wp-block-columns pattern-two-column is-layout-flex wp-container-core-columns-is-layout-9d6595d7 wp-block-columns-is-layout-flex\">\n<div class=\"wp-block-column pattern-two-column__title is-layout-flow wp-block-column-is-layout-flow\">\n<h2 class=\"wp-block-heading\">Profil<\/h2>\n<\/div>\n\n\n\n<div class=\"wp-block-column pattern-two-column__content is-layout-flow wp-block-column-is-layout-flow\">\n<p>Au moment de sa proclamation, la Fondation a re\u00e7u un fonds de dotation de 24\u00a0millions de dollars de la part du gouvernement du Canada. La moiti\u00e9 du fonds de dotation (12\u00a0millions de dollars) a \u00e9t\u00e9 accord\u00e9e au nom des Canadiens d\u2019origine japonaise en comm\u00e9moration des injustices subies pendant et apr\u00e8s la Seconde Guerre mondiale. La Fondation fonctionne gr\u00e2ce aux revenus tir\u00e9s des investissements de cette dotation et, plus r\u00e9cemment, gr\u00e2ce aux fonds allou\u00e9s par le gouvernement du Canada. Un financement permanent et continu a renforc\u00e9 la capacit\u00e9 de la FCRR \u00e0 travailler avec les communaut\u00e9s \u00e0 travers le Canada pour lutter \u00e0 long terme contre le racisme et la haine.<\/p>\n\n\n\n<p>Conform\u00e9ment \u00e0 la Loi sur la Fondation canadienne des relations raciales, les clauses suivantes s\u2019appliquent \u00e0 la Fondation&nbsp;:<\/p>\n\n\n\n<ul class=\"wp-block-list\">\n<li>La Fondation est administr\u00e9e par un conseil d\u2019administration compos\u00e9 d\u2019un pr\u00e9sident et d\u2019au plus 11&nbsp;administrateurs provenant de partout au Canada, chacun \u00e9tant nomm\u00e9 pour un mandat de quatre ans ou moins.<\/li>\n\n\n\n<li>La Fondation poss\u00e8de un directeur g\u00e9n\u00e9ral \u00e0 plein temps qui supervise et dirige le travail et le personnel de la Fondation et qui est membre d\u2019office du conseil, sans droit de vote.<\/li>\n\n\n\n<li>Tous les membres du conseil d\u2019administration et le directeur g\u00e9n\u00e9ral sont nomm\u00e9s par le gouverneur en conseil.<\/li>\n<\/ul>\n\n\n\n<p>La Fondation est ind\u00e9pendante du gouvernement et ses employ\u00e9s ne font pas partie de la fonction publique f\u00e9d\u00e9rale. La Fondation poss\u00e8de le statut d\u2019organisme de bienfaisance enregistr\u00e9. Le si\u00e8ge social de la Fondation est situ\u00e9 \u00e0 Toronto, comme le pr\u00e9cise la Loi, mais ses activit\u00e9s sont de port\u00e9e nationale.<\/p>\n<\/div>\n<\/div>\n\n\n\n<div class=\"wp-block-columns pattern-two-column is-layout-flex wp-container-core-columns-is-layout-9d6595d7 wp-block-columns-is-layout-flex\">\n<div class=\"wp-block-column pattern-two-column__title is-layout-flow wp-block-column-is-layout-flow\">\n<h2 class=\"wp-block-heading\">Des d\u00e9cennies d&rsquo;engagement<\/h2>\n<\/div>\n\n\n\n<div class=\"wp-block-column pattern-two-column__content is-layout-flow wp-block-column-is-layout-flow\">\n<p>En novembre 1999, la FCRR a lanc\u00e9, avec l&rsquo;appui de ses partenaires et commanditaires, la campagne \u00ab <strong>On ne voit bien qu&rsquo;avec le c\u0153ur : Unis contre le racisme<\/strong> \u00bb, la campagne la plus vaste et la plus diversifi\u00e9e jamais men\u00e9e contre le racisme au Canada.<\/p>\n\n\n\n<p>Cette campagne, qui s\u2019inscrit dans les efforts men\u00e9s pour encourager les Canadiens \u00e0 amorcer un dialogue au sujet du racisme \u00e0 l\u2019\u00e9chelle du pays, comportait des messages d\u2019int\u00e9r\u00eat public \u00e9mis par des dirigeants de tout le pays (Nouvelle-\u00c9cosse, Qu\u00e9bec, Ontario, les Premi\u00e8res nations et la Colombie-Britannique) interpr\u00e9tant un aspect particulier du racisme et de ses effets sur les Autochtones et les minorit\u00e9s racialis\u00e9es du Canada.<\/p>\n\n\n\n<p><a href=\"https:\/\/crrf-fcrr.ca\/fr\/unis-contre-le-racisme\/\">En savoir plus sur l&rsquo;une de nos premi\u00e8res campagnes.<\/a><\/p>\n<\/div>\n<\/div>\n","protected":false},"excerpt":{"rendered":"<p>Nos origines Cr\u00e9ation de la FCRR La Fondation canadienne des relations raciales est une soci\u00e9t\u00e9 d\u2019\u00c9tat cr\u00e9\u00e9e en 1996 par le gouvernement du Canada dans le cadre de l\u2019Entente de redressement \u00e0 l\u2019\u00e9gard des Canadiens japonais pour r\u00e9affirmer les principes de justice et d\u2019\u00e9galit\u00e9 pour tous au Canada. En tant que signataire de la Convention [&hellip;]<\/p>\n","protected":false},"author":1,"featured_media":0,"parent":0,"menu_order":0,"comment_status":"closed","ping_status":"closed","template":"","meta":{"_acf_changed":false,"footnotes":""},"class_list":["post-96","page","type-page","status-publish","hentry"],"acf":[],"_links":{"self":[{"href":"https:\/\/crrf-fcrr.ca\/fr\/wp-json\/wp\/v2\/pages\/96","targetHints":{"allow":["GET"]}}],"collection":[{"href":"https:\/\/crrf-fcrr.ca\/fr\/wp-json\/wp\/v2\/pages"}],"about":[{"href":"https:\/\/crrf-fcrr.ca\/fr\/wp-json\/wp\/v2\/types\/page"}],"author":[{"embeddable":true,"href":"https:\/\/crrf-fcrr.ca\/fr\/wp-json\/wp\/v2\/users\/1"}],"replies":[{"embeddable":true,"href":"https:\/\/crrf-fcrr.ca\/fr\/wp-json\/wp\/v2\/comments?post=96"}],"version-history":[{"count":5,"href":"https:\/\/crrf-fcrr.ca\/fr\/wp-json\/wp\/v2\/pages\/96\/revisions"}],"predecessor-version":[{"id":11909,"href":"https:\/\/crrf-fcrr.ca\/fr\/wp-json\/wp\/v2\/pages\/96\/revisions\/11909"}],"wp:attachment":[{"href":"https:\/\/crrf-fcrr.ca\/fr\/wp-json\/wp\/v2\/media?parent=96"}],"curies":[{"name":"wp","href":"https:\/\/api.w.org\/{rel}","templated":true}]}}