{"id":9680,"date":"2024-05-24T13:36:10","date_gmt":"2024-05-24T17:36:10","guid":{"rendered":"https:\/\/crrf-fcrr.ca\/?page_id=9680"},"modified":"2025-04-29T14:49:41","modified_gmt":"2025-04-29T18:49:41","slug":"soutien-contre-haine-boite-outils","status":"publish","type":"page","link":"https:\/\/crrf-fcrr.ca\/fr\/soutien-contre-haine-boite-outils\/","title":{"rendered":"D\u00e9noncer la haine, trouver du soutien\u202f: Une trousse \u00e0 outils au service des communaut\u00e9s\u00a0"},"content":{"rendered":"\n\n\n\n<div class=\"wp-block-columns is-layout-flex wp-container-core-columns-is-layout-9d6595d7 wp-block-columns-is-layout-flex\">\n<div class=\"wp-block-column is-layout-flow wp-block-column-is-layout-flow\" style=\"flex-basis:33.33%\">\n<figure class=\"wp-block-image alignleft size-full is-resized\"><img loading=\"lazy\" decoding=\"async\" width=\"650\" height=\"839\" src=\"https:\/\/crrf-fcrr.ca\/wp-content\/uploads\/2025\/04\/BBtoolkits_FR.png\" alt=\"\" class=\"wp-image-12630\" style=\"width:321px;height:auto\" srcset=\"https:\/\/crrf-fcrr.ca\/wp-content\/uploads\/2025\/04\/BBtoolkits_FR.png 650w, https:\/\/crrf-fcrr.ca\/wp-content\/uploads\/2025\/04\/BBtoolkits_FR-279x360.png 279w, https:\/\/crrf-fcrr.ca\/wp-content\/uploads\/2025\/04\/BBtoolkits_FR-558x720.png 558w, https:\/\/crrf-fcrr.ca\/wp-content\/uploads\/2025\/04\/BBtoolkits_FR-425x548.png 425w\" sizes=\"auto, (max-width: 650px) 100vw, 650px\" \/><\/figure>\n<\/div>\n\n\n\n<div class=\"wp-block-column is-layout-flow wp-block-column-is-layout-flow\" style=\"flex-basis:66.66%\">\n<p><\/p>\n\n\n\n<p>La ressource a \u00e9t\u00e9 \u00e9labor\u00e9e par la Fondation Canadienne des relations raciales dans le cadre de ses recherches continues sur la haine au Canada et en appui \u00e0 la s\u00e9rie d\u2019ateliers d\u00e9nomm\u00e9e <a href=\"https:\/\/crrf-fcrr.ca\/fr\/ateliers-batir-des-ponts\/\">B\u00e2tir des ponts <\/a>(2024-2025).<\/p>\n\n\n\n<p>La trousse \u00e0 outils comprend des consultations, des recommandations, des \u00e9tudes, des guides et des bonnes pratiques provenant d\u2019institutions, d\u2019organisations et d\u2019experts de tout le pays. Elle comprend en outre des donn\u00e9es qualitatives bas\u00e9es sur des t\u00e9moignages recueillis aupr\u00e8s de membres de communaut\u00e9s affect\u00e9s par la haine (femmes, immigrants, personnes racialis\u00e9es, religieux, 2ELGBTQI+, Autochtones et personnes en situation de handicap) dans la province du Qu\u00e9bec entre d\u00e9cembre 2022 et mars 2023.<\/p>\n\n\n\t\t\t<div class=\"cta-download-small\">\n\t\t\t<a class=\"link--download\" href=\"https:\/\/crrf-fcrr.ca\/?sdm_process_download=1&#038;download_id=12806\" download>\n\t\t\t\tT\u00e9l\u00e9charger la trousse \u00e0 outils\t\t\t<\/a>\n\t\t<\/div>\n\t<\/div>\n<\/div>\n","protected":false},"excerpt":{"rendered":"<p>La ressource a \u00e9t\u00e9 \u00e9labor\u00e9e par la Fondation Canadienne des relations raciales dans le cadre de ses recherches continues sur la haine au Canada et en appui \u00e0 la s\u00e9rie d\u2019ateliers d\u00e9nomm\u00e9e B\u00e2tir des ponts (2024-2025). La trousse \u00e0 outils comprend des consultations, des recommandations, des \u00e9tudes, des guides et des bonnes pratiques provenant d\u2019institutions, [&hellip;]<\/p>\n","protected":false},"author":5,"featured_media":0,"parent":0,"menu_order":0,"comment_status":"closed","ping_status":"closed","template":"","meta":{"_acf_changed":false,"footnotes":""},"class_list":["post-9680","page","type-page","status-publish","hentry"],"acf":[],"_links":{"self":[{"href":"https:\/\/crrf-fcrr.ca\/fr\/wp-json\/wp\/v2\/pages\/9680","targetHints":{"allow":["GET"]}}],"collection":[{"href":"https:\/\/crrf-fcrr.ca\/fr\/wp-json\/wp\/v2\/pages"}],"about":[{"href":"https:\/\/crrf-fcrr.ca\/fr\/wp-json\/wp\/v2\/types\/page"}],"author":[{"embeddable":true,"href":"https:\/\/crrf-fcrr.ca\/fr\/wp-json\/wp\/v2\/users\/5"}],"replies":[{"embeddable":true,"href":"https:\/\/crrf-fcrr.ca\/fr\/wp-json\/wp\/v2\/comments?post=9680"}],"version-history":[{"count":5,"href":"https:\/\/crrf-fcrr.ca\/fr\/wp-json\/wp\/v2\/pages\/9680\/revisions"}],"predecessor-version":[{"id":12807,"href":"https:\/\/crrf-fcrr.ca\/fr\/wp-json\/wp\/v2\/pages\/9680\/revisions\/12807"}],"wp:attachment":[{"href":"https:\/\/crrf-fcrr.ca\/fr\/wp-json\/wp\/v2\/media?parent=9680"}],"curies":[{"name":"wp","href":"https:\/\/api.w.org\/{rel}","templated":true}]}}