{"id":9964,"date":"2024-06-12T16:15:43","date_gmt":"2024-06-12T20:15:43","guid":{"rendered":"https:\/\/crrf-fcrr.ca\/?page_id=9964"},"modified":"2024-06-12T16:22:56","modified_gmt":"2024-06-12T20:22:56","slug":"offre-emploi-responsable-communications","status":"publish","type":"page","link":"https:\/\/crrf-fcrr.ca\/fr\/offre-emploi-responsable-communications\/","title":{"rendered":"Offre d&#8217;emploi : Responsable des communications"},"content":{"rendered":"\n\n\n\n<div class=\"wp-block-columns pattern-two-column is-layout-flex wp-container-core-columns-is-layout-9d6595d7 wp-block-columns-is-layout-flex\">\n<div class=\"wp-block-column pattern-two-column__title is-layout-flow wp-block-column-is-layout-flow\">\n<h2 class=\"wp-block-heading\">Description du poste<\/h2>\n<\/div>\n\n\n\n<div class=\"wp-block-column pattern-two-column__content is-layout-flow wp-block-column-is-layout-flow\">\n<p>La personne responsable des communications sera charg\u00e9e de la cr\u00e9ation et de la diffusion de contenu conform\u00e9ment \u00e0 la vision strat\u00e9gique des communications de la FCRR. Vous avez de l&rsquo;exp\u00e9rience dans la conception et l&rsquo;ex\u00e9cution de strat\u00e9gies de communication \u00e9volutives qui permettent d&rsquo;obtenir des r\u00e9sultats significatifs dans le cadre de la croissance de nos programmes et de notre marque \u00e0 travers de multiples fonctions de communication : engagement des m\u00e9dias, m\u00e9dias sociaux, marketing, gestion des parties prenantes et r\u00e9daction.\u00a0<\/p>\n\n\n\n<p>La personne responsable des communications doit \u00eatre en mesure de cr\u00e9er et d&rsquo;entretenir des relations avec les professionnels des m\u00e9dias, et de parler au nom de la FCRR au besoin, dans les deux langues officielles, ainsi que de contribuer \u00e0 l&rsquo;\u00e9laboration et \u00e0 la mise en oeuvre d&rsquo;une strat\u00e9gie de relations avec les m\u00e9dias.&nbsp;<\/p>\n\n\n\n<p><strong>Titre du poste<\/strong> : Responsable des communications<\/p>\n\n\n\n<p><strong>Type de poste <\/strong>: Syndiqu\u00e9<\/p>\n\n\n\n<p><strong>Statut <\/strong>: Contrat salari\u00e9 \u00e0 temps plein pour une dur\u00e9e de deux ans<\/p>\n\n\n\n<p><strong>Heures<\/strong>: <br>35 heures par semaine<br>Capacit\u00e9 de voyager et d&rsquo;assister \u00e0 des r\u00e9unions les fins de semaine, en matin\u00e9e et en soir\u00e9e au besoin.<\/p>\n\n\n\n<p><strong>Lieu de travail<\/strong> : Milieu de travail hybride, mais peut avoir \u00e0 travailler dans les bureaux, le cas \u00e9ch\u00e9ant.<\/p>\n\n\n\n<p><strong>Fourchette salariale <\/strong>: 77 267 $ \u00e0 92 720 $ par an. La FCRR est un lieu de travail syndiqu\u00e9 et le poste et son salaire font l&rsquo;objet d&rsquo;une convention collective.<\/p>\n\n\n\n<p>La FCRR offre un r\u00e9gime complet d\u2019avantages sociaux, comprenant trois semaines de vacances, deux jours de cong\u00e9 flottant pour raisons personnelles, des jours de maladie et 4 % du revenu annuel vers\u00e9 \u00e0 un REER, ainsi qu\u2019une assurance-vie comprenant une assurance-invalidit\u00e9 et une assurance pour soins m\u00e9dicaux et dentaires.<\/p>\n\n\n\n<p><strong>P\u00e9riode probatoire <\/strong>: 90 jours<\/p>\n\n\n\n<div class=\"wp-block-pb-accordion-item c-accordion__item js-accordion-item no-js\" data-initially-open=\"false\" data-click-to-close=\"true\" data-auto-close=\"true\" data-scroll=\"false\" data-scroll-offset=\"0\"><h2 id=\"at-99642\" class=\"c-accordion__title js-accordion-controller\" role=\"button\">T\u00e2ches et responsabilit\u00e9s<\/h2><div id=\"ac-99642\" class=\"c-accordion__content\">\n<ul class=\"wp-block-list\">\n<li>Concevoir, g\u00e9rer et surveiller la planification des communications et les relations avec les m\u00e9dias de la FCRR tout en travaillant en collaboration avec l&rsquo;\u00e9quipe interne soutenant la strat\u00e9gie des m\u00e9dias sociaux et construisant un engagement significatif avec les diff\u00e9rents publics de la FCRR.<\/li>\n\n\n\n<li>Travailler avec l&rsquo;\u00e9quipe de direction pour organiser et programmer les conf\u00e9rences de presse, les \u00e9v\u00e9nements en direct et les entrevues, selon les besoins.<\/li>\n\n\n\n<li>Coordonner et g\u00e9rer les activit\u00e9s des partenaires m\u00e9dias, superviser les activit\u00e9s de la presse sur le terrain lors des \u00e9v\u00e9nements, coordonner les annonces avec les partenaires m\u00e9dias et s&rsquo;adresser aux m\u00e9dias au nom de la FCRR, le cas \u00e9ch\u00e9ant, dans les deux langues officielles.<\/li>\n\n\n\n<li>Rechercher, r\u00e9diger et corriger des textes pour les communiqu\u00e9s de presse, les pages web et les articles d&rsquo;opinion.<\/li>\n\n\n\n<li>Apporter un soutien \u00e0 l&rsquo;\u00e9quipe de direction et \u00e0 d&rsquo;autres membres du personnel en fonction des besoins, notamment en r\u00e9digeant des discours, des notes d&rsquo;allocution, en g\u00e9rant les enjeux et les messages cl\u00e9s, et en pr\u00e9parant des dossiers de pr\u00e9sentation.<\/li>\n\n\n\n<li>G\u00e9rer les relations avec les fournisseurs externes, y compris le traitement des factures et la supervision des produits livrables.\u00a0<\/li>\n\n\n\n<li>Contribuer aux r\u00e9unions d&rsquo;\u00e9quipe, notamment en sugg\u00e9rant des id\u00e9es, en organisant des s\u00e9ances de remue-m\u00e9ninges ou en fournissant un retour d&rsquo;information citant les meilleures pratiques en mati\u00e8re de communication.\u00a0<\/li>\n\n\n\n<li>Maintenir la marque et le message de la FCRR sur toutes les plateformes.\u00a0<\/li>\n<\/ul>\n\n\n\n<p><strong>Autres responsabilit\u00e9s<\/strong>:<\/p>\n\n\n\n<ul class=\"wp-block-list\">\n<li>Rester \u00e0 l&rsquo;aff\u00fbt des questions pertinentes en surveillant les m\u00e9dias.\u00a0<\/li>\n\n\n\n<li>Contribuer \u00e0 la planification et \u00e0 la programmation des communications internes et externes.\u00a0<\/li>\n\n\n\n<li>D\u00e9velopper et entretenir des r\u00e9seaux et des relations professionnelles dans ce secteur.\u00a0<\/li>\n\n\n\n<li>Effectuer toutes autres t\u00e2ches connexes \u00e0 l&#8217;emploi qui lui sont confi\u00e9es.\u00a0<\/li>\n<\/ul>\n<\/div><\/div>\n\n\n\n<div class=\"wp-block-pb-accordion-item c-accordion__item js-accordion-item no-js\" data-initially-open=\"false\" data-click-to-close=\"true\" data-auto-close=\"true\" data-scroll=\"false\" data-scroll-offset=\"0\"><h2 id=\"at-99643\" class=\"c-accordion__title js-accordion-controller\" role=\"button\">Qualifications<\/h2><div id=\"ac-99643\" class=\"c-accordion__content\">\n<ul class=\"wp-block-list\">\n<li>Le bilinguisme (verbal et non verbal) en fran\u00e7ais et en anglais est consid\u00e9r\u00e9 comme essentiel.<\/li>\n\n\n\n<li>Dipl\u00f4me de premier cycle (ou exp\u00e9rience \u00e9quivalente) en journalisme, communication, commerce ou marketing, ou dans un domaine connexe.<\/li>\n\n\n\n<li>Un certificat ou un dipl\u00f4me en relations publiques, en marketing, en marketing num\u00e9rique ou en analyse est un atout.<\/li>\n\n\n\n<li>Au moins trois ans d&rsquo;exp\u00e9rience r\u00e9cente dans le domaine des relations avec les m\u00e9dias, des communications, des publications et des principes de design et de marketing.<\/li>\n\n\n\n<li>Capacit\u00e9 av\u00e9r\u00e9e \u00e0 susciter l&rsquo;int\u00e9r\u00eat des m\u00e9dias.<\/li>\n\n\n\n<li>Aptitude av\u00e9r\u00e9e \u00e0 r\u00e9diger des textes convaincants pour diverses plateformes.<\/li>\n\n\n\n<li>Des comp\u00e9tences techniques telles que la conception de m\u00e9dias sociaux, la vid\u00e9ographie, le montage et la baladodiffusion sont des atouts.<\/li>\n\n\n\n<li>Comp\u00e9tences av\u00e9r\u00e9es en mati\u00e8re de r\u00e9daction, d&rsquo;\u00e9dition et de pr\u00e9sentation.<\/li>\n\n\n\n<li>Exp\u00e9rience de la gestion de projets et de l&rsquo;\u00e9tablissement de rapports.<\/li>\n\n\n\n<li>Ma\u00eetrise de Microsoft Office (Outlook, PowerPoint, Word, Excel) et d&rsquo;autres outils et applications num\u00e9riques li\u00e9s \u00e0 la communication tels que WordPress, Canva et Adobe Suite. Aisance \u00e0 utiliser Zoom et d&rsquo;autres plateformes n\u00e9cessaires \u00e0 l&rsquo;organisation de r\u00e9unions et d&rsquo;\u00e9v\u00e9nements en ligne.<\/li>\n\n\n\n<li>Exp\u00e9rience de travail avec des organismes \u00e0 but non lucratif dans les domaines de la justice sociale, de l&rsquo;\u00e9quit\u00e9 raciale et de la diversit\u00e9.<\/li>\n\n\n\n<li>Poss\u00e9der une passion pour la d\u00e9fense des int\u00e9r\u00eats publics et d\u00e9montrer une compr\u00e9hension des d\u00e9fis actuels du racisme et des possibilit\u00e9s de lutte contre le racisme.<\/li>\n\n\n\n<li>Faire preuve d&rsquo;un engagement \u00e0 valoriser la diversit\u00e9 et \u00e0 contribuer \u00e0 un environnement de travail et d&rsquo;apprentissage inclusif.<\/li>\n<\/ul>\n<\/div><\/div>\n<\/div>\n<\/div>\n\n\n\n<div class=\"wp-block-columns pattern-two-column is-layout-flex wp-container-core-columns-is-layout-9d6595d7 wp-block-columns-is-layout-flex\">\n<div class=\"wp-block-column pattern-two-column__title is-layout-flow wp-block-column-is-layout-flow\">\n<h2 class=\"wp-block-heading\">Pour poser votre candidature<\/h2>\n<\/div>\n\n\n\n<div class=\"wp-block-column pattern-two-column__content is-layout-flow wp-block-column-is-layout-flow\">\n<p>Veuillez envoyer votre lettre de motivation et votre curriculum vitae avant le <strong>26 juin 2024, \u00e0 <\/strong>:\u00a0<\/p>\n\n\n\n<p><a href=\"mailto:hr-rh@crrf-fcrr.ca\" target=\"_blank\" rel=\"noreferrer noopener\">hr-rh@crrf-fcrr.ca<\/a><\/p>\n\n\n\n<p>Certaines comp\u00e9tences essentielles et autres seront \u00e9valu\u00e9es dans le cadre du processus de candidature.<\/p>\n\n\n\n<p>Une preuve de votre admissibilit\u00e9 \u00e0 travailler au Canada, de votre niveau d\u2019\u00e9tudes et trois r\u00e9f\u00e9rences professionnelles de la part de votre ancien responsable et de vos coll\u00e8gues de travail vous seront demand\u00e9es si votre candidature est retenue.<\/p>\n\n\n\n<p>Les entretiens se d\u00e9rouleront sur Zoom. <\/p>\n\n\n\n<p>Bien que toutes les demandes soient bienvenues et trait\u00e9es dans la plus stricte confidentialit\u00e9, seul(e)s les candidat(e)s retenu(e)s seront contact\u00e9(e)s. La FCRR peut annuler, reporter ou r\u00e9viser les offres d\u2019emploi \u00e0 tout moment.<br><\/p>\n\n\n\n<p>La FCRR valorise la diversit\u00e9 et est r\u00e9solue \u00e0 encourager un environnement inclusif favorisant la diversit\u00e9 culturelle. Nous encourageons les Autochtones, les personnes racialis\u00e9es, handicap\u00e9es, issues de collectivit\u00e9s sexuellement diversifi\u00e9es et\/ou les personnes dont l\u2019identit\u00e9 se situe \u00e0 l\u2019intersection de diff\u00e9rents groupes \u00e0 poser leur candidature. Nous tenons compte des besoins des personnes handicap\u00e9es tout au long du processus de recrutement et de s\u00e9lection. Veuillez indiquer vos besoins particuliers dans votre demande.<\/p>\n<\/div>\n<\/div>\n","protected":false},"excerpt":{"rendered":"<p>Description du poste La personne responsable des communications sera charg\u00e9e de la cr\u00e9ation et de la diffusion de contenu conform\u00e9ment \u00e0 la vision strat\u00e9gique des communications de la FCRR. Vous avez de l&rsquo;exp\u00e9rience dans la conception et l&rsquo;ex\u00e9cution de strat\u00e9gies de communication \u00e9volutives qui permettent d&rsquo;obtenir des r\u00e9sultats significatifs dans le cadre de la croissance [&hellip;]<\/p>\n","protected":false},"author":5,"featured_media":8658,"parent":0,"menu_order":0,"comment_status":"closed","ping_status":"closed","template":"","meta":{"_acf_changed":false,"footnotes":""},"class_list":["post-9964","page","type-page","status-publish","has-post-thumbnail","hentry"],"acf":[],"_links":{"self":[{"href":"https:\/\/crrf-fcrr.ca\/fr\/wp-json\/wp\/v2\/pages\/9964","targetHints":{"allow":["GET"]}}],"collection":[{"href":"https:\/\/crrf-fcrr.ca\/fr\/wp-json\/wp\/v2\/pages"}],"about":[{"href":"https:\/\/crrf-fcrr.ca\/fr\/wp-json\/wp\/v2\/types\/page"}],"author":[{"embeddable":true,"href":"https:\/\/crrf-fcrr.ca\/fr\/wp-json\/wp\/v2\/users\/5"}],"replies":[{"embeddable":true,"href":"https:\/\/crrf-fcrr.ca\/fr\/wp-json\/wp\/v2\/comments?post=9964"}],"version-history":[{"count":2,"href":"https:\/\/crrf-fcrr.ca\/fr\/wp-json\/wp\/v2\/pages\/9964\/revisions"}],"predecessor-version":[{"id":14117,"href":"https:\/\/crrf-fcrr.ca\/fr\/wp-json\/wp\/v2\/pages\/9964\/revisions\/14117"}],"wp:featuredmedia":[{"embeddable":true,"href":"https:\/\/crrf-fcrr.ca\/fr\/wp-json\/wp\/v2\/media\/8658"}],"wp:attachment":[{"href":"https:\/\/crrf-fcrr.ca\/fr\/wp-json\/wp\/v2\/media?parent=9964"}],"curies":[{"name":"wp","href":"https:\/\/api.w.org\/{rel}","templated":true}]}}